{"id":1023,"date":"2013-11-02T23:48:53","date_gmt":"2013-11-02T21:48:53","guid":{"rendered":"https:\/\/www.foxterrier-verband.de\/?page_id=1023"},"modified":"2013-11-03T00:06:31","modified_gmt":"2013-11-02T22:06:31","slug":"bundeszuchtpruefung-2013","status":"publish","type":"page","link":"https:\/\/foxterrier-verband.de\/?page_id=1023","title":{"rendered":"Bundeszuchtpr\u00fcfung 2013"},"content":{"rendered":"<h2>Ergebnisse der 14. BZP am 28.\/29.09.2013 in Th\u00fcringen.<\/h2>\n<p><strong>Bundeszuchtpr\u00fcfungssiegerin 2013<\/strong><strong><br \/>\n<\/strong>Name der Hundes: <strong>BP JP sl<\/strong><strong> <\/strong><strong>Ersa v. Aarhorst<\/strong><\/p>\n<p>F\u00fchrer: Joachim Farkas, Aussiedlerh\u00f6fe 7, 74906 Bad Rappenau<\/p>\n<p>Z\u00fcchter: Jens Stelter, Rottorfer Weg 6, 21423 Drage Fahrenholz<\/p>\n<p>DFZB: 12 4065 Haarart: dr gew. 04.03.2012 H\u00fcndin<\/p>\n<p>120 Pkt.; Formwert: vorz\u00fcglich; I. Preis<\/p>\n<p>&nbsp;<\/p>\n<p>Name der Hundes: <strong>JP sl BP ZP GP<\/strong><strong>\u00a0 EF <\/strong><strong>Birke v. Aarhorst<\/strong><strong><\/strong><\/p>\n<p>F\u00fchrer: Ramona Wehe, Im Hufeisen 10, 28876 Oyten<\/p>\n<p>Z\u00fcchter: Jens Stelter, Rottorfer Weg 6, 21423 Drage Fahrenholz<\/p>\n<p>DFZB: 09 4017 Haarart: dr gew. 30.01.2009 H\u00fcndin<\/p>\n<p>116 Pkt.; Formwert: vorz\u00fcglich; I. Preis<\/p>\n<p>&nbsp;<\/p>\n<p>Name der Hundes: <strong>JP BP spl<\/strong><strong> <\/strong><strong>Yakira v.d. Felseng\u00e4rten<\/strong><\/p>\n<p>F\u00fchrer: Daniela Leute, Richenstr. 19, 41747 Viersen<\/p>\n<p>Z\u00fcchter: Gabriele Eisele, Wannenweg 1, 74394 Hessigheim<\/p>\n<p>DFZB: 11 1151 Haarart: gl gew. 06.05.2011 H\u00fcndin<\/p>\n<p>107 Pkt.; spl-4-; Formwert: sehr gut I. Preis<\/p>\n<p>Wanderpreis des <strong>Zwingers vom Scherfeder Wald<\/strong>\u00a0 f\u00fcr den besten spurlauten Hund<\/p>\n<p>&nbsp;<\/p>\n<p>&nbsp;<\/p>\n<p><strong>Folgende Teilnehmer kamen nicht in die Preise:<\/strong><\/p>\n<p>Name der Hundes: JP spl BP Konrad v. Lehrdetal<\/p>\n<p>F\u00fchrer: St. Blankemeyer, Am Glockenturm 7, 49716 Meppen-H\u00fcntel<\/p>\n<p>Z\u00fcchter: Christine Maas, Lehringen 8, 27308 Kirchlinteln<\/p>\n<p>DFZB: 10 4157 Haarart: dr gew. 27.03.2010 R\u00fcde<\/p>\n<p>102 Pkt Formwert: vorz\u00fcglich;<\/p>\n<p>&nbsp;<\/p>\n<p>Name der Hundes: JP BP lt EF spl Ceres v. Aarhorst<\/p>\n<p>F\u00fchrer: Ramona Wehe, Im Hufeisen 10, 28876 Oyten<\/p>\n<p>Z\u00fcchter: Jens Stelter, Rottorfer Weg 6, 21423 Drage Fahrenholz<\/p>\n<p>DFZB: 10 4428 Haarart: dr gew. 18.12.2010<\/p>\n<p>96 Pkt Formwert: sehr gut;<\/p>\n<p>&nbsp;<\/p>\n<p>Name der Hundes: JP BP sl Coco v. Goldacker<\/p>\n<p>F\u00fchrer: Gerd Kutschbach, Steinbachweg 7, 7613 K\u00f6nigshofen<\/p>\n<p>Z\u00fcchter: Gerd Kutschbach, Steinbachweg 7, 07613 K\u00f6nigshofen<\/p>\n<p>DFZB: 11 4204 Haarart: dr gew. 24.05.2011 H\u00fcndin<\/p>\n<p>89 Pkt Formwert: vorz\u00fcglich; sl-4-<\/p>\n<p>&nbsp;<\/p>\n<p>&nbsp;<\/p>\n<p>&nbsp;<\/p>\n<p>Name der Hundes: JP BP spl Baggio v. Bannwald<\/p>\n<p>F\u00fchrer: Hilke Amon, Feldkoppel 3, 22941 Hammoor<\/p>\n<p>Z\u00fcchter: Hilke Amon, Feldkoppel 3, 22941 Hammoor<\/p>\n<p>DFZB: 12 1035 Haarart: gl gew. 24.02.2012 R\u00fcde<\/p>\n<p>76 Pkt Formwert: sehr gut;<\/p>\n<p>&nbsp;<\/p>\n<p>Name der Hundes: JP BP sl lt SJ Luzie v. Lehrdetal<\/p>\n<p>F\u00fchrer: Christine Maas, Lehringen 8, 27308 Kirchlinteln<\/p>\n<p>Z\u00fcchter: Christine Maas, Lehringen 8, 27308 Kirchlinteln<\/p>\n<p>DFZB: 11 4085 Haarart: dr gew. 15.03.2012 H\u00fcndin<\/p>\n<p>52 Pkt Formwert: vorz\u00fcglich;<\/p>\n","protected":false},"excerpt":{"rendered":"<p>Ergebnisse der 14. BZP am 28.\/29.09.2013 in Th\u00fcringen. Bundeszuchtpr\u00fcfungssiegerin 2013 Name der Hundes: BP JP sl Ersa v. Aarhorst F\u00fchrer:[&#8230;]<\/p>\n","protected":false},"author":4,"featured_media":0,"parent":204,"menu_order":0,"comment_status":"open","ping_status":"open","template":"","meta":{"footnotes":""},"class_list":["post-1023","page","type-page","status-publish","hentry"],"_links":{"self":[{"href":"https:\/\/foxterrier-verband.de\/index.php?rest_route=\/wp\/v2\/pages\/1023","targetHints":{"allow":["GET"]}}],"collection":[{"href":"https:\/\/foxterrier-verband.de\/index.php?rest_route=\/wp\/v2\/pages"}],"about":[{"href":"https:\/\/foxterrier-verband.de\/index.php?rest_route=\/wp\/v2\/types\/page"}],"author":[{"embeddable":true,"href":"https:\/\/foxterrier-verband.de\/index.php?rest_route=\/wp\/v2\/users\/4"}],"replies":[{"embeddable":true,"href":"https:\/\/foxterrier-verband.de\/index.php?rest_route=%2Fwp%2Fv2%2Fcomments&post=1023"}],"version-history":[{"count":1,"href":"https:\/\/foxterrier-verband.de\/index.php?rest_route=\/wp\/v2\/pages\/1023\/revisions"}],"predecessor-version":[{"id":1024,"href":"https:\/\/foxterrier-verband.de\/index.php?rest_route=\/wp\/v2\/pages\/1023\/revisions\/1024"}],"up":[{"embeddable":true,"href":"https:\/\/foxterrier-verband.de\/index.php?rest_route=\/wp\/v2\/pages\/204"}],"wp:attachment":[{"href":"https:\/\/foxterrier-verband.de\/index.php?rest_route=%2Fwp%2Fv2%2Fmedia&parent=1023"}],"curies":[{"name":"wp","href":"https:\/\/api.w.org\/{rel}","templated":true}]}}