{"id":10852,"date":"2019-04-08T09:32:30","date_gmt":"2019-04-08T07:32:30","guid":{"rendered":"https:\/\/www.foxterrier-verband.de\/?page_id=10852"},"modified":"2022-08-08T07:07:48","modified_gmt":"2022-08-08T05:07:48","slug":"pruefungsberichte-2019","status":"publish","type":"page","link":"https:\/\/foxterrier-verband.de\/?page_id=10852","title":{"rendered":"Pr\u00fcfungsberichte 2019"},"content":{"rendered":"\t\t<div data-elementor-type=\"wp-page\" data-elementor-id=\"10852\" class=\"elementor elementor-10852\">\n\t\t\t\t\t\t<section class=\"elementor-section elementor-top-section elementor-element elementor-element-9aa90cc elementor-section-boxed elementor-section-height-default elementor-section-height-default\" data-id=\"9aa90cc\" data-element_type=\"section\">\n\t\t\t\t\t\t<div class=\"elementor-container elementor-column-gap-default\">\n\t\t\t\t\t<div class=\"elementor-column elementor-col-100 elementor-top-column elementor-element elementor-element-1754bf2\" data-id=\"1754bf2\" data-element_type=\"column\">\n\t\t\t<div class=\"elementor-widget-wrap elementor-element-populated\">\n\t\t\t\t\t\t<div class=\"elementor-element elementor-element-2d66044 elementor-widget elementor-widget-text-editor\" data-id=\"2d66044\" data-element_type=\"widget\" data-widget_type=\"text-editor.default\">\n\t\t\t\t<div class=\"elementor-widget-container\">\n\t\t\t\t\t\t\t<p>F\u00fcr die Einreichung und Angaben sind die jeweiligen Pr\u00fcfungsleiter verantwortlich.<\/p><p>Alle beim Schriftf\u00fchrer des DFV eingereichten Pr\u00fcfungsergebnisse von 2018 werden zeitnah hier ver\u00f6ffentlicht.\u00a0<\/p><p>Die <strong>Ergebnisse 2018<\/strong> sind unter Gebrauchsregister einzusehen: hier<\/p>\t\t\t\t\t\t<\/div>\n\t\t\t\t<\/div>\n\t\t\t\t\t<\/div>\n\t\t<\/div>\n\t\t\t\t\t<\/div>\n\t\t<\/section>\n\t\t\t\t<section class=\"elementor-section elementor-top-section elementor-element elementor-element-b67d95c elementor-section-boxed elementor-section-height-default elementor-section-height-default\" data-id=\"b67d95c\" data-element_type=\"section\">\n\t\t\t\t\t\t<div class=\"elementor-container elementor-column-gap-default\">\n\t\t\t\t\t<div class=\"elementor-column elementor-col-100 elementor-top-column elementor-element elementor-element-0528def\" data-id=\"0528def\" data-element_type=\"column\">\n\t\t\t<div class=\"elementor-widget-wrap elementor-element-populated\">\n\t\t\t\t\t\t<div class=\"elementor-element elementor-element-e5e9716 elementor-widget elementor-widget-text-editor\" data-id=\"e5e9716\" data-element_type=\"widget\" data-widget_type=\"text-editor.default\">\n\t\t\t\t<div class=\"elementor-widget-container\">\n\t\t\t\t\t\t\t<p><a href=\"https:\/\/www.foxterrier-verband.de\/wp-content\/uploads\/2019\/10\/BP-30.03.19-Weser-Ems.pdf\" target=\"_blank\" rel=\"noopener\">BP Weser Ems am 30.03.2019<\/a><\/p><p><a href=\"https:\/\/www.foxterrier-verband.de\/wp-content\/uploads\/2019\/04\/BP-Pruefungsbericht-05.04.2019-1.pdf\" target=\"_blank\" rel=\"noopener\">BP RG Ostth\u00fcringen am 05.04.2019<\/a><br \/><a href=\"https:\/\/www.foxterrier-verband.de\/wp-content\/uploads\/2019\/04\/JPErgebnisse-06.04.2019-1.pdf\" target=\"_blank\" rel=\"noopener\">JP RG Ostth\u00fcringen am 06.04.2019<\/a><br \/><a href=\"https:\/\/www.foxterrier-verband.de\/wp-content\/uploads\/2019\/06\/BP-06.04.-MV.pdf\" target=\"_blank\" rel=\"noopener\">BP AG MV am 06.04.2019<\/a><br \/><a href=\"https:\/\/www.foxterrier-verband.de\/wp-content\/uploads\/2019\/04\/Pr\u00fcfungsbericht-AG-Hessen-BP-vom-12.04.2019.pdf\" target=\"_blank\" rel=\"noopener\">BP AG Hessen am 12.04.2019<\/a><br \/><a href=\"https:\/\/www.foxterrier-verband.de\/wp-content\/uploads\/2019\/04\/BP-Ergebnisse-13.04.2019.pdf\" target=\"_blank\" rel=\"noopener\">BP der RG Scherfede am 12.04.2019<\/a><br \/><a href=\"https:\/\/www.foxterrier-verband.de\/wp-content\/uploads\/2019\/04\/Pr\u00fcfungsbericht-AG-Hessen-JP-vom-13.04.2019.pdf\" target=\"_blank\" rel=\"noopener\">JP AG Hessen vom 13.04.2019<\/a><br \/><a href=\"https:\/\/www.foxterrier-verband.de\/wp-content\/uploads\/2019\/04\/Voltlage-13.04..pdf\" target=\"_blank\" rel=\"noopener\">JP PG Weser-Ems vom 13.04.2019<\/a><br \/><a href=\"https:\/\/www.foxterrier-verband.de\/wp-content\/uploads\/2019\/04\/JP-Ergebnisse-13.04.2019.pdf\" target=\"_blank\" rel=\"noopener\">JP der RG Scherfede am 13.04.2019<\/a><br \/><a href=\"https:\/\/www.foxterrier-verband.de\/wp-content\/uploads\/2019\/04\/JP-PG-Holstein-14.04.19.pdf\" target=\"_blank\" rel=\"noopener\">JP PG Holstein vom 14.04.2019<\/a><br \/><a href=\"https:\/\/www.foxterrier-verband.de\/wp-content\/uploads\/2019\/06\/BP-24.05.-Nordwest.pdf\" target=\"_blank\" rel=\"noopener\">BP AG Nordwest vom 24.05.2019<\/a><\/p><div><a href=\"https:\/\/www.foxterrier-verband.de\/wp-content\/uploads\/2019\/10\/BP-06.07.19-Weser-Ems.pdf\" target=\"_blank\" rel=\"noopener\">BP Weser Ems am 06.07.2019<\/a><\/div><div><a href=\"https:\/\/www.foxterrier-verband.de\/wp-content\/uploads\/2019\/10\/BP-Pruefungsbericht-23.08.2019-Hessen-korr.pdf\" target=\"_blank\" rel=\"noopener\">BP AG Hessen vom 23.08.2019<\/a><\/div><div><a href=\"https:\/\/www.foxterrier-verband.de\/wp-content\/uploads\/2019\/09\/BP-08.09.-Holstein.pdf\" target=\"_blank\" rel=\"noopener\">BP RG Holstein vom 08.09.2019<\/a><br \/><a href=\"https:\/\/www.foxterrier-verband.de\/wp-content\/uploads\/2019\/09\/JP-08.09.-Holstein.pdf\" target=\"_blank\" rel=\"noopener\">JP RG Holstein vom 08.09.2019<\/a><\/div><div><a href=\"https:\/\/www.foxterrier-verband.de\/wp-content\/uploads\/2019\/10\/ZP_13.09_W\u00fcrttemberg_Hohenlohe.pdf\" target=\"_blank\" rel=\"noopener\">ZP RG W\u00fcrttemberg-Hohenlohe vom 13.\/14.09.2019<\/a><br \/><a href=\"https:\/\/www.foxterrier-verband.de\/wp-content\/uploads\/2019\/10\/GP-13.14.09.-W\u00fcrttemberg_Hohenlohe.pdf\" target=\"_blank\" rel=\"noopener\">GP RG W\u00fcrttemberg-Hohenlohe vom 13.\/14.09.2019<\/a><\/div><p><a href=\"https:\/\/www.foxterrier-verband.de\/wp-content\/uploads\/2019\/10\/JP-21.09.19-Weser-Ems.pdf\" target=\"_blank\" rel=\"noopener\">JP Weser Ems am 21.09.2019<\/a><\/p><p><a href=\"https:\/\/www.foxterrier-verband.de\/wp-content\/uploads\/2019\/10\/JP-28.09.-Hagen-Grinden.pdf\" target=\"_blank\" rel=\"noopener\">JP Hagen-Grinden 28.09.2019<\/a><br \/><a href=\"https:\/\/www.foxterrier-verband.de\/wp-content\/uploads\/2019\/10\/ZP_29.09.19.pdf\" target=\"_blank\" rel=\"noopener\">ZP Lehringen 29.09.2019<\/a><\/p><p><a href=\"https:\/\/www.foxterrier-verband.de\/wp-content\/uploads\/2019\/10\/JP-Rodigast-21.09..pdf\" target=\"_blank\" rel=\"noopener\">JP Rodigast 21.09.2019<\/a><\/p><p><a href=\"https:\/\/www.foxterrier-verband.de\/wp-content\/uploads\/2019\/10\/BZP.pdf\" target=\"_blank\" rel=\"noopener\">BZP am 05.\/06.10.219<\/a><\/p><div>\u00a0<\/div><div><a href=\"https:\/\/www.foxterrier-verband.de\/wp-content\/uploads\/2019\/10\/GP-19.10.19.pdf\" target=\"_blank\" rel=\"noopener\">GP Holstein am 18.\/19.10.2019<\/a> <br \/><a href=\"https:\/\/www.foxterrier-verband.de\/wp-content\/uploads\/2019\/10\/ZP-19.10.2019.pdf\" target=\"_blank\" rel=\"noopener\">ZP Holstein am 19.10.2019<\/a><\/div><div><a href=\"https:\/\/www.foxterrier-verband.de\/wp-content\/uploads\/2019\/11\/JP-MV-19.10.2019.pdf\" target=\"_blank\" rel=\"noopener\">JP AG MV am 19.10.2019<br \/><\/a><a href=\"https:\/\/www.foxterrier-verband.de\/wp-content\/uploads\/2019\/12\/JP-Ergebnisse-27.10.2019.pdf\" target=\"_blank\" rel=\"noopener\">JP RG Scherfede am 27.10.2019<\/a><\/div><div>\u00a0<\/div><div><a href=\"https:\/\/www.foxterrier-verband.de\/wp-content\/uploads\/2019\/12\/WGP-Weser-Ems-01.12.19.pdf\" target=\"_blank\" rel=\"noopener\">WGP Weser-Ems am 30.11.\/01.12.2019<\/a><\/div><div><a href=\"https:\/\/www.foxterrier-verband.de\/wp-content\/uploads\/2020\/02\/WGP-Hessen-05.12.19.pdf\" target=\"_blank\" rel=\"noopener\">WGP Klein-Auheim am 05.\/06.12.2019<\/a><\/div>\t\t\t\t\t\t<\/div>\n\t\t\t\t<\/div>\n\t\t\t\t\t<\/div>\n\t\t<\/div>\n\t\t\t\t\t<\/div>\n\t\t<\/section>\n\t\t\t\t<\/div>\n\t\t","protected":false},"excerpt":{"rendered":"<p>F\u00fcr die Einreichung und Angaben sind die jeweiligen Pr\u00fcfungsleiter verantwortlich. Alle beim Schriftf\u00fchrer des DFV eingereichten Pr\u00fcfungsergebnisse von 2018 werden[&#8230;]<\/p>\n","protected":false},"author":6,"featured_media":0,"parent":0,"menu_order":0,"comment_status":"closed","ping_status":"closed","template":"template-fullwidth.php","meta":{"footnotes":""},"class_list":["post-10852","page","type-page","status-publish","hentry"],"_links":{"self":[{"href":"https:\/\/foxterrier-verband.de\/index.php?rest_route=\/wp\/v2\/pages\/10852","targetHints":{"allow":["GET"]}}],"collection":[{"href":"https:\/\/foxterrier-verband.de\/index.php?rest_route=\/wp\/v2\/pages"}],"about":[{"href":"https:\/\/foxterrier-verband.de\/index.php?rest_route=\/wp\/v2\/types\/page"}],"author":[{"embeddable":true,"href":"https:\/\/foxterrier-verband.de\/index.php?rest_route=\/wp\/v2\/users\/6"}],"replies":[{"embeddable":true,"href":"https:\/\/foxterrier-verband.de\/index.php?rest_route=%2Fwp%2Fv2%2Fcomments&post=10852"}],"version-history":[{"count":45,"href":"https:\/\/foxterrier-verband.de\/index.php?rest_route=\/wp\/v2\/pages\/10852\/revisions"}],"predecessor-version":[{"id":12088,"href":"https:\/\/foxterrier-verband.de\/index.php?rest_route=\/wp\/v2\/pages\/10852\/revisions\/12088"}],"wp:attachment":[{"href":"https:\/\/foxterrier-verband.de\/index.php?rest_route=%2Fwp%2Fv2%2Fmedia&parent=10852"}],"curies":[{"name":"wp","href":"https:\/\/api.w.org\/{rel}","templated":true}]}}