{"id":13571,"date":"2021-02-15T10:23:07","date_gmt":"2021-02-15T08:23:07","guid":{"rendered":"https:\/\/www.foxterrier-verband.de\/?page_id=13571"},"modified":"2022-08-08T06:59:13","modified_gmt":"2022-08-08T04:59:13","slug":"champion-2021","status":"publish","type":"page","link":"https:\/\/foxterrier-verband.de\/?page_id=13571","title":{"rendered":"Champion 2021"},"content":{"rendered":"\t\t<div data-elementor-type=\"wp-page\" data-elementor-id=\"13571\" class=\"elementor elementor-13571\">\n\t\t\t\t\t\t<section class=\"elementor-section elementor-top-section elementor-element elementor-element-7da08cf elementor-section-boxed elementor-section-height-default elementor-section-height-default\" data-id=\"7da08cf\" data-element_type=\"section\">\n\t\t\t\t\t\t<div class=\"elementor-container elementor-column-gap-default\">\n\t\t\t\t\t<div class=\"elementor-column elementor-col-100 elementor-top-column elementor-element elementor-element-403bff6\" data-id=\"403bff6\" data-element_type=\"column\">\n\t\t\t<div class=\"elementor-widget-wrap elementor-element-populated\">\n\t\t\t\t\t\t<div class=\"elementor-element elementor-element-d24d01f elementor-widget elementor-widget-text-editor\" data-id=\"d24d01f\" data-element_type=\"widget\" data-widget_type=\"text-editor.default\">\n\t\t\t\t<div class=\"elementor-widget-container\">\n\t\t\t\t\t\t\t<header>\n<h1>Champion 2021<\/h1>\n<\/header>\n<div>\n<div>\n<div>\n<div>\n<section data-id=\"431985c\" data-element_type=\"section\">\n<div>\n<div>\n<div data-id=\"9d9be95\" data-element_type=\"column\">\n<div>\n<div>\n<div data-id=\"7c784dc\" data-element_type=\"text-editor.default\">\n<div>\n<div>\n<p>Hier werden alle anerkannten Champions, deren Titel 2020 best\u00e4tigt wurden, eingetragen:<\/p>\n<h2>Herzlichen Gl\u00fcckwunsch!<\/h2>\n<h3>Deutschen Jugendchampion DFV<\/h3>\n<p>Be&#8217;s Graycottage Shine a Light<br>Alkinra Entertainer<br>Riana du Manoir Saint Adrien<br>Foxomania Definitely Maybe<br>Riddick v. Sachsenland<br>Shining Star v. Sachsenland<br>Noova v. d. Bismarckquelle<br>Ginette v. Rheingrund<br>Robin v. d. Zwester Ohm<br>VIP Baby of Fair Play<br>I&#8217;am Funny Face v. Ernstthal<br>Trude v. J\u00fcnglingshof<br>Schneemann v. d. sch\u00f6nen Bergen<br>Rakete v. d. Bismarckquelle<br><\/p>\n<h3>Deutschen Champion DFV<\/h3>\n<p>Yannic v. J\u00fcnglingshof<br>Wanda v. d. sch\u00f6nen Bergen<br>Foxomania Call My Agent<br>Roona v. d. Bismarckquelle<br>Maid of Magic v. Sachsen<br>Mabel v. Borbach<br>Nina v. d. Zwester Ohm<br>Zahra v. d. Bismarckquelle<br>Vici v. d. Bismarckquelle<br>Pepper Pearl v. Sachsen<br>Daus v. Thyratal<br>Hasta la vista v. Ernstthal<br>Hemingway v. Ernstthal<br>Vanilla v. d. sch\u00f6nen Bergen<br>Himmelmiezel v. Ernstthal<br>Carrie v. Waldhaus<br>Jette v. J\u00fcnglingshof<\/p>\n<h3>Deutschen Veteranen-Champion DFV<\/h3>\n<p>Antonia v. Zehling<br><\/p>\n<h3>Deutschen Jugendchampion VDH<\/h3>\n<p>Schneefrau v. d. sch\u00f6nen Bergen<br>General Grau v. d. sch\u00f6nen Bergen<br>Uranus of Fair Play<br><\/p>\n<h3>Deutschen Champion VDH<\/h3>\n<p>Ora v. Goldacker<br>Daus v. Thyratal<\/p>\n<h3>Deutschen Veteranen-Champion VDH<\/h3>\n<p>Stacho v. Thyratal<\/p>\n<h3>Internationalen Champion<\/h3>\n<p>Claire v. Eckstein<\/p>\n<h3>Kroatischen Jugenchampion<\/h3>\n<p>General Grau v. d. sch\u00f6nen Bergen<br>Schneefrau v. d. sch\u00f6nen Bergen<br>Gorby v. d. sch\u00f6nen Bergen<br>Greta v. d. sch\u00f6nen Bergen<\/p>\n<h3>Kroatischen Champion<\/h3>\n<p>Hemingway v. Ernstthal<br>Arvania&#8217;s Nahele<br>Vanilla v. d. sch\u00f6nen Bergen<br>Paperman Wave<\/p>\n<h3>Luxemburgischen Jugendchampion<\/h3>\n<p>Amira v. Leinbachtal<\/p>\n<h3>Luxemburgischen Champion<\/h3>\n<p>Stunning Luxe Effekt Brunette<br>Parker v. Sachsenland<br>Ramazotti v. Sachsenland<br>Pepper Pearl v. Sachsen<br>Carrie v. Waldhaus<\/p>\n<h3>Champion von Montenegro<\/h3>\n<p>Paperman Wave<br>Usus v. d. sch\u00f6nen Bergen<br>Paperman Wild Country<br>Hemingway v. Ernstthal<br>Vanilla v. d. sch\u00f6nen Bergen<\/p>\n<h3>\u00d6sterreichischer Jugendchampion<br><\/h3>\n<p>Schneemann v. d. sch\u00f6nen Bergen<br>Schneefrau v. d. sch\u00f6nen Bergen<br>Indiana v. d. sch\u00f6nen Bergen<br><\/p>\n<h3>Schweizer Ausstellungs-Champion<\/h3>\n<p>Uranus of Fair Play<br>VIP-Baby of Fair Play<br>Jack Daniels v. d. Bismarckquelle<br>Pepper Pearl v. Sachsen<br>Riddick v. Sachsenland<br>Ramazotti v. Sachsenland<\/p>\n<h3>Schweizer Sch\u00f6nheits-Champion<\/h3>\n<p>Nelson Perfect v. Sachsenland<\/p>\n<h3>Slowakischer Champion<\/h3>\n<p>Jack Daniels v. d. Bismarckquelle<\/p>\n<\/div>\n<h3>Ungarischer Jugendchampion<\/h3>\n<p>Shining Star v. Sachsenland<\/p>\n<h3>Ungarischer Champion<\/h3>\n<p>Jack Daniels v. d. Bismarckquelle<br>Stunning Luxe Effekt Brunette<br>O&#8217;Sole Mio v. Sachsen<br>Riddick v. Sachsenland<\/p>\n<h3>Franz\u00f6sischer Arbeits-Champion<br><\/h3>\n<p>IBM-Junior du Haillet des Corneiredes<br><\/p>\n<h3>World Winner<\/h3>\n<p>Born to Win Viva Quality<br>Zahra v. d. Bismarckquelle<br>Agria Ten Sharp<br>Barclips Randall<\/p>\n<h3>World Junior Winner<\/h3>\n<p>Alkinra Entertainer<br>Be\u2018s Graycottage Shine a Light<br>General Grau v. d. sch\u00f6nen Bergen<br>Kanix Questa<\/p>\n<h3>World Veteran Winner<\/h3>\n<p>Chuck Star Franke<br>Agria Total Recall<br>Tuskulum Lavenia<\/p>\n<\/div>\n<\/div>\n<\/div>\n<\/div>\n<\/div>\n<\/div>\n<\/div>\n<\/section>\n<\/div>\n<\/div>\n<\/div>\n<\/div>\t\t\t\t\t\t<\/div>\n\t\t\t\t<\/div>\n\t\t\t\t\t<\/div>\n\t\t<\/div>\n\t\t\t\t\t<\/div>\n\t\t<\/section>\n\t\t\t\t<section class=\"elementor-section elementor-top-section elementor-element elementor-element-42bde26 elementor-section-boxed elementor-section-height-default elementor-section-height-default\" data-id=\"42bde26\" data-element_type=\"section\">\n\t\t\t\t\t\t<div class=\"elementor-container elementor-column-gap-default\">\n\t\t\t\t\t<div class=\"elementor-column elementor-col-100 elementor-top-column elementor-element elementor-element-71d1eb0\" data-id=\"71d1eb0\" data-element_type=\"column\">\n\t\t\t<div class=\"elementor-widget-wrap elementor-element-populated\">\n\t\t\t\t\t\t<div class=\"elementor-element elementor-element-187d7b3 elementor-widget elementor-widget-text-editor\" data-id=\"187d7b3\" data-element_type=\"widget\" data-widget_type=\"text-editor.default\">\n\t\t\t\t<div class=\"elementor-widget-container\">\n\t\t\t\t\t\t\t<section class=\"elementor-section elementor-top-section elementor-element elementor-element-285d9b7 elementor-section-boxed elementor-section-height-default elementor-section-height-default\" data-id=\"285d9b7\" data-element_type=\"section\"><div class=\"elementor-container elementor-column-gap-default\"><div class=\"elementor-row\"><div class=\"elementor-column elementor-col-100 elementor-top-column elementor-element elementor-element-0239b88\" data-id=\"0239b88\" data-element_type=\"column\"><div class=\"elementor-column-wrap elementor-element-populated\"><div class=\"elementor-widget-wrap\"><div class=\"elementor-element elementor-element-2254a0a elementor-widget elementor-widget-text-editor\" data-id=\"2254a0a\" data-element_type=\"widget\" data-widget_type=\"text-editor.default\"><div class=\"elementor-widget-container\"><div class=\"elementor-text-editor elementor-clearfix\"><h1>FAQ Championtitel<\/h1><p><strong>Welche Voraussetzungen brauche ich f\u00fcr den Dt. JCh. (DFV)?<\/strong><\/p><p>F\u00fcr den Titel JCh. DFV ben\u00f6tigen Sie 4 JCACs unter 3 verschiedenen Richtern. Diese m\u00fcssen alle in der Jugendklasse erworben werden. Ein Reserve-Jugend-CAC kann in ein vollwertiges JCAC umgewandelt werden, wenn der Hund mit dem JCAC an dem Tag der Ausstellung bereits die Voraussetzungen f\u00fcr den JCh. DFV erreicht hat. Drei Reserve-JCACS k\u00f6nnen zu einem vollwertigen JCAC aufgewertet werden, wenn sie unter zwei Richtern erworben wurden. H\u00f6chstens eines der vier n\u00f6tigen JCACs kann auf diese Weise gebildet werden. F\u00fcr die Beantragung des Titels reichen Sie bitte alle Richterberichte, aus denen die Anwartschaften (JCACs) hervorgehen, zusammen mit der Ahnentafel des Hundes in der Gesch\u00e4ftsstelle ein.<\/p><p><strong>Welche Voraussetzungen brauche ich f\u00fcr den Dt. Ch. (DFV)?<\/strong><\/p><p>F\u00fcr den Dt. Ch. (DFV) sammeln Sie Anwartschaften (CACs) in allen Erwachsenenklassen. Sie ben\u00f6tigen mindestens 4 Anwartschaften unter 3 verschiedenen Richtern. Zwischen dem ersten und letzten CAC m\u00fcssen mindestens 12 Monate liegen. Ein Reserve-CAC kann in ein vollwertiges CAC umgewandelt werden, wenn der Hund mit dem CAC an dem Tag der Ausstellung bereits die Voraussetzungen f\u00fcr den Dt. Ch. DFV erreicht hat. Drei Reserve-CACS k\u00f6nnen zu einem vollwertigen CAC aufgewertet werden, wenn sie unter zwei Richtern erworben wurden. H\u00f6chstens eines der vier n\u00f6tigen CACs kann auf diese Weise gebildet werden. F\u00fcr die Beantragung des Titels reichen Sie bitte alle Richterberichte, aus denen die Anwartschaften (CACs) hervorgehen, zusammen mit der Ahnentafel des Hundes in der Gesch\u00e4ftsstelle ein.<\/p><p><strong>Welche Voraussetzungen brauche ich f\u00fcr weitere Championtitel?<\/strong><\/p><p>F\u00fcr den Dt. JCh. (VDH) und den Dt. Ch. (VDH) k\u00f6nnen Sie die Voraussetzungen in der VDH-Durchf\u00fchrungsbestimmung \u201eVDH-Titel und Titel-Anwartschaften\u201c geregelt. Diese k\u00f6nnen Sie <a href=\"http:\/\/www.vdh.de\/fileadmin\/media\/ausstellungen\/ausstellungsordnung\/Ausstellungsordnung_-_Dfb_Titel-ab-2015-01-01.pdf\" target=\"_blank\" rel=\"noopener noreferrer\">hier<\/a> einsehen.<br \/>Die Regelungen f\u00fcr den Int. Ch. (FCI) werden im Reglement f\u00fcr das Internationale Championat bestimmt. Diese sind <a href=\"http:\/\/www.vdh.de\/fileadmin\/media\/ueber\/downloads\/ausstellungen\/internationales_schoenheits_championat_der_fci_fuer_alle_rassen.pdf\" target=\"_blank\" rel=\"noopener noreferrer\">hier<\/a> nachzulesen.<\/p><\/div><\/div><\/div><\/div><\/div><\/div><\/div><\/div><\/section>\t\t\t\t\t\t<\/div>\n\t\t\t\t<\/div>\n\t\t\t\t\t<\/div>\n\t\t<\/div>\n\t\t\t\t\t<\/div>\n\t\t<\/section>\n\t\t\t\t<\/div>\n\t\t","protected":false},"excerpt":{"rendered":"<p>Champion 2021 Hier werden alle anerkannten Champions, deren Titel 2020 best\u00e4tigt wurden, eingetragen: Herzlichen Gl\u00fcckwunsch! Deutschen Jugendchampion DFV Be&#8217;s Graycottage[&#8230;]<\/p>\n","protected":false},"author":6,"featured_media":0,"parent":0,"menu_order":0,"comment_status":"closed","ping_status":"closed","template":"template-fullwidth.php","meta":{"footnotes":""},"class_list":["post-13571","page","type-page","status-publish","hentry"],"_links":{"self":[{"href":"https:\/\/foxterrier-verband.de\/index.php?rest_route=\/wp\/v2\/pages\/13571","targetHints":{"allow":["GET"]}}],"collection":[{"href":"https:\/\/foxterrier-verband.de\/index.php?rest_route=\/wp\/v2\/pages"}],"about":[{"href":"https:\/\/foxterrier-verband.de\/index.php?rest_route=\/wp\/v2\/types\/page"}],"author":[{"embeddable":true,"href":"https:\/\/foxterrier-verband.de\/index.php?rest_route=\/wp\/v2\/users\/6"}],"replies":[{"embeddable":true,"href":"https:\/\/foxterrier-verband.de\/index.php?rest_route=%2Fwp%2Fv2%2Fcomments&post=13571"}],"version-history":[{"count":205,"href":"https:\/\/foxterrier-verband.de\/index.php?rest_route=\/wp\/v2\/pages\/13571\/revisions"}],"predecessor-version":[{"id":15456,"href":"https:\/\/foxterrier-verband.de\/index.php?rest_route=\/wp\/v2\/pages\/13571\/revisions\/15456"}],"wp:attachment":[{"href":"https:\/\/foxterrier-verband.de\/index.php?rest_route=%2Fwp%2Fv2%2Fmedia&parent=13571"}],"curies":[{"name":"wp","href":"https:\/\/api.w.org\/{rel}","templated":true}]}}