{"id":137,"date":"2013-10-15T09:22:30","date_gmt":"2013-10-15T07:22:30","guid":{"rendered":"https:\/\/www.foxterrier-verband.de\/?page_id=137"},"modified":"2026-03-31T19:18:43","modified_gmt":"2026-03-31T17:18:43","slug":"ordnungen","status":"publish","type":"page","link":"https:\/\/foxterrier-verband.de\/?page_id=137","title":{"rendered":"Ordnungen"},"content":{"rendered":"\t\t<div data-elementor-type=\"wp-page\" data-elementor-id=\"137\" class=\"elementor elementor-137\">\n\t\t\t\t\t\t<section class=\"elementor-section elementor-top-section elementor-element elementor-element-y6133fr elementor-section-boxed elementor-section-height-default elementor-section-height-default\" data-id=\"y6133fr\" data-element_type=\"section\">\n\t\t\t\t\t\t<div class=\"elementor-container elementor-column-gap-default\">\n\t\t\t\t\t<div class=\"elementor-column elementor-col-50 elementor-top-column elementor-element elementor-element-dujdzq5\" data-id=\"dujdzq5\" data-element_type=\"column\">\n\t\t\t<div class=\"elementor-widget-wrap elementor-element-populated\">\n\t\t\t\t\t\t<div class=\"elementor-element elementor-element-ec8u98v elementor-widget elementor-widget-heading\" data-id=\"ec8u98v\" data-element_type=\"widget\" data-widget_type=\"heading.default\">\n\t\t\t\t<div class=\"elementor-widget-container\">\n\t\t\t<h2 class=\"elementor-heading-title elementor-size-default\">Satzung\/Allgemein<\/h2>\t\t<\/div>\n\t\t\t\t<\/div>\n\t\t\t\t\t<\/div>\n\t\t<\/div>\n\t\t\t\t<div class=\"elementor-column elementor-col-50 elementor-top-column elementor-element elementor-element-n0e1v22\" data-id=\"n0e1v22\" data-element_type=\"column\">\n\t\t\t<div class=\"elementor-widget-wrap elementor-element-populated\">\n\t\t\t\t\t\t<div class=\"elementor-element elementor-element-z5j0973 elementor-widget elementor-widget-text-editor\" data-id=\"z5j0973\" data-element_type=\"widget\" data-widget_type=\"text-editor.default\">\n\t\t\t\t<div class=\"elementor-widget-container\">\n\t\t\t\t\t\t\t<ul style=\"list-style-type: circle;\"><li><a href=\"https:\/\/foxterrier-verband.de\/wp-content\/uploads\/2025\/03\/Satzung-Neufassung-2024.pdf\" target=\"_blank\" rel=\"noopener\">Satzung &#8211; 2024<\/a><\/li><li><a href=\"https:\/\/foxterrier-verband.de\/wp-content\/uploads\/2025\/10\/DFV-Gebu\u0308hrenordnung-08-2025.pdf\" target=\"_blank\" rel=\"noopener\">Gebu\u0308hrenordnung 08-2025<\/a><\/li><li><a href=\"https:\/\/foxterrier-verband.de\/wp-content\/uploads\/2025\/03\/Gescha\u0308ftsordnung-des-Vorstands-27.03.2025.pdf\">Gescha\u0308ftsordnung des Vorstands 27.03.2025<\/a><\/li><li><a href=\"https:\/\/www.foxterrier-verband.de\/wp-content\/uploads\/2022\/11\/Richtlinien_fuer_Ehrungen-2022.pdf\" target=\"_blank\" rel=\"noopener\">Richtlinien f\u00fcr Ehrungen &#8211; 2022<\/a><\/li><li><a href=\"https:\/\/www.foxterrier-verband.de\/wp-content\/uploads\/2022\/11\/Richtlinien_fuer_Veroeffentlichungen22.pdf\" target=\"_blank\" rel=\"noopener\">Richtlinien f\u00fcr Ver\u00f6ffentlichungen \u00fcber Mitglieder im\u201dDER FOXTERRIER\u201d &#8211; 2022<\/a><\/li><li><a href=\"https:\/\/www.foxterrier-verband.de\/wp-content\/uploads\/2018\/05\/Datenschutzerklaerung.pdf\" target=\"_blank\" rel=\"noopener\">Datenschutzerkl\u00e4rung<\/a><\/li><\/ul>\t\t\t\t\t\t<\/div>\n\t\t\t\t<\/div>\n\t\t\t\t\t<\/div>\n\t\t<\/div>\n\t\t\t\t\t<\/div>\n\t\t<\/section>\n\t\t\t\t<section class=\"elementor-section elementor-top-section elementor-element elementor-element-zh1ss3t elementor-section-boxed elementor-section-height-default elementor-section-height-default\" data-id=\"zh1ss3t\" data-element_type=\"section\">\n\t\t\t\t\t\t<div class=\"elementor-container elementor-column-gap-default\">\n\t\t\t\t\t<div class=\"elementor-column elementor-col-50 elementor-top-column elementor-element elementor-element-6kims54\" data-id=\"6kims54\" data-element_type=\"column\">\n\t\t\t<div class=\"elementor-widget-wrap elementor-element-populated\">\n\t\t\t\t\t\t<div class=\"elementor-element elementor-element-9tajvzs elementor-widget elementor-widget-heading\" data-id=\"9tajvzs\" data-element_type=\"widget\" data-widget_type=\"heading.default\">\n\t\t\t\t<div class=\"elementor-widget-container\">\n\t\t\t<h2 class=\"elementor-heading-title elementor-size-default\">Jagd\/ Pr\u00fcfungen<\/h2>\t\t<\/div>\n\t\t\t\t<\/div>\n\t\t\t\t\t<\/div>\n\t\t<\/div>\n\t\t\t\t<div class=\"elementor-column elementor-col-50 elementor-top-column elementor-element elementor-element-tj61mtm\" data-id=\"tj61mtm\" data-element_type=\"column\">\n\t\t\t<div class=\"elementor-widget-wrap elementor-element-populated\">\n\t\t\t\t\t\t<div class=\"elementor-element elementor-element-kyyheo2 elementor-widget elementor-widget-text-editor\" data-id=\"kyyheo2\" data-element_type=\"widget\" data-widget_type=\"text-editor.default\">\n\t\t\t\t<div class=\"elementor-widget-container\">\n\t\t\t\t\t\t\t<ul style=\"list-style-type: circle;\"><li><a href=\"https:\/\/foxterrier-verband.de\/wp-content\/uploads\/2026\/03\/Neue-Pruefungsordnung-zum-01.01.2027-beschlossen-am-14.03.2026.pdf\" target=\"_blank\" rel=\"noopener\">Neue Pr\u00fcfungsordnung zum 01.01.2027 &#8211; beschlossen am 14.03.2026<\/a><\/li><li><a href=\"https:\/\/www.foxterrier-verband.de\/wp-content\/uploads\/2020\/02\/Pr\u00fcfungsordnung.pdf\" target=\"_blank\" rel=\"noopener\">Pr\u00fcfungsordnung 2020<\/a><\/li><li><a href=\"https:\/\/www.foxterrier-verband.de\/wp-content\/uploads\/2023\/03\/PO-Aendereung-zur-Schussfestigkeit-gemaess-Beschluss-Jaegerversammlung-18.03.2023-1.pdf\" target=\"_blank\" rel=\"noopener\">PO \u00c4nderung zur Schussfestigkeit gem\u00e4\u00df Beschluss-J\u00e4gerversammlung 18.03.2023<\/a><\/li><li><a href=\"https:\/\/www.foxterrier-verband.de\/wp-content\/uploads\/2018\/01\/Verbandsrichterordnung.pdf\" target=\"_blank\" rel=\"noopener\">Erg\u00e4nzung zur Verbandsrichterordnung des JGHV<\/a><\/li><li><a href=\"https:\/\/www.foxterrier-verband.de\/wp-content\/uploads\/2019\/04\/Z\u00fcchterpreis-1.pdf\" target=\"_blank\" rel=\"noopener\">Bedingungen Z\u00fcchterpreis<\/a><\/li><\/ul>\t\t\t\t\t\t<\/div>\n\t\t\t\t<\/div>\n\t\t\t\t\t<\/div>\n\t\t<\/div>\n\t\t\t\t\t<\/div>\n\t\t<\/section>\n\t\t\t\t<section class=\"elementor-section elementor-top-section elementor-element elementor-element-f1skfwp elementor-section-boxed elementor-section-height-default elementor-section-height-default\" data-id=\"f1skfwp\" data-element_type=\"section\">\n\t\t\t\t\t\t<div class=\"elementor-container elementor-column-gap-default\">\n\t\t\t\t\t<div class=\"elementor-column elementor-col-50 elementor-top-column elementor-element elementor-element-3yz9kf6\" data-id=\"3yz9kf6\" data-element_type=\"column\">\n\t\t\t<div class=\"elementor-widget-wrap elementor-element-populated\">\n\t\t\t\t\t\t<div class=\"elementor-element elementor-element-ej1un2j elementor-widget elementor-widget-heading\" data-id=\"ej1un2j\" data-element_type=\"widget\" data-widget_type=\"heading.default\">\n\t\t\t\t<div class=\"elementor-widget-container\">\n\t\t\t<h2 class=\"elementor-heading-title elementor-size-default\">Zucht<\/h2>\t\t<\/div>\n\t\t\t\t<\/div>\n\t\t\t\t\t<\/div>\n\t\t<\/div>\n\t\t\t\t<div class=\"elementor-column elementor-col-50 elementor-top-column elementor-element elementor-element-5zkujz1\" data-id=\"5zkujz1\" data-element_type=\"column\">\n\t\t\t<div class=\"elementor-widget-wrap elementor-element-populated\">\n\t\t\t\t\t\t<div class=\"elementor-element elementor-element-cphfobx elementor-widget elementor-widget-text-editor\" data-id=\"cphfobx\" data-element_type=\"widget\" data-widget_type=\"text-editor.default\">\n\t\t\t\t<div class=\"elementor-widget-container\">\n\t\t\t\t\t\t\t<ul style=\"list-style-type: circle;\"><li><a href=\"https:\/\/foxterrier-verband.de\/wp-content\/uploads\/2025\/10\/DFV-Zucht-Ordnung-08-2025.pdf\" target=\"_blank\" rel=\"noopener\">Zucht-Ordnung 08-2025<\/a><\/li><li><a href=\"https:\/\/foxterrier-verband.de\/wp-content\/uploads\/2025\/06\/DFV-Zuchtbuchordnung-Anlage-1-zur-Zuchtordnung-2022.pdf\" target=\"_blank\" rel=\"noopener\">Zuchtbuch-Ordnung Anlage 1 zur Zuchtordnung 2022<\/a><\/li><li><a href=\"https:\/\/foxterrier-verband.de\/wp-content\/uploads\/2025\/03\/Zuchtzulassungsordnung-2025.pdf\" target=\"_blank\" rel=\"noopener\">Zuchtzulassungsordnung 2025<\/a><\/li><li><a href=\"https:\/\/www.foxterrier-verband.de\/wp-content\/uploads\/2013\/10\/Durchfuehrungsbestimmung-Zuchtzulassung-Foxterrier.pdf\">Durchf\u00fchrungsbestimmung Zuchtzulassung Foxterrier<\/a><\/li><li><a href=\"https:\/\/www.foxterrier-verband.de\/wp-content\/uploads\/2013\/10\/Durchfuehrungsbestimmung_Phaenotyp___Register.pdf\" target=\"_blank\" rel=\"noopener noreferrer\">Durchf\u00fchrungsbestimmungen zur Ph\u00e4notypbestimmung und zur Eintragung in das Register des DFV e.V.<\/a><\/li><li><a href=\"https:\/\/www.foxterrier-verband.de\/wp-content\/uploads\/2024\/04\/Mindesthaltungsbedingungen-2024.pdf\" target=\"_blank\" rel=\"noopener\">Mindesthaltungsbedingungen f\u00fcr Foxterrier 2024<\/a><\/li><li><a href=\"https:\/\/www.foxterrier-verband.de\/wp-content\/uploads\/2022\/11\/Zuchtwarte-Ordnung-2022.pdf\" target=\"_blank\" rel=\"noopener\">Zuchtwarte-Ordnung 2022<\/a><\/li><\/ul>\t\t\t\t\t\t<\/div>\n\t\t\t\t<\/div>\n\t\t\t\t\t<\/div>\n\t\t<\/div>\n\t\t\t\t\t<\/div>\n\t\t<\/section>\n\t\t\t\t<section class=\"elementor-section elementor-top-section elementor-element elementor-element-tbeu9mj elementor-section-boxed elementor-section-height-default elementor-section-height-default\" data-id=\"tbeu9mj\" data-element_type=\"section\">\n\t\t\t\t\t\t<div class=\"elementor-container elementor-column-gap-default\">\n\t\t\t\t\t<div class=\"elementor-column elementor-col-50 elementor-top-column elementor-element elementor-element-8p5u506\" data-id=\"8p5u506\" data-element_type=\"column\">\n\t\t\t<div class=\"elementor-widget-wrap elementor-element-populated\">\n\t\t\t\t\t\t<div class=\"elementor-element elementor-element-q777zhr elementor-widget elementor-widget-heading\" data-id=\"q777zhr\" data-element_type=\"widget\" data-widget_type=\"heading.default\">\n\t\t\t\t<div class=\"elementor-widget-container\">\n\t\t\t<h2 class=\"elementor-heading-title elementor-size-default\">Ausstellung<\/h2>\t\t<\/div>\n\t\t\t\t<\/div>\n\t\t\t\t\t<\/div>\n\t\t<\/div>\n\t\t\t\t<div class=\"elementor-column elementor-col-50 elementor-top-column elementor-element elementor-element-5mi87ts\" data-id=\"5mi87ts\" data-element_type=\"column\">\n\t\t\t<div class=\"elementor-widget-wrap elementor-element-populated\">\n\t\t\t\t\t\t<div class=\"elementor-element elementor-element-dv3ehs0 elementor-widget elementor-widget-text-editor\" data-id=\"dv3ehs0\" data-element_type=\"widget\" data-widget_type=\"text-editor.default\">\n\t\t\t\t<div class=\"elementor-widget-container\">\n\t\t\t\t\t\t\t<ul style=\"list-style-type: circle;\"><li><a href=\"https:\/\/foxterrier-verband.de\/wp-content\/uploads\/2025\/10\/DFV-Ausstellungsordnung-08-2025.pdf\" target=\"_blank\" rel=\"noopener\">Ausstellungsordnung 08-2025<\/a><\/li><li><a href=\"https:\/\/www.foxterrier-verband.de\/wp-content\/uploads\/2018\/04\/Leitfaden-f\u00fcr-Ausstellungsleiter-neu-Stand-April-2018.pdf\">Leitfaden f\u00fcr Ausstellungsleiter 2018<\/a><\/li><li><a href=\"https:\/\/foxterrier-verband.de\/wp-content\/uploads\/2024\/09\/Zuchtrichterordnung-2024.pdf\" target=\"_blank\" rel=\"noopener\">Zuchtrichterordnung 2024<\/a><\/li><li><a href=\"https:\/\/www.foxterrier-verband.de\/wp-content\/uploads\/2018\/02\/Punkte-TOP-Fox-Vorschlag.pdf\" target=\"_blank\" rel=\"noopener\">Punktetabelle Ermittlung Top Fox 2018<\/a><\/li><\/ul>\t\t\t\t\t\t<\/div>\n\t\t\t\t<\/div>\n\t\t\t\t\t<\/div>\n\t\t<\/div>\n\t\t\t\t\t<\/div>\n\t\t<\/section>\n\t\t\t\t<section class=\"elementor-section elementor-top-section elementor-element elementor-element-311x27o elementor-section-boxed elementor-section-height-default elementor-section-height-default\" data-id=\"311x27o\" data-element_type=\"section\">\n\t\t\t\t\t\t<div class=\"elementor-container elementor-column-gap-default\">\n\t\t\t\t\t<div class=\"elementor-column elementor-col-50 elementor-top-column elementor-element elementor-element-i3j6pqw\" data-id=\"i3j6pqw\" data-element_type=\"column\">\n\t\t\t<div class=\"elementor-widget-wrap elementor-element-populated\">\n\t\t\t\t\t\t<div class=\"elementor-element elementor-element-i7rcivs elementor-widget elementor-widget-heading\" data-id=\"i7rcivs\" data-element_type=\"widget\" data-widget_type=\"heading.default\">\n\t\t\t\t<div class=\"elementor-widget-container\">\n\t\t\t<h2 class=\"elementor-heading-title elementor-size-default\">Verbandsgericht<\/h2>\t\t<\/div>\n\t\t\t\t<\/div>\n\t\t\t\t\t<\/div>\n\t\t<\/div>\n\t\t\t\t<div class=\"elementor-column elementor-col-50 elementor-top-column elementor-element elementor-element-c9nxczd\" data-id=\"c9nxczd\" data-element_type=\"column\">\n\t\t\t<div class=\"elementor-widget-wrap elementor-element-populated\">\n\t\t\t\t\t\t<div class=\"elementor-element elementor-element-vbbref8 elementor-widget elementor-widget-text-editor\" data-id=\"vbbref8\" data-element_type=\"widget\" data-widget_type=\"text-editor.default\">\n\t\t\t\t<div class=\"elementor-widget-container\">\n\t\t\t\t\t\t\t<ul style=\"list-style-type: circle;\"><li><a href=\"https:\/\/www.foxterrier-verband.de\/wp-content\/uploads\/2013\/10\/DFVVGO.pdf\">Verbandsgerichts-Ordnung<\/a><\/li><\/ul>\t\t\t\t\t\t<\/div>\n\t\t\t\t<\/div>\n\t\t\t\t\t<\/div>\n\t\t<\/div>\n\t\t\t\t\t<\/div>\n\t\t<\/section>\n\t\t\t\t<section class=\"elementor-section elementor-top-section elementor-element elementor-element-68ny0tu elementor-section-boxed elementor-section-height-default elementor-section-height-default\" data-id=\"68ny0tu\" data-element_type=\"section\">\n\t\t\t\t\t\t<div class=\"elementor-container elementor-column-gap-default\">\n\t\t\t\t\t<div class=\"elementor-column elementor-col-50 elementor-top-column elementor-element elementor-element-92jaycm\" data-id=\"92jaycm\" data-element_type=\"column\">\n\t\t\t<div class=\"elementor-widget-wrap elementor-element-populated\">\n\t\t\t\t\t\t<div class=\"elementor-element elementor-element-8e1r2p6 elementor-widget elementor-widget-heading\" data-id=\"8e1r2p6\" data-element_type=\"widget\" data-widget_type=\"heading.default\">\n\t\t\t\t<div class=\"elementor-widget-container\">\n\t\t\t<h2 class=\"elementor-heading-title elementor-size-default\">Tierschutz\nHier geht\u2019s zu den aktuellen Gesetzestexten<\/h2>\t\t<\/div>\n\t\t\t\t<\/div>\n\t\t\t\t\t<\/div>\n\t\t<\/div>\n\t\t\t\t<div class=\"elementor-column elementor-col-50 elementor-top-column elementor-element elementor-element-nw7gb27\" data-id=\"nw7gb27\" data-element_type=\"column\">\n\t\t\t<div class=\"elementor-widget-wrap elementor-element-populated\">\n\t\t\t\t\t\t<div class=\"elementor-element elementor-element-vaiylmt elementor-widget elementor-widget-text-editor\" data-id=\"vaiylmt\" data-element_type=\"widget\" data-widget_type=\"text-editor.default\">\n\t\t\t\t<div class=\"elementor-widget-container\">\n\t\t\t\t\t\t\t<ul style=\"list-style-type: circle;\"><li><a href=\"http:\/\/www.gesetze-im-internet.de\/tierschhuv\/index.html\" target=\"_blank\" rel=\"noopener\">TschG-Hundeverordnung<\/a><\/li><li><a href=\"http:\/\/www.gesetze-im-internet.de\/tierschg\/index.html\" target=\"_blank\" rel=\"noopener\">Tierschutzgesetz<\/a><\/li><li><a href=\"https:\/\/www.foxterrier-verband.de\/wp-content\/uploads\/2013\/10\/VDH-gewerbliche-und-gewerbsmaessige-Hundezucht.pdf\" target=\"_blank\" rel=\"noopener noreferrer\">VDH- gewerbliche und gewerbsm\u00e4\u00dfige Hundezucht<\/a><\/li><\/ul>\t\t\t\t\t\t<\/div>\n\t\t\t\t<\/div>\n\t\t\t\t\t<\/div>\n\t\t<\/div>\n\t\t\t\t\t<\/div>\n\t\t<\/section>\n\t\t\t\t<\/div>\n\t\t","protected":false},"excerpt":{"rendered":"<p>Satzung\/Allgemein Satzung &#8211; 2024 Gebu\u0308hrenordnung 08-2025 Gescha\u0308ftsordnung des Vorstands 27.03.2025 Richtlinien f\u00fcr Ehrungen &#8211; 2022 Richtlinien f\u00fcr Ver\u00f6ffentlichungen \u00fcber Mitglieder[&#8230;]<\/p>\n","protected":false},"author":5,"featured_media":0,"parent":103,"menu_order":32,"comment_status":"closed","ping_status":"closed","template":"template-fullwidth.php","meta":{"footnotes":""},"class_list":["post-137","page","type-page","status-publish","hentry"],"_links":{"self":[{"href":"https:\/\/foxterrier-verband.de\/index.php?rest_route=\/wp\/v2\/pages\/137","targetHints":{"allow":["GET"]}}],"collection":[{"href":"https:\/\/foxterrier-verband.de\/index.php?rest_route=\/wp\/v2\/pages"}],"about":[{"href":"https:\/\/foxterrier-verband.de\/index.php?rest_route=\/wp\/v2\/types\/page"}],"author":[{"embeddable":true,"href":"https:\/\/foxterrier-verband.de\/index.php?rest_route=\/wp\/v2\/users\/5"}],"replies":[{"embeddable":true,"href":"https:\/\/foxterrier-verband.de\/index.php?rest_route=%2Fwp%2Fv2%2Fcomments&post=137"}],"version-history":[{"count":204,"href":"https:\/\/foxterrier-verband.de\/index.php?rest_route=\/wp\/v2\/pages\/137\/revisions"}],"predecessor-version":[{"id":24684,"href":"https:\/\/foxterrier-verband.de\/index.php?rest_route=\/wp\/v2\/pages\/137\/revisions\/24684"}],"up":[{"embeddable":true,"href":"https:\/\/foxterrier-verband.de\/index.php?rest_route=\/wp\/v2\/pages\/103"}],"wp:attachment":[{"href":"https:\/\/foxterrier-verband.de\/index.php?rest_route=%2Fwp%2Fv2%2Fmedia&parent=137"}],"curies":[{"name":"wp","href":"https:\/\/api.w.org\/{rel}","templated":true}]}}