{"id":14009,"date":"2021-04-12T08:10:19","date_gmt":"2021-04-12T06:10:19","guid":{"rendered":"https:\/\/www.foxterrier-verband.de\/?page_id=14009"},"modified":"2022-08-08T07:06:18","modified_gmt":"2022-08-08T05:06:18","slug":"pruefungsberichte-2021","status":"publish","type":"page","link":"https:\/\/foxterrier-verband.de\/?page_id=14009","title":{"rendered":"Pr\u00fcfungsberichte 2021"},"content":{"rendered":"\t\t<div data-elementor-type=\"wp-page\" data-elementor-id=\"14009\" class=\"elementor elementor-14009\">\n\t\t\t\t\t\t<section class=\"elementor-section elementor-top-section elementor-element elementor-element-80c7ab1 elementor-section-boxed elementor-section-height-default elementor-section-height-default\" data-id=\"80c7ab1\" data-element_type=\"section\">\n\t\t\t\t\t\t<div class=\"elementor-container elementor-column-gap-default\">\n\t\t\t\t\t<div class=\"elementor-column elementor-col-100 elementor-top-column elementor-element elementor-element-f08fd6a\" data-id=\"f08fd6a\" data-element_type=\"column\">\n\t\t\t<div class=\"elementor-widget-wrap elementor-element-populated\">\n\t\t\t\t\t\t<div class=\"elementor-element elementor-element-ff2d33d elementor-widget elementor-widget-text-editor\" data-id=\"ff2d33d\" data-element_type=\"widget\" data-widget_type=\"text-editor.default\">\n\t\t\t\t<div class=\"elementor-widget-container\">\n\t\t\t\t\t\t\t<section class=\"elementor-section elementor-top-section elementor-element elementor-element-d5d4051 elementor-section-boxed elementor-section-height-default elementor-section-height-default\" data-id=\"d5d4051\" data-element_type=\"section\"><div class=\"elementor-container elementor-column-gap-default\"><div class=\"elementor-row\"><div class=\"elementor-column elementor-col-100 elementor-top-column elementor-element elementor-element-202ff47\" data-id=\"202ff47\" data-element_type=\"column\"><div class=\"elementor-column-wrap elementor-element-populated\"><div class=\"elementor-widget-wrap\"><div class=\"elementor-element elementor-element-c38e370 elementor-widget elementor-widget-text-editor\" data-id=\"c38e370\" data-element_type=\"widget\" data-widget_type=\"text-editor.default\"><div class=\"elementor-widget-container\"><div class=\"elementor-text-editor elementor-clearfix\"><section class=\"elementor-element elementor-element-9aa90cc elementor-section-boxed elementor-section-height-default elementor-section-height-default elementor-section elementor-top-section\" data-id=\"9aa90cc\" data-element_type=\"section\"><div class=\"elementor-container elementor-column-gap-default\"><div class=\"elementor-row\"><div class=\"elementor-element elementor-element-1754bf2 elementor-column elementor-col-100 elementor-top-column\" data-id=\"1754bf2\" data-element_type=\"column\"><div class=\"elementor-column-wrap  elementor-element-populated\"><div class=\"elementor-widget-wrap\"><div class=\"elementor-element elementor-element-2d66044 elementor-widget elementor-widget-text-editor\" data-id=\"2d66044\" data-element_type=\"widget\" data-widget_type=\"text-editor.default\"><div class=\"elementor-widget-container\"><div class=\"elementor-text-editor elementor-clearfix\"><p>F\u00fcr die Einreichung und Angaben sind die jeweiligen Pr\u00fcfungsleiter verantwortlich.<\/p><p>Alle beim Schriftf\u00fchrer des DFV eingereichten Pr\u00fcfungsergebnisse von 2020 werden zeitnah hier ver\u00f6ffentlicht.\u00a0<\/p><p>Die <strong>Ergebnisse 2020<\/strong> sind unter Gebrauchsregister einzusehen: <a href=\"https:\/\/www.foxterrier-verband.de\/?page_id=967\" target=\"_blank\" rel=\"noopener\">hier<\/a><\/p><\/div><\/div><\/div><\/div><\/div><\/div><\/div><\/div><\/section><\/div><\/div><\/div><\/div><\/div><\/div><\/div><\/div><\/section>\t\t\t\t\t\t<\/div>\n\t\t\t\t<\/div>\n\t\t\t\t\t<\/div>\n\t\t<\/div>\n\t\t\t\t\t<\/div>\n\t\t<\/section>\n\t\t\t\t<section class=\"elementor-section elementor-top-section elementor-element elementor-element-7dc0c11 elementor-section-boxed elementor-section-height-default elementor-section-height-default\" data-id=\"7dc0c11\" data-element_type=\"section\">\n\t\t\t\t\t\t<div class=\"elementor-container elementor-column-gap-default\">\n\t\t\t\t\t<div class=\"elementor-column elementor-col-100 elementor-top-column elementor-element elementor-element-aa2cf29\" data-id=\"aa2cf29\" data-element_type=\"column\">\n\t\t\t<div class=\"elementor-widget-wrap elementor-element-populated\">\n\t\t\t\t\t\t<div class=\"elementor-element elementor-element-c8d6a9d elementor-widget elementor-widget-text-editor\" data-id=\"c8d6a9d\" data-element_type=\"widget\" data-widget_type=\"text-editor.default\">\n\t\t\t\t<div class=\"elementor-widget-container\">\n\t\t\t\t\t\t\t<p><a href=\"https:\/\/www.foxterrier-verband.de\/wp-content\/uploads\/2021\/11\/WGP-NW-06.11.2021.pdf\" target=\"_blank\" rel=\"noopener\">WGP der AG Nordwest, PG Weser-Ems in Bad Holzhausen am 05.\/06.11.2021<\/a><br \/><a href=\"https:\/\/www.foxterrier-verband.de\/wp-content\/uploads\/2022\/04\/BZP-am-01.pdf\" target=\"_blank\" rel=\"noopener\">BZP am 01.\/02.10.2021<\/a><br \/><a href=\"https:\/\/www.foxterrier-verband.de\/wp-content\/uploads\/2021\/10\/ZP-Kupferzell-am-26.09.2021.pdf\" target=\"_blank\" rel=\"noopener\">ZP der AG S\u00fcdwest in Kupferzell am 26.09.2021<\/a><br \/><a href=\"https:\/\/www.foxterrier-verband.de\/wp-content\/uploads\/2021\/10\/JP-11.09.2021-Hessen.pdf\" target=\"_blank\" rel=\"noopener\">JP der AG Hessen am 11.09.2021<\/a><br \/><a href=\"https:\/\/www.foxterrier-verband.de\/wp-content\/uploads\/2021\/10\/ZP-AG-Hessen-11.09.2021.pdf\" target=\"_blank\" rel=\"noopener\">ZP der AG Hessen am 11.09.2021<\/a><br \/><a href=\"https:\/\/www.foxterrier-verband.de\/wp-content\/uploads\/2021\/10\/JP_Fehmarn-11.09.2021.pdf\" target=\"_blank\" rel=\"noopener\">JP der AG Nordwest auf Fehmarn am 11.09.2021<\/a><br \/><a href=\"https:\/\/www.foxterrier-verband.de\/wp-content\/uploads\/2021\/09\/JP_Scherfede_20210911.pdf\" target=\"_blank\" rel=\"noopener\">JP der RG Scherfede am 11.09.2021<\/a><br \/><a href=\"https:\/\/www.foxterrier-verband.de\/wp-content\/uploads\/2021\/09\/BP_Scherfede_20210910.pdf\" target=\"_blank\" rel=\"noopener\">BP der RG Scherfede am 10.09.2021<\/a><br \/><a href=\"https:\/\/www.foxterrier-verband.de\/wp-content\/uploads\/2021\/09\/BP_Holstein_05.09.2021.pdf\" target=\"_blank\" rel=\"noopener\">BP der RG Holstein, AG Nordwest am 05.09.2021<\/a><br \/><a href=\"https:\/\/www.foxterrier-verband.de\/wp-content\/uploads\/2021\/10\/BP-AG-Hessen-29.08.2021.pdf\" target=\"_blank\" rel=\"noopener\">BP der AG Hessen am 29.08.2021<\/a><a href=\"https:\/\/www.foxterrier-verband.de\/wp-content\/uploads\/2021\/04\/JP_Hessen_20210417.pdf\" target=\"_blank\" rel=\"noopener\"><br \/>JP der AG Hessen am 17.04.2021 in Klein-Auheim<\/a><br \/><a href=\"https:\/\/www.foxterrier-verband.de\/wp-content\/uploads\/2021\/04\/BP_Hessen_20210416.pdf\" target=\"_blank\" rel=\"noopener\">BP der AG Hessen am 16.04.2021 in Klein-Auheim<\/a><br \/><a href=\"https:\/\/www.foxterrier-verband.de\/wp-content\/uploads\/2021\/04\/JP_Wuerttemberg_20210410.pdf\" target=\"_blank\" rel=\"noopener\">JP der AG S\u00fcdwest, PG W\u00fcrttemberg in Weiltingen &#8211; Gruppe A<\/a><br \/><a href=\"https:\/\/www.foxterrier-verband.de\/wp-content\/uploads\/2021\/04\/JP_Wuerttemberg_20210410-Teil-2.pdf\" target=\"_blank\" rel=\"noopener\">JP der AG S\u00fcdwest, PG W\u00fcrttemberg in Weiltingen &#8211; Gruppe B<\/a><br \/><a href=\"https:\/\/www.foxterrier-verband.de\/wp-content\/uploads\/2021\/04\/JP_Holstein_20210410.pdf\" target=\"_blank\" rel=\"noopener\">JP der AG Nordwest, PG Holstein am 10.04.2021 in Fehmarn<\/a><br \/><a href=\"https:\/\/www.foxterrier-verband.de\/wp-content\/uploads\/2021\/04\/JP_Thueringen_20210410-1.pdf\" target=\"_blank\" rel=\"noopener\">JP der RG Ostth\u00fcringen am 10.04.2021 in K\u00f6nigshofen<\/a><a href=\"https:\/\/www.foxterrier-verband.de\/wp-content\/uploads\/2021\/04\/BP_Thueringen_20210409-1.pdf\" target=\"_blank\" rel=\"noopener\"><br \/><\/a><a href=\"https:\/\/www.foxterrier-verband.de\/wp-content\/uploads\/2021\/04\/2021-04-10-Pruefungsbericht-Weser-Ems.pdf\" target=\"_blank\" rel=\"noopener\">JP der PG Weser-Ems am 10.04.2021 in Voltlage-H\u00f6ckel<\/a><a href=\"https:\/\/www.foxterrier-verband.de\/wp-content\/uploads\/2021\/04\/BP_Thueringen_20210409-1.pdf\" target=\"_blank\" rel=\"noopener\">BP der RG Ostth\u00fcringen am 09.04.2021 in Luckenau<\/a><\/p>\t\t\t\t\t\t<\/div>\n\t\t\t\t<\/div>\n\t\t\t\t\t<\/div>\n\t\t<\/div>\n\t\t\t\t\t<\/div>\n\t\t<\/section>\n\t\t\t\t<\/div>\n\t\t","protected":false},"excerpt":{"rendered":"<p>F\u00fcr die Einreichung und Angaben sind die jeweiligen Pr\u00fcfungsleiter verantwortlich. Alle beim Schriftf\u00fchrer des DFV eingereichten Pr\u00fcfungsergebnisse von 2020 werden[&#8230;]<\/p>\n","protected":false},"author":6,"featured_media":0,"parent":0,"menu_order":0,"comment_status":"closed","ping_status":"closed","template":"template-fullwidth.php","meta":{"footnotes":""},"class_list":["post-14009","page","type-page","status-publish","hentry"],"_links":{"self":[{"href":"https:\/\/foxterrier-verband.de\/index.php?rest_route=\/wp\/v2\/pages\/14009","targetHints":{"allow":["GET"]}}],"collection":[{"href":"https:\/\/foxterrier-verband.de\/index.php?rest_route=\/wp\/v2\/pages"}],"about":[{"href":"https:\/\/foxterrier-verband.de\/index.php?rest_route=\/wp\/v2\/types\/page"}],"author":[{"embeddable":true,"href":"https:\/\/foxterrier-verband.de\/index.php?rest_route=\/wp\/v2\/users\/6"}],"replies":[{"embeddable":true,"href":"https:\/\/foxterrier-verband.de\/index.php?rest_route=%2Fwp%2Fv2%2Fcomments&post=14009"}],"version-history":[{"count":60,"href":"https:\/\/foxterrier-verband.de\/index.php?rest_route=\/wp\/v2\/pages\/14009\/revisions"}],"predecessor-version":[{"id":16639,"href":"https:\/\/foxterrier-verband.de\/index.php?rest_route=\/wp\/v2\/pages\/14009\/revisions\/16639"}],"wp:attachment":[{"href":"https:\/\/foxterrier-verband.de\/index.php?rest_route=%2Fwp%2Fv2%2Fmedia&parent=14009"}],"curies":[{"name":"wp","href":"https:\/\/api.w.org\/{rel}","templated":true}]}}