{"id":1429,"date":"2013-12-01T18:07:22","date_gmt":"2013-12-01T16:07:22","guid":{"rendered":"https:\/\/www.foxterrier-verband.de\/?page_id=1429"},"modified":"2025-12-12T21:14:26","modified_gmt":"2025-12-12T19:14:26","slug":"junghunde","status":"publish","type":"page","link":"https:\/\/foxterrier-verband.de\/?page_id=1429","title":{"rendered":"Junghunde"},"content":{"rendered":"\t\t<div data-elementor-type=\"wp-page\" data-elementor-id=\"1429\" class=\"elementor elementor-1429\">\n\t\t\t\t\t\t<section class=\"elementor-section elementor-top-section elementor-element elementor-element-4910dd53 elementor-section-boxed elementor-section-height-default elementor-section-height-default\" data-id=\"4910dd53\" data-element_type=\"section\">\n\t\t\t\t\t\t<div class=\"elementor-container elementor-column-gap-default\">\n\t\t\t\t\t<div class=\"elementor-column elementor-col-100 elementor-top-column elementor-element elementor-element-69311c06\" data-id=\"69311c06\" data-element_type=\"column\">\n\t\t\t<div class=\"elementor-widget-wrap elementor-element-populated\">\n\t\t\t\t\t\t<div class=\"elementor-element elementor-element-4aeb2da3 elementor-widget elementor-widget-text-editor\" data-id=\"4aeb2da3\" data-element_type=\"widget\" data-widget_type=\"text-editor.default\">\n\t\t\t\t<div class=\"elementor-widget-container\">\n\t\t\t\t\t\t\t<div><h1>Junghunde<\/h1><\/div><p>Auf dieser Seite\u00a0finden Sie Foxterrier im Alter von bis zu einem Jahr, die zum Verkauf stehen.<\/p><p>Es handelt sich hier ausschlie\u00dflich um Foxterrier mit DFV-Papieren. Die Verkaufsanzeigen werden vor Ver\u00f6ffentlichung durch das Zuchtbuchamt des DFV\u00a0\u00fcberpr\u00fcft. F\u00fcr Angaben zum Charakter und F\u00e4higkeiten der Hunde sind allein die Besitzer verantwortlich.<\/p>\t\t\t\t\t\t<\/div>\n\t\t\t\t<\/div>\n\t\t\t\t\t<\/div>\n\t\t<\/div>\n\t\t\t\t\t<\/div>\n\t\t<\/section>\n\t\t\t\t<section class=\"elementor-section elementor-top-section elementor-element elementor-element-f476b2f elementor-section-boxed elementor-section-height-default elementor-section-height-default\" data-id=\"f476b2f\" data-element_type=\"section\">\n\t\t\t\t\t\t<div class=\"elementor-container elementor-column-gap-default\">\n\t\t\t\t\t<div class=\"elementor-column elementor-col-50 elementor-top-column elementor-element elementor-element-1e72a5e\" data-id=\"1e72a5e\" data-element_type=\"column\">\n\t\t\t<div class=\"elementor-widget-wrap elementor-element-populated\">\n\t\t\t\t\t\t<div class=\"elementor-element elementor-element-4165eb7 elementor-widget elementor-widget-text-editor\" data-id=\"4165eb7\" data-element_type=\"widget\" data-widget_type=\"text-editor.default\">\n\t\t\t\t<div class=\"elementor-widget-container\">\n\t\t\t\t\t\t\t<p><span style=\"color: #000000;\"><em>Zurzeit suchen keine Junghunde ein neues Zuhause.<\/em><\/span><\/p>\t\t\t\t\t\t<\/div>\n\t\t\t\t<\/div>\n\t\t\t\t\t<\/div>\n\t\t<\/div>\n\t\t\t\t<div class=\"elementor-column elementor-col-50 elementor-top-column elementor-element elementor-element-a583a06\" data-id=\"a583a06\" data-element_type=\"column\">\n\t\t\t<div class=\"elementor-widget-wrap elementor-element-populated\">\n\t\t\t\t\t\t\t<\/div>\n\t\t<\/div>\n\t\t\t\t\t<\/div>\n\t\t<\/section>\n\t\t\t\t<section class=\"elementor-section elementor-top-section elementor-element elementor-element-aab729d elementor-section-boxed elementor-section-height-default elementor-section-height-default\" data-id=\"aab729d\" data-element_type=\"section\">\n\t\t\t\t\t\t<div class=\"elementor-container elementor-column-gap-default\">\n\t\t\t\t\t<div class=\"elementor-column elementor-col-100 elementor-top-column elementor-element elementor-element-4d31ea8\" data-id=\"4d31ea8\" data-element_type=\"column\">\n\t\t\t<div class=\"elementor-widget-wrap elementor-element-populated\">\n\t\t\t\t\t\t<div class=\"elementor-element elementor-element-a3d193f elementor-widget elementor-widget-text-editor\" data-id=\"a3d193f\" data-element_type=\"widget\" data-widget_type=\"text-editor.default\">\n\t\t\t\t<div class=\"elementor-widget-container\">\n\t\t\t\t\t\t\t<p>Die Geb\u00fchren sind f\u00fcr 4 Monate Pr\u00e4senz auf dieser Seite und werden gem\u00e4\u00df unser aktuellen Geb\u00fchrenordnung abgerechnet.<\/p><p>Im Falle von Verkauf vor Ablauf der Ver\u00f6ffentlichungsfrist erbitten wir auch in Ihrem Interesse, uns dies unverz\u00fcglich <a href=\"http:\/\/www.foxterrier-verband.de\/?page_id=50\" target=\"_blank\" rel=\"noopener\">hier mitzuteilen.<\/a><\/p><p>\u00a0<\/p>\t\t\t\t\t\t<\/div>\n\t\t\t\t<\/div>\n\t\t\t\t\t<\/div>\n\t\t<\/div>\n\t\t\t\t\t<\/div>\n\t\t<\/section>\n\t\t\t\t<\/div>\n\t\t","protected":false},"excerpt":{"rendered":"<p>Junghunde Auf dieser Seite\u00a0finden Sie Foxterrier im Alter von bis zu einem Jahr, die zum Verkauf stehen. Es handelt sich[&#8230;]<\/p>\n","protected":false},"author":5,"featured_media":0,"parent":1110,"menu_order":0,"comment_status":"closed","ping_status":"closed","template":"template-fullwidth.php","meta":{"footnotes":""},"class_list":["post-1429","page","type-page","status-publish","hentry"],"_links":{"self":[{"href":"https:\/\/foxterrier-verband.de\/index.php?rest_route=\/wp\/v2\/pages\/1429","targetHints":{"allow":["GET"]}}],"collection":[{"href":"https:\/\/foxterrier-verband.de\/index.php?rest_route=\/wp\/v2\/pages"}],"about":[{"href":"https:\/\/foxterrier-verband.de\/index.php?rest_route=\/wp\/v2\/types\/page"}],"author":[{"embeddable":true,"href":"https:\/\/foxterrier-verband.de\/index.php?rest_route=\/wp\/v2\/users\/5"}],"replies":[{"embeddable":true,"href":"https:\/\/foxterrier-verband.de\/index.php?rest_route=%2Fwp%2Fv2%2Fcomments&post=1429"}],"version-history":[{"count":193,"href":"https:\/\/foxterrier-verband.de\/index.php?rest_route=\/wp\/v2\/pages\/1429\/revisions"}],"predecessor-version":[{"id":23644,"href":"https:\/\/foxterrier-verband.de\/index.php?rest_route=\/wp\/v2\/pages\/1429\/revisions\/23644"}],"up":[{"embeddable":true,"href":"https:\/\/foxterrier-verband.de\/index.php?rest_route=\/wp\/v2\/pages\/1110"}],"wp:attachment":[{"href":"https:\/\/foxterrier-verband.de\/index.php?rest_route=%2Fwp%2Fv2%2Fmedia&parent=1429"}],"curies":[{"name":"wp","href":"https:\/\/api.w.org\/{rel}","templated":true}]}}