{"id":15555,"date":"2022-01-12T14:22:45","date_gmt":"2022-01-12T12:22:45","guid":{"rendered":"https:\/\/www.foxterrier-verband.de\/?page_id=15555"},"modified":"2022-12-16T14:57:08","modified_gmt":"2022-12-16T12:57:08","slug":"champion-2022","status":"publish","type":"page","link":"https:\/\/foxterrier-verband.de\/?page_id=15555","title":{"rendered":"Champion 2022"},"content":{"rendered":"\t\t<div data-elementor-type=\"wp-page\" data-elementor-id=\"15555\" class=\"elementor elementor-15555\">\n\t\t\t\t\t\t<section class=\"elementor-section elementor-top-section elementor-element elementor-element-d59b4e2 elementor-section-boxed elementor-section-height-default elementor-section-height-default\" data-id=\"d59b4e2\" data-element_type=\"section\">\n\t\t\t\t\t\t<div class=\"elementor-container elementor-column-gap-default\">\n\t\t\t\t\t<div class=\"elementor-column elementor-col-100 elementor-top-column elementor-element elementor-element-8f1f323\" data-id=\"8f1f323\" data-element_type=\"column\">\n\t\t\t<div class=\"elementor-widget-wrap elementor-element-populated\">\n\t\t\t\t\t\t<div class=\"elementor-element elementor-element-37e13a5 elementor-widget elementor-widget-text-editor\" data-id=\"37e13a5\" data-element_type=\"widget\" data-widget_type=\"text-editor.default\">\n\t\t\t\t<div class=\"elementor-widget-container\">\n\t\t\t\t\t\t\t<p>Hier werden alle anerkannten Champions, deren Titel 2022 best\u00e4tigt wurden, eingetragen:<\/p><h2>Herzlichen Gl\u00fcckwunsch!<\/h2>\t\t\t\t\t\t<\/div>\n\t\t\t\t<\/div>\n\t\t\t\t\t<\/div>\n\t\t<\/div>\n\t\t\t\t\t<\/div>\n\t\t<\/section>\n\t\t\t\t<section class=\"elementor-section elementor-top-section elementor-element elementor-element-663031c elementor-section-boxed elementor-section-height-default elementor-section-height-default\" data-id=\"663031c\" data-element_type=\"section\">\n\t\t\t\t\t\t<div class=\"elementor-container elementor-column-gap-default\">\n\t\t\t\t\t<div class=\"elementor-column elementor-col-100 elementor-top-column elementor-element elementor-element-5de27e0\" data-id=\"5de27e0\" data-element_type=\"column\">\n\t\t\t<div class=\"elementor-widget-wrap elementor-element-populated\">\n\t\t\t\t\t\t<div class=\"elementor-element elementor-element-acfbd6e elementor-widget elementor-widget-text-editor\" data-id=\"acfbd6e\" data-element_type=\"widget\" data-widget_type=\"text-editor.default\">\n\t\t\t\t<div class=\"elementor-widget-container\">\n\t\t\t\t\t\t\t<h3>Deutscher Jugendchampion DFV<\/h3>\n<p>Wicky v. J\u00fcnglingshof<br>Hummel v. Thyratal<br>Deja de la Rosa<br>Fritz vom blauen Salzkristall<br>Whisper v. d. Bismarckquelle<br>Xilli v. J\u00fcnglingshof<br>Tarek v. d. sch\u00f6nen Bergen<br>Yakari v. Waldhaus<br>V-Power v. Sachsenland<br>Vita Victoria v. Sachsenland<br>Yade v. d. Bismarckquelle<br>Unic v. d. Bismarckquelle<br>Woodstock v. d. Bismarckquelle<br>Cacopoulos Madoxx<br>Leon v. Rheingrund<br>Xanadou v. Sachsen<br>Bajka v. d. Bismarckquelle<br><\/p>\n<h3>Deutscher Champion DFV<\/h3>\n<p>Oskar Royal du Haillet des Corneiredes<br>Parker v. Sachsenland<br>Warda v. d. sch\u00f6nen Bergen<br>Usus v. d. sch\u00f6nen Bergen<br>Cara v. Waldhaus<br>Jo v. J\u00fcnglingshof<br>Farrokh v. Wasserturm<br>Villie v. d. Bismarckquelle<br>Ramazotti v. Sachsenland<br>Joy v. J\u00fcnglingshof<br>Jack Daniels v. d. Bismarckquelle<br>Uranus of Fair Play<br><\/p>\n<h3>Deutscher Veteranen-Champion DFV<\/h3>\n<p>IBM-Junior du Haillet des Corneiredes<br>Penelopez v. Silvertbach<br><\/p>\n<h3>Deutscher Jugend-Champion VDH<\/h3>\n<p>Rakete v. d. Bismarckquelle<br>Cooper v. Waldhaus<br>Cara v. Waldhaus<br>Cooper v. d. sch\u00f6nen Bergen<br>Indiana v. d. sch\u00f6nen Bergen<br>Paperman Hello<br>Quirinus v. Waldhaus<br>Schneemann v. d. sch\u00f6nen Bergen<br>Vanilla v. d. sch\u00f6nen Bergen<br>Wanda v. d. sch\u00f6nen Bergen<br>Primus v. d. sch\u00f6nen Bergen<br>Hummel v. Thyratal<br><\/p>\n<h3>Deutscher Champion VDH<\/h3>\n<p>Zumba v. d. Bismarckquelle<br>Quirinus v. Waldhaus<br>Cooper v. d. sch\u00f6nen Bergen<br>Wanda v. d. sch\u00f6nen Bergen<br>Carrie v. Waldhaus<br><\/p>\n<h3>Deutscher Veteranen-Champion VDH<\/h3>\n<p>Antonia v. Zehling<br>IBM-Junior du Haillet des Corneiredes<br><\/p>\n<h3>Internationaler Champion<\/h3>\n<p>Vanilla v. d. sch\u00f6nen Bergen<br>Hemingway v. Ernstthal<br>Paperman Hello<\/p>\n<h3>D\u00e4nischer Jugendchampion <\/h3>\n<div>Unic v. d. Bismarckquelle<\/div>\n<div>&nbsp;<\/div>\n<div>\n<h3>D\u00e4nischer Champion <\/h3>\n<p>Zahra v. d. Bismarckquelle<\/p>\n<\/div>\n<h3>Amerikanischer Champion<\/h3>\n<p>Tango v. d. sch\u00f6nen Bergen<br>Hemingway v. Ernstthal<\/p>\n<h3>Champion von Bosnien-Herzegowina<\/h3>\n<p>Fortuna v. d. sch\u00f6nen Bergen<br>Paperman Hello<br>Schneemann v. d. sch\u00f6nen Bergen<br>Schneefrau v. d. sch\u00f6nen Bergen<br>Nelson Perfect v. Sachsenland<br>Riddick v. Sachsenland<br>Pepper Pearl v. Sachsen<br>Agria Zarina<\/p>\n<h3>Kroatischer Champion<\/h3>\n<p>Winston v. d. sch\u00f6nen Bergen<br>Earl v. d. sch\u00f6nen Bergen<\/p>\n<h3>Litauischer Champion<\/h3>\n<p>Riddick v. Sachsenland<br>O&#8217;Sole Mio v. Sachsen<br>Nelson Perfect v. Sachsenland<\/p>\n<h3>Luxemburgischen Jugendchampion<\/h3>\n<p>Retro v. d. Bismarckquelle<br>Unic v. d. Bismarckquelle<br>Coco Chanel v. Gronauer Tal<br>Whisper v. d. Bismarckquelle<\/p>\n<h3>Luxemburgischen Champion<\/h3>\n<p>Zahra v. d. Bismarckquelle<br>Blue Diamond v. Gronauer Tal<\/p>\n<h3>\u00d6sterreichischer Champion<\/h3>\n<p>Claire v. Eckstein<br>Vanilla v. d. sch\u00f6nen Bergen<br>Roona v. d. Bismarckquelle<\/p>\n<h3>\u00d6sterreichischer Grand Champion<\/h3>\n<p>Claire v. Eckstein<\/p>\n<h3>\u00d6sterreichischer Veteranen-Champion<\/h3>\n<p>IBM-Junior du Haillet des Corneiredes<br><\/p>\n<p><\/p>\n<h3>Tschechischer Jugendchampion<\/h3>\n<p>General Grau v. d. sch\u00f6nen Bergen<br>Woodstock v. d. Bismarckquelle<br>Unic v. d. Bismarckquelle<br><\/p>\n<h3>Tschechischer Champion<\/h3>\n<p>Maid of Magic v. Sachsen<br>Nelson Perfect v. Sachsenland<br>Seila v. Farnhorst<br>Vanilla v. d. sch\u00f6nen Bergen<br>Claire v. Eckstein<br>Trude v. J\u00fcnglingshof<\/p>\n<h3>Tschechischer Klub-Champion<\/h3>\n<p>Trude v. J\u00fcnglingshof<br><\/p>\n<h3>Ungarischer Champion<\/h3>\n<p>Mistral du Midi du Haillet des Corneiredes<br>Agria Zarina<br>Xanadou v. Sachsen<br><\/p>\n<h3>Ungarischer Veteranen-Champion<\/h3>\n<p>IBM-Junior du Haillet des Corneiredes<\/p>\n<p><\/p>\n<h3>Schweizer Ausstellungs-Champion<\/h3>\n<p>Coco Chanel v. Gronauer Tal<br>Wayne v. Gronauer Tal<\/p>\n<h3>Schweizer Sch\u00f6nheits-Champion<\/h3>\n<p>Arvania&#8217;s Nahele<br><\/p>\n<h3>Schweizer Veteranen-Champion<\/h3>\n<p>IBM-Junior du Haillet des Corneiredes<\/p>\n<h3>Slowakischer Champion<\/h3>\n<div>Maid of Magic v. Sachsen<br>Nelson Perfect v. Sachsenland<br>O&#8217;Sole Mio v. Sachsen<br>Parker v. Sachsenland<br>Pepper Pearl v. Sachsen<br>Riddick v. Sachsenland<\/div>\n<div>\n<h3>Slowenischer Jugendchampion<\/h3>\n<p>Sky v. d. sch\u00f6nen Bergen<br>Tarek v. d. sch\u00f6nen Bergen<br>Tina v. d. sch\u00f6nen Bergen<br>Jakob v. d. sch\u00f6nen Bergen<br>Dobra v. d. sch\u00f6nen Bergen<br>Hanna&#8217;s Fox Riva at Paperman<\/p>\n<\/div>\n<div>\n<h3>Slowenischer Champion<\/h3>\n<p>Schneefrau v. d. sch\u00f6nen Bergen<br>Paperman Wild Country<br>Face the Crowd v. Ernstthal<br>General Grau v. d. sch\u00f6nen Bergen<br>Earl v. d. sch\u00f6nen Bergen<br>Fortuna v. d. sch\u00f6nen Bergen<br>Usus v. d. sch\u00f6nen Bergen<br>Uranus v. d. sch\u00f6nen Bergen<br>Riddick v. Sachsenland<br>Nelson Perfect v. Sachsenland<br>O&#8217;Sole Mio v. Sachsen<br>Pepper Pearl v. Sachsen<br><\/p>\n<\/div>\t\t\t\t\t\t<\/div>\n\t\t\t\t<\/div>\n\t\t\t\t\t<\/div>\n\t\t<\/div>\n\t\t\t\t\t<\/div>\n\t\t<\/section>\n\t\t\t\t<section class=\"elementor-section elementor-top-section elementor-element elementor-element-597d307 elementor-section-boxed elementor-section-height-default elementor-section-height-default\" data-id=\"597d307\" data-element_type=\"section\">\n\t\t\t\t\t\t<div class=\"elementor-container elementor-column-gap-default\">\n\t\t\t\t\t<div class=\"elementor-column elementor-col-100 elementor-top-column elementor-element elementor-element-3074a35\" data-id=\"3074a35\" data-element_type=\"column\">\n\t\t\t<div class=\"elementor-widget-wrap elementor-element-populated\">\n\t\t\t\t\t\t<div class=\"elementor-element elementor-element-85cd5ef elementor-widget elementor-widget-text-editor\" data-id=\"85cd5ef\" data-element_type=\"widget\" data-widget_type=\"text-editor.default\">\n\t\t\t\t<div class=\"elementor-widget-container\">\n\t\t\t\t\t\t\t<section class=\"elementor-section elementor-top-section elementor-element elementor-element-42bde26 elementor-section-boxed elementor-section-height-default elementor-section-height-default\" data-id=\"42bde26\" data-element_type=\"section\"><div class=\"elementor-container elementor-column-gap-default\"><div class=\"elementor-row\"><div class=\"elementor-column elementor-col-100 elementor-top-column elementor-element elementor-element-71d1eb0\" data-id=\"71d1eb0\" data-element_type=\"column\"><div class=\"elementor-column-wrap elementor-element-populated\"><div class=\"elementor-widget-wrap\"><div class=\"elementor-element elementor-element-187d7b3 elementor-widget elementor-widget-text-editor\" data-id=\"187d7b3\" data-element_type=\"widget\" data-widget_type=\"text-editor.default\"><div class=\"elementor-widget-container\"><div class=\"elementor-text-editor elementor-clearfix\"><section class=\"elementor-section elementor-top-section elementor-element elementor-element-285d9b7 elementor-section-boxed elementor-section-height-default elementor-section-height-default\" data-id=\"285d9b7\" data-element_type=\"section\"><div class=\"elementor-container elementor-column-gap-default\"><div class=\"elementor-row\"><div class=\"elementor-column elementor-col-100 elementor-top-column elementor-element elementor-element-0239b88\" data-id=\"0239b88\" data-element_type=\"column\"><div class=\"elementor-column-wrap elementor-element-populated\"><div class=\"elementor-widget-wrap\"><div class=\"elementor-element elementor-element-2254a0a elementor-widget elementor-widget-text-editor\" data-id=\"2254a0a\" data-element_type=\"widget\" data-widget_type=\"text-editor.default\"><div class=\"elementor-widget-container\"><div class=\"elementor-text-editor elementor-clearfix\"><h1>FAQ Championtitel<\/h1><p><strong>Welche Voraussetzungen brauche ich f\u00fcr den Dt. JCh. (DFV)?<\/strong><\/p><p>F\u00fcr den Titel JCh. DFV ben\u00f6tigen Sie 4 JCACs unter 3 verschiedenen Richtern. Diese m\u00fcssen alle in der Jugendklasse erworben werden. Ein Reserve-Jugend-CAC kann in ein vollwertiges JCAC umgewandelt werden, wenn der Hund mit dem JCAC an dem Tag der Ausstellung bereits die Voraussetzungen f\u00fcr den JCh. DFV erreicht hat. Drei Reserve-JCACS k\u00f6nnen zu einem vollwertigen JCAC aufgewertet werden, wenn sie unter zwei Richtern erworben wurden. H\u00f6chstens eines der vier n\u00f6tigen JCACs kann auf diese Weise gebildet werden. F\u00fcr die Beantragung des Titels reichen Sie bitte alle Richterberichte, aus denen die Anwartschaften (JCACs) hervorgehen, zusammen mit der Ahnentafel des Hundes in der Gesch\u00e4ftsstelle ein.<\/p><p><strong>Welche Voraussetzungen brauche ich f\u00fcr den Dt. Ch. (DFV)?<\/strong><\/p><p>F\u00fcr den Dt. Ch. (DFV) sammeln Sie Anwartschaften (CACs) in allen Erwachsenenklassen. Sie ben\u00f6tigen mindestens 4 Anwartschaften unter 3 verschiedenen Richtern. Zwischen dem ersten und letzten CAC m\u00fcssen mindestens 12 Monate liegen. Ein Reserve-CAC kann in ein vollwertiges CAC umgewandelt werden, wenn der Hund mit dem CAC an dem Tag der Ausstellung bereits die Voraussetzungen f\u00fcr den Dt. Ch. DFV erreicht hat. Drei Reserve-CACS k\u00f6nnen zu einem vollwertigen CAC aufgewertet werden, wenn sie unter zwei Richtern erworben wurden. H\u00f6chstens eines der vier n\u00f6tigen CACs kann auf diese Weise gebildet werden. F\u00fcr die Beantragung des Titels reichen Sie bitte alle Richterberichte, aus denen die Anwartschaften (CACs) hervorgehen, zusammen mit der Ahnentafel des Hundes in der Gesch\u00e4ftsstelle ein.<\/p><p><strong>Welche Voraussetzungen brauche ich f\u00fcr weitere Championtitel?<\/strong><\/p><p>F\u00fcr den Dt. JCh. (VDH) und den Dt. Ch. (VDH) k\u00f6nnen Sie die Voraussetzungen in der VDH-Durchf\u00fchrungsbestimmung \u201eVDH-Titel und Titel-Anwartschaften\u201c geregelt. Diese k\u00f6nnen Sie <a href=\"http:\/\/www.vdh.de\/fileadmin\/media\/ausstellungen\/ausstellungsordnung\/Ausstellungsordnung_-_Dfb_Titel-ab-2015-01-01.pdf\" target=\"_blank\" rel=\"noopener noreferrer\">hier<\/a> einsehen.<br \/>Die Regelungen f\u00fcr den Int. Ch. (FCI) werden im Reglement f\u00fcr das Internationale Championat bestimmt. Diese sind <a href=\"http:\/\/www.vdh.de\/fileadmin\/media\/ueber\/downloads\/ausstellungen\/internationales_schoenheits_championat_der_fci_fuer_alle_rassen.pdf\" target=\"_blank\" rel=\"noopener noreferrer\">hier<\/a> nachzulesen.<\/p><\/div><\/div><\/div><\/div><\/div><\/div><\/div><\/div><\/section><\/div><\/div><\/div><\/div><\/div><\/div><\/div><\/div><\/section>\t\t\t\t\t\t<\/div>\n\t\t\t\t<\/div>\n\t\t\t\t\t<\/div>\n\t\t<\/div>\n\t\t\t\t\t<\/div>\n\t\t<\/section>\n\t\t\t\t<\/div>\n\t\t","protected":false},"excerpt":{"rendered":"<p>Hier werden alle anerkannten Champions, deren Titel 2022 best\u00e4tigt wurden, eingetragen: Herzlichen Gl\u00fcckwunsch! Deutscher Jugendchampion DFV Wicky v. J\u00fcnglingshofHummel v.[&#8230;]<\/p>\n","protected":false},"author":6,"featured_media":0,"parent":0,"menu_order":0,"comment_status":"closed","ping_status":"closed","template":"template-fullwidth.php","meta":{"footnotes":""},"class_list":["post-15555","page","type-page","status-publish","hentry"],"_links":{"self":[{"href":"https:\/\/foxterrier-verband.de\/index.php?rest_route=\/wp\/v2\/pages\/15555","targetHints":{"allow":["GET"]}}],"collection":[{"href":"https:\/\/foxterrier-verband.de\/index.php?rest_route=\/wp\/v2\/pages"}],"about":[{"href":"https:\/\/foxterrier-verband.de\/index.php?rest_route=\/wp\/v2\/types\/page"}],"author":[{"embeddable":true,"href":"https:\/\/foxterrier-verband.de\/index.php?rest_route=\/wp\/v2\/users\/6"}],"replies":[{"embeddable":true,"href":"https:\/\/foxterrier-verband.de\/index.php?rest_route=%2Fwp%2Fv2%2Fcomments&post=15555"}],"version-history":[{"count":215,"href":"https:\/\/foxterrier-verband.de\/index.php?rest_route=\/wp\/v2\/pages\/15555\/revisions"}],"predecessor-version":[{"id":17456,"href":"https:\/\/foxterrier-verband.de\/index.php?rest_route=\/wp\/v2\/pages\/15555\/revisions\/17456"}],"wp:attachment":[{"href":"https:\/\/foxterrier-verband.de\/index.php?rest_route=%2Fwp%2Fv2%2Fmedia&parent=15555"}],"curies":[{"name":"wp","href":"https:\/\/api.w.org\/{rel}","templated":true}]}}