{"id":1577,"date":"2013-12-15T18:19:52","date_gmt":"2013-12-15T16:19:52","guid":{"rendered":"https:\/\/www.foxterrier-verband.de\/?page_id=1577"},"modified":"2026-03-25T15:11:53","modified_gmt":"2026-03-25T13:11:53","slug":"formulare-antraege","status":"publish","type":"page","link":"https:\/\/foxterrier-verband.de\/?page_id=1577","title":{"rendered":"Formulare\/ Antr\u00e4ge"},"content":{"rendered":"\t\t<div data-elementor-type=\"wp-page\" data-elementor-id=\"1577\" class=\"elementor elementor-1577\">\n\t\t\t\t\t\t<section class=\"elementor-section elementor-top-section elementor-element elementor-element-uffseum elementor-section-boxed elementor-section-height-default elementor-section-height-default\" data-id=\"uffseum\" data-element_type=\"section\">\n\t\t\t\t\t\t<div class=\"elementor-container elementor-column-gap-default\">\n\t\t\t\t\t<div class=\"elementor-column elementor-col-100 elementor-top-column elementor-element elementor-element-aftx8xc\" data-id=\"aftx8xc\" data-element_type=\"column\">\n\t\t\t<div class=\"elementor-widget-wrap elementor-element-populated\">\n\t\t\t\t\t\t<div class=\"elementor-element elementor-element-2pzpkqx elementor-widget elementor-widget-text-editor\" data-id=\"2pzpkqx\" data-element_type=\"widget\" data-widget_type=\"text-editor.default\">\n\t\t\t\t<div class=\"elementor-widget-container\">\n\t\t\t\t\t\t\t<p>Seinen Mitgliedern und alle Interessenten stellt der DFV e.V. seine verschiedenen Formulare und Antr\u00e4ge als Download zur Verf\u00fcgung. Zum Herunterladen klicken Sie mit der rechten Maustaste auf eine Datei und w\u00e4hlen Ziel speichern unter&#8221; aus dem Kontextmenu. Zur Zeit stehen nur einige Formulare als beschreibbares Dokument zur Verf\u00fcgung, die direkt am PC ausgef\u00fcllt, gespeichert und ausgedruckt oder per Mail versandt werden k\u00f6nnen. Nur korrekt und vollst\u00e4ndig ausgef\u00fcllte Antr\u00e4ge werden entgegen genommen.<\/p><p align=\"center\"><b><i>Ausf\u00fcllhinweise<\/i><\/b><\/p><p>Unsere Formulare k\u00f6nnen weiterhin gerne handschriftlich (bitte vollst\u00e4ndig und gut leserlich!) ausgef\u00fcllt werden, aber nun auch am PC. Sie k\u00f6nnen die Formulare mit Microsoft Word beschreiben, die Dateien ausgef\u00fcllt speichern und zum Unterschreiben ausdrucken. Als kleine Hilfe sind in manche Felder Auswahlen integriert. Diese klappen automatisch auf sobald sie angeklickt werden. Generell sind alle grau hinterlegten Felder auszuf\u00fcllen.<br \/>Die ersten PDF-Formulare sind bereits ausf\u00fcllbar eingestellt. Bitte laden Sie sich diese herunter und \u00f6ffnen Sie auf Ihrem PC mit dem Acrobat Reader, um sie direkt auszuf\u00fcllen. Alternativ dazu k\u00f6nnen Sie in Ihrem Browser unter dem Men\u00fcpunkt Einstellungen -&gt; Anwendungen das Plugin Adobe Acrobat installieren. In diesem Fall k\u00f6nnen die PDF-Formulare direkt im Webbrowser ausgef\u00fcllt werden.<\/p><p><strong>Beschlussvorlage:<\/strong> wie auf der Mitgliederversammlung in Kassel am 7.9.13 beschlossen f\u00fchren die Gruppen eine fortlaufende Nummerierung ihrer Beschl\u00fcsse ein. Diese wird vom Schriftf\u00fchrer oder Versammlungsleiter eingef\u00fcgt, so wie auch das Ergebnis der Abstimmung \u00fcber den Antrag. Hierf\u00fcr stehen die gr\u00fcnen Felder zur Verf\u00fcgung. Bitte verwenden Sie f\u00fcr jeden Antrag\/Beschluss ein eigenes Formular!<\/p>\t\t\t\t\t\t<\/div>\n\t\t\t\t<\/div>\n\t\t\t\t\t<\/div>\n\t\t<\/div>\n\t\t\t\t\t<\/div>\n\t\t<\/section>\n\t\t\t\t<section class=\"elementor-section elementor-top-section elementor-element elementor-element-avsvohk elementor-section-boxed elementor-section-height-default elementor-section-height-default\" data-id=\"avsvohk\" data-element_type=\"section\">\n\t\t\t\t\t\t<div class=\"elementor-container elementor-column-gap-default\">\n\t\t\t\t\t<div class=\"elementor-column elementor-col-33 elementor-top-column elementor-element elementor-element-4eovbrk\" data-id=\"4eovbrk\" data-element_type=\"column\">\n\t\t\t<div class=\"elementor-widget-wrap elementor-element-populated\">\n\t\t\t\t\t\t<div class=\"elementor-element elementor-element-x7jphzb elementor-widget elementor-widget-heading\" data-id=\"x7jphzb\" data-element_type=\"widget\" data-widget_type=\"heading.default\">\n\t\t\t\t<div class=\"elementor-widget-container\">\n\t\t\t<h2 class=\"elementor-heading-title elementor-size-default\">Allgemein<\/h2>\t\t<\/div>\n\t\t\t\t<\/div>\n\t\t\t\t\t<\/div>\n\t\t<\/div>\n\t\t\t\t<div class=\"elementor-column elementor-col-66 elementor-top-column elementor-element elementor-element-lpyl35f\" data-id=\"lpyl35f\" data-element_type=\"column\">\n\t\t\t<div class=\"elementor-widget-wrap elementor-element-populated\">\n\t\t\t\t\t\t<div class=\"elementor-element elementor-element-sh4jsmu elementor-widget elementor-widget-text-editor\" data-id=\"sh4jsmu\" data-element_type=\"widget\" data-widget_type=\"text-editor.default\">\n\t\t\t\t<div class=\"elementor-widget-container\">\n\t\t\t\t\t\t\t<ul style=\"list-style-type: disc;\"><li><a href=\"https:\/\/foxterrier-verband.de\/wp-content\/uploads\/2026\/02\/Beitrittserklaerung-DFV-2026.pdf\">Beitrittsformular DFV 2026<\/a><\/li><li><a href=\"https:\/\/foxterrier-verband.de\/wp-content\/uploads\/2026\/02\/SEPA-Lastschriftmandat-DFV-2026.pdf\">Formular SEPA Lastschriftmandat DFV 2026<\/a><\/li><li><a style=\"font-family: var( --e-global-typography-text-font-family ), Sans-serif; font-size: 1.0625rem;\" href=\"https:\/\/foxterrier-verband.de\/wp-content\/uploads\/2025\/09\/Probe-Mitgliedsantrag-DFV-2025.pdf\" target=\"_blank\" rel=\"noopener\">Probe-Mitgliedsantrag-DFV-2025<\/a><\/li><li><a href=\"https:\/\/foxterrier-verband.de\/wp-content\/uploads\/2025\/09\/Antragsformular-09-2025.pdf\" target=\"_blank\" rel=\"noopener\">Antr\u00e4ge an Versammlung\/Beschlussvorlage 09-2025<\/a><\/li><\/ul>\t\t\t\t\t\t<\/div>\n\t\t\t\t<\/div>\n\t\t\t\t\t<\/div>\n\t\t<\/div>\n\t\t\t\t\t<\/div>\n\t\t<\/section>\n\t\t\t\t<section class=\"elementor-section elementor-top-section elementor-element elementor-element-lr67az1 elementor-section-boxed elementor-section-height-default elementor-section-height-default\" data-id=\"lr67az1\" data-element_type=\"section\">\n\t\t\t\t\t\t<div class=\"elementor-container elementor-column-gap-default\">\n\t\t\t\t\t<div class=\"elementor-column elementor-col-33 elementor-top-column elementor-element elementor-element-y63561m\" data-id=\"y63561m\" data-element_type=\"column\">\n\t\t\t<div class=\"elementor-widget-wrap elementor-element-populated\">\n\t\t\t\t\t\t<div class=\"elementor-element elementor-element-oks2zjx elementor-widget elementor-widget-heading\" data-id=\"oks2zjx\" data-element_type=\"widget\" data-widget_type=\"heading.default\">\n\t\t\t\t<div class=\"elementor-widget-container\">\n\t\t\t<h2 class=\"elementor-heading-title elementor-size-default\">Jagd\/Pr\u00fcfungen<\/h2>\t\t<\/div>\n\t\t\t\t<\/div>\n\t\t\t\t\t<\/div>\n\t\t<\/div>\n\t\t\t\t<div class=\"elementor-column elementor-col-66 elementor-top-column elementor-element elementor-element-vrv2zk4\" data-id=\"vrv2zk4\" data-element_type=\"column\">\n\t\t\t<div class=\"elementor-widget-wrap elementor-element-populated\">\n\t\t\t\t\t\t<div class=\"elementor-element elementor-element-7op0qca elementor-widget elementor-widget-text-editor\" data-id=\"7op0qca\" data-element_type=\"widget\" data-widget_type=\"text-editor.default\">\n\t\t\t\t<div class=\"elementor-widget-container\">\n\t\t\t\t\t\t\t<ul style=\"list-style-type: disc;\"><li><a href=\"https:\/\/www.foxterrier-verband.de\/wp-content\/uploads\/2020\/05\/FormblattLKZ.docx\" target=\"_blank\" rel=\"noopener\">Formblatt LKZ<\/a><\/li><li><a href=\"https:\/\/www.foxterrier-verband.de\/wp-content\/uploads\/2020\/02\/Nennung-zur-Pr\u00fcfung.pdf\" target=\"_blank\" rel=\"noopener\">DFV-Nennung ausf\u00fcllbar 2020 (Anmeldung zu Pr\u00fcfungen des DFV )<\/a><\/li><li><a href=\"https:\/\/www.foxterrier-verband.de\/wp-content\/uploads\/2020\/07\/2_Bewertungsblatt_BP.pdf\" target=\"_blank\" rel=\"noopener\">BP_Bewertungsblatt 2020<\/a><\/li><li><a href=\"https:\/\/www.foxterrier-verband.de\/wp-content\/uploads\/2020\/02\/2_Zensurenblatt_BP.pdf\" target=\"_blank\" rel=\"noopener\">BP_Zensurentafel 2020<\/a><\/li><li><a href=\"https:\/\/www.foxterrier-verband.de\/wp-content\/uploads\/2020\/07\/6_Bewertungsblatt_BZP.pdf\" target=\"_blank\" rel=\"noopener\">BZP_Bewertungsblatt 2020<\/a><\/li><li><a href=\"https:\/\/www.foxterrier-verband.de\/wp-content\/uploads\/2020\/02\/6_Zensurenblatt_BZP.pdf\" target=\"_blank\" rel=\"noopener\">BZP_Zensurentafel 2020<\/a><\/li><li><a href=\"https:\/\/www.foxterrier-verband.de\/wp-content\/uploads\/2020\/07\/5_Bewertungsblatt_GP.pdf\" target=\"_blank\" rel=\"noopener\">GP_Bewertungsblatt 2020<\/a><\/li><li><a href=\"https:\/\/www.foxterrier-verband.de\/wp-content\/uploads\/2020\/02\/5_Zensurenblatt_GP.pdf\" target=\"_blank\" rel=\"noopener\">GP Zensurentafel 2020<\/a><\/li><li><a href=\"https:\/\/www.foxterrier-verband.de\/wp-content\/uploads\/2020\/07\/1_Bewertungsblatt_JP.pdf\" target=\"_blank\" rel=\"noopener\">JP_Bewertungsblatt 2020<\/a><\/li><li><a href=\"https:\/\/www.foxterrier-verband.de\/wp-content\/uploads\/2020\/02\/1_Zensurenblatt_JP.pdf\" target=\"_blank\" rel=\"noopener\">JP_Zensurentafel 2020<\/a><\/li><li><a href=\"https:\/\/www.foxterrier-verband.de\/wp-content\/uploads\/2020\/07\/3_Bewertungsblatt_ZP.pdf\" target=\"_blank\" rel=\"noopener\">ZP_Bewertungsblatt 2020<\/a><\/li><li><a href=\"https:\/\/www.foxterrier-verband.de\/wp-content\/uploads\/2020\/02\/3_Zensurenblatt_ZP.pdf\" target=\"_blank\" rel=\"noopener\">ZP_Zensurentafel 2020<\/a><\/li><li><a href=\"https:\/\/www.foxterrier-verband.de\/wp-content\/uploads\/2020\/02\/4_Zensurenblatt_WGP.pdf\" target=\"_blank\" rel=\"noopener\">WGP Zensurentafel 2020<\/a><\/li><li><a href=\"https:\/\/www.foxterrier-verband.de\/wp-content\/uploads\/2020\/07\/4_Bewertungsblatt_WGP.pdf\" target=\"_blank\" rel=\"noopener\">WGP Bewertungsblatt 2020<\/a><\/li><li><a href=\"https:\/\/www.foxterrier-verband.de\/wp-content\/uploads\/2020\/02\/Meldung-zur-Pr\u00fcfung.pdf\" target=\"_blank\" rel=\"noopener\">Meldung der Pr\u00fcfung an HLW\u00a0 2020<\/a><\/li><li><a href=\"https:\/\/www.foxterrier-verband.de\/wp-content\/uploads\/2020\/08\/BP-Ergebnissmeldung_2020.xls\" target=\"_blank\" rel=\"noopener\">BP Pr\u00fcfungsbericht 2020<\/a><\/li><li><a href=\"https:\/\/www.foxterrier-verband.de\/wp-content\/uploads\/2020\/08\/JP-Ergebnissmeldung_2020.xls\" target=\"_blank\" rel=\"noopener\">JP Pr\u00fcfungsbericht 2020<\/a><\/li><li><a href=\"https:\/\/www.foxterrier-verband.de\/wp-content\/uploads\/2020\/08\/GP-Ergebnissmeldung_2020.xls\" target=\"_blank\" rel=\"noopener\">GP Pr\u00fcfungsbericht 2020<\/a><\/li><li><a href=\"https:\/\/www.foxterrier-verband.de\/wp-content\/uploads\/2020\/08\/ZP-Ergebnissmeldung_2020.xls\" target=\"_blank\" rel=\"noopener\">ZP Pr\u00fcfungsbericht 2020<\/a><\/li><li><a href=\"https:\/\/www.foxterrier-verband.de\/wp-content\/uploads\/2020\/08\/BZP-Ergebnissmeldung_2020.xls\" target=\"_blank\" rel=\"noopener\">BZP Pr\u00fcfungsbericht 2020<\/a><\/li><li><a href=\"https:\/\/www.foxterrier-verband.de\/wp-content\/uploads\/2020\/08\/WGP-Ergebnissmeldung_2020.xls\" target=\"_blank\" rel=\"noopener\">WGP Pr\u00fcfungsbericht 2020<\/a><\/li><\/ul>\t\t\t\t\t\t<\/div>\n\t\t\t\t<\/div>\n\t\t\t\t\t<\/div>\n\t\t<\/div>\n\t\t\t\t\t<\/div>\n\t\t<\/section>\n\t\t\t\t<section class=\"elementor-section elementor-top-section elementor-element elementor-element-y69cz92 elementor-section-boxed elementor-section-height-default elementor-section-height-default\" data-id=\"y69cz92\" data-element_type=\"section\">\n\t\t\t\t\t\t<div class=\"elementor-container elementor-column-gap-default\">\n\t\t\t\t\t<div class=\"elementor-column elementor-col-33 elementor-top-column elementor-element elementor-element-3uqe197\" data-id=\"3uqe197\" data-element_type=\"column\">\n\t\t\t<div class=\"elementor-widget-wrap elementor-element-populated\">\n\t\t\t\t\t\t<div class=\"elementor-element elementor-element-mbvtx6y elementor-widget elementor-widget-heading\" data-id=\"mbvtx6y\" data-element_type=\"widget\" data-widget_type=\"heading.default\">\n\t\t\t\t<div class=\"elementor-widget-container\">\n\t\t\t<h2 class=\"elementor-heading-title elementor-size-default\">Zucht<\/h2>\t\t<\/div>\n\t\t\t\t<\/div>\n\t\t\t\t\t<\/div>\n\t\t<\/div>\n\t\t\t\t<div class=\"elementor-column elementor-col-66 elementor-top-column elementor-element elementor-element-u9if9r4\" data-id=\"u9if9r4\" data-element_type=\"column\">\n\t\t\t<div class=\"elementor-widget-wrap elementor-element-populated\">\n\t\t\t\t\t\t<div class=\"elementor-element elementor-element-p1vpy66 elementor-widget elementor-widget-text-editor\" data-id=\"p1vpy66\" data-element_type=\"widget\" data-widget_type=\"text-editor.default\">\n\t\t\t\t<div class=\"elementor-widget-container\">\n\t\t\t\t\t\t\t<ul><li style=\"list-style-type: none;\"><ul><li><a href=\"https:\/\/foxterrier-verband.de\/wp-content\/uploads\/2026\/03\/Wurfabnahmeschein-Wurfmeldeschein-ausfuellbar-02-2026.pdf\" target=\"_blank\" rel=\"noopener\">Wurfabnahmeschein-Wurfmeldeschein-ausfuellbar-02-2026<\/a><\/li><li><a href=\"https:\/\/www.foxterrier-verband.de\/wp-content\/uploads\/2022\/01\/Zwingerschutzantrag1.pdf\" target=\"_blank\" rel=\"noopener\">DFV Zwingerschutzantrag<\/a><\/li><li><a href=\"https:\/\/www.foxterrier-verband.de\/wp-content\/uploads\/2023\/06\/zwabnZuchtwart23.pdf\" target=\"_blank\" rel=\"noopener\">Zwingerabnahme<\/a><\/li><li><a href=\"https:\/\/foxterrier-verband.de\/wp-content\/uploads\/2026\/03\/Meldeformular-ZZP-03-2026.pdf\">Meldeformular ZZP 03-2026<\/a><\/li><li><a href=\"https:\/\/foxterrier-verband.de\/wp-content\/uploads\/2025\/09\/Deckschein-VDEGS-09-2025.pdf\" target=\"_blank\" rel=\"noopener\">Deckschein 09-2025<\/a><\/li><li><a href=\"https:\/\/www.foxterrier-verband.de\/wp-content\/uploads\/2020\/01\/Antrag_HP.pdf\" target=\"_blank\" rel=\"noopener\">Antrag auf Ph\u00e4notypbestimmung<\/a> (in der Gesch\u00e4ftsstelle anzufordern)<\/li><li><a href=\"http:\/\/foxterrier-verband.de\/dfvmitglieder\/\" target=\"_blank\" rel=\"noopener noreferrer\">Formular Laboklin<\/a> (nur \u00fcber internen Bereich abrufbar)<\/li><li><a href=\"https:\/\/www.foxterrier-verband.de\/wp-content\/uploads\/2019\/02\/Richterbericht_Formbewertung.pdf\" target=\"_blank\" rel=\"noopener\">Richterbericht Formbewertung<\/a><\/li><li><a href=\"https:\/\/foxterrier-verband.de\/wp-content\/uploads\/2026\/02\/Meldung-zur-jagdlichen-Formbewertung-02-2026.pdf\">Meldung zur jagdlichen Formbewertung 02-2026<\/a><\/li><li><a href=\"https:\/\/www.foxterrier-verband.de\/wp-content\/uploads\/2020\/07\/reiseverkehr_erklaerung_heimtiere_drittlaender_unter_12_wochen__igv_endfassung_speicherbar.pdf\">Tollwutunbedenklichkeitserkl\u00e4rung f\u00fcr Heimtiere unter 12 Wochen<\/a><\/li><li><a href=\"https:\/\/www.foxterrier-verband.de\/wp-content\/uploads\/2021\/10\/Tiera\u0308rztliche-Bescheinigungkupieren.pdf\" target=\"_blank\" rel=\"noopener\">Tier\u00e4rztliche Bescheinigung Kupieren<\/a><\/li><li><a href=\"https:\/\/foxterrier-verband.de\/wp-content\/uploads\/2025\/03\/Untersuchung_auf_Patellaluxation-1.docx\" target=\"_blank\" rel=\"noopener\">Formular Patellaluxation Untersuchung<\/a><\/li><li><a href=\"https:\/\/www.tieraerzteverband.de\/bpt\/index_patella-pkd.php\" target=\"_blank\" rel=\"noopener\">Liste anerkannte Tier\u00e4rzte Patellaluxation Untersuchung<\/a><\/li><\/ul><\/li><\/ul>\t\t\t\t\t\t<\/div>\n\t\t\t\t<\/div>\n\t\t\t\t\t<\/div>\n\t\t<\/div>\n\t\t\t\t\t<\/div>\n\t\t<\/section>\n\t\t\t\t<section class=\"elementor-section elementor-top-section elementor-element elementor-element-q2mgnj1 elementor-section-boxed elementor-section-height-default elementor-section-height-default\" data-id=\"q2mgnj1\" data-element_type=\"section\">\n\t\t\t\t\t\t<div class=\"elementor-container elementor-column-gap-default\">\n\t\t\t\t\t<div class=\"elementor-column elementor-col-33 elementor-top-column elementor-element elementor-element-xucxt94\" data-id=\"xucxt94\" data-element_type=\"column\">\n\t\t\t<div class=\"elementor-widget-wrap elementor-element-populated\">\n\t\t\t\t\t\t<div class=\"elementor-element elementor-element-biw86k7 elementor-widget elementor-widget-heading\" data-id=\"biw86k7\" data-element_type=\"widget\" data-widget_type=\"heading.default\">\n\t\t\t\t<div class=\"elementor-widget-container\">\n\t\t\t<h2 class=\"elementor-heading-title elementor-size-default\">Ausstellung<\/h2>\t\t<\/div>\n\t\t\t\t<\/div>\n\t\t\t\t\t<\/div>\n\t\t<\/div>\n\t\t\t\t<div class=\"elementor-column elementor-col-66 elementor-top-column elementor-element elementor-element-2vru7qd\" data-id=\"2vru7qd\" data-element_type=\"column\">\n\t\t\t<div class=\"elementor-widget-wrap elementor-element-populated\">\n\t\t\t\t\t\t<div class=\"elementor-element elementor-element-jz1x9k6 elementor-widget elementor-widget-text-editor\" data-id=\"jz1x9k6\" data-element_type=\"widget\" data-widget_type=\"text-editor.default\">\n\t\t\t\t<div class=\"elementor-widget-container\">\n\t\t\t\t\t\t\t<ul style=\"list-style-type: disc;\"><li><a href=\"https:\/\/www.foxterrier-verband.de\/wp-content\/uploads\/2018\/05\/DFVMeldung.pdf\" target=\"_blank\" rel=\"noopener\">DFV Meldeschein zur Spezialausstellung<\/a><\/li><li><a href=\"https:\/\/www.foxterrier-verband.de\/wp-content\/uploads\/2024\/01\/TSA-VDH-2024.pdf\" target=\"_blank\" rel=\"noopener\">Terminschutzantrag (VDH) f\u00fcr eine Spezial-Ausstellung ab 2024<\/a><\/li><li><a href=\"https:\/\/foxterrier-verband.de\/wp-content\/uploads\/2025\/09\/7-Ergebnisse_Spezial-Rassenunde-Ausstellungen.xlsx\" target=\"_blank\" rel=\"noopener\">Vorlage Excel Ergebnisse Spezial-Rassehunde-Ausstellungen f\u00fcr VDH 2025<\/a><\/li><\/ul>\t\t\t\t\t\t<\/div>\n\t\t\t\t<\/div>\n\t\t\t\t\t<\/div>\n\t\t<\/div>\n\t\t\t\t\t<\/div>\n\t\t<\/section>\n\t\t\t\t<section class=\"elementor-section elementor-top-section elementor-element elementor-element-qx12nkv elementor-section-boxed elementor-section-height-default elementor-section-height-default\" data-id=\"qx12nkv\" data-element_type=\"section\">\n\t\t\t\t\t\t<div class=\"elementor-container elementor-column-gap-default\">\n\t\t\t\t\t<div class=\"elementor-column elementor-col-33 elementor-top-column elementor-element elementor-element-fuvlxzl\" data-id=\"fuvlxzl\" data-element_type=\"column\">\n\t\t\t<div class=\"elementor-widget-wrap elementor-element-populated\">\n\t\t\t\t\t\t<div class=\"elementor-element elementor-element-rhwohis elementor-widget elementor-widget-heading\" data-id=\"rhwohis\" data-element_type=\"widget\" data-widget_type=\"heading.default\">\n\t\t\t\t<div class=\"elementor-widget-container\">\n\t\t\t<h2 class=\"elementor-heading-title elementor-size-default\">Zuchtwarte\/Zuchtrichter<\/h2>\t\t<\/div>\n\t\t\t\t<\/div>\n\t\t\t\t\t<\/div>\n\t\t<\/div>\n\t\t\t\t<div class=\"elementor-column elementor-col-66 elementor-top-column elementor-element elementor-element-c35a6xc\" data-id=\"c35a6xc\" data-element_type=\"column\">\n\t\t\t<div class=\"elementor-widget-wrap elementor-element-populated\">\n\t\t\t\t\t\t<div class=\"elementor-element elementor-element-bwiodtc elementor-widget elementor-widget-text-editor\" data-id=\"bwiodtc\" data-element_type=\"widget\" data-widget_type=\"text-editor.default\">\n\t\t\t\t<div class=\"elementor-widget-container\">\n\t\t\t\t\t\t\t<ul style=\"list-style-type: disc;\"><li><a href=\"https:\/\/www.foxterrier-verband.de\/wp-content\/uploads\/2024\/04\/Beurteilung-ZWA.pdf\" target=\"_blank\" rel=\"noopener\">Beurteilungsbogen Zuchtwartanw\u00e4rter<\/a><\/li><li><a href=\"https:\/\/foxterrier-verband.de\/wp-content\/uploads\/2025\/09\/Beurteilungsbogen-fu\u0308r-Zuchtrichteranwaerter-09-2025.pdf\" target=\"_blank\" rel=\"noopener\">Beurteilungsbogen f\u00fcr Zuchtrichteranw\u00e4rter 09-2025<\/a><\/li><\/ul>\t\t\t\t\t\t<\/div>\n\t\t\t\t<\/div>\n\t\t\t\t\t<\/div>\n\t\t<\/div>\n\t\t\t\t\t<\/div>\n\t\t<\/section>\n\t\t\t\t<\/div>\n\t\t","protected":false},"excerpt":{"rendered":"<p>Seinen Mitgliedern und alle Interessenten stellt der DFV e.V. seine verschiedenen Formulare und Antr\u00e4ge als Download zur Verf\u00fcgung. Zum Herunterladen[&#8230;]<\/p>\n","protected":false},"author":5,"featured_media":0,"parent":103,"menu_order":0,"comment_status":"closed","ping_status":"closed","template":"template-fullwidth.php","meta":{"footnotes":""},"class_list":["post-1577","page","type-page","status-publish","hentry"],"_links":{"self":[{"href":"https:\/\/foxterrier-verband.de\/index.php?rest_route=\/wp\/v2\/pages\/1577","targetHints":{"allow":["GET"]}}],"collection":[{"href":"https:\/\/foxterrier-verband.de\/index.php?rest_route=\/wp\/v2\/pages"}],"about":[{"href":"https:\/\/foxterrier-verband.de\/index.php?rest_route=\/wp\/v2\/types\/page"}],"author":[{"embeddable":true,"href":"https:\/\/foxterrier-verband.de\/index.php?rest_route=\/wp\/v2\/users\/5"}],"replies":[{"embeddable":true,"href":"https:\/\/foxterrier-verband.de\/index.php?rest_route=%2Fwp%2Fv2%2Fcomments&post=1577"}],"version-history":[{"count":266,"href":"https:\/\/foxterrier-verband.de\/index.php?rest_route=\/wp\/v2\/pages\/1577\/revisions"}],"predecessor-version":[{"id":24632,"href":"https:\/\/foxterrier-verband.de\/index.php?rest_route=\/wp\/v2\/pages\/1577\/revisions\/24632"}],"up":[{"embeddable":true,"href":"https:\/\/foxterrier-verband.de\/index.php?rest_route=\/wp\/v2\/pages\/103"}],"wp:attachment":[{"href":"https:\/\/foxterrier-verband.de\/index.php?rest_route=%2Fwp%2Fv2%2Fmedia&parent=1577"}],"curies":[{"name":"wp","href":"https:\/\/api.w.org\/{rel}","templated":true}]}}