{"id":17110,"date":"2022-10-12T15:09:14","date_gmt":"2022-10-12T13:09:14","guid":{"rendered":"https:\/\/www.foxterrier-verband.de\/?page_id=17110"},"modified":"2024-04-15T18:53:08","modified_gmt":"2024-04-15T16:53:08","slug":"pruefungsberichte-2023","status":"publish","type":"page","link":"https:\/\/foxterrier-verband.de\/?page_id=17110","title":{"rendered":"Pr\u00fcfungsberichte 2023"},"content":{"rendered":"\t\t<div data-elementor-type=\"wp-page\" data-elementor-id=\"17110\" class=\"elementor elementor-17110\">\n\t\t\t\t\t\t<section class=\"elementor-section elementor-top-section elementor-element elementor-element-c1df219 elementor-section-boxed elementor-section-height-default elementor-section-height-default\" data-id=\"c1df219\" data-element_type=\"section\">\n\t\t\t\t\t\t<div class=\"elementor-container elementor-column-gap-default\">\n\t\t\t\t\t<div class=\"elementor-column elementor-col-100 elementor-top-column elementor-element elementor-element-d153471\" data-id=\"d153471\" data-element_type=\"column\">\n\t\t\t<div class=\"elementor-widget-wrap elementor-element-populated\">\n\t\t\t\t\t\t<div class=\"elementor-element elementor-element-f0e92f5 elementor-widget elementor-widget-text-editor\" data-id=\"f0e92f5\" data-element_type=\"widget\" data-widget_type=\"text-editor.default\">\n\t\t\t\t<div class=\"elementor-widget-container\">\n\t\t\t\t\t\t\t<section class=\"elementor-section elementor-top-section elementor-element elementor-element-80c7ab1 elementor-section-boxed elementor-section-height-default elementor-section-height-default\" data-id=\"80c7ab1\" data-element_type=\"section\"><div class=\"elementor-container elementor-column-gap-default\"><div class=\"elementor-row\"><div class=\"elementor-column elementor-col-100 elementor-top-column elementor-element elementor-element-f08fd6a\" data-id=\"f08fd6a\" data-element_type=\"column\"><div class=\"elementor-column-wrap elementor-element-populated\"><div class=\"elementor-widget-wrap\"><div class=\"elementor-element elementor-element-ff2d33d elementor-widget elementor-widget-text-editor\" data-id=\"ff2d33d\" data-element_type=\"widget\" data-widget_type=\"text-editor.default\"><div class=\"elementor-widget-container\"><div class=\"elementor-text-editor elementor-clearfix\"><section class=\"elementor-section elementor-top-section elementor-element elementor-element-d5d4051 elementor-section-boxed elementor-section-height-default elementor-section-height-default\" data-id=\"d5d4051\" data-element_type=\"section\"><div class=\"elementor-container elementor-column-gap-default\"><div class=\"elementor-row\"><div class=\"elementor-column elementor-col-100 elementor-top-column elementor-element elementor-element-202ff47\" data-id=\"202ff47\" data-element_type=\"column\"><div class=\"elementor-column-wrap elementor-element-populated\"><div class=\"elementor-widget-wrap\"><div class=\"elementor-element elementor-element-c38e370 elementor-widget elementor-widget-text-editor\" data-id=\"c38e370\" data-element_type=\"widget\" data-widget_type=\"text-editor.default\"><div class=\"elementor-widget-container\"><div class=\"elementor-text-editor elementor-clearfix\"><section class=\"elementor-element elementor-element-9aa90cc elementor-section-boxed elementor-section-height-default elementor-section-height-default elementor-section elementor-top-section\" data-id=\"9aa90cc\" data-element_type=\"section\"><div class=\"elementor-container elementor-column-gap-default\"><div class=\"elementor-row\"><div class=\"elementor-element elementor-element-1754bf2 elementor-column elementor-col-100 elementor-top-column\" data-id=\"1754bf2\" data-element_type=\"column\"><div class=\"elementor-column-wrap elementor-element-populated\"><div class=\"elementor-widget-wrap\"><div class=\"elementor-element elementor-element-2d66044 elementor-widget elementor-widget-text-editor\" data-id=\"2d66044\" data-element_type=\"widget\" data-widget_type=\"text-editor.default\"><div class=\"elementor-widget-container\"><div class=\"elementor-text-editor elementor-clearfix\"><p>F\u00fcr die Einreichung und Angaben sind die jeweiligen Pr\u00fcfungsleiter verantwortlich.<\/p><p>Alle beim Schriftf\u00fchrer des DFV eingereichten Pr\u00fcfungsergebnisse von 2023 werden zeitnah hier ver\u00f6ffentlicht.\u00a0<\/p><p>Die <strong>Ergebnisse 2022<\/strong> sind unter Gebrauchsregister einzusehen.<\/p><\/div><p><a href=\"https:\/\/www.foxterrier-verband.de\/wp-content\/uploads\/2024\/03\/WPG-AG-Hessen-OG-Klein-Auheim-13.01.2024.pdf\" target=\"_blank\" rel=\"noopener\">WPG AG Hessen OG Klein-Auheim 13.01.2024<\/a><br \/><a href=\"https:\/\/www.foxterrier-verband.de\/wp-content\/uploads\/2023\/11\/Pruefungsbericht451123.pdf\" target=\"_blank\" rel=\"noopener\">WGP der PG Weser-Ems am 04.11.2023<\/a><br \/><a href=\"https:\/\/www.foxterrier-verband.de\/wp-content\/uploads\/2024\/04\/BP-AG-Mecklenburg-Vorpommern-30.10.2023-3.pdf\" target=\"_blank\" rel=\"noopener\">BP AG Mecklenburg-Vorpommern 30.10.2023<\/a><br \/><a href=\"https:\/\/www.foxterrier-verband.de\/wp-content\/uploads\/2023\/11\/ZP-AG-NW-Goemnitz-14.10.2023.pdf\" target=\"_blank\" rel=\"noopener\">ZP AG Nordwest 14.10.2023<\/a><br \/><a href=\"https:\/\/www.foxterrier-verband.de\/wp-content\/uploads\/2023\/10\/GP-Wuerttemberg-Hohenlohe-23.24.09.2023.pdf\" target=\"_blank\" rel=\"noopener\">GP W\u00fcrttemberg Hohenlohe 23.\/24.09.2023<\/a><br \/><a href=\"https:\/\/www.foxterrier-verband.de\/wp-content\/uploads\/2023\/10\/BP-Oberpfaelzer-Wald-23.09.2023.pdf\" target=\"_blank\" rel=\"noopener\">BP Oberpf\u00e4lzer Wald 23.09.2023<\/a><br \/><a href=\"https:\/\/www.foxterrier-verband.de\/wp-content\/uploads\/2023\/10\/BP-Oberpfaelzer-Wald-23.09.2023.pdf\" target=\"_blank\" rel=\"noopener\">JP Oberpf\u00e4lzer Wald 23.09.2023<br \/><\/a><a href=\"https:\/\/www.foxterrier-verband.de\/wp-content\/uploads\/2023\/10\/ZP-Oberpfaelzer-Wald-23.09.2023.pdf\" target=\"_blank\" rel=\"noopener\">ZP Oberpf\u00e4lzer Wald 23.09.2023<\/a><br \/><a href=\"https:\/\/www.foxterrier-verband.de\/wp-content\/uploads\/2023\/10\/GP-Wuerttemberg-Hohenlohe-23.24.09.2023.pdf\" target=\"_blank\" rel=\"noopener\">ZP W\u00fcrttemberg Hohenlohe 23.09.2023<br \/><\/a><a href=\"https:\/\/www.foxterrier-verband.de\/wp-content\/uploads\/2023\/10\/ZP-Wuerttemberg-Hohenlohe-16.09.2023.pdf\" target=\"_blank\" rel=\"noopener\">ZP W\u00fcrttemberg Hohenlohe 16.09.2023<\/a><br \/><a href=\"https:\/\/www.foxterrier-verband.de\/wp-content\/uploads\/2023\/10\/JP-AG-Thueringen-16.09.2023.pdf\" target=\"_blank\" rel=\"noopener\">JP AG Th\u00fcringen 16.09.2023<\/a><br \/><a href=\"https:\/\/www.foxterrier-verband.de\/wp-content\/uploads\/2023\/09\/ZP-AG-Thueringen-16.09.2023.pdf\" target=\"_blank\" rel=\"noopener\">ZP AG Th\u00fcringen 16.09.2023<\/a><br \/><a href=\"https:\/\/www.foxterrier-verband.de\/wp-content\/uploads\/2023\/10\/GP-AG-Thueringen-16.09.2023.pdf\" target=\"_blank\" rel=\"noopener\">GP AG Th\u00fcringen 16.09.2023<\/a><br \/><a href=\"https:\/\/www.foxterrier-verband.de\/wp-content\/uploads\/2023\/09\/JP-AG-Hessen-09.09.2023.pdf\">JP AG Hessen 09.09.2023<\/a><br \/><a href=\"https:\/\/www.foxterrier-verband.de\/wp-content\/uploads\/2023\/09\/BP-AG-Hessen-08.09.2023.pdf\">BP AG Hessen 08.09.2023<\/a><br \/><a href=\"https:\/\/www.foxterrier-verband.de\/wp-content\/uploads\/2023\/09\/JP-AG-Nordwest-PG-Holstein-02.09.2023.pdf\" target=\"_blank\" rel=\"noopener\">JP AG Nordwest PG Holstein 02.09.2023<\/a><br \/><a href=\"https:\/\/www.foxterrier-verband.de\/wp-content\/uploads\/2023\/09\/BP-AG-Nordwest-02.09.2023.pdf\" target=\"_blank\" rel=\"noopener\">BP AG Nordwest 02.09.2023<\/a><br \/><a href=\"https:\/\/www.foxterrier-verband.de\/wp-content\/uploads\/2023\/08\/BP-Luckenaue-AG-TH-18.08.2023.pdf\" target=\"_blank\" rel=\"noopener\">BP AG Th\u00fcringen RG Ostth\u00fcringen in Luckenau 18.08.2023<\/a><br \/><a href=\"https:\/\/www.foxterrier-verband.de\/wp-content\/uploads\/2023\/07\/BP-AG-Suedwest-RG-Wuerttemberg-Hohenlohe-17.06.2023.pdf\" target=\"_blank\" rel=\"noopener\">BP AG S\u00fcdwest RG W\u00fcrttemberg-Hohenlohe 17.06.2023<\/a><br \/><a href=\"https:\/\/www.foxterrier-verband.de\/wp-content\/uploads\/2023\/06\/BP-AG-Nord-West-PG-Holstein-10.06.2023.pdf\" target=\"_blank\" rel=\"noopener\">BP AG Nord-West PG Holstein 10.06.2023<\/a><br \/><a href=\"https:\/\/www.foxterrier-verband.de\/wp-content\/uploads\/2023\/05\/JP-AG-Westfahlen-RG-Scherfede-23.04.2023.pdf\" target=\"_blank\" rel=\"noopener\">JP AG Westfalen RG Scherfede 23.04.2023<\/a>\u00a0<br \/><a href=\"https:\/\/www.foxterrier-verband.de\/wp-content\/uploads\/2023\/05\/JP-AG-Hessen-OG-Klein-Auheim-22.04.2023.pdf\" target=\"_blank\" rel=\"noopener\">JP AG Hessen RG Klein-Auheim 22.04.2023<\/a><br \/><a href=\"https:\/\/www.foxterrier-verband.de\/wp-content\/uploads\/2023\/05\/BP-AG-Hessen-OG-Klein-Auheim-21.04.2023.pdf\" target=\"_blank\" rel=\"noopener\">BP AG Hessen RG Klein-Auheim 21.04.2023<\/a><br \/><a href=\"https:\/\/www.foxterrier-verband.de\/wp-content\/uploads\/2023\/07\/AG-Bayern-RG-Franken-Oberpfalz-BP-JP-16.04.2023.pdf\" target=\"_blank\" rel=\"noopener\">BP JP AG Bayern RG Franken-Oberpfalz 16.04.2023<\/a><br \/><a href=\"https:\/\/www.foxterrier-verband.de\/wp-content\/uploads\/2023\/05\/JP-AG-Bayern-PG-Oberpfaelzer-Wald-15.04.2023.pdf\" target=\"_blank\" rel=\"noopener\">JP AG Bayern PG Oberpf\u00e4lzer Wald 15.04.2023<\/a><br \/><a href=\"https:\/\/www.foxterrier-verband.de\/wp-content\/uploads\/2023\/05\/BP-AG-Bayern-PG-Oberpfaelzer-Wald-15.04.2023.pdf\" target=\"_blank\" rel=\"noopener\">BP AG Bayern PG Oberpf\u00e4lzer Wald 15.04.2023<\/a><br \/><a href=\"https:\/\/www.foxterrier-verband.de\/wp-content\/uploads\/2023\/04\/JP-AG-Suedwest-RG-Wuerttemberg-Hohenlohe-08.04.2023.pdf\" target=\"_blank\" rel=\"noopener\">JP AG S\u00fcdwest RG W\u00fcrttemberg Hohenlohe 08.04.2023 <\/a><br \/><a href=\"https:\/\/www.foxterrier-verband.de\/wp-content\/uploads\/2023\/06\/JP-AG-Nord-West-PG-Holstein-08.04.2023.pdf\" target=\"_blank\" rel=\"noopener\">JP AG Nord-West PG Holstein 08.04.2023<\/a><br \/><a href=\"https:\/\/www.foxterrier-verband.de\/wp-content\/uploads\/2023\/05\/JP-AG-Nordwest-PG-Weser-Ems-01.04.2023-neu.pdf\" target=\"_blank\" rel=\"noopener\">JP AG Nordwest PG Weser-Ems 01.04.2023<\/a><br \/><a href=\"https:\/\/www.foxterrier-verband.de\/wp-content\/uploads\/2023\/01\/WGP-Hessen-13.14.01..pdf\" target=\"_blank\" rel=\"noopener\">WGP AG Hessen 13.-14.01.2023<\/a><br \/><a href=\"https:\/\/www.foxterrier-verband.de\/wp-content\/uploads\/2023\/01\/WGP-AG-Thueringen-RG-Ostthueringen-07.-08.01.2023.pdf\" target=\"_blank\" rel=\"noopener\">WGP AG Th\u00fcringen RG Ostth\u00fcringen 07.-08.01.2023<\/a><\/p><\/div><\/div><\/div><\/div><\/div><\/div><\/div><\/section><\/div><\/div><\/div><\/div><\/div><\/div><\/div><\/div><\/section><\/div><\/div><\/div><\/div><\/div><\/div><\/div><\/div><\/section>\t\t\t\t\t\t<\/div>\n\t\t\t\t<\/div>\n\t\t\t\t\t<\/div>\n\t\t<\/div>\n\t\t\t\t\t<\/div>\n\t\t<\/section>\n\t\t\t\t<\/div>\n\t\t","protected":false},"excerpt":{"rendered":"<p>F\u00fcr die Einreichung und Angaben sind die jeweiligen Pr\u00fcfungsleiter verantwortlich. Alle beim Schriftf\u00fchrer des DFV eingereichten Pr\u00fcfungsergebnisse von 2023 werden[&#8230;]<\/p>\n","protected":false},"author":6,"featured_media":0,"parent":0,"menu_order":0,"comment_status":"closed","ping_status":"closed","template":"","meta":{"footnotes":""},"class_list":["post-17110","page","type-page","status-publish","hentry"],"_links":{"self":[{"href":"https:\/\/foxterrier-verband.de\/index.php?rest_route=\/wp\/v2\/pages\/17110","targetHints":{"allow":["GET"]}}],"collection":[{"href":"https:\/\/foxterrier-verband.de\/index.php?rest_route=\/wp\/v2\/pages"}],"about":[{"href":"https:\/\/foxterrier-verband.de\/index.php?rest_route=\/wp\/v2\/types\/page"}],"author":[{"embeddable":true,"href":"https:\/\/foxterrier-verband.de\/index.php?rest_route=\/wp\/v2\/users\/6"}],"replies":[{"embeddable":true,"href":"https:\/\/foxterrier-verband.de\/index.php?rest_route=%2Fwp%2Fv2%2Fcomments&post=17110"}],"version-history":[{"count":117,"href":"https:\/\/foxterrier-verband.de\/index.php?rest_route=\/wp\/v2\/pages\/17110\/revisions"}],"predecessor-version":[{"id":19807,"href":"https:\/\/foxterrier-verband.de\/index.php?rest_route=\/wp\/v2\/pages\/17110\/revisions\/19807"}],"wp:attachment":[{"href":"https:\/\/foxterrier-verband.de\/index.php?rest_route=%2Fwp%2Fv2%2Fmedia&parent=17110"}],"curies":[{"name":"wp","href":"https:\/\/api.w.org\/{rel}","templated":true}]}}