{"id":17449,"date":"2023-01-02T14:37:53","date_gmt":"2023-01-02T12:37:53","guid":{"rendered":"https:\/\/www.foxterrier-verband.de\/?page_id=17449"},"modified":"2023-12-20T14:59:55","modified_gmt":"2023-12-20T12:59:55","slug":"champion-2023","status":"publish","type":"page","link":"https:\/\/foxterrier-verband.de\/?page_id=17449","title":{"rendered":"Champion 2023"},"content":{"rendered":"\t\t<div data-elementor-type=\"wp-page\" data-elementor-id=\"17449\" class=\"elementor elementor-17449\">\n\t\t\t\t\t\t<section class=\"elementor-section elementor-top-section elementor-element elementor-element-b229671 elementor-section-boxed elementor-section-height-default elementor-section-height-default\" data-id=\"b229671\" data-element_type=\"section\">\n\t\t\t\t\t\t<div class=\"elementor-container elementor-column-gap-default\">\n\t\t\t\t\t<div class=\"elementor-column elementor-col-100 elementor-top-column elementor-element elementor-element-cd9ab76\" data-id=\"cd9ab76\" data-element_type=\"column\">\n\t\t\t<div class=\"elementor-widget-wrap elementor-element-populated\">\n\t\t\t\t\t\t<div class=\"elementor-element elementor-element-3a342f1 elementor-widget elementor-widget-text-editor\" data-id=\"3a342f1\" data-element_type=\"widget\" data-widget_type=\"text-editor.default\">\n\t\t\t\t<div class=\"elementor-widget-container\">\n\t\t\t\t\t\t\t<p>Hier werden alle anerkannten Champions, deren Titel 2022 best\u00e4tigt wurden, eingetragen:<\/p><h2>Herzlichen Gl\u00fcckwunsch!<\/h2>\t\t\t\t\t\t<\/div>\n\t\t\t\t<\/div>\n\t\t\t\t\t<\/div>\n\t\t<\/div>\n\t\t\t\t\t<\/div>\n\t\t<\/section>\n\t\t\t\t<section class=\"elementor-section elementor-top-section elementor-element elementor-element-0235827 elementor-section-boxed elementor-section-height-default elementor-section-height-default\" data-id=\"0235827\" data-element_type=\"section\">\n\t\t\t\t\t\t<div class=\"elementor-container elementor-column-gap-default\">\n\t\t\t\t\t<div class=\"elementor-column elementor-col-100 elementor-top-column elementor-element elementor-element-4093323\" data-id=\"4093323\" data-element_type=\"column\">\n\t\t\t<div class=\"elementor-widget-wrap elementor-element-populated\">\n\t\t\t\t\t\t<div class=\"elementor-element elementor-element-a17c672 elementor-widget elementor-widget-text-editor\" data-id=\"a17c672\" data-element_type=\"widget\" data-widget_type=\"text-editor.default\">\n\t\t\t\t<div class=\"elementor-widget-container\">\n\t\t\t\t\t\t\t<h3>Deutscher Jugendchampion DFV<\/h3>\n<p>Zahara Rose v. Sachsen<br>Arvania&#8217;s Perseus<br>Be&#8217;s Zanta Maria<br>Galathea v. Wildfrauenstein<br>Hajo v. d. Bismarckquelle<br>You&#8217;re My Sunshine v. Sachsenland<br>Black Magic v. Sachsen<br>Agria Dr. Dolittle<br>Ernst v. J\u00fcnglingshof<br>Ella v. J\u00fcnglingshof<br>Emil v. Piethener Hof<br>Ike v. Wasserturm<br>Kessy v. blauen Salzkristall<br>Biene v. Zehling<br>Guinness v. d. Bismarckquelle<br>Jule v. d. H\u00f6llm\u00fchle<br>Jive v. d. Bismarckquelle<br>Isabella Valois v. Evri Fox<br><\/p>\n<h3>Deutscher Champion DFV<\/h3>\n<p>Eirene v. Thyratal<br>Noris v. Borbach<br>Rakete v. d. Bismarckquelle<br>Retro v. d. Bismarckquelle<br>Foxomania Definitely Maybe<br>Agria Zarina<br>Blue Diamond v. Gronauer Tal<br>Trude v. J\u00fcnglingshof<br>Cathabodua v. Wildfrauenstein<br>Hummel v. Thyratal<br>Amira v. Leinbachtal<br>Woodstock v. d. Bismarckquelle<br><\/p>\n<h3>Deutscher Veteranen-Champion DFV<\/h3>\n<p>Adoran v. Wildpark<br><\/p>\n<h3>Deutscher Jugendchampion VDH<\/h3>\n<p>Cacopoulos Madoxx<br>Biene v. J\u00fcnglingshof<br>Biene v. Zehling<br>Galathea v. Wildfrauenstein<br><\/p>\n<h3>Deutscher Champion VDH<\/h3>\n<p>Uranus of Fair Play<br>Veronique v. Rheingrund<br>Cathabodua v. Wildfrauenstein<br>Rakete v. d. Bismarckquelle<br>Amira v. Leinbachtal<br>Otto v. Barge<br>Riana du Manoir Saint Adrien<br>Blue Diamond v. Gronauer Tal<br>Blanca v. d. sch\u00f6nen Bergen<br>Belle v. d. Bliestalwiese<br><\/p>\n<h3>Deutscher Veteranen-Champion VDH<\/h3>\n<p>Adoran v. Wildpark<\/p>\n<h3>Internationaler Champion<\/h3>\n<p>Ile de Beaute for Evri Fox<\/p>\n<p><\/p>\n<h3>Internationaler Veteranen-Champion<\/h3>\n<p>IBM-Junior du Haillet des Corneiredes<\/p>\n<h3>Belarus Champion<\/h3>\n<p>Rus Kin Fox Perri&#8217;s de Evrifoks<br><\/p>\n<p><\/p>\n<h3>Luxemburgischer Veteranen-Champion<\/h3>\n<p>Adoran v. Wildpark<br><\/p>\n<h3>Luxemburgischer Champion<\/h3>\n<p>Vici v. d. Bismarckquelle<br><\/p>\n<h3>Luxemburgischer Jugendchampion<\/h3>\n<p>Guinness v. d. Bismarckquelle<\/p>\n<h3>Niederl\u00e4ndischer Champion<\/h3>\n<p>Woodstock v. d. Bismarckquelle<br>Vici v. d. Bismarckquelle<br><\/p>\n<p><\/p>\n<h3>Polnischer Champion<\/h3>\n<p>O&#8217;Sole Mio v. Sachsen<br>Nelson Perfect v. Sachsenland<\/p>\n<h3>\u00d6sterreichischer Jugendchampion<\/h3>\n<p>Beauty Bess v. Sachsen<br><\/p>\n<h3><\/h3>\n<h3>\u00d6sterreichischer Veteranen-Champion<\/h3>\n<p>Angel v. Eckstein<\/p>\n<h3>Schweizer Ausstellungs-Champion<\/h3>\n<p>Unic v. d. Bismarckquelle<\/p>\n<h3>Slowakischer Jugendchampion<\/h3>\n<p>Xanadou v. Sachsen<\/p>\n<h3>Slowakischer Champion<\/h3>\n<p>Vita Victoria v. Sachsenland<br>Xanadou v. Sachsen<br>Eirene v. Thyratal<br>Agria Zarina<\/p>\n<h3>Slowenischer Champion<\/h3>\n<p>Marko-Super du Haillet des Corneiredes<br>Mistral du Midi du Haillet des Corneiredes<\/p>\n<h3>Tschechischer Grand Champion<br><\/h3>\n<p>Angel v. Eckstein<br><\/p>\n<h3>Veteranen-Champion Slowenien<\/h3>\n<p>IBM Junior du Haillet des Corneiredes<\/p>\t\t\t\t\t\t<\/div>\n\t\t\t\t<\/div>\n\t\t\t\t\t<\/div>\n\t\t<\/div>\n\t\t\t\t\t<\/div>\n\t\t<\/section>\n\t\t\t\t<section class=\"elementor-section elementor-top-section elementor-element elementor-element-23fd3dc elementor-section-boxed elementor-section-height-default elementor-section-height-default\" data-id=\"23fd3dc\" data-element_type=\"section\">\n\t\t\t\t\t\t<div class=\"elementor-container elementor-column-gap-default\">\n\t\t\t\t\t<div class=\"elementor-column elementor-col-100 elementor-top-column elementor-element elementor-element-b112f33\" data-id=\"b112f33\" data-element_type=\"column\">\n\t\t\t<div class=\"elementor-widget-wrap elementor-element-populated\">\n\t\t\t\t\t\t<div class=\"elementor-element elementor-element-0f4e57d elementor-widget elementor-widget-text-editor\" data-id=\"0f4e57d\" data-element_type=\"widget\" data-widget_type=\"text-editor.default\">\n\t\t\t\t<div class=\"elementor-widget-container\">\n\t\t\t\t\t\t\t<section class=\"elementor-section elementor-top-section elementor-element elementor-element-42bde26 elementor-section-boxed elementor-section-height-default elementor-section-height-default\" data-id=\"42bde26\" data-element_type=\"section\"><div class=\"elementor-container elementor-column-gap-default\"><div class=\"elementor-row\"><div class=\"elementor-column elementor-col-100 elementor-top-column elementor-element elementor-element-71d1eb0\" data-id=\"71d1eb0\" data-element_type=\"column\"><div class=\"elementor-column-wrap elementor-element-populated\"><div class=\"elementor-widget-wrap\"><div class=\"elementor-element elementor-element-187d7b3 elementor-widget elementor-widget-text-editor\" data-id=\"187d7b3\" data-element_type=\"widget\" data-widget_type=\"text-editor.default\"><div class=\"elementor-widget-container\"><div class=\"elementor-text-editor elementor-clearfix\"><section class=\"elementor-section elementor-top-section elementor-element elementor-element-285d9b7 elementor-section-boxed elementor-section-height-default elementor-section-height-default\" data-id=\"285d9b7\" data-element_type=\"section\"><div class=\"elementor-container elementor-column-gap-default\"><div class=\"elementor-row\"><div class=\"elementor-column elementor-col-100 elementor-top-column elementor-element elementor-element-0239b88\" data-id=\"0239b88\" data-element_type=\"column\"><div class=\"elementor-column-wrap elementor-element-populated\"><div class=\"elementor-widget-wrap\"><div class=\"elementor-element elementor-element-2254a0a elementor-widget elementor-widget-text-editor\" data-id=\"2254a0a\" data-element_type=\"widget\" data-widget_type=\"text-editor.default\"><div class=\"elementor-widget-container\"><div class=\"elementor-text-editor elementor-clearfix\"><h1>FAQ Championtitel<\/h1><p><strong>Welche Voraussetzungen brauche ich f\u00fcr den Dt. JCh. (DFV)?<\/strong><\/p><p>F\u00fcr den Titel JCh. DFV ben\u00f6tigen Sie 4 JCACs unter 3 verschiedenen Richtern. Diese m\u00fcssen alle in der Jugendklasse erworben werden. Ein Reserve-Jugend-CAC kann in ein vollwertiges JCAC umgewandelt werden, wenn der Hund mit dem JCAC an dem Tag der Ausstellung bereits die Voraussetzungen f\u00fcr den JCh. DFV erreicht hat. Drei Reserve-JCACS k\u00f6nnen zu einem vollwertigen JCAC aufgewertet werden, wenn sie unter zwei Richtern erworben wurden. H\u00f6chstens eines der vier n\u00f6tigen JCACs kann auf diese Weise gebildet werden. F\u00fcr die Beantragung des Titels reichen Sie bitte alle Richterberichte, aus denen die Anwartschaften (JCACs) hervorgehen, zusammen mit der Ahnentafel des Hundes in der Gesch\u00e4ftsstelle ein.<\/p><p><strong>Welche Voraussetzungen brauche ich f\u00fcr den Dt. Ch. (DFV)?<\/strong><\/p><p>F\u00fcr den Dt. Ch. (DFV) sammeln Sie Anwartschaften (CACs) in allen Erwachsenenklassen. Sie ben\u00f6tigen mindestens 4 Anwartschaften unter 3 verschiedenen Richtern. Zwischen dem ersten und letzten CAC m\u00fcssen mindestens 12 Monate liegen. Ein Reserve-CAC kann in ein vollwertiges CAC umgewandelt werden, wenn der Hund mit dem CAC an dem Tag der Ausstellung bereits die Voraussetzungen f\u00fcr den Dt. Ch. DFV erreicht hat. Drei Reserve-CACS k\u00f6nnen zu einem vollwertigen CAC aufgewertet werden, wenn sie unter zwei Richtern erworben wurden. H\u00f6chstens eines der vier n\u00f6tigen CACs kann auf diese Weise gebildet werden. F\u00fcr die Beantragung des Titels reichen Sie bitte alle Richterberichte, aus denen die Anwartschaften (CACs) hervorgehen, zusammen mit der Ahnentafel des Hundes in der Gesch\u00e4ftsstelle ein.<\/p><p><strong>Welche Voraussetzungen brauche ich f\u00fcr weitere Championtitel?<\/strong><\/p><p>F\u00fcr den Dt. JCh. (VDH) und den Dt. Ch. (VDH) k\u00f6nnen Sie die Voraussetzungen in der VDH-Durchf\u00fchrungsbestimmung \u201eVDH-Titel und Titel-Anwartschaften\u201c geregelt. Diese k\u00f6nnen Sie <a href=\"http:\/\/www.vdh.de\/fileadmin\/media\/ausstellungen\/ausstellungsordnung\/Ausstellungsordnung_-_Dfb_Titel-ab-2015-01-01.pdf\" target=\"_blank\" rel=\"noopener noreferrer\">hier<\/a> einsehen.<br \/>Die Regelungen f\u00fcr den Int. Ch. (FCI) werden im Reglement f\u00fcr das Internationale Championat bestimmt. Diese sind <a href=\"http:\/\/www.vdh.de\/fileadmin\/media\/ueber\/downloads\/ausstellungen\/internationales_schoenheits_championat_der_fci_fuer_alle_rassen.pdf\" target=\"_blank\" rel=\"noopener noreferrer\">hier<\/a> nachzulesen.<\/p><\/div><\/div><\/div><\/div><\/div><\/div><\/div><\/div><\/section><\/div><\/div><\/div><\/div><\/div><\/div><\/div><\/div><\/section>\t\t\t\t\t\t<\/div>\n\t\t\t\t<\/div>\n\t\t\t\t\t<\/div>\n\t\t<\/div>\n\t\t\t\t\t<\/div>\n\t\t<\/section>\n\t\t\t\t<\/div>\n\t\t","protected":false},"excerpt":{"rendered":"<p>Hier werden alle anerkannten Champions, deren Titel 2022 best\u00e4tigt wurden, eingetragen: Herzlichen Gl\u00fcckwunsch! Deutscher Jugendchampion DFV Zahara Rose v. SachsenArvania&#8217;s[&#8230;]<\/p>\n","protected":false},"author":6,"featured_media":0,"parent":0,"menu_order":0,"comment_status":"closed","ping_status":"closed","template":"","meta":{"footnotes":""},"class_list":["post-17449","page","type-page","status-publish","hentry"],"_links":{"self":[{"href":"https:\/\/foxterrier-verband.de\/index.php?rest_route=\/wp\/v2\/pages\/17449","targetHints":{"allow":["GET"]}}],"collection":[{"href":"https:\/\/foxterrier-verband.de\/index.php?rest_route=\/wp\/v2\/pages"}],"about":[{"href":"https:\/\/foxterrier-verband.de\/index.php?rest_route=\/wp\/v2\/types\/page"}],"author":[{"embeddable":true,"href":"https:\/\/foxterrier-verband.de\/index.php?rest_route=\/wp\/v2\/users\/6"}],"replies":[{"embeddable":true,"href":"https:\/\/foxterrier-verband.de\/index.php?rest_route=%2Fwp%2Fv2%2Fcomments&post=17449"}],"version-history":[{"count":176,"href":"https:\/\/foxterrier-verband.de\/index.php?rest_route=\/wp\/v2\/pages\/17449\/revisions"}],"predecessor-version":[{"id":18910,"href":"https:\/\/foxterrier-verband.de\/index.php?rest_route=\/wp\/v2\/pages\/17449\/revisions\/18910"}],"wp:attachment":[{"href":"https:\/\/foxterrier-verband.de\/index.php?rest_route=%2Fwp%2Fv2%2Fmedia&parent=17449"}],"curies":[{"name":"wp","href":"https:\/\/api.w.org\/{rel}","templated":true}]}}