{"id":18941,"date":"2024-01-10T14:28:08","date_gmt":"2024-01-10T12:28:08","guid":{"rendered":"https:\/\/www.foxterrier-verband.de\/?page_id=18941"},"modified":"2025-08-22T11:53:54","modified_gmt":"2025-08-22T09:53:54","slug":"champion-2024","status":"publish","type":"page","link":"https:\/\/foxterrier-verband.de\/?page_id=18941","title":{"rendered":"Champion 2024"},"content":{"rendered":"\t\t<div data-elementor-type=\"wp-page\" data-elementor-id=\"18941\" class=\"elementor elementor-18941\">\n\t\t\t\t\t\t<section class=\"elementor-section elementor-top-section elementor-element elementor-element-c61d667 elementor-section-boxed elementor-section-height-default elementor-section-height-default\" data-id=\"c61d667\" data-element_type=\"section\">\n\t\t\t\t\t\t<div class=\"elementor-container elementor-column-gap-default\">\n\t\t\t\t\t<div class=\"elementor-column elementor-col-100 elementor-top-column elementor-element elementor-element-a8b177a\" data-id=\"a8b177a\" data-element_type=\"column\">\n\t\t\t<div class=\"elementor-widget-wrap elementor-element-populated\">\n\t\t\t\t\t\t<div class=\"elementor-element elementor-element-2c36439 elementor-widget__width-initial elementor-widget elementor-widget-text-editor\" data-id=\"2c36439\" data-element_type=\"widget\" data-widget_type=\"text-editor.default\">\n\t\t\t\t<div class=\"elementor-widget-container\">\n\t\t\t\t\t\t\t<section data-id=\"b229671\" data-element_type=\"section\"><div><div><div data-id=\"cd9ab76\" data-element_type=\"column\"><div><div><div data-id=\"3a342f1\" data-element_type=\"widget\" data-widget_type=\"text-editor.default\"><div><div><p>Hier werden alle anerkannten Champions, deren Titel 2024 best\u00e4tigt wurden, eingetragen:<\/p><h2>Herzlichen Gl\u00fcckwunsch!<\/h2><\/div><\/div><\/div><\/div><\/div><\/div><\/div><\/div><\/section><section data-id=\"0235827\" data-element_type=\"section\"><div><div><div data-id=\"4093323\" data-element_type=\"column\"><div><div><div data-id=\"a17c672\" data-element_type=\"widget\" data-widget_type=\"text-editor.default\"><div><div><h3>Deutscher Jugendchampion DFV<\/h3><p>Bellatrix v. Waldhaus<br \/>Be&#8217;s Ding Dong<br \/>Hagri Hanter Dark Queen<br \/>Nieke v. d. Bismarckquelle<br \/>Quajo v. d. Bismarckquelle<br \/>Olga v. Hammatal<br \/>Othello v. blauen Salzkristall<br \/>Jasmin v. J\u00fcnglingshof<br \/>Fascination v. Sachsen<br \/>Lora v. J\u00fcnglingshof<\/p><h3>Deutscher Champion DFV<\/h3><p>Unic v. d. Bismarckquelle<br \/>Pavel v. d. sch\u00f6nen Bergen<br \/>Be&#8217;s Graycottage Shine a Light<br \/>Stunning Luxe Effekt Brunette<br \/>Vita Victoria v. Sachsenland<br \/>Stella v. Goldacker<br \/>Rio d&#8217;Ottava Bram Stoker<br \/>Whisper v. d. Bismarckquelle<br \/>Leon v. Rheingrund<br \/>Be&#8217;s Shakka Takk<\/p><h3>Deutscher Veteranen-Champion DFV<\/h3><p>Zumba v. d. Bismarckquelle<\/p><h3>Deutscher Champion VDH<\/h3><p>Stella v. Goldacker<br \/>Be&#8217;s Graycottage Shine a Light<br \/>Yalala of Fair Play<br \/>Leon v. Rheingrund<br \/>Whisper v. d. Bismarckquelle<br \/>Be&#8217;s Shaka Takk<br \/>Vita Victoria v. Sachsenland<br \/>Black Magic v. Sachsenland<br \/>Amadeo v. d. M\u00f6glingsh\u00f6he<\/p><h3>Belgischer Jugendchampion<\/h3><p>Jupiter of Fair Play<br \/>Jule of Fair Play<\/p><h3>Belgischer Champion<\/h3><p>Indiana v. d. sch\u00f6nen Bergen<\/p><h3>Champion Bosnien-Herzegowina<\/h3><p>Jule of Fair Play<\/p><h3>Kroatischer Champion<\/h3><p>Black Magic v. Sachsen<br \/>Vita Victoria v. Sachsenland<\/p><h3>Luxemburgischer Jugendchampion<\/h3><p>Next William v. d. Bismarckquelle<br \/>Pel\u00e9 v. d. Bismarckquelle<\/p><h3>\u00a0<\/h3><h3>Luxemburgischer Champion<\/h3><p>Rakete v. d. Bismarckquelle<br \/>Jive v. d. Bismarckquelle<br \/>Hajo v. d. Bismarckquelle<br \/>Unic v. d. Bismarckquelle<br \/>Guinness v. d. Bismarckquelle<br \/>Anton a. d. rauhen Eifel<\/p><h3>Niederl\u00e4ndischer Champion<\/h3><p>Rakete v. d. Bismarckquelle<br \/>Be&#8217;s Graycottage Shine a Light<br \/>Indiana v. d. sch\u00f6nen Bergen<\/p><h3>\u00d6sterreichischer Jugendchampion<\/h3><p>Black Magic v. Sachsen<br \/><br \/><\/p><h3>\u00d6sterreichischer Champion<\/h3><p>Black Magic v. Sachsen<br \/>Vita Victoria v. Sachsenland<\/p><h3>\u00d6sterreichischer Grandchampion<\/h3><p>Angel v. Eckstein<\/p><h3>Ungarischer Jugendchampion<\/h3><p>Jasmin v. J\u00fcnglingshof<\/p><h3>Ungarischer Champion<\/h3><p>Jupiter of Fair Play<\/p><h3>Jugendchampion Slowakei<\/h3><p>Jupiter of Fair Play<br \/>Jule of Fair Play<\/p><h3>Schweizer Jugendchampion<\/h3><p>Jule of Fair Play<br \/>Joker of Fair Play<\/p><h3>Schweizer Ausstellungschampion<\/h3><p>Joker of Fair Play<br \/>Jupiter of Fair Play<br \/>Jule of Fair Play<\/p><h3>Schweizer Veteranen-Sch\u00f6nheits-Champion<\/h3><p>Mistral du Midi du Haillet des Corneiredes<\/p><h3>Slowenischer Champion<\/h3><p>Jupiter of Fair Play<br \/>Black Magic v. Sachsen<br \/>Vita Victoria v. Sachsenland<br \/>Jule of Fair Play<br \/>Guinness v. d. Bismarckquelle<\/p><h3>Tschechischer Jugendchampion<\/h3><p>Black Magic v. Sachsen<\/p><div><h3>Tschechischer Champion<\/h3><p>Ramazotti v. Sachsenland<br \/>Vita Victoria v. Sachsenland<\/p><h3>Ungarischer Jugendchampion<\/h3><p>Be&#8217;s Ding Dong<\/p><h3>Ungarischer Champion<\/h3><p>Go for Gold v. d. Bismarckquelle<br \/>Be&#8217;s Graycottage Shine a Light<br \/>Beauty Bess v. Sachsen<br \/>Jupiter of Fair Play<\/p><h3>Internationaler Jugendchampion<\/h3><p>Guinness v. d. Bismarckquelle<br \/>Hajo v. d. Bismarckquelle<br \/>Jupiter of Fair Play<br \/>Jule of Fair Play<br \/>Black Magic v. Sachsen<\/p><h3>Internationaler Champion<\/h3><p>Rakete v. d. Bismarckquelle<br \/>Vici v. d. Bismarckquelle<br \/>Woodstock v. d. Bismarckquelle<br \/>Jack Daniels v. d. Bismarckquelle<br \/>Be&#8217;s Graycottage Shine a Light<br \/>Whisper v. d. Bismarckquelle<br \/>Leon v. Rheingrund<\/p><h3>Internationaler Veteranen-Champion<\/h3><p>O&#8217;Conner v. d. Bismarckquelle<br \/>Adoran v. Wildpark<br \/>Nugget&#8217;s Leary<\/p><h3>\u00a0<\/h3><\/div><\/div><\/div><\/div><\/div><\/div><\/div><\/div><\/div><\/section>\t\t\t\t\t\t<\/div>\n\t\t\t\t<\/div>\n\t\t\t\t\t<\/div>\n\t\t<\/div>\n\t\t\t\t\t<\/div>\n\t\t<\/section>\n\t\t\t\t<section class=\"elementor-section elementor-top-section elementor-element elementor-element-02d1647 elementor-section-boxed elementor-section-height-default elementor-section-height-default\" data-id=\"02d1647\" data-element_type=\"section\">\n\t\t\t\t\t\t<div class=\"elementor-container elementor-column-gap-default\">\n\t\t\t\t\t<div class=\"elementor-column elementor-col-100 elementor-top-column elementor-element elementor-element-0518f69\" data-id=\"0518f69\" data-element_type=\"column\">\n\t\t\t<div class=\"elementor-widget-wrap elementor-element-populated\">\n\t\t\t\t\t\t<div class=\"elementor-element elementor-element-e582ac2 elementor-widget elementor-widget-text-editor\" data-id=\"e582ac2\" data-element_type=\"widget\" data-widget_type=\"text-editor.default\">\n\t\t\t\t<div class=\"elementor-widget-container\">\n\t\t\t\t\t\t\t<section class=\"elementor-section elementor-top-section elementor-element elementor-element-23fd3dc elementor-section-boxed elementor-section-height-default elementor-section-height-default\" data-id=\"23fd3dc\" data-element_type=\"section\"><div class=\"elementor-container elementor-column-gap-default\"><div class=\"elementor-row\"><div class=\"elementor-column elementor-col-100 elementor-top-column elementor-element elementor-element-b112f33\" data-id=\"b112f33\" data-element_type=\"column\"><div class=\"elementor-column-wrap elementor-element-populated\"><div class=\"elementor-widget-wrap\"><div class=\"elementor-element elementor-element-0f4e57d elementor-widget elementor-widget-text-editor\" data-id=\"0f4e57d\" data-element_type=\"widget\" data-widget_type=\"text-editor.default\"><div class=\"elementor-widget-container\"><div class=\"elementor-text-editor elementor-clearfix\"><section class=\"elementor-section elementor-top-section elementor-element elementor-element-42bde26 elementor-section-boxed elementor-section-height-default elementor-section-height-default\" data-id=\"42bde26\" data-element_type=\"section\"><div class=\"elementor-container elementor-column-gap-default\"><div class=\"elementor-row\"><div class=\"elementor-column elementor-col-100 elementor-top-column elementor-element elementor-element-71d1eb0\" data-id=\"71d1eb0\" data-element_type=\"column\"><div class=\"elementor-column-wrap elementor-element-populated\"><div class=\"elementor-widget-wrap\"><div class=\"elementor-element elementor-element-187d7b3 elementor-widget elementor-widget-text-editor\" data-id=\"187d7b3\" data-element_type=\"widget\" data-widget_type=\"text-editor.default\"><div class=\"elementor-widget-container\"><div class=\"elementor-text-editor elementor-clearfix\"><section class=\"elementor-section elementor-top-section elementor-element elementor-element-285d9b7 elementor-section-boxed elementor-section-height-default elementor-section-height-default\" data-id=\"285d9b7\" data-element_type=\"section\"><div class=\"elementor-container elementor-column-gap-default\"><div class=\"elementor-row\"><div class=\"elementor-column elementor-col-100 elementor-top-column elementor-element elementor-element-0239b88\" data-id=\"0239b88\" data-element_type=\"column\"><div class=\"elementor-column-wrap elementor-element-populated\"><div class=\"elementor-widget-wrap\"><div class=\"elementor-element elementor-element-2254a0a elementor-widget elementor-widget-text-editor\" data-id=\"2254a0a\" data-element_type=\"widget\" data-widget_type=\"text-editor.default\"><div class=\"elementor-widget-container\"><div class=\"elementor-text-editor elementor-clearfix\"><h1>FAQ Championtitel<\/h1><p><strong>Welche Voraussetzungen brauche ich f\u00fcr den Dt. JCh. (DFV)?<\/strong><\/p><p>F\u00fcr den Titel JCh. DFV ben\u00f6tigen Sie 4 JCACs unter 3 verschiedenen Richtern. Diese m\u00fcssen alle in der Jugendklasse erworben werden. Ein Reserve-Jugend-CAC kann in ein vollwertiges JCAC umgewandelt werden, wenn der Hund mit dem JCAC an dem Tag der Ausstellung bereits die Voraussetzungen f\u00fcr den JCh. DFV erreicht hat. Drei Reserve-JCACS k\u00f6nnen zu einem vollwertigen JCAC aufgewertet werden, wenn sie unter zwei Richtern erworben wurden. H\u00f6chstens eines der vier n\u00f6tigen JCACs kann auf diese Weise gebildet werden. F\u00fcr die Beantragung des Titels reichen Sie bitte alle Richterberichte, aus denen die Anwartschaften (JCACs) hervorgehen, zusammen mit der Ahnentafel des Hundes in der Gesch\u00e4ftsstelle ein.<\/p><p><strong>Welche Voraussetzungen brauche ich f\u00fcr den Dt. Ch. (DFV)?<\/strong><\/p><p>F\u00fcr den Dt. Ch. (DFV) sammeln Sie Anwartschaften (CACs) in allen Erwachsenenklassen. Sie ben\u00f6tigen mindestens 4 Anwartschaften unter 3 verschiedenen Richtern. Zwischen dem ersten und letzten CAC m\u00fcssen mindestens 12 Monate liegen. Ein Reserve-CAC kann in ein vollwertiges CAC umgewandelt werden, wenn der Hund mit dem CAC an dem Tag der Ausstellung bereits die Voraussetzungen f\u00fcr den Dt. Ch. DFV erreicht hat. Drei Reserve-CACS k\u00f6nnen zu einem vollwertigen CAC aufgewertet werden, wenn sie unter zwei Richtern erworben wurden. H\u00f6chstens eines der vier n\u00f6tigen CACs kann auf diese Weise gebildet werden. F\u00fcr die Beantragung des Titels reichen Sie bitte alle Richterberichte, aus denen die Anwartschaften (CACs) hervorgehen, zusammen mit der Ahnentafel des Hundes in der Gesch\u00e4ftsstelle ein.<\/p><p><strong>Welche Voraussetzungen brauche ich f\u00fcr weitere Championtitel?<\/strong><\/p><p>F\u00fcr den Dt. JCh. (VDH) und den Dt. Ch. (VDH) k\u00f6nnen Sie die Voraussetzungen in der VDH-Durchf\u00fchrungsbestimmung \u201eVDH-Titel und Titel-Anwartschaften\u201c geregelt. Diese k\u00f6nnen Sie <a href=\"http:\/\/www.vdh.de\/fileadmin\/media\/ausstellungen\/ausstellungsordnung\/Ausstellungsordnung_-_Dfb_Titel-ab-2015-01-01.pdf\" target=\"_blank\" rel=\"noopener noreferrer\">hier<\/a> einsehen.<br \/>Die Regelungen f\u00fcr den Int. Ch. (FCI) werden im Reglement f\u00fcr das Internationale Championat bestimmt. Diese sind <a href=\"http:\/\/www.vdh.de\/fileadmin\/media\/ueber\/downloads\/ausstellungen\/internationales_schoenheits_championat_der_fci_fuer_alle_rassen.pdf\" target=\"_blank\" rel=\"noopener noreferrer\">hier<\/a> nachzulesen.<\/p><\/div><\/div><\/div><\/div><\/div><\/div><\/div><\/div><\/section><\/div><\/div><\/div><\/div><\/div><\/div><\/div><\/div><\/section><\/div><\/div><\/div><\/div><\/div><\/div><\/div><\/div><\/section>\t\t\t\t\t\t<\/div>\n\t\t\t\t<\/div>\n\t\t\t\t\t<\/div>\n\t\t<\/div>\n\t\t\t\t\t<\/div>\n\t\t<\/section>\n\t\t\t\t<\/div>\n\t\t","protected":false},"excerpt":{"rendered":"<p>Hier werden alle anerkannten Champions, deren Titel 2024 best\u00e4tigt wurden, eingetragen: Herzlichen Gl\u00fcckwunsch! Deutscher Jugendchampion DFV Bellatrix v. WaldhausBe&#8217;s Ding[&#8230;]<\/p>\n","protected":false},"author":6,"featured_media":0,"parent":0,"menu_order":0,"comment_status":"closed","ping_status":"closed","template":"","meta":{"footnotes":""},"class_list":["post-18941","page","type-page","status-publish","hentry"],"_links":{"self":[{"href":"https:\/\/foxterrier-verband.de\/index.php?rest_route=\/wp\/v2\/pages\/18941","targetHints":{"allow":["GET"]}}],"collection":[{"href":"https:\/\/foxterrier-verband.de\/index.php?rest_route=\/wp\/v2\/pages"}],"about":[{"href":"https:\/\/foxterrier-verband.de\/index.php?rest_route=\/wp\/v2\/types\/page"}],"author":[{"embeddable":true,"href":"https:\/\/foxterrier-verband.de\/index.php?rest_route=\/wp\/v2\/users\/6"}],"replies":[{"embeddable":true,"href":"https:\/\/foxterrier-verband.de\/index.php?rest_route=%2Fwp%2Fv2%2Fcomments&post=18941"}],"version-history":[{"count":219,"href":"https:\/\/foxterrier-verband.de\/index.php?rest_route=\/wp\/v2\/pages\/18941\/revisions"}],"predecessor-version":[{"id":22604,"href":"https:\/\/foxterrier-verband.de\/index.php?rest_route=\/wp\/v2\/pages\/18941\/revisions\/22604"}],"wp:attachment":[{"href":"https:\/\/foxterrier-verband.de\/index.php?rest_route=%2Fwp%2Fv2%2Fmedia&parent=18941"}],"curies":[{"name":"wp","href":"https:\/\/api.w.org\/{rel}","templated":true}]}}