{"id":19187,"date":"2024-03-04T21:49:44","date_gmt":"2024-03-04T19:49:44","guid":{"rendered":"https:\/\/www.foxterrier-verband.de\/?page_id=19187"},"modified":"2025-03-20T14:19:32","modified_gmt":"2025-03-20T12:19:32","slug":"pruefungsberichte-2024","status":"publish","type":"page","link":"https:\/\/foxterrier-verband.de\/?page_id=19187","title":{"rendered":"Pr\u00fcfungsberichte 2024"},"content":{"rendered":"\t\t<div data-elementor-type=\"wp-page\" data-elementor-id=\"19187\" class=\"elementor elementor-19187\">\n\t\t\t\t\t\t<section class=\"elementor-section elementor-top-section elementor-element elementor-element-b5657c1 elementor-section-boxed elementor-section-height-default elementor-section-height-default\" data-id=\"b5657c1\" data-element_type=\"section\">\n\t\t\t\t\t\t<div class=\"elementor-container elementor-column-gap-default\">\n\t\t\t\t\t<div class=\"elementor-column elementor-col-100 elementor-top-column elementor-element elementor-element-84b6764\" data-id=\"84b6764\" data-element_type=\"column\">\n\t\t\t<div class=\"elementor-widget-wrap elementor-element-populated\">\n\t\t\t\t\t\t<div class=\"elementor-element elementor-element-653e777 elementor-widget elementor-widget-text-editor\" data-id=\"653e777\" data-element_type=\"widget\" data-widget_type=\"text-editor.default\">\n\t\t\t\t<div class=\"elementor-widget-container\">\n\t\t\t\t\t\t\t<p><a href=\"https:\/\/foxterrier-verband.de\/wp-content\/uploads\/2025\/03\/JP-AG-Westfalen-OG-Scherfede-30.03.2024.pdf\" target=\"_blank\" rel=\"noopener\">JP AG Westfalen OG Scherfede am 30.03.2024<\/a><br \/><a href=\"https:\/\/foxterrier-verband.de\/wp-content\/uploads\/2025\/03\/BP-AG-Thueringen-OG-Ostthueringen-am-05.04.2025.pdf\" target=\"_blank\" rel=\"noopener\">BP AG Th\u00fcringen OG Ostth\u00fcringen am 05.04.2025<\/a><br \/><a href=\"https:\/\/foxterrier-verband.de\/wp-content\/uploads\/2025\/03\/JP-AG-Thueringen-OG-Ostthueringen-am-05.04.2024.pdf\" target=\"_blank\" rel=\"noopener\">JP AG Th\u00fcringen OG Ostth\u00fcringen am 05.04.2024<\/a><br \/><a href=\"https:\/\/foxterrier-verband.de\/wp-content\/uploads\/2025\/03\/JP-AG-Thueringen-OG-Ostthueringen-am-06.04.2024.pdf\" target=\"_blank\" rel=\"noopener\">JP AG Th\u00fcringen OG Ostth\u00fcringen am 06.04.2024<\/a><br \/><a href=\"https:\/\/foxterrier-verband.de\/wp-content\/uploads\/2025\/03\/JP-AG-Suedwest-RG-Wuerttemberg-Hohenlohe-am-06.04.2024.pdf\" target=\"_blank\" rel=\"noopener\">JP AG S\u00fcdwest RG W\u00fcrttemberg Hohenlohe am 06.04.2024<\/a><br \/><a href=\"https:\/\/foxterrier-verband.de\/wp-content\/uploads\/2025\/03\/BP-AG-Hessen-12.04.2024.pdf\" target=\"_blank\" rel=\"noopener\">BP AG Hessen am 12.04.2024<\/a><br \/><a href=\"https:\/\/foxterrier-verband.de\/wp-content\/uploads\/2025\/03\/JP-AG-Hessen-am-13.04.2024.pdf\" target=\"_blank\" rel=\"noopener\">JP AG Hessen am 13.04.2024<\/a><br \/><a href=\"https:\/\/foxterrier-verband.de\/wp-content\/uploads\/2025\/03\/JP-AG-Nordwest-PG-Weser-Ems-am-13.04.2024.pdf\" target=\"_blank\" rel=\"noopener\">JP AG Nordwest PG Weser-Ems am 13.04.2024<\/a><br \/><a href=\"https:\/\/foxterrier-verband.de\/wp-content\/uploads\/2025\/03\/JP-AG-Mecklenburg-Vorpommern-am-13.04.2024.pdf\" target=\"_blank\" rel=\"noopener\">JP AG Mecklenburg-Vorpommern am 13.04.2024<\/a><br \/><a href=\"https:\/\/foxterrier-verband.de\/wp-content\/uploads\/2025\/03\/BP-AG-Hessen-am-26.05.2024.pdf\" target=\"_blank\" rel=\"noopener\">BP AG Hessen am 26.05.2024<\/a><br \/><a href=\"https:\/\/foxterrier-verband.de\/wp-content\/uploads\/2025\/03\/BP-AG-Suedwest-RG-Wuerttemberg-Hohenlohe-im-Juni-2024.pdf\" target=\"_blank\" rel=\"noopener\">BP AG S\u00fcdwest RG W\u00fcrttemberg-Hohenlohe im Juni 2024<\/a><br \/><a href=\"https:\/\/foxterrier-verband.de\/wp-content\/uploads\/2025\/03\/ZP-AG-Nordwest-PG-Weser-Ems-am-28.08.2024.pdf\" target=\"_blank\" rel=\"noopener\">ZP AG Nordwest PG Weser-Ems am 28.08.2024<\/a><br \/><a href=\"https:\/\/foxterrier-verband.de\/wp-content\/uploads\/2025\/03\/GP-AG-Nordwest-PG-Weser-Ems-am-28.09.2024.pdf\" target=\"_blank\" rel=\"noopener\">GP AG Nordwest PG Weser-Ems am 28.09.2024<\/a>\u00a0<br \/><a href=\"https:\/\/foxterrier-verband.de\/wp-content\/uploads\/2025\/03\/BZP-AG-Westfalen-OG-Scherfede-am-04.-05.10.2024.pdf\" target=\"_blank\" rel=\"noopener\">BZP AG Westfalen OG Scherfede am 04.-05.10.2024<\/a><br \/><a href=\"https:\/\/foxterrier-verband.de\/wp-content\/uploads\/2025\/03\/ZP-AG-Nordwest-PG-Holstein-am-12.10.2024.pdf\" target=\"_blank\" rel=\"noopener\">ZP AG Nordwest PG Holstein am 12.10.2024<\/a><br \/><a href=\"https:\/\/foxterrier-verband.de\/wp-content\/uploads\/2025\/03\/GP-AG-Westfalen-OG-Scherfede-am-12.10.2024.pdf\" target=\"_blank\" rel=\"noopener\">GP AG Westfalen OG Scherfede am 12.10.2024<\/a><\/p>\t\t\t\t\t\t<\/div>\n\t\t\t\t<\/div>\n\t\t\t\t\t<\/div>\n\t\t<\/div>\n\t\t\t\t\t<\/div>\n\t\t<\/section>\n\t\t\t\t<\/div>\n\t\t","protected":false},"excerpt":{"rendered":"<p>JP AG Westfalen OG Scherfede am 30.03.2024BP AG Th\u00fcringen OG Ostth\u00fcringen am 05.04.2025JP AG Th\u00fcringen OG Ostth\u00fcringen am 05.04.2024JP AG[&#8230;]<\/p>\n","protected":false},"author":6,"featured_media":0,"parent":0,"menu_order":0,"comment_status":"closed","ping_status":"closed","template":"","meta":{"footnotes":""},"class_list":["post-19187","page","type-page","status-publish","hentry"],"_links":{"self":[{"href":"https:\/\/foxterrier-verband.de\/index.php?rest_route=\/wp\/v2\/pages\/19187","targetHints":{"allow":["GET"]}}],"collection":[{"href":"https:\/\/foxterrier-verband.de\/index.php?rest_route=\/wp\/v2\/pages"}],"about":[{"href":"https:\/\/foxterrier-verband.de\/index.php?rest_route=\/wp\/v2\/types\/page"}],"author":[{"embeddable":true,"href":"https:\/\/foxterrier-verband.de\/index.php?rest_route=\/wp\/v2\/users\/6"}],"replies":[{"embeddable":true,"href":"https:\/\/foxterrier-verband.de\/index.php?rest_route=%2Fwp%2Fv2%2Fcomments&post=19187"}],"version-history":[{"count":89,"href":"https:\/\/foxterrier-verband.de\/index.php?rest_route=\/wp\/v2\/pages\/19187\/revisions"}],"predecessor-version":[{"id":21604,"href":"https:\/\/foxterrier-verband.de\/index.php?rest_route=\/wp\/v2\/pages\/19187\/revisions\/21604"}],"wp:attachment":[{"href":"https:\/\/foxterrier-verband.de\/index.php?rest_route=%2Fwp%2Fv2%2Fmedia&parent=19187"}],"curies":[{"name":"wp","href":"https:\/\/api.w.org\/{rel}","templated":true}]}}