{"id":2003,"date":"2014-02-07T18:05:01","date_gmt":"2014-02-07T16:05:01","guid":{"rendered":"https:\/\/www.foxterrier-verband.de\/?page_id=2003"},"modified":"2025-11-21T07:06:55","modified_gmt":"2025-11-21T05:06:55","slug":"startseite","status":"publish","type":"page","link":"https:\/\/foxterrier-verband.de\/","title":{"rendered":"Herzlich Willkommen beim Deutschen Foxterrier-Verband e.V."},"content":{"rendered":"\t\t<div data-elementor-type=\"wp-page\" data-elementor-id=\"2003\" class=\"elementor elementor-2003\">\n\t\t\t\t\t\t<section class=\"elementor-section elementor-top-section elementor-element elementor-element-19df57a elementor-section-boxed elementor-section-height-default elementor-section-height-default\" data-id=\"19df57a\" data-element_type=\"section\">\n\t\t\t\t\t\t<div class=\"elementor-container elementor-column-gap-default\">\n\t\t\t\t\t<div class=\"elementor-column elementor-col-100 elementor-top-column elementor-element elementor-element-d256c76\" data-id=\"d256c76\" data-element_type=\"column\">\n\t\t\t<div class=\"elementor-widget-wrap elementor-element-populated\">\n\t\t\t\t\t\t<section class=\"elementor-section elementor-inner-section elementor-element elementor-element-15f2c70 elementor-section-boxed elementor-section-height-default elementor-section-height-default\" data-id=\"15f2c70\" data-element_type=\"section\">\n\t\t\t\t\t\t<div class=\"elementor-container elementor-column-gap-default\">\n\t\t\t\t\t<div class=\"elementor-column elementor-col-50 elementor-inner-column elementor-element elementor-element-d571ac8\" data-id=\"d571ac8\" data-element_type=\"column\">\n\t\t\t<div class=\"elementor-widget-wrap elementor-element-populated\">\n\t\t\t\t\t\t<div class=\"elementor-element elementor-element-c96e5a8 elementor-widget elementor-widget-text-editor\" data-id=\"c96e5a8\" data-element_type=\"widget\" data-widget_type=\"text-editor.default\">\n\t\t\t\t<div class=\"elementor-widget-container\">\n\t\t\t\t\t\t\t<p style=\"text-align: justify;\"><span style=\"color: #003300;\">Wir freuen uns, dass Sie auf unsere Website gekommen sind. Hier finden Sie Informationen rund um die beiden Rassen Glatthaar- und Drahthaar-Foxterrier, als vielseitiger Jagdgebrauchs-, Sport- und Familienhund, Informationen zur Pflege und Haltung, zum Charakter und Wesen sowie Informationen \u00fcber den Deutschen Foxterrier-Verband e.V., als Ihr Ansprechpartner zum Foxterrier.\u00a0<\/span><\/p><p style=\"text-align: justify;\"><span style=\"color: #003300;\">Wir sind Mitglied der FCI, dem VDH und dem JGHV.<\/span><\/p><p>\u00a0<\/p>\t\t\t\t\t\t<\/div>\n\t\t\t\t<\/div>\n\t\t\t\t\t<\/div>\n\t\t<\/div>\n\t\t\t\t<div class=\"elementor-column elementor-col-50 elementor-inner-column elementor-element elementor-element-3ca822a\" data-id=\"3ca822a\" data-element_type=\"column\">\n\t\t\t<div class=\"elementor-widget-wrap elementor-element-populated\">\n\t\t\t\t\t\t<div class=\"elementor-element elementor-element-3a007bb elementor-widget elementor-widget-text-editor\" data-id=\"3a007bb\" data-element_type=\"widget\" data-widget_type=\"text-editor.default\">\n\t\t\t\t<div class=\"elementor-widget-container\">\n\t\t\t\t\t\t\t<p style=\"text-align: justify;\"><span style=\"color: #003300;\">Wenn Sie einen Foxterrier suchen, dann finden Sie <a href=\"https:\/\/www.foxterrier-verband.de\/?page_id=6798\">hier<\/a> unsere Z\u00fcchter, ihre <a href=\"https:\/\/www.foxterrier-verband.de\/?page_id=6579\">Wurfplanungen<\/a> und die <a href=\"https:\/\/www.foxterrier-verband.de\/?page_id=6591\">aktuellen Welpenmeldungen<\/a> oder auch <a href=\"https:\/\/www.foxterrier-verband.de\/?page_id=1418\" target=\"_blank\" rel=\"noopener\">einen \u00e4lteren Hund.<\/a><\/span><\/p><p style=\"text-align: justify;\"><span style=\"color: #003300;\">Wir w\u00fcrden uns freuen, wenn wir Ihr Interesse geweckt haben und w\u00fcnschen Ihnen nun viel Spa\u00df auf unserer Website.<\/span><\/p><p style=\"text-align: right;\"><span style=\"color: #003300;\">Ihr DFV e.V.<\/span><\/p>\t\t\t\t\t\t<\/div>\n\t\t\t\t<\/div>\n\t\t\t\t\t<\/div>\n\t\t<\/div>\n\t\t\t\t\t<\/div>\n\t\t<\/section>\n\t\t\t\t\t<\/div>\n\t\t<\/div>\n\t\t\t\t\t<\/div>\n\t\t<\/section>\n\t\t\t\t<section class=\"elementor-section elementor-top-section elementor-element elementor-element-b6372fe elementor-section-boxed elementor-section-height-default elementor-section-height-default\" data-id=\"b6372fe\" data-element_type=\"section\">\n\t\t\t\t\t\t<div class=\"elementor-container elementor-column-gap-default\">\n\t\t\t\t\t<div class=\"elementor-column elementor-col-25 elementor-top-column elementor-element elementor-element-4700557\" data-id=\"4700557\" data-element_type=\"column\">\n\t\t\t<div class=\"elementor-widget-wrap elementor-element-populated\">\n\t\t\t\t\t\t<div class=\"elementor-element elementor-element-8d7eb6e elementor-widget elementor-widget-image\" data-id=\"8d7eb6e\" data-element_type=\"widget\" data-widget_type=\"image.default\">\n\t\t\t\t<div class=\"elementor-widget-container\">\n\t\t\t\t\t\t\t\t\t\t\t\t\t\t<a href=\"https:\/\/foxterrier-verband.de\/?page_id=6798\">\n\t\t\t\t\t\t\t<img decoding=\"async\" width=\"150\" height=\"150\" src=\"https:\/\/foxterrier-verband.de\/wp-content\/uploads\/2025\/11\/2025-03-08-DFV-Lorsch393-150x150.png\" class=\"attachment-thumbnail size-thumbnail wp-image-23302\" alt=\"\" srcset=\"https:\/\/foxterrier-verband.de\/wp-content\/uploads\/2025\/11\/2025-03-08-DFV-Lorsch393-150x150.png 150w, https:\/\/foxterrier-verband.de\/wp-content\/uploads\/2025\/11\/2025-03-08-DFV-Lorsch393.png 300w\" sizes=\"(max-width: 150px) 100vw, 150px\" \/>\t\t\t\t\t\t\t\t<\/a>\n\t\t\t\t\t\t\t\t\t\t\t\t\t<\/div>\n\t\t\t\t<\/div>\n\t\t\t\t<div class=\"elementor-element elementor-element-cdeee93 elementor-widget elementor-widget-text-editor\" data-id=\"cdeee93\" data-element_type=\"widget\" data-widget_type=\"text-editor.default\">\n\t\t\t\t<div class=\"elementor-widget-container\">\n\t\t\t\t\t\t\t<p style=\"text-align: center;\"><a href=\"https:\/\/foxterrier-verband.de\/?page_id=6798\">Z\u00fcchterliste<\/a><\/p>\t\t\t\t\t\t<\/div>\n\t\t\t\t<\/div>\n\t\t\t\t\t<\/div>\n\t\t<\/div>\n\t\t\t\t<div class=\"elementor-column elementor-col-25 elementor-top-column elementor-element elementor-element-7ecf105\" data-id=\"7ecf105\" data-element_type=\"column\">\n\t\t\t<div class=\"elementor-widget-wrap elementor-element-populated\">\n\t\t\t\t\t\t<div class=\"elementor-element elementor-element-a416fb1 elementor-widget elementor-widget-image\" data-id=\"a416fb1\" data-element_type=\"widget\" data-widget_type=\"image.default\">\n\t\t\t\t<div class=\"elementor-widget-container\">\n\t\t\t\t\t\t\t\t\t\t\t\t\t\t<a href=\"https:\/\/foxterrier-verband.de\/?page_id=6579\">\n\t\t\t\t\t\t\t<img decoding=\"async\" width=\"150\" height=\"150\" src=\"https:\/\/foxterrier-verband.de\/wp-content\/uploads\/2025\/11\/06-IMG_9990-150x150.png\" class=\"attachment-thumbnail size-thumbnail wp-image-23306\" alt=\"\" srcset=\"https:\/\/foxterrier-verband.de\/wp-content\/uploads\/2025\/11\/06-IMG_9990-150x150.png 150w, https:\/\/foxterrier-verband.de\/wp-content\/uploads\/2025\/11\/06-IMG_9990.png 300w\" sizes=\"(max-width: 150px) 100vw, 150px\" \/>\t\t\t\t\t\t\t\t<\/a>\n\t\t\t\t\t\t\t\t\t\t\t\t\t<\/div>\n\t\t\t\t<\/div>\n\t\t\t\t<div class=\"elementor-element elementor-element-c88c7b3 elementor-widget elementor-widget-text-editor\" data-id=\"c88c7b3\" data-element_type=\"widget\" data-widget_type=\"text-editor.default\">\n\t\t\t\t<div class=\"elementor-widget-container\">\n\t\t\t\t\t\t\t<p style=\"text-align: center;\"><a href=\"https:\/\/foxterrier-verband.de\/?page_id=6579\">Erwartete W\u00fcrfe<\/a><\/p>\t\t\t\t\t\t<\/div>\n\t\t\t\t<\/div>\n\t\t\t\t\t<\/div>\n\t\t<\/div>\n\t\t\t\t<div class=\"elementor-column elementor-col-25 elementor-top-column elementor-element elementor-element-93bfc78\" data-id=\"93bfc78\" data-element_type=\"column\">\n\t\t\t<div class=\"elementor-widget-wrap elementor-element-populated\">\n\t\t\t\t\t\t<div class=\"elementor-element elementor-element-f9ba5bf elementor-widget elementor-widget-image\" data-id=\"f9ba5bf\" data-element_type=\"widget\" data-widget_type=\"image.default\">\n\t\t\t\t<div class=\"elementor-widget-container\">\n\t\t\t\t\t\t\t\t\t\t\t\t\t\t<a href=\"https:\/\/foxterrier-verband.de\/?page_id=6591\">\n\t\t\t\t\t\t\t<img decoding=\"async\" width=\"150\" height=\"150\" src=\"https:\/\/foxterrier-verband.de\/wp-content\/uploads\/2025\/11\/IMG_0620-150x150.png\" class=\"attachment-thumbnail size-thumbnail wp-image-23307\" alt=\"\" srcset=\"https:\/\/foxterrier-verband.de\/wp-content\/uploads\/2025\/11\/IMG_0620-150x150.png 150w, https:\/\/foxterrier-verband.de\/wp-content\/uploads\/2025\/11\/IMG_0620.png 300w\" sizes=\"(max-width: 150px) 100vw, 150px\" \/>\t\t\t\t\t\t\t\t<\/a>\n\t\t\t\t\t\t\t\t\t\t\t\t\t<\/div>\n\t\t\t\t<\/div>\n\t\t\t\t<div class=\"elementor-element elementor-element-a1678ca elementor-widget elementor-widget-text-editor\" data-id=\"a1678ca\" data-element_type=\"widget\" data-widget_type=\"text-editor.default\">\n\t\t\t\t<div class=\"elementor-widget-container\">\n\t\t\t\t\t\t\t<p style=\"text-align: center;\"><a href=\"https:\/\/foxterrier-verband.de\/?page_id=6591\">Verf\u00fcgbare Welpen<\/a><\/p>\t\t\t\t\t\t<\/div>\n\t\t\t\t<\/div>\n\t\t\t\t\t<\/div>\n\t\t<\/div>\n\t\t\t\t<div class=\"elementor-column elementor-col-25 elementor-top-column elementor-element elementor-element-b33f24f\" data-id=\"b33f24f\" data-element_type=\"column\">\n\t\t\t<div class=\"elementor-widget-wrap elementor-element-populated\">\n\t\t\t\t\t\t<div class=\"elementor-element elementor-element-dfd2d77 elementor-widget elementor-widget-image\" data-id=\"dfd2d77\" data-element_type=\"widget\" data-widget_type=\"image.default\">\n\t\t\t\t<div class=\"elementor-widget-container\">\n\t\t\t\t\t\t\t\t\t\t\t\t\t\t<a href=\"https:\/\/foxterrier-verband.de\/?page_id=1418\">\n\t\t\t\t\t\t\t<img loading=\"lazy\" decoding=\"async\" width=\"150\" height=\"150\" src=\"https:\/\/foxterrier-verband.de\/wp-content\/uploads\/2025\/11\/2025-03-08-DFV-Lorsch499-150x150.png\" class=\"attachment-thumbnail size-thumbnail wp-image-23304\" alt=\"\" srcset=\"https:\/\/foxterrier-verband.de\/wp-content\/uploads\/2025\/11\/2025-03-08-DFV-Lorsch499-150x150.png 150w, https:\/\/foxterrier-verband.de\/wp-content\/uploads\/2025\/11\/2025-03-08-DFV-Lorsch499.png 300w\" sizes=\"(max-width: 150px) 100vw, 150px\" \/>\t\t\t\t\t\t\t\t<\/a>\n\t\t\t\t\t\t\t\t\t\t\t\t\t<\/div>\n\t\t\t\t<\/div>\n\t\t\t\t<div class=\"elementor-element elementor-element-23deb46 elementor-widget elementor-widget-text-editor\" data-id=\"23deb46\" data-element_type=\"widget\" data-widget_type=\"text-editor.default\">\n\t\t\t\t<div class=\"elementor-widget-container\">\n\t\t\t\t\t\t\t<p style=\"text-align: center;\"><a href=\"https:\/\/foxterrier-verband.de\/?page_id=1429\">Junghunde<\/a><br>\n<a href=\"https:\/\/foxterrier-verband.de\/?page_id=1418\">Erwachsene Hunde<\/a><br><a href=\"https:\/\/foxterrier-verband.de\/?page_id=1112\">Foxterrier in Not<\/a><\/p>\t\t\t\t\t\t<\/div>\n\t\t\t\t<\/div>\n\t\t\t\t\t<\/div>\n\t\t<\/div>\n\t\t\t\t\t<\/div>\n\t\t<\/section>\n\t\t\t\t<section class=\"elementor-section elementor-top-section elementor-element elementor-element-2d665da elementor-section-boxed elementor-section-height-default elementor-section-height-default\" data-id=\"2d665da\" data-element_type=\"section\">\n\t\t\t\t\t\t<div class=\"elementor-container elementor-column-gap-default\">\n\t\t\t\t\t<div class=\"elementor-column elementor-col-100 elementor-top-column elementor-element elementor-element-089a3f0\" data-id=\"089a3f0\" data-element_type=\"column\">\n\t\t\t<div class=\"elementor-widget-wrap elementor-element-populated\">\n\t\t\t\t\t\t<div class=\"elementor-element elementor-element-8d6406c elementor-arrows-position-inside elementor-pagination-position-outside elementor-widget elementor-widget-image-carousel\" data-id=\"8d6406c\" data-element_type=\"widget\" data-settings=\"{&quot;navigation&quot;:&quot;both&quot;,&quot;autoplay&quot;:&quot;yes&quot;,&quot;pause_on_hover&quot;:&quot;yes&quot;,&quot;pause_on_interaction&quot;:&quot;yes&quot;,&quot;autoplay_speed&quot;:5000,&quot;infinite&quot;:&quot;yes&quot;,&quot;speed&quot;:500}\" data-widget_type=\"image-carousel.default\">\n\t\t\t\t<div class=\"elementor-widget-container\">\n\t\t\t\t\t<div class=\"elementor-image-carousel-wrapper swiper\" dir=\"ltr\">\n\t\t\t<div class=\"elementor-image-carousel swiper-wrapper\" aria-live=\"off\">\n\t\t\t\t\t\t\t\t<div class=\"swiper-slide\" role=\"group\" aria-roledescription=\"slide\" aria-label=\"1 von 4\"><figure class=\"swiper-slide-inner\"><img decoding=\"async\" class=\"swiper-slide-image\" src=\"https:\/\/foxterrier-verband.de\/wp-content\/uploads\/2025\/02\/Flyer-standard-seite-1-512x1024.jpg\" alt=\"Flyer standard seite 1\" \/><\/figure><\/div><div class=\"swiper-slide\" role=\"group\" aria-roledescription=\"slide\" aria-label=\"2 von 4\"><figure class=\"swiper-slide-inner\"><img decoding=\"async\" class=\"swiper-slide-image\" src=\"https:\/\/foxterrier-verband.de\/wp-content\/uploads\/2025\/02\/Flyer-standard-seite-2-512x1024.jpg\" alt=\"Flyer standard seite 2\" \/><\/figure><\/div><div class=\"swiper-slide\" role=\"group\" aria-roledescription=\"slide\" aria-label=\"3 von 4\"><figure class=\"swiper-slide-inner\"><img decoding=\"async\" class=\"swiper-slide-image\" src=\"https:\/\/foxterrier-verband.de\/wp-content\/uploads\/2025\/02\/Flyer-jagdlich-seite-1-512x1024.jpg\" alt=\"Flyer jagdlich seite 1\" \/><\/figure><\/div><div class=\"swiper-slide\" role=\"group\" aria-roledescription=\"slide\" aria-label=\"4 von 4\"><figure class=\"swiper-slide-inner\"><img decoding=\"async\" class=\"swiper-slide-image\" src=\"https:\/\/foxterrier-verband.de\/wp-content\/uploads\/2025\/02\/Flyer-jagdlich-seite-2-512x1024.jpg\" alt=\"Flyer jagdlich seite 2\" \/><\/figure><\/div>\t\t\t<\/div>\n\t\t\t\t\t\t\t\t\t\t\t\t<div class=\"elementor-swiper-button elementor-swiper-button-prev\" role=\"button\" tabindex=\"0\">\n\t\t\t\t\t\t<i aria-hidden=\"true\" class=\"eicon-chevron-left\"><\/i>\t\t\t\t\t<\/div>\n\t\t\t\t\t<div class=\"elementor-swiper-button elementor-swiper-button-next\" role=\"button\" tabindex=\"0\">\n\t\t\t\t\t\t<i aria-hidden=\"true\" class=\"eicon-chevron-right\"><\/i>\t\t\t\t\t<\/div>\n\t\t\t\t\n\t\t\t\t\t\t\t\t\t<div class=\"swiper-pagination\"><\/div>\n\t\t\t\t\t\t\t\t\t<\/div>\n\t\t\t\t<\/div>\n\t\t\t\t<\/div>\n\t\t\t\t\t<\/div>\n\t\t<\/div>\n\t\t\t\t\t<\/div>\n\t\t<\/section>\n\t\t\t\t<section class=\"elementor-section elementor-top-section elementor-element elementor-element-80eb5b7 elementor-section-boxed elementor-section-height-default elementor-section-height-default\" data-id=\"80eb5b7\" data-element_type=\"section\">\n\t\t\t\t\t\t<div class=\"elementor-container elementor-column-gap-default\">\n\t\t\t\t\t<div class=\"elementor-column elementor-col-100 elementor-top-column elementor-element elementor-element-f33d4dd\" data-id=\"f33d4dd\" data-element_type=\"column\">\n\t\t\t<div class=\"elementor-widget-wrap elementor-element-populated\">\n\t\t\t\t\t\t<div class=\"elementor-element elementor-element-a7844c1 elementor-widget elementor-widget-image-gallery\" data-id=\"a7844c1\" data-element_type=\"widget\" data-widget_type=\"image-gallery.default\">\n\t\t\t\t<div class=\"elementor-widget-container\">\n\t\t\t\t\t<div class=\"elementor-image-gallery\">\n\t\t\t<div id='gallery-1' class='gallery galleryid-2003 gallery-columns-3 gallery-size-thumbnail'><figure class='gallery-item'>\n\t\t\t<div class='gallery-icon landscape'>\n\t\t\t\t<a data-elementor-open-lightbox=\"yes\" data-elementor-lightbox-slideshow=\"a7844c1\" data-elementor-lightbox-title=\"420px-FCI_Logo150\" data-e-action-hash=\"#elementor-action%3Aaction%3Dlightbox%26settings%3DeyJpZCI6MjMxMDQsInVybCI6Imh0dHBzOlwvXC9mb3h0ZXJyaWVyLXZlcmJhbmQuZGVcL3dwLWNvbnRlbnRcL3VwbG9hZHNcLzIwMjVcLzExXC80MjBweC1GQ0lfTG9nbzE1MC5wbmciLCJzbGlkZXNob3ciOiJhNzg0NGMxIn0%3D\" href='https:\/\/foxterrier-verband.de\/wp-content\/uploads\/2025\/11\/420px-FCI_Logo150.png'><img loading=\"lazy\" decoding=\"async\" width=\"150\" height=\"150\" src=\"https:\/\/foxterrier-verband.de\/wp-content\/uploads\/2025\/11\/420px-FCI_Logo150.png\" class=\"attachment-thumbnail size-thumbnail\" alt=\"\" \/><\/a>\n\t\t\t<\/div><\/figure><figure class='gallery-item'>\n\t\t\t<div class='gallery-icon landscape'>\n\t\t\t\t<a data-elementor-open-lightbox=\"yes\" data-elementor-lightbox-slideshow=\"a7844c1\" data-elementor-lightbox-title=\"VDH_Logo150\" data-e-action-hash=\"#elementor-action%3Aaction%3Dlightbox%26settings%3DeyJpZCI6MjMxMDYsInVybCI6Imh0dHBzOlwvXC9mb3h0ZXJyaWVyLXZlcmJhbmQuZGVcL3dwLWNvbnRlbnRcL3VwbG9hZHNcLzIwMjVcLzExXC9WREhfTG9nbzE1MC5wbmciLCJzbGlkZXNob3ciOiJhNzg0NGMxIn0%3D\" href='https:\/\/foxterrier-verband.de\/wp-content\/uploads\/2025\/11\/VDH_Logo150.png'><img loading=\"lazy\" decoding=\"async\" width=\"150\" height=\"86\" src=\"https:\/\/foxterrier-verband.de\/wp-content\/uploads\/2025\/11\/VDH_Logo150.png\" class=\"attachment-thumbnail size-thumbnail\" alt=\"\" \/><\/a>\n\t\t\t<\/div><\/figure><figure class='gallery-item'>\n\t\t\t<div class='gallery-icon portrait'>\n\t\t\t\t<a data-elementor-open-lightbox=\"yes\" data-elementor-lightbox-slideshow=\"a7844c1\" data-elementor-lightbox-title=\"jghv_titel150\" data-e-action-hash=\"#elementor-action%3Aaction%3Dlightbox%26settings%3DeyJpZCI6MjMxMDcsInVybCI6Imh0dHBzOlwvXC9mb3h0ZXJyaWVyLXZlcmJhbmQuZGVcL3dwLWNvbnRlbnRcL3VwbG9hZHNcLzIwMjVcLzExXC9qZ2h2X3RpdGVsMTUwLTEucG5nIiwic2xpZGVzaG93IjoiYTc4NDRjMSJ9\" href='https:\/\/foxterrier-verband.de\/wp-content\/uploads\/2025\/11\/jghv_titel150-1.png'><img loading=\"lazy\" decoding=\"async\" width=\"139\" height=\"150\" src=\"https:\/\/foxterrier-verband.de\/wp-content\/uploads\/2025\/11\/jghv_titel150-1.png\" class=\"attachment-thumbnail size-thumbnail\" alt=\"\" \/><\/a>\n\t\t\t<\/div><\/figure>\n\t\t<\/div>\n\t\t<\/div>\n\t\t\t\t<\/div>\n\t\t\t\t<\/div>\n\t\t\t\t\t<\/div>\n\t\t<\/div>\n\t\t\t\t\t<\/div>\n\t\t<\/section>\n\t\t\t\t<\/div>\n\t\t","protected":false},"excerpt":{"rendered":"<p>Wir freuen uns, dass Sie auf unsere Website gekommen sind. Hier finden Sie Informationen rund um die beiden Rassen Glatthaar-[&#8230;]<\/p>\n","protected":false},"author":4,"featured_media":0,"parent":0,"menu_order":0,"comment_status":"closed","ping_status":"closed","template":"template-fullwidth.php","meta":{"footnotes":""},"class_list":["post-2003","page","type-page","status-publish","hentry"],"_links":{"self":[{"href":"https:\/\/foxterrier-verband.de\/index.php?rest_route=\/wp\/v2\/pages\/2003","targetHints":{"allow":["GET"]}}],"collection":[{"href":"https:\/\/foxterrier-verband.de\/index.php?rest_route=\/wp\/v2\/pages"}],"about":[{"href":"https:\/\/foxterrier-verband.de\/index.php?rest_route=\/wp\/v2\/types\/page"}],"author":[{"embeddable":true,"href":"https:\/\/foxterrier-verband.de\/index.php?rest_route=\/wp\/v2\/users\/4"}],"replies":[{"embeddable":true,"href":"https:\/\/foxterrier-verband.de\/index.php?rest_route=%2Fwp%2Fv2%2Fcomments&post=2003"}],"version-history":[{"count":448,"href":"https:\/\/foxterrier-verband.de\/index.php?rest_route=\/wp\/v2\/pages\/2003\/revisions"}],"predecessor-version":[{"id":23320,"href":"https:\/\/foxterrier-verband.de\/index.php?rest_route=\/wp\/v2\/pages\/2003\/revisions\/23320"}],"wp:attachment":[{"href":"https:\/\/foxterrier-verband.de\/index.php?rest_route=%2Fwp%2Fv2%2Fmedia&parent=2003"}],"curies":[{"name":"wp","href":"https:\/\/api.w.org\/{rel}","templated":true}]}}