{"id":2148,"date":"2014-03-01T14:19:44","date_gmt":"2014-03-01T12:19:44","guid":{"rendered":"https:\/\/www.foxterrier-verband.de\/?page_id=2148"},"modified":"2026-04-10T18:17:31","modified_gmt":"2026-04-10T16:17:31","slug":"news-2","status":"publish","type":"page","link":"https:\/\/foxterrier-verband.de\/?page_id=2148","title":{"rendered":"News"},"content":{"rendered":"\t\t<div data-elementor-type=\"wp-page\" data-elementor-id=\"2148\" class=\"elementor elementor-2148\">\n\t\t\t\t\t\t<section class=\"elementor-section elementor-top-section elementor-element elementor-element-qwqbfgd elementor-section-boxed elementor-section-height-default elementor-section-height-default\" data-id=\"qwqbfgd\" data-element_type=\"section\">\n\t\t\t\t\t\t<div class=\"elementor-container elementor-column-gap-default\">\n\t\t\t\t\t<div class=\"elementor-column elementor-col-100 elementor-top-column elementor-element elementor-element-npzcxvz\" data-id=\"npzcxvz\" data-element_type=\"column\">\n\t\t\t<div class=\"elementor-widget-wrap elementor-element-populated\">\n\t\t\t\t\t\t<div class=\"elementor-element elementor-element-oevcclt elementor-widget__width-initial elementor-widget elementor-widget-text-editor\" data-id=\"oevcclt\" data-element_type=\"widget\" data-widget_type=\"text-editor.default\">\n\t\t\t\t<div class=\"elementor-widget-container\">\n\t\t\t\t\t\t\t<h3><strong><span style=\"color: #800000;\">Hier finden Sie alle News und Informationen des DFV e.V.<\/span><\/strong><\/h3><div><h3>\u00a0<\/h3><h3><span style=\"color: #008000;\">10.04.2026 &#8211; Termin\u00e4nderung Tag der offenen T\u00fcr Hildesheim<\/span><\/h3><p>Liebe Mitglieder,<\/p><\/div><p>der Termin wurde auf den <span style=\"text-decoration: underline;\"><strong>14.06.2026<\/strong><\/span> ge\u00e4ndert.\u00a0<\/p><div><h3>\u00a0<\/h3><h3><span style=\"color: #008000;\">20.01.2026 &#8211; Info Kontoverbindung<\/span><\/h3><p>Bitte geben Sie als Zahlungsempf\u00e4nger ein:<br \/>Deutscher Foxterrier-Verband e.V. (DFV e.V.)<\/p><\/div><div><strong><span style=\"color: #800000;\">\u00a0<\/span><\/strong><\/div><div><h3><span style=\"color: #008000;\">17.01.2026 &#8211; Einladung zur J\u00e4gerversammlung und Verbandsrichtertagung<\/span><\/h3><p>Liebe Mitglieder,<\/p><p>die Einladung ist <a href=\"https:\/\/foxterrier-verband.de\/?page_id=10532\" target=\"_blank\" rel=\"noopener\">online<\/a><\/p><h3><span style=\"color: #008000;\">07.01.2026 &#8211; VDH-Akademie<\/span><\/h3><p>Sehr geehrte Damen und Herren,<\/p><p>das Team vom VDH w\u00fcnscht Ihnen ein frohes neues Jahr!<\/p><p>Ich schreibe Ihnen heute wieder mit einem Anliegen bez\u00fcglich unserer<br \/>VDH-Online-Akademie: dort gibt es am 21.01.26 einen Vortrag von Herrn<br \/>Prof. Holger Volk und Herrn Dr. Hubert Bauer \u201eZ\u00fcchter, Genetiker und<br \/>Tier\u00e4rzte: Gemeinsam gegen Epilepsie bei Hunden&#8221;<\/p><p>Wir w\u00fcrden uns sehr dar\u00fcber freuen, wenn Sie den Vortrag \u00fcber Ihren<br \/>Verein nochmal bewerben k\u00f6nnten.<\/p><p>Hier ein Textvorschlag (kann nat\u00fcrlich gerne ge\u00e4ndert werden):<\/p><p>\u201eZ\u00fcchter, Genetiker und Tier\u00e4rzte: Gemeinsam gegen Epilepsie bei<br \/>Hunden&#8221; am 21.01.2026<\/p><p>_Epilepsie ist die h\u00e4ufigste chronische neurologische Erkrankung bei<br \/>Hunden &#8211; es kann jeden Hund treffen. In diesem Webinar erhalten Z\u00fcchter<br \/>und andere interessierte Hundehalter die wichtigsten Fakten zur Genetik,<br \/>den Symptomen, und der Behandlung der Epilepsie und anderer<br \/>Anfallsgeschehen bei Hunden. Dr. Hubert Bauer und Prof. Holger Volk<br \/>vermitteln u. a. neueste wissenschaftliche Erkenntnisse zu den<br \/>verschiedenen genetischen Ursachen der Erkrankung, der Wirksamkeit<br \/>verschiedener Medikamente und dem Einfluss der richtigen F\u00fctterung f\u00fcr<br \/>Hunde mit Epilepsie._<\/p><p>_ _<\/p><p>_Eine Anmeldung f\u00fcr den Vortrag ist bis zum 19.01.26 online m\u00f6glich<br \/>unter_<br \/><a title=\"https:\/\/www.vdh.de\/ueber-den-vdh\/akademie-hundehaltung-hundezucht\/\" href=\"https:\/\/www.vdh.de\/ueber-den-vdh\/akademie-hundehaltung-hundezucht\/\" data-auth=\"NotApplicable\" data-linkindex=\"0\">https:\/\/www.vdh.de\/ueber-den-vdh\/akademie-hundehaltung-hundezucht\/<\/a>.<\/p><p>Vielen lieben Dank f\u00fcr Ihre Unterst\u00fctzung!<\/p><p>Mit freundlichen Gr\u00fc\u00dfen<\/p><p>Kathrin Dimassi<\/p><p>Telefon: 02 31 \/ 5 65 00-48<\/p><p>Fax: 02 31 \/ 59 24 40<\/p><p>E-Mail: dimassi@vdh.de<\/p><h3>\u00a0<\/h3><h3><span style=\"color: #008000;\">16.12.2025<\/span><\/h3><p>Beschluss des Vorstands bzgl. SEPA-Mandat<\/p><p>Auf der Delegiertentagung am 30.08.2025 wurden \u00c4nderungen der Geb\u00fchrenordnung beschlossen. Auf Beschluss des Vorstands vom 10.12.2025 wird die beschlossene Forderung von zus\u00e4tzlichen 10\u20ac zum Mitgliedsbeitrag bei Nichterteilung einer Einzugserm\u00e4chtigung\/eines SEPA-Mandats f\u00fcr 2026 ausser Kraft gesetzt.<\/p><p><span style=\"text-decoration: underline;\"><strong>Top Fox 2025 und Mitgliederauswertung<\/strong><\/span><\/p><p>folgen in der Februar-Ausgabe unserer Vereinspublikation &#8220;Der Foxterrier&#8221;<\/p><h3>\u00a0<\/h3><h3><span style=\"color: #008000;\">30.11.2025 &#8211; Championtitel<\/span><\/h3><p>Liebe Mitglieder,<\/p><\/div><p>bitte schicken Sie Ihre Unterlagen f\u00fcr die Eintragung Ihrer <strong>Championtitel<\/strong> k\u00fcnftig an:<\/p><p>Dagmar Schmitt<br \/>Hambacher Str. 16a<br \/>64625 Bensheim<\/p><p>Vielen Dank!<\/p><div><h3><span style=\"color: #008000;\">30.11.2025 &#8211; Wurfunterlagen<\/span><\/h3><p>Liebe Mitglieder,\u00a0<br \/>bitte senden Sie ab sofort s\u00e4mtliche Wurfunterlagen (Deck-, Wurfmeldung, Wurabnahmeschein, Ahnentafeln usw.)<\/p><p><span style=\"text-decoration: underline;\"><strong>DIREKT AN UNSEREN HAUPTZUCHTWART!<\/strong><\/span><\/p><p>Ferdinand Meier<br \/>Marsberger Str. 13<br \/>34431 Marsberg<\/p><\/div><p>Vielen Dank!<\/p><div><h3>\u00a0<\/h3><h3><span style=\"color: #008000;\">19.11.2025 &#8211; neuer Ausstellungskalender<\/span><\/h3><p style=\"font-size: 17px; font-weight: 400;\">Liebe Mitglieder, der Ausstellungskalender wurde neu gestaltet. Sie k\u00f6nnen nun verschiedene Ansichten und Druckoptionen w\u00e4hlen und sich den Kalender abonnieren, z.B. auf Ihrem Mobiltelefon. So sind Sie immer auf dem neuesten Stand!<\/p><h3><span style=\"color: #008000;\">15.11.2025 &#8211; neues SEPA-Formular<\/span><\/h3><p>Liebe Mitglieder, Sie finden unser neues Formular zur Erteilung eines SEPA-Lastschriftmandats unter Service &gt; Formulare\/Antr\u00e4ge.<\/p><\/div><h3><span style=\"color: #008000;\">29.10.2025 &#8211; Warnung vor betr\u00fcgerischen E-Mails<\/span><\/h3><p>Das Abgreifen von Kontaktdaten von Vereinswebsites ist zurzeit geh\u00e4uft eine Masche von Internetbetr\u00fcgern. Im Namen eines Vorstandsmitglieds werden E-Mails versendet, mit denen zun\u00e4chst ein bekannter Kontakt vorget\u00e4uscht wird. Es wird darin um Hilfe und im weiteren Verlauf z.B. um die dringende Besorgung von Guthaben-Karten gebeten.<\/p><p>Sollten Sie eine solche E-Mail aus den Reihen des DFV erhalten, bitte rufen sie den vermeintlichen Absender zur \u00dcberpr\u00fcfung kurz an.<\/p><p>Vorstandsmitglieder des DFV versenden niemals derartige E-Mails, es handelt sich um Internetbetrug.<\/p><p>Weitere Informationen unter https:\/\/www.polizei-praevention.de\/aktuelles\/taeter-faelschen-persoenlichen-mail-kontakt-und-bitten-um-kauf-von-guthabenkarten.html https:\/\/www.iphone-ticker.de\/guthabenkarten-betrug-polizei-warnt-vor-gefaelschten-nachrichten-266932\/<\/p><h3><span style=\"color: #008000;\"> 10.09.2025 &#8211; VDH Online-Akademie<\/span><\/h3><p>Liebe Mitglieder,<\/p><p><span data-olk-copy-source=\"MessageBody\">am 23. und 30. September jeweils um 18.00 Uhr gibt es Online-Vortr\u00e4ge bei der VDH Online-Akademie von der Ern\u00e4hrungsspezialistin Prof. Nadine Passlack.<\/span><\/p><p><i><span data-olk-copy-source=\"MessageBody\">Wenige Faktoren spielen eine so gro\u00dfe Bedeutung f\u00fcr die Gesundheit von Hunden wie die Ern\u00e4hrung. Gleichzeitig gibt es wenige Themen, die so kontrovers diskutiert werden. Deshalb ist es umso wichtiger, bei diesem Thema auf fundierte Informationen zu setzen. Genau dieses Wissen vermittelt Prof. Nadine Passlack in ihren Vortr\u00e4gen \u201eF\u00fctterung der Zuchth\u00fcndin sowie von Welpen und Junghunden\u201c und \u201eRohf\u00fctterung (BARF) bei Hunden \u2013 Was ist zu beachten?\u201c in der VDH-Akademie in diesem September.<\/span><\/i><\/p><p><i>Eine Anmeldung f\u00fcr die Vortr\u00e4ge ist online m\u00f6glich unter\u00a0<a title=\"https:\/\/www.vdh.de\/ueber-den-vdh\/akademie-hundehaltung-hundezucht\/\" href=\"https:\/\/www.vdh.de\/ueber-den-vdh\/akademie-hundehaltung-hundezucht\/\" data-auth=\"NotApplicable\" data-linkindex=\"0\">https:\/\/www.vdh.de\/ueber-den-vdh\/akademie-hundehaltung-hundezucht\/<\/a>\u00a0<\/i><\/p><p><span data-olk-copy-source=\"MessageBody\">\u00a0<\/span><\/p><h3><span style=\"color: #008000;\">04.09.2025 &#8211; Flyer Download<\/span><\/h3><p>Liebe Mitglieder<span style=\"font-size: 1.0625rem;\">,<\/span><\/p><p>unsere Flyer finden Sie zum Download unter Service &#8211; Flyer<\/p><h3>\u00a0<\/h3><h3><span style=\"color: #008000;\">VDH Welpenclub &#8211; 29.08.2025<\/span><\/h3><h3><a href=\"https:\/\/foxterrier-verband.de\/wp-content\/uploads\/2025\/08\/01-Anschreiben_Welpenclub.pdf\">Anschreiben VDH Welpenclub<\/a><\/h3><p><a href=\"https:\/\/foxterrier-verband.de\/wp-content\/uploads\/2025\/08\/03-WC25-Banner_V02__300_x_300.jpg\"><img fetchpriority=\"high\" decoding=\"async\" src=\"https:\/\/foxterrier-verband.de\/wp-content\/uploads\/2025\/08\/03-WC25-Banner_V02__300_x_300.jpg\" alt=\"\" width=\"300\" height=\"300\" \/><\/a><\/p><h3><span style=\"color: #008000;\">Info VDH &#8211; Umgang mit Hunden auf Ausstellungen &#8211; 29.08.2025<\/span><\/h3><p><a href=\"https:\/\/foxterrier-verband.de\/wp-content\/uploads\/2025\/08\/02-VDH_Guideline_DTP.jpg\"><img decoding=\"async\" src=\"https:\/\/foxterrier-verband.de\/wp-content\/uploads\/2025\/08\/02-VDH_Guideline_DTP-1024x1024.jpg\" alt=\"\" width=\"840\" height=\"840\" \/><\/a><\/p><h3>\u00a0<\/h3><h3><span style=\"color: #008000;\">Gesch\u00e4ftsstelle &#8211; Dienstag 26.08.2025<\/span><\/h3><p>Liebe Mitglieder,<\/p><p>unsere Gesch\u00e4ftsstelle ist am Dienstag den 26.08.2025 telefonisch nicht erreichbar. Wir bitten um Verst\u00e4ndnis.<\/p><h3><span style=\"color: #008000;\">42. Kynologische Arbeitstagung 15.&amp;16.11.2025<br \/><\/span><a href=\"https:\/\/foxterrier-verband.de\/wp-content\/uploads\/2025\/07\/kynologische-arbeitstagung.jpg\"><br \/><img decoding=\"async\" src=\"https:\/\/foxterrier-verband.de\/wp-content\/uploads\/2025\/07\/kynologische-arbeitstagung-727x1024.jpg\" alt=\"\" width=\"727\" height=\"1024\" \/><\/a><\/h3><h3><span style=\"color: #008000;\">31.07.2025 &#8211; KfT Saxonia Gemeinschaftsausstellung Weidensdorf 27.-28.09.2025<\/span><\/h3><h3><a href=\"https:\/\/foxterrier-verband.de\/wp-content\/uploads\/2025\/07\/KfT-SAXONIA-Einldg.-Ausst.-September-2025_page-0001.jpg\"><img loading=\"lazy\" decoding=\"async\" src=\"https:\/\/foxterrier-verband.de\/wp-content\/uploads\/2025\/07\/KfT-SAXONIA-Einldg.-Ausst.-September-2025_page-0001-1024x724.jpg\" alt=\"\" width=\"840\" height=\"594\" \/><\/a><\/h3><h3>\u00a0<\/h3><h3><span style=\"color: #008000;\">25.07.2025 &#8211; Herzlichen Gl\u00fcckwunsch Gabriele J\u00fcngling<\/span><\/h3><h3><span style=\"color: #008000;\"><a href=\"https:\/\/foxterrier-verband.de\/wp-content\/uploads\/2025\/07\/Gabriele-Juengling-80-scaled.png\"><img loading=\"lazy\" decoding=\"async\" src=\"https:\/\/foxterrier-verband.de\/wp-content\/uploads\/2025\/07\/Gabriele-Juengling-80-1024x724.png\" alt=\"\" width=\"840\" height=\"594\" \/><\/a><\/span><\/h3><p>21.07.2025 &#8211; neue Gesch\u00e4ftsstelle<\/p><p>Liebe Mitglieder,<br \/>ab sofort wird Frau Heilig unsere Gesch\u00e4ftsstelle leiten.<\/p><p>Nachfolgend die neuen Kontaktdaten und Telefonzeiten:<\/p><p>Deutscher-Foxterrier-Verband e.V.<br \/>Gesch\u00e4ftsstelle<br \/>An der Kirche 7<br \/>61197 Florstadt<br \/>Ansprechpartnerin:\u00a0<strong>Valentina Heilig<\/strong><br \/>Tel.: 06035 \u2013 96 82 938<\/p><p>Email:\u00a0<a href=\"mailto:dfv@foxterrier-verband.de\">dfv@foxterrier-verband.de<\/a><br \/>Email:\u00a0<a href=\"mailto:hauptgeschaeftsstelle@foxterrier-verband.de\">hauptgeschaeftsstelle@foxterrier-verband.de<\/a><\/p><h5><strong>Telefonzeiten:<br \/><\/strong><strong>Di. \u2013 Do. 12-14 Uhr<\/strong><\/h5><h3><span style=\"color: #008000;\">14.07.2025 &#8211; Gesch\u00e4ftsstelle<\/span><\/h3><p>Aus organisatorischen Gr\u00fcnden ist ab Mittwoch den 16.07. die Gesch\u00e4ftsstelle telefonisch nicht erreichbar.<\/p><h3><span style=\"color: #008000;\">02.06.2025 &#8211; Einladung Delegiertentagung &#8211; MY DFV<\/span><\/h3><p>Liebe Mitglieder,<\/p><p>die Einladung zur Delgiertentagung, sowie die Antr\u00e4ge und Ordnungen, sind\u00a0 seit 31.05.2025 im internen Mitgiederbereich MYDFV abgelegt.<\/p><h3>\u00a0<\/h3><h3><span style=\"color: #008000;\">02.06.2025 \u2013 Schlie\u00dfzeiten Gesch\u00e4ftsstelle<\/span><\/h3><p>Liebe Mitglieder,<\/p><p>bitte beachten Sie, dass die Gesch\u00e4ftsstelle vom 16.06.2025 bis zum 20.06.2025 geschlossen bleibt.<\/p><p>Vielen Dank f\u00fcr Ihr Verst\u00e4ndnis.<\/p><h3><span style=\"color: #008000;\">07.05.2025 &#8211; Tag des Jagdhundes und Jagdhornes am 18.05.2025 in Tholey<\/span><\/h3><p><a href=\"https:\/\/foxterrier-verband.de\/wp-content\/uploads\/2025\/05\/Tag-des-jagdhundes-u-jagdhornes.jpg\"><img loading=\"lazy\" decoding=\"async\" src=\"https:\/\/foxterrier-verband.de\/wp-content\/uploads\/2025\/05\/Tag-des-jagdhundes-u-jagdhornes-734x1024.jpg\" alt=\"\" width=\"734\" height=\"1024\" \/><\/a><\/p><h3>\u00a0<\/h3><h3><span style=\"color: #008000;\">07.05.2025 &#8211; 31.08.2025 &#8211; Gemeinschafts-Ausstellung H\u00fcrth<\/span><\/h3><p><a href=\"https:\/\/foxterrier-verband.de\/wp-content\/uploads\/2025\/05\/flyer-Huerth-31_08_2025-scaled.jpg\"><img loading=\"lazy\" decoding=\"async\" src=\"https:\/\/foxterrier-verband.de\/wp-content\/uploads\/2025\/05\/flyer-Huerth-31_08_2025-853x1024.jpg\" alt=\"\" width=\"840\" height=\"1008\" \/><\/a><\/p><h3>\u00a0<\/h3><h3><span style=\"color: #008000;\">24.04.2025 &#8211; Segeberger Gattertage im Juni &#8211; Handling- und Trimmseminar mit Zoltan Sabo &#8211; LG\/AG Nordwest<\/span><\/h3><p data-olk-copy-source=\"MessageBody\">Liebe Mitglieder des Deutschen Foxterrier Verbands,<\/p><p>anl\u00e4sslich unserer Gattertage vom\u00a0<strong><span dir=\"ltr\">13-15. Juni 2025<\/span><\/strong>\u00a0in der F\u00f6rsterei Glash\u00fctte mit angeschlossener Foxterrier Spezial Ausstellung, bieten wir ein Trimm und Handlingseminar an.<\/p><p>weitere Infos hier: <a href=\"https:\/\/foxterrier-verband.de\/?page_id=17739\" target=\"_blank\" rel=\"noopener\">Gattertage 2025 \u2013 Deutscher Foxterrier-Verband e.V.<\/a><\/p><p><a href=\"https:\/\/foxterrier-verband.de\/wp-content\/uploads\/2025\/04\/flyer-handling-trimmseminar-glashuette-2025.png\"><img loading=\"lazy\" decoding=\"async\" src=\"https:\/\/foxterrier-verband.de\/wp-content\/uploads\/2025\/04\/flyer-handling-trimmseminar-glashuette-2025-724x1024.png\" alt=\"\" width=\"724\" height=\"1024\" \/><\/a><\/p><h3>\u00a0<\/h3><h3><span style=\"color: #008000;\">31.03.2025 &#8211; J\u00e4gerversammlung und Verbandsrichtertagung am 22.03.2025<\/span><\/h3><p>Bei den diesj\u00e4hrigen Wahlen des Hauptleistungswartes und Verbandsrichterobmanns, stellten sich Volker Otten und Andreas Luthe zur Wiederwahl.<\/p><p>Beide wurden mit einer eindeutigen Mehrheit wiedergew\u00e4hlt.<\/p><p>Herzlichen Gl\u00fcckwunsch und vielen Dank!<\/p><p>Der Hauptleistungswart wird von allen anwesenden J\u00e4gern und der Verbandsrichterobmann von den Verbandsrichtern gew\u00e4hlt.<\/p><h3>\u00a0<\/h3><h3><span style=\"color: #008000;\">20.03.2025 &#8211; Trophy<br \/>&#8220;PATRIZIA BORRONI&#8221; in Italien<\/span><\/h3><p>Liebe Mitglieder,<\/p><p>diese Einladung f\u00fcr den 04.06.2025 hat uns erreicht mit der Bitte um Ver\u00f6ffentlichung.<br \/>Kontaktdaten entnehmen Sie bitte nachfolgend.<\/p><p>Es handelt sich hier um eine jagdliche Pr\u00fcfung, sowie eine Ausstellung. Beides kann zusammen oder auch einzeln gemeldet werden.<\/p><p><a href=\"https:\/\/foxterrier-verband.de\/wp-content\/uploads\/2025\/03\/Regulation-Trophy-Patrizia-Borroni-Italien.jpeg\"><img loading=\"lazy\" decoding=\"async\" src=\"https:\/\/foxterrier-verband.de\/wp-content\/uploads\/2025\/03\/Regulation-Trophy-Patrizia-Borroni-Italien-722x1024.jpeg\" alt=\"\" width=\"722\" height=\"1024\" \/><\/a><a href=\"https:\/\/foxterrier-verband.de\/wp-content\/uploads\/2025\/03\/Trophy-Patrizia-Borroni-Italien.jpeg\"><img loading=\"lazy\" decoding=\"async\" src=\"https:\/\/foxterrier-verband.de\/wp-content\/uploads\/2025\/03\/Trophy-Patrizia-Borroni-Italien.jpeg\" alt=\"\" width=\"647\" height=\"907\" \/><\/a><\/p><h3><span style=\"color: #008000;\">20.03.2025 &#8211; ge\u00e4nderte Postanschrift &amp; Bankverbindung<\/span><\/h3><p>Liebe Mitglieder,<\/p><p>bitte beachten Sie die neue Postanschrift, sowie die neue Bankverbindung. (diese wurde in der M\u00e4rzausgabe vom Foxterrier ver\u00f6ffentlicht).<\/p><h3><span style=\"color: #008000;\">18.03.2025 &#8211; Laboklin Seminar Welpenentwicklung beim Z\u00fcchter<\/span><\/h3><p><strong>Seminar 1<\/strong> 13.05.2025 &#8211; 19:30-21:00 Uhr (online)<br \/><strong>Seminar 2<\/strong> 11.09.2025 &#8211; 19:30-21:00 Uhr (online)<\/p><p>Weitere Infos dazu hier:<\/p><p><a href=\"https:\/\/info.laboklin-news.com\/mailing\/112\/8200592\/12770375\/6365\/62d5806833\/index.html\" target=\"_blank\" rel=\"noopener\"><img decoding=\"async\" role=\"img\" draggable=\"false\" src=\"https:\/\/s.w.org\/images\/core\/emoji\/17.0.2\/svg\/1f436.svg\" alt=\"\ud83d\udc36\" \/> Verpassen Sie nicht unser Seminar zur Welpenentwicklung beim Z\u00fcchter!<\/a><\/p><p>12.03.2025 &#8211; Der Hauptzuchtwart teilt mit<\/p><p><strong>\u00c4nderung der Zuchtordnung<\/strong><\/p><p>Der VDH hat seine Zuchtordnung ge\u00e4ndert daraus ergeben sich f\u00fcr unseren Verband folgende \u00c4nderungen der Zuchtordnung:<\/p><p><strong>Ab sofort gilt, dass (\u00a75 Inzestzucht)<\/strong><\/p><p>Die folgenden Verpaarungen sind verboten:<\/p><p>&#8211; Vollgeschwister untereinander,- Halbgeschwister untereinander<\/p><p>&#8211; V\u00e4ter mit ihren T\u00f6chtern oder Enkelinnen sowie M\u00fctter mit ihren S\u00f6hnen<\/p><p>und Enkeln. Auch andere vergleichbar hohe Inzuchtbelastungen sind grunds\u00e4tzlich zu<\/p><p>vermeiden.<\/p><p>Weiterhin schreibt der VDH allen Zuchtverb\u00e4nden vor, Ma\u00dfnahmen Bek\u00e4mpfung erblicher Krankheiten und Defekte durchzuf\u00fchren. Da bei unseren beiden Rassen Patella Luxation vorkommt, hat sich der DFV e.V. auf der diesj\u00e4hrigen Z\u00fcchterversammlung dazu entschlossen, <strong>ab dem 01.06.2025 eine Patella Untersuchung f\u00fcr alle neu zur Zucht zuzulassenden Foxterrier zur Pflicht zu machen.<\/strong><\/p><p>Hier die Adressen bzw. Verlinkung der zugelasssenen Tier\u00e4rzte in Deutschland <a href=\"https:\/\/www.tieraerzteverband.de\/bpt\/index_patella-pkd.php\" target=\"_blank\" rel=\"noopener\">(Bundesverband Praktizierender Tier\u00e4rzte (bpt))<\/a><\/p><p>Foxterrier m\u00fcssen bei der Zuchtzulassungspr\u00fcfung, sp\u00e4testens jedoch vor der ersten Zuchtverwendung (eine Patella Untersuchung ist erst ab einem Alter von 12 Monaten sinnvoll), ab dem 01.06.2025 eine Untersuchung auf Patella Luxation vorlegen. Die Ergebnisse werden j\u00e4hrlich analysiert.<\/p><p>Es wird weiterhin empfohlen Glatthaar Foxterrier vor der ersten Zuchtverwendung auf<\/p><p>Spinocerebell\u00e4re Ataxie (SCA) zu untersuchen. Alle bisherigen bekannten Untersuchungen deutscher Glatthaarfoxterrier sind bisher negativ.<\/p><p>Mit freundlichen Gr\u00fc\u00dfen<\/p><p>Ferdi Meier HZW<\/p>\t\t\t\t\t\t<\/div>\n\t\t\t\t<\/div>\n\t\t\t\t\t<\/div>\n\t\t<\/div>\n\t\t\t\t\t<\/div>\n\t\t<\/section>\n\t\t\t\t<\/div>\n\t\t","protected":false},"excerpt":{"rendered":"<p>Hier finden Sie alle News und Informationen des DFV e.V. \u00a0 10.04.2026 &#8211; Termin\u00e4nderung Tag der offenen T\u00fcr Hildesheim Liebe[&#8230;]<\/p>\n","protected":false},"author":5,"featured_media":0,"parent":0,"menu_order":0,"comment_status":"closed","ping_status":"closed","template":"template-fullwidth.php","meta":{"footnotes":""},"class_list":["post-2148","page","type-page","status-publish","hentry"],"_links":{"self":[{"href":"https:\/\/foxterrier-verband.de\/index.php?rest_route=\/wp\/v2\/pages\/2148","targetHints":{"allow":["GET"]}}],"collection":[{"href":"https:\/\/foxterrier-verband.de\/index.php?rest_route=\/wp\/v2\/pages"}],"about":[{"href":"https:\/\/foxterrier-verband.de\/index.php?rest_route=\/wp\/v2\/types\/page"}],"author":[{"embeddable":true,"href":"https:\/\/foxterrier-verband.de\/index.php?rest_route=\/wp\/v2\/users\/5"}],"replies":[{"embeddable":true,"href":"https:\/\/foxterrier-verband.de\/index.php?rest_route=%2Fwp%2Fv2%2Fcomments&post=2148"}],"version-history":[{"count":1461,"href":"https:\/\/foxterrier-verband.de\/index.php?rest_route=\/wp\/v2\/pages\/2148\/revisions"}],"predecessor-version":[{"id":24706,"href":"https:\/\/foxterrier-verband.de\/index.php?rest_route=\/wp\/v2\/pages\/2148\/revisions\/24706"}],"wp:attachment":[{"href":"https:\/\/foxterrier-verband.de\/index.php?rest_route=%2Fwp%2Fv2%2Fmedia&parent=2148"}],"curies":[{"name":"wp","href":"https:\/\/api.w.org\/{rel}","templated":true}]}}