{"id":22222,"date":"2025-06-17T09:39:27","date_gmt":"2025-06-17T07:39:27","guid":{"rendered":"https:\/\/foxterrier-verband.de\/?page_id=22222"},"modified":"2025-11-16T12:14:34","modified_gmt":"2025-11-16T10:14:34","slug":"biodatenbank","status":"publish","type":"page","link":"https:\/\/foxterrier-verband.de\/?page_id=22222","title":{"rendered":"Biobank"},"content":{"rendered":"\t\t<div data-elementor-type=\"wp-page\" data-elementor-id=\"22222\" class=\"elementor elementor-22222\">\n\t\t\t\t\t\t<section class=\"elementor-section elementor-top-section elementor-element elementor-element-bd3b69e elementor-section-boxed elementor-section-height-default elementor-section-height-default\" data-id=\"bd3b69e\" data-element_type=\"section\">\n\t\t\t\t\t\t<div class=\"elementor-container elementor-column-gap-default\">\n\t\t\t\t\t<div class=\"elementor-column elementor-col-50 elementor-top-column elementor-element elementor-element-85156aa\" data-id=\"85156aa\" data-element_type=\"column\">\n\t\t\t<div class=\"elementor-widget-wrap elementor-element-populated\">\n\t\t\t\t\t\t<div class=\"elementor-element elementor-element-292c444 elementor-widget elementor-widget-image\" data-id=\"292c444\" data-element_type=\"widget\" data-widget_type=\"image.default\">\n\t\t\t\t<div class=\"elementor-widget-container\">\n\t\t\t\t\t\t\t\t\t\t\t\t\t<img fetchpriority=\"high\" decoding=\"async\" width=\"724\" height=\"1024\" src=\"https:\/\/foxterrier-verband.de\/wp-content\/uploads\/2025\/06\/Biobank-Frage-u-Antworten-neu-mit-Links_page-0001-724x1024.jpg\" class=\"attachment-large size-large wp-image-22250\" alt=\"\" srcset=\"https:\/\/foxterrier-verband.de\/wp-content\/uploads\/2025\/06\/Biobank-Frage-u-Antworten-neu-mit-Links_page-0001-724x1024.jpg 724w, https:\/\/foxterrier-verband.de\/wp-content\/uploads\/2025\/06\/Biobank-Frage-u-Antworten-neu-mit-Links_page-0001-212x300.jpg 212w, https:\/\/foxterrier-verband.de\/wp-content\/uploads\/2025\/06\/Biobank-Frage-u-Antworten-neu-mit-Links_page-0001-768x1087.jpg 768w, https:\/\/foxterrier-verband.de\/wp-content\/uploads\/2025\/06\/Biobank-Frage-u-Antworten-neu-mit-Links_page-0001-1086x1536.jpg 1086w, https:\/\/foxterrier-verband.de\/wp-content\/uploads\/2025\/06\/Biobank-Frage-u-Antworten-neu-mit-Links_page-0001-1447x2048.jpg 1447w, https:\/\/foxterrier-verband.de\/wp-content\/uploads\/2025\/06\/Biobank-Frage-u-Antworten-neu-mit-Links_page-0001-scaled.jpg 1809w\" sizes=\"(max-width: 724px) 100vw, 724px\" \/>\t\t\t\t\t\t\t\t\t\t\t\t\t<\/div>\n\t\t\t\t<\/div>\n\t\t\t\t\t<\/div>\n\t\t<\/div>\n\t\t\t\t<div class=\"elementor-column elementor-col-50 elementor-top-column elementor-element elementor-element-19a4ed3\" data-id=\"19a4ed3\" data-element_type=\"column\">\n\t\t\t<div class=\"elementor-widget-wrap elementor-element-populated\">\n\t\t\t\t\t\t<div class=\"elementor-element elementor-element-722ca00 elementor-widget elementor-widget-image\" data-id=\"722ca00\" data-element_type=\"widget\" data-widget_type=\"image.default\">\n\t\t\t\t<div class=\"elementor-widget-container\">\n\t\t\t\t\t\t\t\t\t\t\t\t\t<img decoding=\"async\" width=\"724\" height=\"1024\" src=\"https:\/\/foxterrier-verband.de\/wp-content\/uploads\/2025\/06\/Biobank-Frage-u-Antworten-neu-mit-Links_page-0002-724x1024.jpg\" class=\"attachment-large size-large wp-image-22252\" alt=\"\" srcset=\"https:\/\/foxterrier-verband.de\/wp-content\/uploads\/2025\/06\/Biobank-Frage-u-Antworten-neu-mit-Links_page-0002-724x1024.jpg 724w, https:\/\/foxterrier-verband.de\/wp-content\/uploads\/2025\/06\/Biobank-Frage-u-Antworten-neu-mit-Links_page-0002-212x300.jpg 212w, https:\/\/foxterrier-verband.de\/wp-content\/uploads\/2025\/06\/Biobank-Frage-u-Antworten-neu-mit-Links_page-0002-768x1087.jpg 768w, https:\/\/foxterrier-verband.de\/wp-content\/uploads\/2025\/06\/Biobank-Frage-u-Antworten-neu-mit-Links_page-0002-1086x1536.jpg 1086w, https:\/\/foxterrier-verband.de\/wp-content\/uploads\/2025\/06\/Biobank-Frage-u-Antworten-neu-mit-Links_page-0002-1447x2048.jpg 1447w, https:\/\/foxterrier-verband.de\/wp-content\/uploads\/2025\/06\/Biobank-Frage-u-Antworten-neu-mit-Links_page-0002-scaled.jpg 1809w\" sizes=\"(max-width: 724px) 100vw, 724px\" \/>\t\t\t\t\t\t\t\t\t\t\t\t\t<\/div>\n\t\t\t\t<\/div>\n\t\t\t\t\t<\/div>\n\t\t<\/div>\n\t\t\t\t\t<\/div>\n\t\t<\/section>\n\t\t\t\t<section class=\"elementor-section elementor-top-section elementor-element elementor-element-29c5e01 elementor-section-boxed elementor-section-height-default elementor-section-height-default\" data-id=\"29c5e01\" data-element_type=\"section\">\n\t\t\t\t\t\t<div class=\"elementor-container elementor-column-gap-default\">\n\t\t\t\t\t<div class=\"elementor-column elementor-col-50 elementor-top-column elementor-element elementor-element-97f29c6\" data-id=\"97f29c6\" data-element_type=\"column\">\n\t\t\t<div class=\"elementor-widget-wrap elementor-element-populated\">\n\t\t\t\t\t\t<div class=\"elementor-element elementor-element-cc82713 elementor-widget elementor-widget-image\" data-id=\"cc82713\" data-element_type=\"widget\" data-widget_type=\"image.default\">\n\t\t\t\t<div class=\"elementor-widget-container\">\n\t\t\t\t\t\t\t\t\t\t\t\t\t<img decoding=\"async\" width=\"724\" height=\"1024\" src=\"https:\/\/foxterrier-verband.de\/wp-content\/uploads\/2025\/06\/Biobank-Frage-u-Antworten-neu-mit-Links_page-0003-724x1024.jpg\" class=\"attachment-large size-large wp-image-22253\" alt=\"\" srcset=\"https:\/\/foxterrier-verband.de\/wp-content\/uploads\/2025\/06\/Biobank-Frage-u-Antworten-neu-mit-Links_page-0003-724x1024.jpg 724w, https:\/\/foxterrier-verband.de\/wp-content\/uploads\/2025\/06\/Biobank-Frage-u-Antworten-neu-mit-Links_page-0003-212x300.jpg 212w, https:\/\/foxterrier-verband.de\/wp-content\/uploads\/2025\/06\/Biobank-Frage-u-Antworten-neu-mit-Links_page-0003-768x1087.jpg 768w, https:\/\/foxterrier-verband.de\/wp-content\/uploads\/2025\/06\/Biobank-Frage-u-Antworten-neu-mit-Links_page-0003-1086x1536.jpg 1086w, https:\/\/foxterrier-verband.de\/wp-content\/uploads\/2025\/06\/Biobank-Frage-u-Antworten-neu-mit-Links_page-0003-1447x2048.jpg 1447w, https:\/\/foxterrier-verband.de\/wp-content\/uploads\/2025\/06\/Biobank-Frage-u-Antworten-neu-mit-Links_page-0003-scaled.jpg 1809w\" sizes=\"(max-width: 724px) 100vw, 724px\" \/>\t\t\t\t\t\t\t\t\t\t\t\t\t<\/div>\n\t\t\t\t<\/div>\n\t\t\t\t\t<\/div>\n\t\t<\/div>\n\t\t\t\t<div class=\"elementor-column elementor-col-50 elementor-top-column elementor-element elementor-element-9db772a\" data-id=\"9db772a\" data-element_type=\"column\">\n\t\t\t<div class=\"elementor-widget-wrap elementor-element-populated\">\n\t\t\t\t\t\t<div class=\"elementor-element elementor-element-025c466 elementor-widget elementor-widget-image\" data-id=\"025c466\" data-element_type=\"widget\" data-widget_type=\"image.default\">\n\t\t\t\t<div class=\"elementor-widget-container\">\n\t\t\t\t\t\t\t\t\t\t\t\t\t<img loading=\"lazy\" decoding=\"async\" width=\"724\" height=\"1024\" src=\"https:\/\/foxterrier-verband.de\/wp-content\/uploads\/2025\/06\/Biobank-Frage-u-Antworten-neu-mit-Links_page-0004-724x1024.jpg\" class=\"attachment-large size-large wp-image-22254\" alt=\"\" srcset=\"https:\/\/foxterrier-verband.de\/wp-content\/uploads\/2025\/06\/Biobank-Frage-u-Antworten-neu-mit-Links_page-0004-724x1024.jpg 724w, https:\/\/foxterrier-verband.de\/wp-content\/uploads\/2025\/06\/Biobank-Frage-u-Antworten-neu-mit-Links_page-0004-212x300.jpg 212w, https:\/\/foxterrier-verband.de\/wp-content\/uploads\/2025\/06\/Biobank-Frage-u-Antworten-neu-mit-Links_page-0004-768x1087.jpg 768w, https:\/\/foxterrier-verband.de\/wp-content\/uploads\/2025\/06\/Biobank-Frage-u-Antworten-neu-mit-Links_page-0004-1086x1536.jpg 1086w, https:\/\/foxterrier-verband.de\/wp-content\/uploads\/2025\/06\/Biobank-Frage-u-Antworten-neu-mit-Links_page-0004-1447x2048.jpg 1447w, https:\/\/foxterrier-verband.de\/wp-content\/uploads\/2025\/06\/Biobank-Frage-u-Antworten-neu-mit-Links_page-0004-scaled.jpg 1809w\" sizes=\"(max-width: 724px) 100vw, 724px\" \/>\t\t\t\t\t\t\t\t\t\t\t\t\t<\/div>\n\t\t\t\t<\/div>\n\t\t\t\t\t<\/div>\n\t\t<\/div>\n\t\t\t\t\t<\/div>\n\t\t<\/section>\n\t\t\t\t<section class=\"elementor-section elementor-top-section elementor-element elementor-element-e2d8594 elementor-section-boxed elementor-section-height-default elementor-section-height-default\" data-id=\"e2d8594\" data-element_type=\"section\">\n\t\t\t\t\t\t<div class=\"elementor-container elementor-column-gap-default\">\n\t\t\t\t\t<div class=\"elementor-column elementor-col-50 elementor-top-column elementor-element elementor-element-c614d04\" data-id=\"c614d04\" data-element_type=\"column\">\n\t\t\t<div class=\"elementor-widget-wrap elementor-element-populated\">\n\t\t\t\t\t\t<div class=\"elementor-element elementor-element-a55bad2 elementor-widget elementor-widget-image\" data-id=\"a55bad2\" data-element_type=\"widget\" data-widget_type=\"image.default\">\n\t\t\t\t<div class=\"elementor-widget-container\">\n\t\t\t\t\t\t\t\t\t\t\t\t\t<img loading=\"lazy\" decoding=\"async\" width=\"724\" height=\"1024\" src=\"https:\/\/foxterrier-verband.de\/wp-content\/uploads\/2025\/06\/Biobank-Frage-u-Antworten-neu-mit-Links_page-0005-724x1024.jpg\" class=\"attachment-large size-large wp-image-22255\" alt=\"\" srcset=\"https:\/\/foxterrier-verband.de\/wp-content\/uploads\/2025\/06\/Biobank-Frage-u-Antworten-neu-mit-Links_page-0005-724x1024.jpg 724w, https:\/\/foxterrier-verband.de\/wp-content\/uploads\/2025\/06\/Biobank-Frage-u-Antworten-neu-mit-Links_page-0005-212x300.jpg 212w, https:\/\/foxterrier-verband.de\/wp-content\/uploads\/2025\/06\/Biobank-Frage-u-Antworten-neu-mit-Links_page-0005-768x1087.jpg 768w, https:\/\/foxterrier-verband.de\/wp-content\/uploads\/2025\/06\/Biobank-Frage-u-Antworten-neu-mit-Links_page-0005-1086x1536.jpg 1086w, https:\/\/foxterrier-verband.de\/wp-content\/uploads\/2025\/06\/Biobank-Frage-u-Antworten-neu-mit-Links_page-0005-1447x2048.jpg 1447w, https:\/\/foxterrier-verband.de\/wp-content\/uploads\/2025\/06\/Biobank-Frage-u-Antworten-neu-mit-Links_page-0005-scaled.jpg 1809w\" sizes=\"(max-width: 724px) 100vw, 724px\" \/>\t\t\t\t\t\t\t\t\t\t\t\t\t<\/div>\n\t\t\t\t<\/div>\n\t\t\t\t\t<\/div>\n\t\t<\/div>\n\t\t\t\t<div class=\"elementor-column elementor-col-50 elementor-top-column elementor-element elementor-element-d156c9b\" data-id=\"d156c9b\" data-element_type=\"column\">\n\t\t\t<div class=\"elementor-widget-wrap elementor-element-populated\">\n\t\t\t\t\t\t<div class=\"elementor-element elementor-element-1fb794b elementor-widget elementor-widget-image\" data-id=\"1fb794b\" data-element_type=\"widget\" data-widget_type=\"image.default\">\n\t\t\t\t<div class=\"elementor-widget-container\">\n\t\t\t\t\t\t\t\t\t\t\t\t\t<img loading=\"lazy\" decoding=\"async\" width=\"724\" height=\"1024\" src=\"https:\/\/foxterrier-verband.de\/wp-content\/uploads\/2025\/06\/Biobank-Frage-u-Antworten-neu-mit-Links_page-0006-2-724x1024.jpg\" class=\"attachment-large size-large wp-image-22257\" alt=\"\" srcset=\"https:\/\/foxterrier-verband.de\/wp-content\/uploads\/2025\/06\/Biobank-Frage-u-Antworten-neu-mit-Links_page-0006-2-724x1024.jpg 724w, https:\/\/foxterrier-verband.de\/wp-content\/uploads\/2025\/06\/Biobank-Frage-u-Antworten-neu-mit-Links_page-0006-2-212x300.jpg 212w, https:\/\/foxterrier-verband.de\/wp-content\/uploads\/2025\/06\/Biobank-Frage-u-Antworten-neu-mit-Links_page-0006-2-768x1087.jpg 768w, https:\/\/foxterrier-verband.de\/wp-content\/uploads\/2025\/06\/Biobank-Frage-u-Antworten-neu-mit-Links_page-0006-2-1086x1536.jpg 1086w, https:\/\/foxterrier-verband.de\/wp-content\/uploads\/2025\/06\/Biobank-Frage-u-Antworten-neu-mit-Links_page-0006-2-1447x2048.jpg 1447w, https:\/\/foxterrier-verband.de\/wp-content\/uploads\/2025\/06\/Biobank-Frage-u-Antworten-neu-mit-Links_page-0006-2-scaled.jpg 1809w\" sizes=\"(max-width: 724px) 100vw, 724px\" \/>\t\t\t\t\t\t\t\t\t\t\t\t\t<\/div>\n\t\t\t\t<\/div>\n\t\t\t\t\t<\/div>\n\t\t<\/div>\n\t\t\t\t\t<\/div>\n\t\t<\/section>\n\t\t\t\t<section class=\"elementor-section elementor-top-section elementor-element elementor-element-d83b202 elementor-section-boxed elementor-section-height-default elementor-section-height-default\" data-id=\"d83b202\" data-element_type=\"section\">\n\t\t\t\t\t\t<div class=\"elementor-container elementor-column-gap-default\">\n\t\t\t\t\t<div class=\"elementor-column elementor-col-100 elementor-top-column elementor-element elementor-element-e417e3e\" data-id=\"e417e3e\" data-element_type=\"column\">\n\t\t\t<div class=\"elementor-widget-wrap elementor-element-populated\">\n\t\t\t\t\t\t<div class=\"elementor-element elementor-element-b9bb520 elementor-widget elementor-widget-text-editor\" data-id=\"b9bb520\" data-element_type=\"widget\" data-widget_type=\"text-editor.default\">\n\t\t\t\t<div class=\"elementor-widget-container\">\n\t\t\t\t\t\t\t<p><span style=\"text-decoration: underline;\"><strong>Links:<\/strong><\/span><\/p><p>Blutproben k\u00f6nnen von jedem Besitzer eines Foxterriers eingesendet werden. Auf der Homepage der Universit\u00e4t Bern befindet sich beim Institut f\u00fcr Genetik folgende Seite: <a href=\"https:\/\/www.genetics.unibe.ch\/forschung\/hund___dokumente\/genomische_vielfalt_und_populationsstruktur_beim_foxterrier\/index_ger.html\" target=\"_blank\" rel=\"noopener\">https:\/\/www.genetics.unibe.ch\/forschung\/hund___dokumente\/genomische_vielfalt_und_populationsstruktur_beim_foxterrier\/index_ger.html<\/a><\/p><p>Auf der Seite der Universit\u00e4t Bern finden Sie folgende Formulare:<\/p><p>Untersuchungsantrag\/Probeneinsendeformular <a href=\"https:\/\/www.genetics.unibe.ch\/unibe\/portal\/fak_vetmedizin\/c_dept_dcr-vph\/h_inst_genetics\/content\/e20974\/e1633016\/e1633018\/pane1682803\/e1682804\/2025_Einsendeformular_Hund_FT_ger.pdf\" target=\"_blank\" rel=\"noopener\">https:\/\/www.genetics.unibe.ch\/unibe\/portal\/fak_vetmedizin\/c_dept_dcr-vph\/h_inst_genetics\/content\/e20974\/e1633016\/e1633018\/pane1682803\/e1682804\/2025_Einsendeformular_Hund_FT_ger.pdf<\/a><\/p><p>Interpretation der Testergebnisse <a href=\"https:\/\/www.genetics.unibe.ch\/unibe\/portal\/fak_vetmedizin\/c_dept_dcr-vph\/h_inst_genetics\/content\/e20974\/e1633016\/e1633018\/pane1682803\/e1682805\/Interpretation_FoxTerrier_Gentests_2025DE_ger.pdf\" target=\"_blank\" rel=\"noopener\">https:\/\/www.genetics.unibe.ch\/unibe\/portal\/fak_vetmedizin\/c_dept_dcr-vph\/h_inst_genetics\/content\/e20974\/e1633016\/e1633018\/pane1682803\/e1682805\/Interpretation_FoxTerrier_Gentests_2025DE_ger.pdf<\/a><\/p><p>Alle Links bei der Uni Bern gesammelt unter <a href=\"https:\/\/www.genetics.unibe.ch\/dienstleistungen\/hund\/index_ger.html#pane1682803\" target=\"_blank\" rel=\"noopener\">https:\/\/www.genetics.unibe.ch\/dienstleistungen\/hund\/index_ger.html#pane1682803<\/a><\/p><p>EN<a href=\"https:\/\/www.genetics.unibe.ch\/services\/dog\/index_eng.html\" target=\"_blank\" rel=\"noopener\"> https:\/\/www.genetics.unibe.ch\/services\/dog\/index_eng.html<\/a><\/p>\t\t\t\t\t\t<\/div>\n\t\t\t\t<\/div>\n\t\t\t\t\t<\/div>\n\t\t<\/div>\n\t\t\t\t\t<\/div>\n\t\t<\/section>\n\t\t\t\t<\/div>\n\t\t","protected":false},"excerpt":{"rendered":"<p>Links: Blutproben k\u00f6nnen von jedem Besitzer eines Foxterriers eingesendet werden. Auf der Homepage der Universit\u00e4t Bern befindet sich beim Institut[&#8230;]<\/p>\n","protected":false},"author":6,"featured_media":0,"parent":0,"menu_order":0,"comment_status":"closed","ping_status":"closed","template":"template-fullwidth.php","meta":{"footnotes":""},"class_list":["post-22222","page","type-page","status-publish","hentry"],"_links":{"self":[{"href":"https:\/\/foxterrier-verband.de\/index.php?rest_route=\/wp\/v2\/pages\/22222","targetHints":{"allow":["GET"]}}],"collection":[{"href":"https:\/\/foxterrier-verband.de\/index.php?rest_route=\/wp\/v2\/pages"}],"about":[{"href":"https:\/\/foxterrier-verband.de\/index.php?rest_route=\/wp\/v2\/types\/page"}],"author":[{"embeddable":true,"href":"https:\/\/foxterrier-verband.de\/index.php?rest_route=\/wp\/v2\/users\/6"}],"replies":[{"embeddable":true,"href":"https:\/\/foxterrier-verband.de\/index.php?rest_route=%2Fwp%2Fv2%2Fcomments&post=22222"}],"version-history":[{"count":18,"href":"https:\/\/foxterrier-verband.de\/index.php?rest_route=\/wp\/v2\/pages\/22222\/revisions"}],"predecessor-version":[{"id":23378,"href":"https:\/\/foxterrier-verband.de\/index.php?rest_route=\/wp\/v2\/pages\/22222\/revisions\/23378"}],"wp:attachment":[{"href":"https:\/\/foxterrier-verband.de\/index.php?rest_route=%2Fwp%2Fv2%2Fmedia&parent=22222"}],"curies":[{"name":"wp","href":"https:\/\/api.w.org\/{rel}","templated":true}]}}