{"id":23047,"date":"2025-11-18T19:52:52","date_gmt":"2025-11-18T17:52:52","guid":{"rendered":"https:\/\/foxterrier-verband.de\/?page_id=23047"},"modified":"2026-02-06T00:27:05","modified_gmt":"2026-02-05T22:27:05","slug":"ausstellungskalender","status":"publish","type":"page","link":"https:\/\/foxterrier-verband.de\/?page_id=23047","title":{"rendered":"Ausstellungskalender 2026 neu"},"content":{"rendered":"\t\t<div data-elementor-type=\"wp-page\" data-elementor-id=\"23047\" class=\"elementor elementor-23047\">\n\t\t\t\t\t\t<section class=\"elementor-section elementor-top-section elementor-element elementor-element-bf33157 elementor-section-boxed elementor-section-height-default elementor-section-height-default\" data-id=\"bf33157\" data-element_type=\"section\">\n\t\t\t\t\t\t<div class=\"elementor-container elementor-column-gap-default\">\n\t\t\t\t\t<div class=\"elementor-column elementor-col-100 elementor-top-column elementor-element elementor-element-e3b416e\" data-id=\"e3b416e\" data-element_type=\"column\">\n\t\t\t<div class=\"elementor-widget-wrap elementor-element-populated\">\n\t\t\t\t\t\t<div class=\"elementor-element elementor-element-f797c2f elementor-widget elementor-widget-spacer\" data-id=\"f797c2f\" data-element_type=\"widget\" data-widget_type=\"spacer.default\">\n\t\t\t\t<div class=\"elementor-widget-container\">\n\t\t\t\t\t<div class=\"elementor-spacer\">\n\t\t\t<div class=\"elementor-spacer-inner\"><\/div>\n\t\t<\/div>\n\t\t\t\t<\/div>\n\t\t\t\t<\/div>\n\t\t\t\t\t<\/div>\n\t\t<\/div>\n\t\t\t\t\t<\/div>\n\t\t<\/section>\n\t\t\t\t<section class=\"elementor-section elementor-top-section elementor-element elementor-element-a8dc659 elementor-section-boxed elementor-section-height-default elementor-section-height-default\" data-id=\"a8dc659\" data-element_type=\"section\">\n\t\t\t\t\t\t<div class=\"elementor-container elementor-column-gap-default\">\n\t\t\t\t\t<div class=\"elementor-column elementor-col-100 elementor-top-column elementor-element elementor-element-fdc12e5\" data-id=\"fdc12e5\" data-element_type=\"column\">\n\t\t\t<div class=\"elementor-widget-wrap elementor-element-populated\">\n\t\t\t\t\t\t<div class=\"elementor-element elementor-element-1d34005 elementor-widget elementor-widget-text-editor\" data-id=\"1d34005\" data-element_type=\"widget\" data-widget_type=\"text-editor.default\">\n\t\t\t\t<div class=\"elementor-widget-container\">\n\t\t\t\t\t\t\t<h1><span style=\"color: #000000;\">Ausstellungskalender 2026<\/span><\/h1>\t\t\t\t\t\t<\/div>\n\t\t\t\t<\/div>\n\t\t\t\t\t<\/div>\n\t\t<\/div>\n\t\t\t\t\t<\/div>\n\t\t<\/section>\n\t\t\t\t<section class=\"elementor-section elementor-top-section elementor-element elementor-element-ce72765 elementor-section-boxed elementor-section-height-default elementor-section-height-default\" data-id=\"ce72765\" data-element_type=\"section\">\n\t\t\t\t\t\t<div class=\"elementor-container elementor-column-gap-default\">\n\t\t\t\t\t<div class=\"elementor-column elementor-col-100 elementor-top-column elementor-element elementor-element-0c96ea3\" data-id=\"0c96ea3\" data-element_type=\"column\">\n\t\t\t<div class=\"elementor-widget-wrap elementor-element-populated\">\n\t\t\t\t\t\t<div class=\"elementor-element elementor-element-630951b elementor-widget elementor-widget-text-editor\" data-id=\"630951b\" data-element_type=\"widget\" data-widget_type=\"text-editor.default\">\n\t\t\t\t<div class=\"elementor-widget-container\">\n\t\t\t\t\t\t\t<p>F\u00fcr mehr Informationen und den gewohnten Links zu einem Termin, bitte ganz einfach auf den Termin <strong>draufklicken<\/strong>!\u00a0<span style=\"font-family: var( --e-global-typography-text-font-family ), Sans-serif; font-size: 1rem;\">So finden Sie ganz einfach die Homepage des Veranstalters, zur Online-Meldung, und auch zu Google Maps.\u00a0<\/span><\/p>\t\t\t\t\t\t<\/div>\n\t\t\t\t<\/div>\n\t\t\t\t\t<\/div>\n\t\t<\/div>\n\t\t\t\t\t<\/div>\n\t\t<\/section>\n\t\t\t\t<section class=\"elementor-section elementor-top-section elementor-element elementor-element-c3b8267 elementor-section-boxed elementor-section-height-default elementor-section-height-default\" data-id=\"c3b8267\" data-element_type=\"section\">\n\t\t\t\t\t\t<div class=\"elementor-container elementor-column-gap-default\">\n\t\t\t\t\t<div class=\"elementor-column elementor-col-100 elementor-top-column elementor-element elementor-element-45b0039\" data-id=\"45b0039\" data-element_type=\"column\">\n\t\t\t<div class=\"elementor-widget-wrap elementor-element-populated\">\n\t\t\t\t\t\t<div class=\"elementor-element elementor-element-447978b elementor-widget elementor-widget-html\" data-id=\"447978b\" data-element_type=\"widget\" data-widget_type=\"html.default\">\n\t\t\t\t<div class=\"elementor-widget-container\">\n\t\t\t<iframe frameborder=\"0\" height=\"1000px\" width=\"100%\" src=\"https:\/\/kalender.digital\/ausstellungskalender?iframe=true\"><\/iframe>\t\t<\/div>\n\t\t\t\t<\/div>\n\t\t\t\t\t<\/div>\n\t\t<\/div>\n\t\t\t\t\t<\/div>\n\t\t<\/section>\n\t\t\t\t<section class=\"elementor-section elementor-top-section elementor-element elementor-element-2b65e09 elementor-section-boxed elementor-section-height-default elementor-section-height-default\" data-id=\"2b65e09\" data-element_type=\"section\">\n\t\t\t\t\t\t<div class=\"elementor-container elementor-column-gap-default\">\n\t\t\t\t\t<div class=\"elementor-column elementor-col-100 elementor-top-column elementor-element elementor-element-7325b1d\" data-id=\"7325b1d\" data-element_type=\"column\">\n\t\t\t<div class=\"elementor-widget-wrap\">\n\t\t\t\t\t\t\t<\/div>\n\t\t<\/div>\n\t\t\t\t\t<\/div>\n\t\t<\/section>\n\t\t\t\t<section class=\"elementor-section elementor-top-section elementor-element elementor-element-f2c9035 elementor-section-boxed elementor-section-height-default elementor-section-height-default\" data-id=\"f2c9035\" data-element_type=\"section\">\n\t\t\t\t\t\t<div class=\"elementor-container elementor-column-gap-default\">\n\t\t\t\t\t<div class=\"elementor-column elementor-col-100 elementor-top-column elementor-element elementor-element-888f14f\" data-id=\"888f14f\" data-element_type=\"column\">\n\t\t\t<div class=\"elementor-widget-wrap elementor-element-populated\">\n\t\t\t\t\t\t<div class=\"elementor-element elementor-element-9dfb439 elementor-widget elementor-widget-text-editor\" data-id=\"9dfb439\" data-element_type=\"widget\" data-widget_type=\"text-editor.default\">\n\t\t\t\t<div class=\"elementor-widget-container\">\n\t\t\t\t\t\t\t<p><mark class=\"has-inline-color has-accent-color\" style=\"background-color: #ffffff;\">Punkte f\u00fcr den Top-Foxterrier k\u00f6nnen gem\u00e4\u00df DFV-Ausstellungsordnung nur vergeben werden, sofern ein Foxterrier-Spezialzuchtrichter richtet. Ausstellungen ohne angegliederte Sonderschau werden bei der Punktevergabe f\u00fcr den Top-Foxterrier nicht mit ber\u00fccksichtigt.<\/mark><\/p>\t\t\t\t\t\t<\/div>\n\t\t\t\t<\/div>\n\t\t\t\t<div class=\"elementor-element elementor-element-db0b970 elementor-widget elementor-widget-text-editor\" data-id=\"db0b970\" data-element_type=\"widget\" data-widget_type=\"text-editor.default\">\n\t\t\t\t<div class=\"elementor-widget-container\">\n\t\t\t\t\t\t\t<h2 class=\"wp-block-heading\" style=\"caret-color: #000000; color: #000000;\"><strong>Das Ausstellerportal<\/strong><\/h2>\n<p id=\"block-b6a2c3c9-cacf-40af-9902-e29eaf669ac6\" style=\"caret-color: #000000; color: #000000;\">F\u00fcr alle Spezialausstellungen im DFV e.V., f\u00fcr die eine Onlinemeldung besteht k\u00f6nnen Sie \u00fcber das Ausstellerportal melden.<\/p>\n<p id=\"block-0176ae09-bff4-4ccc-a379-cab3721058a7\" style=\"caret-color: #000000; color: #000000;\">Als registrierter Nutzer mit Zugang zum Ausstellerportal wird die Teilnahme an Ausstellungen ein Kinderspiel. Denn: die Angaben zur Person und zu den Hunden m\u00fcssen hier nur einmal gemacht werden.\u00a0<a href=\"https:\/\/foxterrier-verband.de\/verwaltung\/LGManager1\/shows\/meldungauswahlblanco.php\" target=\"_blank\" rel=\"noreferrer noopener\"><strong>Melden Sie sich und Ihre Hunde hier im Ausstellerportal an.<\/strong><\/a>\u00a0Bei Ausstellungen, an denen Sie in Zukunft teilnehmen m\u00f6chten, k\u00f6nnen Sie dann ganz einfach auf die bereits gespeicherten Daten f\u00fcr die Anmeldung zur\u00fcckgreifen. Auf diese Weise sparen Sie viel Zeit und M\u00fche, die Sie sonst f\u00fcr das Ausf\u00fcllen der Unterlagen aufgewendet h\u00e4tten.<br \/>Sie k\u00f6nnen aber wie bisher auch ohne Registrierung Ihren Hund zur Ausstellung melden.<\/p>\t\t\t\t\t\t<\/div>\n\t\t\t\t<\/div>\n\t\t\t\t\t<\/div>\n\t\t<\/div>\n\t\t\t\t\t<\/div>\n\t\t<\/section>\n\t\t\t\t<section class=\"elementor-section elementor-top-section elementor-element elementor-element-c7a49ad elementor-section-boxed elementor-section-height-default elementor-section-height-default\" data-id=\"c7a49ad\" data-element_type=\"section\">\n\t\t\t\t\t\t<div class=\"elementor-container elementor-column-gap-default\">\n\t\t\t\t\t<div class=\"elementor-column elementor-col-100 elementor-top-column elementor-element elementor-element-1a6e589\" data-id=\"1a6e589\" data-element_type=\"column\">\n\t\t\t<div class=\"elementor-widget-wrap elementor-element-populated\">\n\t\t\t\t\t\t<div class=\"elementor-element elementor-element-d5bf6ac elementor-widget elementor-widget-spacer\" data-id=\"d5bf6ac\" data-element_type=\"widget\" data-widget_type=\"spacer.default\">\n\t\t\t\t<div class=\"elementor-widget-container\">\n\t\t\t\t\t<div class=\"elementor-spacer\">\n\t\t\t<div class=\"elementor-spacer-inner\"><\/div>\n\t\t<\/div>\n\t\t\t\t<\/div>\n\t\t\t\t<\/div>\n\t\t\t\t\t<\/div>\n\t\t<\/div>\n\t\t\t\t\t<\/div>\n\t\t<\/section>\n\t\t\t\t<\/div>\n\t\t","protected":false},"excerpt":{"rendered":"<p>Ausstellungskalender 2026 F\u00fcr mehr Informationen und den gewohnten Links zu einem Termin, bitte ganz einfach auf den Termin draufklicken!\u00a0So finden[&#8230;]<\/p>\n","protected":false},"author":6,"featured_media":0,"parent":0,"menu_order":0,"comment_status":"closed","ping_status":"closed","template":"elementor_header_footer","meta":{"footnotes":""},"class_list":["post-23047","page","type-page","status-publish","hentry"],"_links":{"self":[{"href":"https:\/\/foxterrier-verband.de\/index.php?rest_route=\/wp\/v2\/pages\/23047","targetHints":{"allow":["GET"]}}],"collection":[{"href":"https:\/\/foxterrier-verband.de\/index.php?rest_route=\/wp\/v2\/pages"}],"about":[{"href":"https:\/\/foxterrier-verband.de\/index.php?rest_route=\/wp\/v2\/types\/page"}],"author":[{"embeddable":true,"href":"https:\/\/foxterrier-verband.de\/index.php?rest_route=\/wp\/v2\/users\/6"}],"replies":[{"embeddable":true,"href":"https:\/\/foxterrier-verband.de\/index.php?rest_route=%2Fwp%2Fv2%2Fcomments&post=23047"}],"version-history":[{"count":115,"href":"https:\/\/foxterrier-verband.de\/index.php?rest_route=\/wp\/v2\/pages\/23047\/revisions"}],"predecessor-version":[{"id":24245,"href":"https:\/\/foxterrier-verband.de\/index.php?rest_route=\/wp\/v2\/pages\/23047\/revisions\/24245"}],"wp:attachment":[{"href":"https:\/\/foxterrier-verband.de\/index.php?rest_route=%2Fwp%2Fv2%2Fmedia&parent=23047"}],"curies":[{"name":"wp","href":"https:\/\/api.w.org\/{rel}","templated":true}]}}