{"id":263,"date":"2013-10-17T08:07:20","date_gmt":"2013-10-17T06:07:20","guid":{"rendered":"https:\/\/www.foxterrier-verband.de\/?page_id=263"},"modified":"2022-08-08T07:09:19","modified_gmt":"2022-08-08T05:09:19","slug":"standard","status":"publish","type":"page","link":"https:\/\/foxterrier-verband.de\/?page_id=263","title":{"rendered":"Standard"},"content":{"rendered":"\t\t<div data-elementor-type=\"wp-page\" data-elementor-id=\"263\" class=\"elementor elementor-263\">\n\t\t\t\t\t\t<section class=\"elementor-section elementor-top-section elementor-element elementor-element-hbpcels elementor-section-boxed elementor-section-height-default elementor-section-height-default\" data-id=\"hbpcels\" data-element_type=\"section\">\n\t\t\t\t\t\t<div class=\"elementor-container elementor-column-gap-default\">\n\t\t\t\t\t<div class=\"elementor-column elementor-col-100 elementor-top-column elementor-element elementor-element-krmrhpf\" data-id=\"krmrhpf\" data-element_type=\"column\">\n\t\t\t<div class=\"elementor-widget-wrap elementor-element-populated\">\n\t\t\t\t\t\t<div class=\"elementor-element elementor-element-i4zau7n elementor-widget elementor-widget-text-editor\" data-id=\"i4zau7n\" data-element_type=\"widget\" data-widget_type=\"text-editor.default\">\n\t\t\t\t<div class=\"elementor-widget-container\">\n\t\t\t\t\t\t\t<div><h3>Kurzfassung<\/h3><\/div><p style=\"text-align: justify;\">Aktiv und lebhaft; freundlich, aufgeschlossen und furchtlos. Er steht bei kurzem R\u00fccken \u00fcber viel Boden. Langer, schmaler Kopf, kleine, dunkle Augen mit lebhaftem Ausdruck. Kleine V-f\u00f6rmige Ohren, nach vorn gekippt und anliegend getragen. Langer Hals, kurzer fester R\u00fccken, hoch angesetzte aufrecht getragene Rute. Schmale Front, tiefe Brust, muskul\u00f6se und gut gewinkelte Hinterhand. Freies und raumgreifendes Gangwerk. Farbe vorherrschend wei\u00df, mit schwarzen und\/oder lohfarbenen Abzeichen. Gr\u00f6\u00dfe\/Gewicht bei R\u00fcden ca. 39 cm\/8,5 kg, H\u00fcndinnen etwas kleiner und leichter.<\/p>\t\t\t\t\t\t<\/div>\n\t\t\t\t<\/div>\n\t\t\t\t\t<\/div>\n\t\t<\/div>\n\t\t\t\t\t<\/div>\n\t\t<\/section>\n\t\t\t\t<section class=\"elementor-section elementor-top-section elementor-element elementor-element-k7dp4l7 elementor-section-boxed elementor-section-height-default elementor-section-height-default\" data-id=\"k7dp4l7\" data-element_type=\"section\">\n\t\t\t\t\t\t<div class=\"elementor-container elementor-column-gap-default\">\n\t\t\t\t\t<div class=\"elementor-column elementor-col-100 elementor-top-column elementor-element elementor-element-aqwt40w\" data-id=\"aqwt40w\" data-element_type=\"column\">\n\t\t\t<div class=\"elementor-widget-wrap elementor-element-populated\">\n\t\t\t\t\t\t<section class=\"elementor-section elementor-inner-section elementor-element elementor-element-19lohlh elementor-section-boxed elementor-section-height-default elementor-section-height-default\" data-id=\"19lohlh\" data-element_type=\"section\">\n\t\t\t\t\t\t<div class=\"elementor-container elementor-column-gap-default\">\n\t\t\t\t\t<div class=\"elementor-column elementor-col-50 elementor-inner-column elementor-element elementor-element-iuizjfc\" data-id=\"iuizjfc\" data-element_type=\"column\">\n\t\t\t<div class=\"elementor-widget-wrap elementor-element-populated\">\n\t\t\t\t\t\t<div class=\"elementor-element elementor-element-z1r6drp elementor-widget elementor-widget-image\" data-id=\"z1r6drp\" data-element_type=\"widget\" data-widget_type=\"image.default\">\n\t\t\t\t<div class=\"elementor-widget-container\">\n\t\t\t\t\t\t\t\t\t\t\t\t\t<img decoding=\"async\" width=\"200\" height=\"176\" src=\"https:\/\/foxterrier-verband.de\/wp-content\/uploads\/2013\/10\/f872da1357.jpg\" class=\"attachment-large size-large wp-image-882\" alt=\"\" srcset=\"https:\/\/foxterrier-verband.de\/wp-content\/uploads\/2013\/10\/f872da1357.jpg 200w, https:\/\/foxterrier-verband.de\/wp-content\/uploads\/2013\/10\/f872da1357-187x164.jpg 187w\" sizes=\"(max-width: 200px) 100vw, 200px\" \/>\t\t\t\t\t\t\t\t\t\t\t\t\t<\/div>\n\t\t\t\t<\/div>\n\t\t\t\t\t<\/div>\n\t\t<\/div>\n\t\t\t\t<div class=\"elementor-column elementor-col-50 elementor-inner-column elementor-element elementor-element-ebymszs\" data-id=\"ebymszs\" data-element_type=\"column\">\n\t\t\t<div class=\"elementor-widget-wrap elementor-element-populated\">\n\t\t\t\t\t\t<div class=\"elementor-element elementor-element-tvox3vt elementor-widget elementor-widget-image\" data-id=\"tvox3vt\" data-element_type=\"widget\" data-widget_type=\"image.default\">\n\t\t\t\t<div class=\"elementor-widget-container\">\n\t\t\t\t\t\t\t\t\t\t\t\t\t<img fetchpriority=\"high\" decoding=\"async\" width=\"275\" height=\"193\" src=\"https:\/\/foxterrier-verband.de\/wp-content\/uploads\/2013\/10\/glatthaar.png\" class=\"attachment-large size-large wp-image-15\" alt=\"\" srcset=\"https:\/\/foxterrier-verband.de\/wp-content\/uploads\/2013\/10\/glatthaar.png 275w, https:\/\/foxterrier-verband.de\/wp-content\/uploads\/2013\/10\/glatthaar-220x154.png 220w, https:\/\/foxterrier-verband.de\/wp-content\/uploads\/2013\/10\/glatthaar-187x131.png 187w\" sizes=\"(max-width: 275px) 100vw, 275px\" \/>\t\t\t\t\t\t\t\t\t\t\t\t\t<\/div>\n\t\t\t\t<\/div>\n\t\t\t\t\t<\/div>\n\t\t<\/div>\n\t\t\t\t\t<\/div>\n\t\t<\/section>\n\t\t\t\t\t<\/div>\n\t\t<\/div>\n\t\t\t\t\t<\/div>\n\t\t<\/section>\n\t\t\t\t<section class=\"elementor-section elementor-top-section elementor-element elementor-element-365lhxy elementor-section-boxed elementor-section-height-default elementor-section-height-default\" data-id=\"365lhxy\" data-element_type=\"section\">\n\t\t\t\t\t\t<div class=\"elementor-container elementor-column-gap-default\">\n\t\t\t\t\t<div class=\"elementor-column elementor-col-50 elementor-top-column elementor-element elementor-element-mdhigg8\" data-id=\"mdhigg8\" data-element_type=\"column\">\n\t\t\t<div class=\"elementor-widget-wrap elementor-element-populated\">\n\t\t\t\t\t\t<div class=\"elementor-element elementor-element-s9kopjw elementor-widget elementor-widget-text-editor\" data-id=\"s9kopjw\" data-element_type=\"widget\" data-widget_type=\"text-editor.default\">\n\t\t\t\t<div class=\"elementor-widget-container\">\n\t\t\t\t\t\t\t<h3><span style=\"color: #008000;\">Drahthaarfoxterrier<\/span><br \/><em><strong>FCI-Standard Nr. 169 \/ 03.02.2010 \/ D <\/strong><\/em><em><strong>Ursprungsland: <\/strong><\/em><em><strong>Gro\u00dfbritannien<br \/><a href=\"http:\/\/fci.be\/Nomenclature\/Standards\/169g03-de.pdf\" target=\"_blank\" rel=\"noopener\">Download<\/a><br \/><\/strong><\/em><\/h3>\t\t\t\t\t\t<\/div>\n\t\t\t\t<\/div>\n\t\t\t\t\t<\/div>\n\t\t<\/div>\n\t\t\t\t<div class=\"elementor-column elementor-col-50 elementor-top-column elementor-element elementor-element-ha6i1ky\" data-id=\"ha6i1ky\" data-element_type=\"column\">\n\t\t\t<div class=\"elementor-widget-wrap elementor-element-populated\">\n\t\t\t\t\t\t<div class=\"elementor-element elementor-element-3d3dwbv elementor-widget elementor-widget-text-editor\" data-id=\"3d3dwbv\" data-element_type=\"widget\" data-widget_type=\"text-editor.default\">\n\t\t\t\t<div class=\"elementor-widget-container\">\n\t\t\t\t\t\t\t<h3><span style=\"color: #008000;\">Glatthaarfoxterrier<br \/><\/span><em><strong>FCI-Standard Nr. 12 \/ 25.09.2018 \/ D<\/strong><\/em> <em><strong>Ursprungsland: <\/strong><\/em><em><strong>Gro\u00dfbritannien<br \/><a href=\"https:\/\/www.foxterrier-verband.de\/wp-content\/uploads\/2019\/09\/foxterrier-glatthaar-deutsch-2018.pdf\" target=\"_blank\" rel=\"noopener\">Download<\/a><br \/><\/strong><\/em><\/h3>\t\t\t\t\t\t<\/div>\n\t\t\t\t<\/div>\n\t\t\t\t\t<\/div>\n\t\t<\/div>\n\t\t\t\t\t<\/div>\n\t\t<\/section>\n\t\t\t\t<section class=\"elementor-section elementor-top-section elementor-element elementor-element-a3tglaw elementor-section-boxed elementor-section-height-default elementor-section-height-default\" data-id=\"a3tglaw\" data-element_type=\"section\">\n\t\t\t\t\t\t<div class=\"elementor-container elementor-column-gap-default\">\n\t\t\t\t\t<div class=\"elementor-column elementor-col-50 elementor-top-column elementor-element elementor-element-s45gn9q\" data-id=\"s45gn9q\" data-element_type=\"column\">\n\t\t\t<div class=\"elementor-widget-wrap elementor-element-populated\">\n\t\t\t\t\t\t<div class=\"elementor-element elementor-element-utivil3 elementor-widget elementor-widget-text-editor\" data-id=\"utivil3\" data-element_type=\"widget\" data-widget_type=\"text-editor.default\">\n\t\t\t\t<div class=\"elementor-widget-container\">\n\t\t\t\t\t\t\t<h4><span style=\"color: #008000;\">Allgemeines Erscheinungsbild<\/span><\/h4><p>Aktiv und lebhaft. Vereint in kleinerem Rahmen Knochenst\u00e4rke und Kraft. Nie schwerf\u00e4llig noch grob. Vollkommen ausgewogen in der Gestalt, dies gilt insbesondere f\u00fcr das ausgeglichene Verh\u00e4ltnis von Sch\u00e4del und Vorgesicht; ebenso sollten Schulterh\u00f6he und die K\u00f6rperl\u00e4nge vom Schultergelenk bis zu den Sitzbeinh\u00f6ckern ann\u00e4hernd gleich gro\u00df erscheinen. Im Stand, wie ein Jagdpferd, mit kurzem R\u00fccken viel Boden deckend.<a name=\"D_Wesen\"><\/a><\/p><h4><span style=\"color: #008000;\">Verhalten und Charakter (Wesen)<\/span><\/h4><p>Lebhaft, schnell in der Bewegung, mit durchdringendem Ausdruck, voll gespannter Erwartung bei der geringsten Herausforderung. Freundlich, aufgeschlossen und furchtlos.<\/p><p><a name=\"D_Kopf\"><\/a><\/p><h4><span style=\"color: #008000;\">Kopf<\/span><\/h4><p><em><strong>OBERKOPF<br \/>Sch\u00e4del:<\/strong><\/em> Obere Linie des Sch\u00e4dels nahezu flach, leicht abfallend und in Richtung der Augen allm\u00e4hlich schmaler werdend.<\/p><p><em><strong>Stopp:<\/strong><\/em> Leicht.<\/p><p><em><strong>GESICHTSSCH\u00c4DEL<br \/>Nasenschwamm:<\/strong><\/em> Schwarz.<\/p><p><em><strong>Fang:<\/strong><\/em> Nur wenig Unterschied in der L\u00e4nge von Sch\u00e4del und Vorgesicht. Ist das Vorgesicht deutlich k\u00fcrzer, wirkt der Kopf schwach und unfertig. Das Vorgesicht verj\u00fcngt sich allm\u00e4hlich von den Augen zum Fang hin und zeigt eine leichte Vertiefung am \u00dcbergang zum Sch\u00e4del, jedoch nicht derart, da\u00df das Vorgesicht unterhalb der Augen eingefallen oder ausgeh\u00f6hlt wirkt. Dort soll das Vorgesicht gut geformt und ausgef\u00fcllt sein. Volle und runde Wangenkonturen unerw\u00fcnscht.<\/p><p><em><strong>Kiefer\/Z\u00e4hne:<\/strong><\/em> Kr\u00e4ftige Kiefer mit einem perfekten, regelm\u00e4\u00dfigen und vollst\u00e4ndigen Scherengebi\u00df, wobei die obere Schneidezahnreihe ohne Zwischenraum \u00fcber die untere greift und die Z\u00e4hne senkrecht im Kiefer stehen. Eine \u00fcberm\u00e4\u00dfige Auspr\u00e4gung der Kieferknochen oder -muskulatur ist unerw\u00fcnscht und unansehnlich.<\/p><p><em><strong>Augen:<\/strong><\/em> Dunkel, voll Feuer und Intelligenz, m\u00e4\u00dfig klein, nicht vorstehend und so rund wie m\u00f6glich. Nicht zu weit auseinanderliegend, dabei weder zu hoch auf dem Sch\u00e4del noch zu dicht bei den Ohren angeordnet. Ein helles Auge ist h\u00f6chst unerw\u00fcnscht.<\/p><p><em><strong>Ohren:<\/strong><\/em> Klein, V-f\u00f6rmig, Ohrleder m\u00e4\u00dfig dick. Ohren mit einer ordentlichen Falte nach vorne dicht an die Wangen fallend. Die obere Kante des gefalteten Ohres liegt gut oberhalb der Sch\u00e4dellinie. Steh-, Tulpen- oder Rosenohren sind h\u00f6chst unerw\u00fcnscht.<\/p><p><a name=\"D_Hals\"><\/a><\/p><h4><span style=\"color: #008000;\">HALS<\/span><\/h4><p>Trocken und muskul\u00f6s, von guter L\u00e4nge, ohne Wamme, sich zur Schulter hin verbreiternd. Von der Seite betrachtet zeigt er einen anmutigen Bogen.<\/p><p><a name=\"D_Koerper\"><\/a><\/p><h4><span style=\"color: #008000;\">K\u00d6RPER<\/span><\/h4><p><strong><em>R\u00fccken:<\/em><\/strong> Kurz, gerade und kr\u00e4ftig, ohne Schlaffheit.<\/p><p><em><strong>Lenden:<\/strong><\/em> Muskul\u00f6se, sehr leicht gew\u00f6lbte, sehr geschlossene, kurze Lendenpartie.<\/p><p><em><strong>Brust:<\/strong><\/em> Tief, vordere Rippen m\u00e4\u00dfig gew\u00f6lbt,\u00a0 hintere Rippen gut zur\u00fcckreichend und gut gew\u00f6lbt.<\/p><p><a name=\"D_Rute\"><\/a><\/p><h4><span style=\"color: #008000;\">RUTE<\/span><\/h4><p>Fr\u00fcher \u00fcblicherweise kupiert. <strong><br \/>Kupiert:<\/strong> Hoch angesetzt. Aufrecht getragen, weder \u00fcber den R\u00fccken gezogen noch geringelt. Von guter St\u00e4rke und angemessener L\u00e4nge. <strong><br \/>Unkupiert:<\/strong> Hoch angesetzt. Aufrecht getragen, nicht \u00fcber den R\u00fccken gezogen oder geringelt. Von guter St\u00e4rke und angemessener L\u00e4nge, so dass eine ausgewogene Gesamterscheinung erhalten bleibt.<\/p><p><a name=\"D_Gliedmassen\"><\/a><\/p><h4><span style=\"color: #008000;\">GLIEDMASSEN<\/span><\/h4><div><strong>VORDERHAND<\/strong><\/div><div>\u00a0<\/div><div><strong>Allgemeines: <\/strong>Von vorne betrachtet fallen die Schulterbl\u00e4tter vom Halsansatz an steil zum fein ausgebildeten Schultergelenk nach unten. Von der Seite gesehen lang, gut zur\u00fcckliegend und schr\u00e4g. Widerrist immer wohlgeformt. Brust tief, nicht breit. Die L\u00e4ufe m\u00fcssen, von allen Seiten betrachtet, gerade und starkknochig bis hinunter zu den Pfoten sein. Ellenbogen lotrecht zum K\u00f6rper, in der Bewegung frei und geradeaus an dessen Seiten arbeitend.<\/div><div>\u00a0<\/div><div><strong>Vorderpfoten: <\/strong>Rund, kompakt, mit kleinen strapazierf\u00e4higen und gut gepolsterten Ballen. Zehen m\u00e4\u00dfig aufgekn\u00f6chelt. Weder nach innen noch nach au\u00dfen gedreht.<\/div><p><em><strong>HINTERHAND<br \/>Allgemeines:\u00a0<\/strong><\/em> Kr\u00e4ftig und muskul\u00f6s, ohne ein Anzeichen von Schlaffheit oder Schw\u00e4che. Eine Kombination von kurzem Unterschenkel und geradem Kniegelenk ist h\u00f6chst unerw\u00fcnscht.<\/p><p><em><strong>Oberschenkel:<\/strong><\/em>\u00a0\u00a0\u00a0\u00a0 Lang und kraftvoll.<\/p><p><em><strong>Kniegelenke:<\/strong><\/em>\u00a0\u00a0\u00a0\u00a0 Gut gewinkelt, weder ein- noch ausdrehend.<\/p><p><em><strong>Sprunggelenke:<\/strong><\/em>\u00a0\u00a0\u00a0\u00a0 Tief stehend.<\/p><p><em><strong>Hintermittelfu\u00df:<\/strong><\/em>\u00a0\u00a0\u00a0\u00a0 Aufrecht und parallel bei der Betrachtung von hinten.<\/p><p><em><strong>Hinterpfoten:<\/strong><\/em>\u00a0\u00a0\u00a0\u00a0 Rund, kompakt, mit kleinen, strapazierf\u00e4higen und gut gepolsterten Ballen. Zehen m\u00e4\u00dfig aufgekn\u00f6chelt. Weder nach innen noch nach au\u00dfen gedreht.<\/p><p><a name=\"D_Gangwerk\"><\/a><\/p><h4><span style=\"color: #008000;\">GANGWERK<\/span><\/h4><p>Vorder- und Hinterl\u00e4ufe werden gerade und parallel zueinander in Bewegungsrichtung bewegt. Die Ellenbogen bewegen sich ungehindert und parallel an den K\u00f6rperseiten. Die Kniegelenke werden weder ein- noch ausgedreht. Die geschmeidige Hinterhand entwickelt viel Schub.<\/p><p><a name=\"D_Haarkleid\"><\/a><\/p><h4><span style=\"color: #008000;\">HAARKLEID<\/span><\/h4><p><em><strong>Haar:<\/strong><\/em>\u00a0\u00a0\u00a0\u00a0 Dicht, sehr drahtige Textur, L\u00e4nge etwa 2 cm an den Schultern bis etwa 4 cm am Widerrist, am R\u00fccken, an den Rippen und an Vor- und Hinterhand und mit Unterwolle, die aus kurzem, weichem Haar besteht. Das Haar auf dem R\u00fccken und an Vor- und Hinterhand ist h\u00e4rter als das Haar an den Seiten. Das Haar an den Kiefern ist kraus und von ausreichender L\u00e4nge, um dem Vorgesicht den Ausdruck von Kraft zu verleihen. Haar an den L\u00e4ufen dicht und kraus.<\/p><p><em><strong>Farbe:<\/strong><\/em> \u00a0\u00a0\u00a0 Vorherrschend Wei\u00df mit schwarzen, schwarz und lohfarbenen oder lohfarbenen Abzeichen. Gestromte, rote, leberbraune oder schieferblaue Abzeichen unerw\u00fcnscht.<\/p><p><a name=\"D_Gr\u00f6\u00dfe u. Gewicht\"><\/a><\/p><h4><span style=\"color: #008000;\">GR\u00d6SSE UND GEWICHT<br \/><\/span><\/h4><p>Widerristh\u00f6he f\u00fcr R\u00fcden nicht mehr als 39 cm, H\u00fcndinnen etwas kleiner. Idealgewicht in Ausstellungs-Kondition f\u00fcr R\u00fcden 8,25 kg, etwas weniger f\u00fcr H\u00fcndinnen.<\/p><p><a name=\"D_Fehler\"><\/a><\/p><h4><span style=\"color: #008000;\">FEHLER<\/span><\/h4><p>Jede Abweichung von den vorgenannten Punkten muss als Fehler angesehen werden, dessen Bewertung in genauem Verh\u00e4ltnis zum Grad der Abweichung stehen sollte und dessen Einfluss auf die Gesundheit und das Wohlbefinden des Hundes zu beachten ist.<\/p><p><a name=\"D_NB\"><\/a><\/p><h4><span style=\"color: #008000;\">DISQUALIFIZIERENDE FEHLER<\/span><\/h4><ul><li>Aggressive oder \u00fcberm\u00e4\u00dfig \u00e4ngstliche Hunde<\/li><li>Hunde, die deutlich physische Abnormalt\u00e4ten oder Verhaltensst\u00f6rungen aufweisen, m\u00fcssen disqualifiziert werden.<\/li><\/ul><p>\u00a0<\/p><h4><span style=\"color: #008000;\">N.B.<\/span><\/h4><ul><li>R\u00fcden m\u00fcssen zwei offensichtlich normal entwickelte\u00a0\u00a0 Hoden aufweisen, die sich vollst\u00e4ndig im Hodensack befinden.<\/li><li>Zur Zucht sollen ausschlie\u00dflich funktional und klinisch gesunde, rassetypische Hunde verwendet werden.<\/li><\/ul>\t\t\t\t\t\t<\/div>\n\t\t\t\t<\/div>\n\t\t\t\t\t<\/div>\n\t\t<\/div>\n\t\t\t\t<div class=\"elementor-column elementor-col-50 elementor-top-column elementor-element elementor-element-ad82njh\" data-id=\"ad82njh\" data-element_type=\"column\">\n\t\t\t<div class=\"elementor-widget-wrap elementor-element-populated\">\n\t\t\t\t\t\t<div class=\"elementor-element elementor-element-g52y54s elementor-widget elementor-widget-text-editor\" data-id=\"g52y54s\" data-element_type=\"widget\" data-widget_type=\"text-editor.default\">\n\t\t\t\t<div class=\"elementor-widget-container\">\n\t\t\t\t\t\t\t<h4><span style=\"color: #008000;\">Allgemeines Erscheinungsbild<\/span><\/h4><p>Aktiv, lebhaft. Mit Knochenst\u00e4rke und Kraft in kleinem Rahmen, keinesfalls schwerf\u00e4llig oder grob wirkend. Weder hoch noch zu niedrig auf den L\u00e4ufen stehend. Er sollte im Stand wie ein gut gebautes Jagdpferd mit kurzem R\u00fccken aussehen, dabei viel Boden deckend.<\/p><p><a name=\"G_Wesen\"><\/a><\/p><h4><span style=\"color: #008000;\">Verhalten\/Charakter (Wesen)<\/span><\/h4><p>Lebhaft, schnell in der Bewegung, wachsam im Ausdruck, gespannt vor Erwartung. Freundlich, aufgeschlossen und furchtlos.<\/p><p><a name=\"G_Kopf\"><\/a><\/p><h4><span style=\"color: #008000;\">Kopf<\/span><\/h4><p><em><strong>OBERKOPF:<br \/>Sch\u00e4del: <\/strong><\/em>Flach, m\u00e4\u00dfig schmal, zu den Augen hin schmaler werdend.<\/p><p><em><strong>Stopp:<\/strong><\/em> Ein wenig Stopp ist erkennbar.<\/p><p><em><strong>GESICHTSSCH\u00c4DEL<br \/><\/strong><\/em><\/p><p><em><strong> Nasenschwamm:<\/strong><\/em> Schwarz.<\/p><p><strong><em>Fang:<\/em><\/strong> Ober- und Unterkiefer kr\u00e4ftig und muskul\u00f6s und unter den Augen nur geringf\u00fcgig abfallend. Dieser Teil des Vorgesichtes soll fast wie gemei\u00dfelt wirken und nicht in einer geraden Linie keilf\u00f6rmig abfallen.<\/p><p><em><strong>Kiefer\/Z\u00e4hne:<\/strong><\/em> Kr\u00e4ftige Kiefer mit einem perfekten, regelm\u00e4\u00dfigen und vollst\u00e4ndigen Scherengebi\u00df, wobei die obere Schneidezahnreihe ohne Zwischenraum \u00fcber die untere greift und die Z\u00e4hne senkrecht im Kiefer stehen.<\/p><p><em><strong>Backen:<\/strong><\/em> Keinesfalls ausgef\u00fcllt.<\/p><p><em><strong>Augen:<\/strong><\/em> Dunkel, m\u00e4\u00dfig klein, so rund wie m\u00f6glich aber nicht hervorstehend. Ausdruck lebhaft und intelligent.<\/p><p><em><strong>Ohren: <\/strong><\/em>Klein, V-f\u00f6rmig und eng an der Wange nach vorn kippend, nicht seitlich am Kopf herabh\u00e4ngend. Die Kippfalte des Ohres befindet sich oberhalb der Sch\u00e4dellinie. Ohrleder m\u00e4\u00dfig dick.<\/p><p><a name=\"G_Hals\"><\/a><\/p><h4><span style=\"color: #008000;\">HALS<\/span><\/h4><p>Trocken und muskul\u00f6s, ohne Wamme, von passender L\u00e4nge,\u00a0\u00a0 sich zu den Schultern hin allm\u00e4hlich verbreiternd.<\/p><p><a name=\"G_Koerper\"><\/a><\/p><h4><span style=\"color: #008000;\">K\u00d6RPER<\/span><\/h4><p><em><strong>R\u00fccken:<\/strong><\/em> Kurz, gerade und kr\u00e4ftig, ohne Schlaffheit.<\/p><p><em><strong>Lenden:<\/strong><\/em> Kraftvoll; sehr leicht gew\u00f6lbt.<\/p><p><strong><em>Brust:<\/em><\/strong> Tief, nicht breit.<\/p><p><em><strong>Rippen:<\/strong><\/em> Vordere Rippen m\u00e4\u00dfig gew\u00f6lbt, hintere Rippen gut zur\u00fcckreichend.<\/p><p><a name=\"G_Rute\"><\/a><\/p><h4><span style=\"color: #008000;\">RUTE<\/span><\/h4><p>Fr\u00fcher \u00fcblicherweise kupiert. <strong> <br \/>Kupiert:<\/strong> Ziemlich hoch angesetzt und fr\u00f6hlich getragen, jedoch nicht \u00fcber den R\u00fccken gezogen oder geringelt. Von guter St\u00e4rke. <strong> <br \/>Unkupiert:<\/strong> Ziemlich hoch angesetzt und fr\u00f6hlich getragen, jedoch nicht \u00fcber den R\u00fccken gezogen. So gerade wie m\u00f6glich. Rute von m\u00e4\u00dfiger L\u00e4nge, so dass die Gesamterscheinung des Hundes ausgewogen ist.<\/p><p><a name=\"G_Gliedmassen\"><\/a><\/p><h4><span style=\"color: #008000;\">GLIEDMASSEN<\/span><\/h4><p><em><strong>VORDERHAND<\/strong><\/em><\/p><p><em><strong>Schulter:<\/strong><\/em> Lang und schr\u00e4g, gut nach hinten gelagert,\u00a0\u00a0\u00a0\u00a0\u00a0\u00a0\u00a0\u00a0\u00a0\u00a0 fein an den Schultergelenken, klar umrissen am Widerrist.<\/p><p><strong>Unterarm:<\/strong> Aus jedem Blickwinkel m\u00fcssen die Vorderl\u00e4ufe gerade sein, wobei die Kn\u00f6chelpartie wenig oder gar nicht erkennbar ist. Sie sollen von oben bis unten starkknochig sein.<\/p><p><strong>Vorderpfoten:<\/strong> Klein, rund und kompakt. Ballen hart und strapazierf\u00e4hig. Zehen m\u00e4\u00dfig gew\u00f6lbt. Weder nach innen noch nach au\u00dfen gedreht.<\/p><p><em><strong>HINTERHAND<\/strong><\/em><\/p><p><em><strong>Allgemeines:<\/strong><\/em> Kr\u00e4ftig und muskul\u00f6s, nicht abfallend und frei von Schw\u00e4che.<\/p><p><em><strong>Oberschenkel:<\/strong><\/em> Lang und kraftvoll.<\/p><p><em><strong>Kniegelenke:<\/strong><\/em> Gut gewinkelt.<\/p><p><em><strong>Sprunggelenke:<\/strong><\/em>\u00a0 Hacken gut tief stehend.<\/p><p><em><strong>Hinterpfoten:<\/strong><\/em> Klein, rund und kompakt. Ballen hart und strapazierf\u00e4hig. Zehen m\u00e4\u00dfig gew\u00f6lbt. Weder nach innen noch nach au\u00dfen gedreht.<\/p><p><a name=\"G_Gangwerk\"><\/a><\/p><h4><span style=\"color: #008000;\">GANGWERK<\/span><\/h4><p>Vorder- und Hinterl\u00e4ufe bewegen sich geradeaus und parallel zueinander vorw\u00e4rts. Die Ellenbogen bewegen sich parallel zum K\u00f6rper, frei an dessen Seiten arbeitend. Die Kniegelenke drehen weder nach innen noch nach au\u00dfen. Sprunggelenke nicht dicht nebeneinander stehend. Guter Schub kommt aus der geschmeidigen Hinterhand.<\/p><p><a name=\"G_Haarkleid\"><\/a><\/p><h4><span style=\"color: #008000;\">HAARKLEID<\/span><\/h4><p><strong><em>Haar:<\/em><\/strong> Gerade, flach anliegend, glatt, hart, dicht und f\u00fcllig.\u00a0\u00a0\u00a0\u00a0\u00a0\u00a0\u00a0\u00a0\u00a0\u00a0 Weder Bauch noch Innenseite der Schenkel d\u00fcrfen kahl sein.<\/p><p><strong><em>Farbe:<\/em><\/strong> Vorherrschend wei\u00df, entweder einfarbig wei\u00df, wei\u00df mit lohfarbenen, schwarz mit lohfarbenen oder schwarzen Abzeichen. Gestromte, rote oder leberbraune Abzeichen sind h\u00f6chst unerw\u00fcnscht.<\/p><p><a name=\"G_Gewicht\"><\/a><\/p><h4><span style=\"color: #008000;\">GR\u00d6SSE UND GEWICHT<br \/><\/span><\/h4><p><strong>Widerristh\u00f6he: Bei R\u00fcden nicht \u00fcber 39 cm, Bei H\u00fcndinnen etwas weniger.<\/strong><\/p><p>Gewicht:<\/p><p>R\u00fcden<em><strong>:<\/strong><\/em> 7.5 kg bis 8 kg H\u00fcndinnen<em><strong>:<\/strong><\/em> 7 kg bis 7.5 kg<\/p><p><a name=\"G_Fehler\"><\/a><\/p><h4><span style=\"color: #008000;\">FEHLER<\/span><\/h4><p>Jede Abweichung von den vorgenannten Punkten muss als Fehler angesehen werden, dessen Bewertung in genauem Verh\u00e4ltnis zum Grad der Abweichung stehen sollte und dessen Einfluss auf die Gesundheit und das Wohlbefinden des Hundes zu beachten ist und seine F\u00e4higkeit, die verlangte rassetypische Arbeit zu erbringen.<\/p><p><a name=\"G_NB\"><\/a><\/p><h4><span style=\"color: #008000;\">DISQUALIFIZIERENDE Fehler<\/span><\/h4><ul><li>Aggressive oder \u00fcberm\u00e4ssig \u00e4ngstliche Hunde<\/li><li>Hunde, die deutlich physische Abnormalit\u00e4ten oder Verhaltensst\u00f6rungen aufweisen, m\u00fcssen disqualifiziert werden.<\/li><\/ul><h4>\u00a0<\/h4><h4><span style=\"color: #008000;\">N.B.<\/span><\/h4><ul><li>R\u00fcden m\u00fcssen zwei offensichtlich normal entwickelte\u00a0\u00a0 Hoden aufweisen, die sich vollst\u00e4ndig im Hodensack befinden.<\/li><li>Zur Zucht sollen ausschlie\u00dflich funktional und klinisch gesunde, rassetypische Hunde verwendet werden.<\/li><\/ul>\t\t\t\t\t\t<\/div>\n\t\t\t\t<\/div>\n\t\t\t\t\t<\/div>\n\t\t<\/div>\n\t\t\t\t\t<\/div>\n\t\t<\/section>\n\t\t\t\t<\/div>\n\t\t","protected":false},"excerpt":{"rendered":"<p>Kurzfassung Aktiv und lebhaft; freundlich, aufgeschlossen und furchtlos. Er steht bei kurzem R\u00fccken \u00fcber viel Boden. Langer, schmaler Kopf, kleine,[&#8230;]<\/p>\n","protected":false},"author":4,"featured_media":0,"parent":48,"menu_order":0,"comment_status":"open","ping_status":"closed","template":"template-fullwidth.php","meta":{"footnotes":""},"class_list":["post-263","page","type-page","status-publish","hentry"],"_links":{"self":[{"href":"https:\/\/foxterrier-verband.de\/index.php?rest_route=\/wp\/v2\/pages\/263","targetHints":{"allow":["GET"]}}],"collection":[{"href":"https:\/\/foxterrier-verband.de\/index.php?rest_route=\/wp\/v2\/pages"}],"about":[{"href":"https:\/\/foxterrier-verband.de\/index.php?rest_route=\/wp\/v2\/types\/page"}],"author":[{"embeddable":true,"href":"https:\/\/foxterrier-verband.de\/index.php?rest_route=\/wp\/v2\/users\/4"}],"replies":[{"embeddable":true,"href":"https:\/\/foxterrier-verband.de\/index.php?rest_route=%2Fwp%2Fv2%2Fcomments&post=263"}],"version-history":[{"count":20,"href":"https:\/\/foxterrier-verband.de\/index.php?rest_route=\/wp\/v2\/pages\/263\/revisions"}],"predecessor-version":[{"id":11387,"href":"https:\/\/foxterrier-verband.de\/index.php?rest_route=\/wp\/v2\/pages\/263\/revisions\/11387"}],"up":[{"embeddable":true,"href":"https:\/\/foxterrier-verband.de\/index.php?rest_route=\/wp\/v2\/pages\/48"}],"wp:attachment":[{"href":"https:\/\/foxterrier-verband.de\/index.php?rest_route=%2Fwp%2Fv2%2Fmedia&parent=263"}],"curies":[{"name":"wp","href":"https:\/\/api.w.org\/{rel}","templated":true}]}}