{"id":29,"date":"2013-10-14T07:11:59","date_gmt":"2013-10-14T05:11:59","guid":{"rendered":"https:\/\/www.foxterrier-verband.de\/?page_id=29"},"modified":"2013-12-14T12:47:35","modified_gmt":"2013-12-14T10:47:35","slug":"zuchtbuecher","status":"publish","type":"page","link":"https:\/\/foxterrier-verband.de\/?page_id=29","title":{"rendered":"Zuchtb\u00fccher"},"content":{"rendered":"<p>In K\u00fcrze k\u00f6nnen Sie hier online in die Zuchtb\u00fccher des DFV Einblick nehmen.<\/p>\n<p>&nbsp;<\/p>\n<p>&nbsp;<\/p>\n<p><strong>Vorr\u00e4tig sind zur Zeit noch die Zuchtb\u00fccher als Jahrbuch\u00a0f\u00fcr die\u00a0Jahre:<\/strong><\/p>\n<p><strong> 1951\/53 &#8211; 1957<\/strong><br \/>\n<strong> 1960 &#8211; 1963 und 1966<\/strong><br \/>\n<strong> 1981 &#8211; 1985 und 1988 &#8211; 1989<\/strong><br \/>\n<strong> 1990 &#8211; 1991 und 1994 &#8211; 1999<\/strong><\/p>\n<p><strong>\u00a0Diese Ausgaben k\u00f6nnen Sie in der Gesch\u00e4ftsstelle bestellen: \u00a0<a href=\"http:\/\/www.foxterrier-verband.de\/?page_id=50\">dfv@foxterrier-verband.de<\/a> <\/strong><\/p>\n","protected":false},"excerpt":{"rendered":"<p>In K\u00fcrze k\u00f6nnen Sie hier online in die Zuchtb\u00fccher des DFV Einblick nehmen. &nbsp; &nbsp; Vorr\u00e4tig sind zur Zeit noch[&#8230;]<\/p>\n","protected":false},"author":4,"featured_media":0,"parent":7,"menu_order":35,"comment_status":"open","ping_status":"closed","template":"","meta":{"footnotes":""},"class_list":["post-29","page","type-page","status-publish","hentry"],"_links":{"self":[{"href":"https:\/\/foxterrier-verband.de\/index.php?rest_route=\/wp\/v2\/pages\/29","targetHints":{"allow":["GET"]}}],"collection":[{"href":"https:\/\/foxterrier-verband.de\/index.php?rest_route=\/wp\/v2\/pages"}],"about":[{"href":"https:\/\/foxterrier-verband.de\/index.php?rest_route=\/wp\/v2\/types\/page"}],"author":[{"embeddable":true,"href":"https:\/\/foxterrier-verband.de\/index.php?rest_route=\/wp\/v2\/users\/4"}],"replies":[{"embeddable":true,"href":"https:\/\/foxterrier-verband.de\/index.php?rest_route=%2Fwp%2Fv2%2Fcomments&post=29"}],"version-history":[{"count":6,"href":"https:\/\/foxterrier-verband.de\/index.php?rest_route=\/wp\/v2\/pages\/29\/revisions"}],"predecessor-version":[{"id":1590,"href":"https:\/\/foxterrier-verband.de\/index.php?rest_route=\/wp\/v2\/pages\/29\/revisions\/1590"}],"up":[{"embeddable":true,"href":"https:\/\/foxterrier-verband.de\/index.php?rest_route=\/wp\/v2\/pages\/7"}],"wp:attachment":[{"href":"https:\/\/foxterrier-verband.de\/index.php?rest_route=%2Fwp%2Fv2%2Fmedia&parent=29"}],"curies":[{"name":"wp","href":"https:\/\/api.w.org\/{rel}","templated":true}]}}