{"id":4340,"date":"2015-03-02T14:43:24","date_gmt":"2015-03-02T12:43:24","guid":{"rendered":"https:\/\/www.foxterrier-verband.de\/?page_id=4340"},"modified":"2026-02-15T12:34:03","modified_gmt":"2026-02-15T10:34:03","slug":"versammlungen-der-ogpg","status":"publish","type":"page","link":"https:\/\/foxterrier-verband.de\/?page_id=4340","title":{"rendered":"Versammlungen der Regionalgruppen"},"content":{"rendered":"\t\t<div data-elementor-type=\"wp-page\" data-elementor-id=\"4340\" class=\"elementor elementor-4340\">\n\t\t\t\t\t\t<section class=\"elementor-section elementor-top-section elementor-element elementor-element-1b6427d elementor-section-boxed elementor-section-height-default elementor-section-height-default\" data-id=\"1b6427d\" data-element_type=\"section\">\n\t\t\t\t\t\t<div class=\"elementor-container elementor-column-gap-default\">\n\t\t\t\t\t<div class=\"elementor-column elementor-col-100 elementor-top-column elementor-element elementor-element-33ae2f2\" data-id=\"33ae2f2\" data-element_type=\"column\">\n\t\t\t<div class=\"elementor-widget-wrap elementor-element-populated\">\n\t\t\t\t\t\t<div class=\"elementor-element elementor-element-fc20cc4 elementor-widget elementor-widget-text-editor\" data-id=\"fc20cc4\" data-element_type=\"widget\" data-widget_type=\"text-editor.default\">\n\t\t\t\t<div class=\"elementor-widget-container\">\n\t\t\t\t\t\t\t<p>hier finden Sie die Einladungen f\u00fcr die Jahreshauptversammlungen der Regionalgruppen<\/p>\t\t\t\t\t\t<\/div>\n\t\t\t\t<\/div>\n\t\t\t\t\t<\/div>\n\t\t<\/div>\n\t\t\t\t\t<\/div>\n\t\t<\/section>\n\t\t\t\t<section class=\"elementor-section elementor-top-section elementor-element elementor-element-bc95a01 elementor-section-boxed elementor-section-height-default elementor-section-height-default\" data-id=\"bc95a01\" data-element_type=\"section\">\n\t\t\t\t\t\t<div class=\"elementor-container elementor-column-gap-default\">\n\t\t\t\t\t<div class=\"elementor-column elementor-col-50 elementor-top-column elementor-element elementor-element-da2dc3a\" data-id=\"da2dc3a\" data-element_type=\"column\">\n\t\t\t<div class=\"elementor-widget-wrap elementor-element-populated\">\n\t\t\t\t\t\t<div class=\"elementor-element elementor-element-bbda574 elementor-widget elementor-widget-text-editor\" data-id=\"bbda574\" data-element_type=\"widget\" data-widget_type=\"text-editor.default\">\n\t\t\t\t<div class=\"elementor-widget-container\">\n\t\t\t\t\t\t\t<div class=\"elementor-column elementor-col-50 elementor-top-column elementor-element elementor-element-1d8d316\" data-id=\"1d8d316\" data-element_type=\"column\">\n<div class=\"elementor-widget-wrap elementor-element-populated\" style=\"text-align: left;\">\n<div class=\"elementor-element elementor-element-6a389c5 elementor-widget elementor-widget-text-editor\" data-id=\"6a389c5\" data-element_type=\"widget\" data-widget_type=\"text-editor.default\">\n<h4>Einladung zur Jahreshauptversammlung 2026<\/h4>\n<h4>der Foxterrier Gruppe Achern\/Ortenau im DFV e.V.<\/h4>\n<p><strong>am Sonntag, 29. M\u00e4rz 2026<\/strong><\/p>\n<p><strong>in 77866 Rheinau<\/strong><\/p>\n<p><strong>Bahnhofstra\u00dfe 18<\/strong><\/p>\n<p><strong>Gasthof Waldhorn<\/strong> T: 07844 868 www.zumwaldhorn.de<\/p>\n<p><em>Versammlungsform: Pr\u00e4senz<\/em><\/p>\n<p>Anlass: Neuwahl des 1. Und 2. Vorstands<\/p>\n<p><strong>Beginn: 11:30 &#8211; 12:30 Uhr<\/strong><\/p>\n<p><strong>Tagesordnung<\/strong><\/p>\n<p>1. Begr\u00fc\u00dfung<br \/>2. Verlesen der Tagesordnung und Feststellung der Beschlussf\u00e4higkeit<br \/>3. Verlesen des letzten Protokolls<br \/>4. Bericht des kommissarischen Gesch\u00e4ftsf\u00fchrers<br \/>5. Bericht des Zuchtwart<br \/>6. Kassenbericht W. Back<br \/>7. Bericht der Kassenpr\u00fcfer<br \/>8. Entlastung des kommissarischen Vorstands und der Kasse<br \/>9. Neuwahl: 1. und 2. Vorstand<br \/>10. Antr\u00e4ge bitte bis 20.03.2026 an den kommissarischen Gesch\u00e4ftsf\u00fchrer<br \/>11. Verschiedenes\/Sonstiges<\/p>\n<p>Ich bitte alle Mitglieder, ihre <strong>Teilnahme bis sp\u00e4testens 25.03.2026<\/strong> per WhatsApp oder E-Mail an kontakt@wilfried-back.de zu best\u00e4tigen, damit das Gasthaus die Raumplanung entsprechend vornehmen kann.<\/p>\n<p>Es wird ausdr\u00fccklich darauf hingewiesen, dass diese Mitgliederversammlung ohne R\u00fccksicht auf die Zahl der erschienenen Mitglieder beschlussf\u00e4hig sein wird.<\/p>\n<p><span style=\"text-decoration: underline;\"><strong>Um zahlreiches und p\u00fcnktliches Erscheinen wird gebeten.<\/strong><\/span><\/p>\n<p><strong><em>Wilfried Back<\/em><\/strong><\/p>\n<p><strong><em>Kom. Gesch\u00e4ftsf\u00fchrer<\/em><\/strong><\/p>\n<p>kontakt@wilfried-back.de<\/p>\n<p>Tel. 0151-169 25 225<\/p>\n<\/div>\n<\/div>\n<\/div>\t\t\t\t\t\t<\/div>\n\t\t\t\t<\/div>\n\t\t\t\t\t<\/div>\n\t\t<\/div>\n\t\t\t\t<div class=\"elementor-column elementor-col-50 elementor-top-column elementor-element elementor-element-8062348\" data-id=\"8062348\" data-element_type=\"column\">\n\t\t\t<div class=\"elementor-widget-wrap elementor-element-populated\">\n\t\t\t\t\t\t<div class=\"elementor-element elementor-element-e576f92 elementor-widget elementor-widget-text-editor\" data-id=\"e576f92\" data-element_type=\"widget\" data-widget_type=\"text-editor.default\">\n\t\t\t\t<div class=\"elementor-widget-container\">\n\t\t\t\t\t\t\t<h4>Einladung zu anschlie\u00dfender \u201eau\u00dferordentlichen Mitgliederversammlung\u201c 2026<\/h4><p>der Foxterrier Gruppe Achern\/Ortenau im DFV e.V.<br \/><br \/><span style=\"text-decoration: underline; color: #ff0000;\"><strong>Grund: Aufl\u00f6sung der Foxterrier Gruppe Achern\/Ortenau, sollte in der<\/strong><\/span><\/p><p><span style=\"text-decoration: underline; color: #ff0000;\"><strong>vorausgegangenen Hauptversammlung keine Vorstandschaft zustande kommen.<\/strong><\/span><\/p><p>Liebe Mitglieder,<\/p><p>die Foxterrier Gruppe Achern\/Ortenau im DFV e.V. l\u00e4dt zur au\u00dferordentlichen Mitgliederversammlung <strong>am Sonntag, 29. M\u00e4rz 2026 von 13:<\/strong><span style=\"font-size: 1.0625rem;\"><strong>30 \u2013 15:00 Uhr im Gasthof Waldhorn, Bahnhofstra\u00dfe 18, 77866 Rheinau<\/strong> ein.<\/span><\/p><p><em>Versammlungsform: Pr\u00e4senz<\/em><\/p><p><strong>Anlass: Aufl\u00f6sung der Foxterrier Gruppe Achern\/Ortenau im DFV e.V.<\/strong><\/p><p><strong>Tagesordnung:<\/strong><\/p><p>1. Er\u00f6ffnung und Begr\u00fc\u00dfung<br \/>2. Feststellung der ordnungsgem\u00e4\u00dfen Einladung &amp; Beschlussf\u00e4higkeit<br \/>3. Genehmigung der Tagesordnung<br \/>4. Wahl eines Protokollf\u00fchrers<br \/>5. Kurzer Sachstandsbericht<br \/>6. Abstimmung zur Aufl\u00f6sung<br \/>7. Schlusswort<\/p><p>Es wird ausdr\u00fccklich darauf hingewiesen, dass diese nun auf den 29. M\u00e4rz 2026 einberufene au\u00dferordentliche Mitgliederversammlung ohne R\u00fccksicht auf die Zahl der erschienenen Mitglieder beschlussf\u00e4hig sein wird.<\/p><p>Teilnahme:<\/p><p><span style=\"text-decoration: underline;\"><strong>Alle Mitglieder sind herzlich eingeladen &#8211; um zahlreiches und p\u00fcnktliches Erscheinen wird gebeten.<\/strong><\/span><\/p><p>Mit freundlichen Gr\u00fc\u00dfen<\/p><p><em><strong>Wilfried Back<\/strong><\/em><\/p><p><em><strong>Kom. Gesch\u00e4ftsf\u00fchrer<\/strong><\/em><\/p><p>kontakt@wilfried-back.de<\/p><p>Tel. 0151-169 25 225<\/p>\t\t\t\t\t\t<\/div>\n\t\t\t\t<\/div>\n\t\t\t\t\t<\/div>\n\t\t<\/div>\n\t\t\t\t\t<\/div>\n\t\t<\/section>\n\t\t\t\t<section class=\"elementor-section elementor-top-section elementor-element elementor-element-dde2bdd elementor-section-boxed elementor-section-height-default elementor-section-height-default\" data-id=\"dde2bdd\" data-element_type=\"section\">\n\t\t\t\t\t\t<div class=\"elementor-container elementor-column-gap-default\">\n\t\t\t\t\t<div class=\"elementor-column elementor-col-50 elementor-top-column elementor-element elementor-element-d57a2bc\" data-id=\"d57a2bc\" data-element_type=\"column\">\n\t\t\t<div class=\"elementor-widget-wrap elementor-element-populated\">\n\t\t\t\t\t\t<div class=\"elementor-element elementor-element-15ee7c0 elementor-widget elementor-widget-text-editor\" data-id=\"15ee7c0\" data-element_type=\"widget\" data-widget_type=\"text-editor.default\">\n\t\t\t\t<div class=\"elementor-widget-container\">\n\t\t\t\t\t\t\t<p><strong>Jahreshauptversammlung 2026 der Regionalgruppe W\u00fcrttemberg Hohenlohe in der AG S\u00fcdwest des DFV<\/strong><\/p><p>Zu unserer Jahreshauptversammlung (JHV) 2026 der Regionalgruppe W\u00fcrttemberg Hohenlohe (RGWH) in der Arbeitsgemeinschaft S\u00fcdwest des DFV e. V. laden wir hiermit herzlich ein.<\/p><p><strong>Termin: Sonntag, den 08.03.2026, um 10.30 Uhr<\/strong><\/p><p>Ort: <br \/>&#8216;<strong>Gastst\u00e4tte \/ Landhotel &#8220;Die Krone am Fluss&#8221;<\/strong><br \/><strong>Untere Str. 2<\/strong><br \/><strong>74670 Sindringen<\/strong><\/p><p><strong>Tagesordnung:<\/strong><\/p><p>1. Begr\u00fc\u00dfung, Tagesordnung und Totenehrung<br \/>2. Feststellung der satzungsgem\u00e4\u00dfen Einberufung und der Beschlussf\u00e4higkeit der Versammlung<br \/>3. Protokoll der JHV von 2025<br \/>4. Bericht des 1. Vorsitzenden<br \/>5. Bericht des Kassenf\u00fchrer<br \/>6. Bericht der Kassenpr\u00fcfer<br \/>7. Aussprache zu den vorgetragenen Berichten und anschlie\u00dfend<br \/>Entlastung der Kasse und des Vorstands<br \/>8. Wahl der Kassenpr\u00fcfer<br \/>9. Wahl des\/der Stellvertr. Vorsitzende\/n f\u00fcr die restliche Wahlperiode<br \/>10. Geplante Aktivit\u00e4ten, Termine und Pr\u00fcfungen in 2026<br \/>11. Aktuelle Themen des DFV und JGHV<br \/>12. Antr\u00e4ge (m\u00fcssen schriftlich beim Vorsitzenden bis 14 Tage vor der Veranstaltung eingehen)<br \/>13. Sonstiges<\/p><p>Wir freuen uns auch \u00fcber die Teilnahme von G\u00e4sten an dieser Versammlung.<\/p><p>Im Anschluss findet die JHV des Vereins JFWH e.V. am gleichen Ort, statt.<\/p><p><strong>Robert Gerster, 1. Vorsitzender<\/strong><\/p>\t\t\t\t\t\t<\/div>\n\t\t\t\t<\/div>\n\t\t\t\t\t<\/div>\n\t\t<\/div>\n\t\t\t\t<div class=\"elementor-column elementor-col-50 elementor-top-column elementor-element elementor-element-85ce09a\" data-id=\"85ce09a\" data-element_type=\"column\">\n\t\t\t<div class=\"elementor-widget-wrap elementor-element-populated\">\n\t\t\t\t\t\t<div class=\"elementor-element elementor-element-0e2c4ad elementor-widget elementor-widget-text-editor\" data-id=\"0e2c4ad\" data-element_type=\"widget\" data-widget_type=\"text-editor.default\">\n\t\t\t\t<div class=\"elementor-widget-container\">\n\t\t\t\t\t\t\t<blockquote><div data-olk-copy-source=\"MessageBody\"><strong>Einladung zur Jahreshauptversammlung der RG Franken\/Oberpfalz<\/strong><br \/><br \/><br \/>Termin: <strong>19.04.2026, Beginn 13:00 Uhr<\/strong><br \/><br \/>Ort: <br \/><strong>Gasthaus Rotes Ross<\/strong><br \/><strong> Wilhermsdorfer Str. 15<\/strong><br \/><strong>90579 Langenzenn<\/strong><br \/><br \/><strong>Tagesordnung:<\/strong><br \/><br \/>1.Begr\u00fc\u00dfung\/Totengedenken<br \/>2.Verlesen der letzten Niederschrift<br \/>3.Bericht der 1.Vorsitzenden<br \/>4.Kassenbericht<br \/>5.Bericht der Kassenpr\u00fcfer<br \/>6.Entlastung der Kasse<br \/>7.Entlastung der Vorstandschaft<br \/>8.Antr\u00e4ge<br \/>9.Verschiedenes<br \/><br \/>Antr\u00e4ge senden Sie bitte bis 05.04.2026 an die Vorsitzende<br \/><br \/><br \/><strong>Stephanie Amm<\/strong><br \/><br \/><strong>1.Vorsitzende der RG Franken\/Oberpfalz<\/strong><\/div><\/blockquote>\t\t\t\t\t\t<\/div>\n\t\t\t\t<\/div>\n\t\t\t\t\t<\/div>\n\t\t<\/div>\n\t\t\t\t\t<\/div>\n\t\t<\/section>\n\t\t\t\t<\/div>\n\t\t","protected":false},"excerpt":{"rendered":"<p>hier finden Sie die Einladungen f\u00fcr die Jahreshauptversammlungen der Regionalgruppen Einladung zur Jahreshauptversammlung 2026 der Foxterrier Gruppe Achern\/Ortenau im DFV[&#8230;]<\/p>\n","protected":false},"author":5,"featured_media":0,"parent":0,"menu_order":0,"comment_status":"closed","ping_status":"closed","template":"","meta":{"footnotes":""},"class_list":["post-4340","page","type-page","status-publish","hentry"],"_links":{"self":[{"href":"https:\/\/foxterrier-verband.de\/index.php?rest_route=\/wp\/v2\/pages\/4340","targetHints":{"allow":["GET"]}}],"collection":[{"href":"https:\/\/foxterrier-verband.de\/index.php?rest_route=\/wp\/v2\/pages"}],"about":[{"href":"https:\/\/foxterrier-verband.de\/index.php?rest_route=\/wp\/v2\/types\/page"}],"author":[{"embeddable":true,"href":"https:\/\/foxterrier-verband.de\/index.php?rest_route=\/wp\/v2\/users\/5"}],"replies":[{"embeddable":true,"href":"https:\/\/foxterrier-verband.de\/index.php?rest_route=%2Fwp%2Fv2%2Fcomments&post=4340"}],"version-history":[{"count":150,"href":"https:\/\/foxterrier-verband.de\/index.php?rest_route=\/wp\/v2\/pages\/4340\/revisions"}],"predecessor-version":[{"id":24453,"href":"https:\/\/foxterrier-verband.de\/index.php?rest_route=\/wp\/v2\/pages\/4340\/revisions\/24453"}],"wp:attachment":[{"href":"https:\/\/foxterrier-verband.de\/index.php?rest_route=%2Fwp%2Fv2%2Fmedia&parent=4340"}],"curies":[{"name":"wp","href":"https:\/\/api.w.org\/{rel}","templated":true}]}}