{"id":4442,"date":"2015-03-11T16:24:25","date_gmt":"2015-03-11T14:24:25","guid":{"rendered":"https:\/\/www.foxterrier-verband.de\/?page_id=4442"},"modified":"2015-07-29T10:41:17","modified_gmt":"2015-07-29T08:41:17","slug":"hotelliste-moritzburg","status":"publish","type":"page","link":"https:\/\/foxterrier-verband.de\/?page_id=4442","title":{"rendered":"Hotelliste Moritzburg"},"content":{"rendered":"<p><span style=\"color: #000000;\">hier finden Sie Hotels\/ Pensionen und \u00dcbernachtungsm\u00f6glichkeiten f\u00fcr die European Winner Show 2015 in Moritzburg. Bei reservierung per Telefon, Fax oder Email nennen Sie bitte das Kennwort &#8220;Foxterrier&#8221;. Einige Hotels haben nur eine begrenzte Anzahl von Zimmern in denen Hunde erlaubt sind. Bitte unbedingt an geben.<\/span><br \/>\n<!--1367e76c7604cd9d--><\/p>\n<table>\n<tbody>\n<tr>\n<td><a href=\"http:\/\/www.foxterrier-verband.de\/wp-content\/uploads\/2015\/03\/pension-br\u00e4uer.jpg\"><img decoding=\"async\" class=\"alignnone size-full wp-image-4447\" src=\"http:\/\/www.foxterrier-verband.de\/wp-content\/uploads\/2015\/03\/pension-br\u00e4uer.jpg\" alt=\"pension-br\u00e4uer\" width=\"228\" height=\"153\" srcset=\"https:\/\/foxterrier-verband.de\/wp-content\/uploads\/2015\/03\/pension-br\u00e4uer.jpg 228w, https:\/\/foxterrier-verband.de\/wp-content\/uploads\/2015\/03\/pension-br\u00e4uer-220x148.jpg 220w, https:\/\/foxterrier-verband.de\/wp-content\/uploads\/2015\/03\/pension-br\u00e4uer-187x125.jpg 187w, https:\/\/foxterrier-verband.de\/wp-content\/uploads\/2015\/03\/pension-br\u00e4uer-140x94.jpg 140w\" sizes=\"(max-width: 228px) 100vw, 228px\" \/><\/a><\/td>\n<td><strong><span style=\"color: #000000;\">Pension Br\u00e4uer<br \/>\n<\/span><\/strong><span style=\"color: #000000;\">K\u00f6tzschenbrodaer Str. 30<\/span><br \/>\n<span style=\"color: #000000;\">01468 Moritzburg<br \/>\n<\/span><span style=\"color: #ff0000;\">noch 7 Zimmer verf\u00fcgbar!<\/span><\/td>\n<td><span style=\"color: #000000;\">Tel.: 0049-(0)35207-81213<\/span><br \/>\n<span style=\"color: #000000;\">Fax: 0049-(0)-35207-89785<\/span><br \/>\n<span style=\"color: #000000;\">Email:<\/span> <a href=\"mailto:info@pension-braeuer.de\" target=\"_blank\">info@pension-braeuer.de<\/a><br \/>\n<span style=\"color: #000000;\">Web:<\/span> <a href=\"www.pension-braeuer.de\" target=\"_blank\">www.pension-braeuer.de<\/a><\/td>\n<\/tr>\n<tr>\n<td><a href=\"http:\/\/www.foxterrier-verband.de\/wp-content\/uploads\/2015\/03\/Landhaus.jpg\"><img decoding=\"async\" class=\"alignnone size-thumbnail wp-image-4444\" src=\"http:\/\/www.foxterrier-verband.de\/wp-content\/uploads\/2015\/03\/Landhaus-150x150.jpg\" alt=\"Landhaus\" width=\"150\" height=\"150\" srcset=\"https:\/\/foxterrier-verband.de\/wp-content\/uploads\/2015\/03\/Landhaus-150x150.jpg 150w, https:\/\/foxterrier-verband.de\/wp-content\/uploads\/2015\/03\/Landhaus-75x75.jpg 75w, https:\/\/foxterrier-verband.de\/wp-content\/uploads\/2015\/03\/Landhaus-184x184.jpg 184w\" sizes=\"(max-width: 150px) 100vw, 150px\" \/><\/a><\/td>\n<td><strong><span style=\"color: #000000;\">Hotel Landhaus<br \/>\n<\/span><\/strong><span style=\"color: #000000;\">Schlossallee 37 A<\/span><br \/>\n<span style=\"color: #000000;\">01468 Moritzburg<\/span><\/td>\n<td><span style=\"color: #000000;\">Tel.: 0049-(0)35207-89690<\/span><br \/>\n<span style=\"color: #000000;\">Fax: 0049-(0)35207-896919<\/span><br \/>\n<span style=\"color: #000000;\">Email:<\/span> <a href=\"mailto:landhaus.moritzburg@gmx.de\">landhaus.moritzburg@gmx.de<\/a><br \/>\n<span style=\"color: #000000;\">Web:<\/span> <a href=\"http:\/\/www.landhaus-moritzburg.de\" target=\"_blank\">www.landhaus-moritzburg<\/a><\/td>\n<\/tr>\n<tr>\n<td><a href=\"http:\/\/www.foxterrier-verband.de\/wp-content\/uploads\/2015\/03\/Kurhaus.jpg\"><img decoding=\"async\" class=\"alignnone size-medium wp-image-4445\" src=\"http:\/\/www.foxterrier-verband.de\/wp-content\/uploads\/2015\/03\/Kurhaus-300x117.jpg\" alt=\"OLYMPUS DIGITAL CAMERA\" width=\"300\" height=\"117\" srcset=\"https:\/\/foxterrier-verband.de\/wp-content\/uploads\/2015\/03\/Kurhaus-300x117.jpg 300w, https:\/\/foxterrier-verband.de\/wp-content\/uploads\/2015\/03\/Kurhaus-220x86.jpg 220w, https:\/\/foxterrier-verband.de\/wp-content\/uploads\/2015\/03\/Kurhaus-187x73.jpg 187w, https:\/\/foxterrier-verband.de\/wp-content\/uploads\/2015\/03\/Kurhaus-453x177.jpg 453w, https:\/\/foxterrier-verband.de\/wp-content\/uploads\/2015\/03\/Kurhaus.jpg 900w\" sizes=\"(max-width: 300px) 100vw, 300px\" \/><\/a><\/td>\n<td><strong><span style=\"color: #000000;\">Kurhotel im L\u00f6\u00dfnitzgrund<br \/>\n<\/span><\/strong><span style=\"color: #000000;\">L\u00f6ssnitzgrundstrasse 101<\/span><br \/>\n<span style=\"color: #000000;\">01468 Moritzburg<\/span><\/td>\n<td><span style=\"color: #000000;\">Tel.: 0049-(0)351-8387777<\/span><br \/>\n<span style=\"color: #000000;\">Fax: 0049-(0)351-8339940<\/span><br \/>\n<span style=\"color: #000000;\">Email:<\/span> <a href=\"mailto:briefkasten@bilz-kurhotel.de?subject=briefkasten%40bilz-kurhotel.de\">briefkasten@bilz-kurhotel.de<\/a><br \/>\n<span style=\"color: #000000;\">Web:<\/span> <a href=\"www.bilz-kurhaus.de\" target=\"_blank\">www.bilz-kurhaus.de<\/a><\/td>\n<\/tr>\n<tr>\n<td><a href=\"http:\/\/www.foxterrier-verband.de\/wp-content\/uploads\/2015\/03\/Sonnenhof.jpg\"><img loading=\"lazy\" decoding=\"async\" class=\"alignnone size-medium wp-image-4446\" src=\"http:\/\/www.foxterrier-verband.de\/wp-content\/uploads\/2015\/03\/Sonnenhof-300x146.jpg\" alt=\"Sonnenhof\" width=\"300\" height=\"146\" srcset=\"https:\/\/foxterrier-verband.de\/wp-content\/uploads\/2015\/03\/Sonnenhof-300x146.jpg 300w, https:\/\/foxterrier-verband.de\/wp-content\/uploads\/2015\/03\/Sonnenhof-220x107.jpg 220w, https:\/\/foxterrier-verband.de\/wp-content\/uploads\/2015\/03\/Sonnenhof-187x91.jpg 187w, https:\/\/foxterrier-verband.de\/wp-content\/uploads\/2015\/03\/Sonnenhof-453x221.jpg 453w, https:\/\/foxterrier-verband.de\/wp-content\/uploads\/2015\/03\/Sonnenhof.jpg 550w\" sizes=\"(max-width: 300px) 100vw, 300px\" \/><\/a><\/td>\n<td><strong><span style=\"color: #000000;\">Hotel Garni Sonnenhof<br \/>\n<\/span><\/strong><span style=\"color: #000000;\">August-Bebel-Str. 69<\/span><br \/>\n<span style=\"color: #000000;\">01468 Moritzburg OT Reichenberg<\/span><\/td>\n<td><span style=\"color: #000000;\">Tel.: 0351-(0)351-8305527<\/span><br \/>\n<span style=\"color: #000000;\">Fax: 0351-(0)351-8305469<\/span><br \/>\n<span style=\"color: #000000;\">Email:<\/span> <a href=\"info@hotelgarnisonnenhof.de%20\" target=\"_blank\">info@hotelgarnisonnenhof.de <\/a><br \/>\n<span style=\"color: #000000;\">Web:<\/span> <a href=\"www.hotelgarnisonnenhof.de%20\" target=\"_blank\">www.hotelgarnisonnenhof.de <\/a><\/td>\n<\/tr>\n<tr>\n<td><a href=\"http:\/\/www.foxterrier-verband.de\/wp-content\/uploads\/2015\/03\/Posthalterei.jpg\"><img loading=\"lazy\" decoding=\"async\" class=\"alignnone size-full wp-image-4448\" src=\"http:\/\/www.foxterrier-verband.de\/wp-content\/uploads\/2015\/03\/Posthalterei.jpg\" alt=\"Posthalterei\" width=\"240\" height=\"160\" srcset=\"https:\/\/foxterrier-verband.de\/wp-content\/uploads\/2015\/03\/Posthalterei.jpg 240w, https:\/\/foxterrier-verband.de\/wp-content\/uploads\/2015\/03\/Posthalterei-220x147.jpg 220w, https:\/\/foxterrier-verband.de\/wp-content\/uploads\/2015\/03\/Posthalterei-187x125.jpg 187w, https:\/\/foxterrier-verband.de\/wp-content\/uploads\/2015\/03\/Posthalterei-140x94.jpg 140w\" sizes=\"(max-width: 240px) 100vw, 240px\" \/><\/a><\/td>\n<td><strong><span style=\"color: #000000;\">Pension Alte Posthalterei<br \/>\n<\/span><\/strong><span style=\"color: #000000;\">Bahnhofstr. 1<\/span><br \/>\n<span style=\"color: #000000;\">01468 Moritzburg<\/span><\/td>\n<td><span style=\"color: #000000;\">Tel.: 0049-(0)35207-81103<\/span><br \/>\n<span style=\"color: #000000;\">Tel.: 0049-(0)172-9330408<\/span><br \/>\n<span style=\"color: #000000;\">Fax: 0049-(0)35207-81105<\/span><br \/>\n<span style=\"color: #000000;\">Email:<\/span> <a href=\"mailto:alte-posthalterei@web.de\" target=\"_blank\">alte-posthalterei@web.de<\/a><br \/>\n<span style=\"color: #000000;\">Web:<\/span> <a href=\"www.pension-alte-posthalterei.de\" target=\"_blank\">www.pension-alte-posthalterei.de<\/a><\/td>\n<\/tr>\n<tr>\n<td><a href=\"http:\/\/www.foxterrier-verband.de\/wp-content\/uploads\/2015\/03\/Pension-Marlis.jpg\"><img loading=\"lazy\" decoding=\"async\" class=\"alignnone  wp-image-4449\" src=\"http:\/\/www.foxterrier-verband.de\/wp-content\/uploads\/2015\/03\/Pension-Marlis.jpg\" alt=\"Pension Marlis\" width=\"178\" height=\"214\" srcset=\"https:\/\/foxterrier-verband.de\/wp-content\/uploads\/2015\/03\/Pension-Marlis.jpg 200w, https:\/\/foxterrier-verband.de\/wp-content\/uploads\/2015\/03\/Pension-Marlis-187x225.jpg 187w\" sizes=\"(max-width: 178px) 100vw, 178px\" \/><\/a><\/td>\n<td><strong><span style=\"color: #000000;\">Pension Marlis<br \/>\n<\/span><\/strong><span style=\"color: #000000;\">August-Bebel-Str. 86<\/span><br \/>\n<span style=\"color: #000000;\">01468 Moritzburg OT Reichenberg<\/span><\/td>\n<td><span style=\"color: #000000;\">Tel.: 0049-(0)351-8960065<\/span><br \/>\n<span style=\"color: #000000;\">Fax: 0049-(0)351-8960066<\/span><br \/>\n<span style=\"color: #000000;\">Email:<\/span> <a href=\"mailto:info@pension-marlis.de\" target=\"_blank\">info@pension-marlis.de<\/a><br \/>\n<span style=\"color: #000000;\">Web:<\/span> <a href=\"www.pension-marlis.de\" target=\"_blank\">www.pension-marlis.de<\/a><\/td>\n<\/tr>\n<tr>\n<td><a href=\"http:\/\/www.foxterrier-verband.de\/wp-content\/uploads\/2015\/03\/am-Stadtrand.jpg\"><img loading=\"lazy\" decoding=\"async\" class=\"alignnone  wp-image-4450\" src=\"http:\/\/www.foxterrier-verband.de\/wp-content\/uploads\/2015\/03\/am-Stadtrand.jpg\" alt=\"am Stadtrand\" width=\"154\" height=\"154\" srcset=\"https:\/\/foxterrier-verband.de\/wp-content\/uploads\/2015\/03\/am-Stadtrand.jpg 100w, https:\/\/foxterrier-verband.de\/wp-content\/uploads\/2015\/03\/am-Stadtrand-75x75.jpg 75w\" sizes=\"(max-width: 154px) 100vw, 154px\" \/><\/a><\/td>\n<td><strong><span style=\"color: #000000;\">Pension am Stadtrand<br \/>\n<\/span><\/strong><span style=\"color: #000000;\">Wahnsdorfer Str. 22<\/span><br \/>\n<span style=\"color: #000000;\">01468 Moritzburh OT Reichenberg<\/span><\/td>\n<td><span style=\"color: #000000;\">Tel.: 0049-(0)351-8304916<\/span><br \/>\n<span style=\"color: #000000;\">Tel.: 0049-(0)172-7921092<\/span><br \/>\n<span style=\"color: #000000;\">Fax: 0049-(0)351-7955733<\/span><br \/>\n<span style=\"color: #000000;\">Email:<\/span> <a href=\"mailto:info@pensionamstadtrand.de\" target=\"_blank\">info@pensionamstadtrand.de<\/a><br \/>\n<span style=\"color: #000000;\">Web:<\/span> <a href=\"www.pensionamstadtrand.de\" target=\"_blank\">www.pensionamstadtrand.de<\/a><\/td>\n<\/tr>\n<tr>\n<td><a href=\"http:\/\/www.foxterrier-verband.de\/wp-content\/uploads\/2015\/03\/Pension-Voss.jpg\"><img loading=\"lazy\" decoding=\"async\" class=\"alignnone size-full wp-image-4451\" src=\"http:\/\/www.foxterrier-verband.de\/wp-content\/uploads\/2015\/03\/Pension-Voss.jpg\" alt=\"Pension Voss\" width=\"250\" height=\"174\" srcset=\"https:\/\/foxterrier-verband.de\/wp-content\/uploads\/2015\/03\/Pension-Voss.jpg 250w, https:\/\/foxterrier-verband.de\/wp-content\/uploads\/2015\/03\/Pension-Voss-220x153.jpg 220w, https:\/\/foxterrier-verband.de\/wp-content\/uploads\/2015\/03\/Pension-Voss-187x130.jpg 187w\" sizes=\"(max-width: 250px) 100vw, 250px\" \/><\/a><\/td>\n<td><strong><span style=\"color: #000000;\">Landpension Voss<br \/>\n<\/span><\/strong><span style=\"color: #000000;\">Kirchweg 1\/ Ecke Schlossallee<\/span><br \/>\n<span style=\"color: #000000;\">01468 Moritzburg<\/span><\/td>\n<td><span style=\"color: #000000;\">Tel.: 0049-(0)35207-82332<\/span><br \/>\n<span style=\"color: #000000;\">Fax: 0049-(0)35207-89166<\/span><br \/>\n<span style=\"color: #000000;\">Email:<\/span> <a href=\"mailto:landpension-voss@t-online.de\" target=\"_blank\">landpension-voss@t-online.de<\/a><br \/>\n<span style=\"color: #000000;\">Web.:<\/span> <a href=\"www.landpension-voss.de\" target=\"_blank\">www.landpension-voss.de<\/a><\/td>\n<\/tr>\n<tr>\n<td><span style=\"color: #000000;\"><strong><span style=\"text-decoration: underline;\">weitere Hotels:<\/span><\/strong><\/span><\/td>\n<td><\/td>\n<td><\/td>\n<\/tr>\n<tr>\n<td><strong><span style=\"color: #000000;\">Waldhotel Weinb\u00f6hla<\/span><\/strong><\/td>\n<td><span style=\"color: #000000;\">Forststra\u00dfe 66<\/span><br \/>\n<span style=\"color: #000000;\">01689 Weinb\u00f6hla<\/span><\/td>\n<td><span style=\"color: #000000;\">Tel.: 0049-(0)35243-410<\/span><br \/>\n<span style=\"color: #000000;\">Fax: 0049-(0)35243 41-418<\/span><br \/>\n<span style=\"color: #000000;\"> E-Mail:<\/span> \u00a0\u00a0\u00a0<a href=\"%20info@waldhotel-weinboehla.de\" target=\"_blank\"> info@waldhotel-weinboehla.de<\/a><br \/>\n<span style=\"color: #000000;\">Internet:\u00a0<\/span> <a href=\"http:\/\/www.waldhotel-weinboehla.de\" target=\"_blank\">www.waldhotel-weinboehla.de<\/a><\/td>\n<\/tr>\n<tr>\n<td><strong><span style=\"color: #000000;\">RadissonBlue Parkhotel Radebeul<\/span><\/strong><\/td>\n<td><span style=\"color: #000000;\">01445 Radebeul<\/span><\/td>\n<td><span style=\"color: #000000;\">Tel.: 0049-(0)351-83210<\/span><\/td>\n<\/tr>\n<tr>\n<td><strong><span style=\"color: #000000;\">Tagungsherberge Moritzburg<\/span><\/strong><\/td>\n<td><span style=\"color: #000000;\">Schlossallee 4<br \/>\n01468 Moritzburg <\/span><\/td>\n<td><span style=\"color: #000000;\">Tel.: 0049-(0)35207-84540<br \/>\nFax: 0049-(0)35207-84310<br \/>\nEmail: <a href=\"mailto:info@tagungsherberge-moritzburg.de\" target=\"_blank\">info@tagungsherberge-moritzburg.de<\/a><br \/>\nWeb: <a href=\"http:\/\/www.tagungsherberge-moritzburg.de\" target=\"_blank\">www.tagungsherberge-moritzburg.de<\/a><br \/>\n<\/span><\/td>\n<\/tr>\n<tr>\n<td><strong><span style=\"color: #000000;\">Pension Katrin<\/span><\/strong><\/td>\n<td><span style=\"color: #000000;\">Radebeul<\/span><\/td>\n<td><span style=\"color: #000000;\">Tel.: 0049-(09351-8387700<\/span><\/td>\n<\/tr>\n<tr>\n<td><strong><span style=\"color: #000000;\">Pension Hof T\u00fcrke<\/span><\/strong><\/td>\n<td><span style=\"color: #000000;\">Moritzburg<\/span><\/td>\n<td><span style=\"color: #000000;\">Tel.: 0049-(0)35207-81190<\/span><\/td>\n<\/tr>\n<\/tbody>\n<\/table>\n<p><strong><span style=\"color: #000000;\">Hottelliste zum Download<\/span><\/strong>: <a href=\"http:\/\/www.foxterrier-verband.de\/wp-content\/uploads\/2015\/03\/Unterkunftsliste-Moritzburg.pdf\">Unterkunftsliste-Moritzburg<\/a><\/p>\n<p><strong><span style=\"color: #000000;\">weitere Informationen auf Website der Gemeinde Moritzburg:<\/span><\/strong> <a href=\"http:\/\/www.moritzburg.de\" target=\"_blank\">www.moritzburg.de<\/a><\/p>\n","protected":false},"excerpt":{"rendered":"<p>hier finden Sie Hotels\/ Pensionen und \u00dcbernachtungsm\u00f6glichkeiten f\u00fcr die European Winner Show 2015 in Moritzburg. Bei reservierung per Telefon, Fax[&#8230;]<\/p>\n","protected":false},"author":5,"featured_media":0,"parent":4320,"menu_order":0,"comment_status":"open","ping_status":"open","template":"page-full.php","meta":{"footnotes":""},"class_list":["post-4442","page","type-page","status-publish","hentry"],"_links":{"self":[{"href":"https:\/\/foxterrier-verband.de\/index.php?rest_route=\/wp\/v2\/pages\/4442","targetHints":{"allow":["GET"]}}],"collection":[{"href":"https:\/\/foxterrier-verband.de\/index.php?rest_route=\/wp\/v2\/pages"}],"about":[{"href":"https:\/\/foxterrier-verband.de\/index.php?rest_route=\/wp\/v2\/types\/page"}],"author":[{"embeddable":true,"href":"https:\/\/foxterrier-verband.de\/index.php?rest_route=\/wp\/v2\/users\/5"}],"replies":[{"embeddable":true,"href":"https:\/\/foxterrier-verband.de\/index.php?rest_route=%2Fwp%2Fv2%2Fcomments&post=4442"}],"version-history":[{"count":13,"href":"https:\/\/foxterrier-verband.de\/index.php?rest_route=\/wp\/v2\/pages\/4442\/revisions"}],"predecessor-version":[{"id":5327,"href":"https:\/\/foxterrier-verband.de\/index.php?rest_route=\/wp\/v2\/pages\/4442\/revisions\/5327"}],"up":[{"embeddable":true,"href":"https:\/\/foxterrier-verband.de\/index.php?rest_route=\/wp\/v2\/pages\/4320"}],"wp:attachment":[{"href":"https:\/\/foxterrier-verband.de\/index.php?rest_route=%2Fwp%2Fv2%2Fmedia&parent=4442"}],"curies":[{"name":"wp","href":"https:\/\/api.w.org\/{rel}","templated":true}]}}