{"id":46,"date":"2013-10-14T07:16:13","date_gmt":"2013-10-14T05:16:13","guid":{"rendered":"https:\/\/www.foxterrier-verband.de\/?page_id=46"},"modified":"2017-08-21T16:01:51","modified_gmt":"2017-08-21T14:01:51","slug":"jagd","status":"publish","type":"page","link":"https:\/\/foxterrier-verband.de\/?page_id=46","title":{"rendered":"Jagd"},"content":{"rendered":"<div>\n<h2><span style=\"color: #008000;\">Jagdliche Leistungszucht<\/span><\/h2>\n<\/div>\n<div>\n<div>\n<!--1367e76c7604cd9d--><\/p>\n<table border=\"0\">\n<tbody>\n<tr>\n<td><a href=\"https:\/\/www.foxterrier-verband.de\/wp-content\/uploads\/2013\/10\/54311468071.jpg\"><img decoding=\"async\" class=\"alignnone size-full wp-image-1363\" alt=\"5431146807\" src=\"https:\/\/www.foxterrier-verband.de\/wp-content\/uploads\/2013\/10\/54311468071.jpg\" width=\"167\" height=\"107\" \/><\/a><\/td>\n<td><a href=\"https:\/\/www.foxterrier-verband.de\/wp-content\/uploads\/2013\/10\/46176a60ac1.jpg\"><img decoding=\"async\" class=\"alignnone size-full wp-image-1364\" alt=\"46176a60ac\" src=\"https:\/\/www.foxterrier-verband.de\/wp-content\/uploads\/2013\/10\/46176a60ac1.jpg\" width=\"113\" height=\"85\" \/><\/a><\/td>\n<td><a href=\"https:\/\/www.foxterrier-verband.de\/wp-content\/uploads\/2013\/10\/98b607bf771.jpg\"><img decoding=\"async\" class=\"alignnone size-full wp-image-1365\" alt=\"98b607bf77\" src=\"https:\/\/www.foxterrier-verband.de\/wp-content\/uploads\/2013\/10\/98b607bf771.jpg\" width=\"167\" height=\"126\" \/><\/a><\/td>\n<td><a href=\"https:\/\/www.foxterrier-verband.de\/wp-content\/uploads\/2013\/10\/a72cb81f2d1.jpg\"><img loading=\"lazy\" decoding=\"async\" class=\"alignnone size-full wp-image-1367\" alt=\"a72cb81f2d\" src=\"https:\/\/www.foxterrier-verband.de\/wp-content\/uploads\/2013\/10\/a72cb81f2d1.jpg\" width=\"113\" height=\"85\" \/><\/a><\/td>\n<\/tr>\n<\/tbody>\n<\/table>\n<p>&nbsp;<\/p>\n<\/div>\n<div>\n<p><span style=\"color: #000000;\">Die F\u00f6rderung des jagdlichen Erbes unserer Rasse ist fester Bestandteil unserer Satzung und Ordnungen.<br \/>\n<\/span><\/p>\n<p><span style=\"color: #000000;\">Entsprechend unserer Zuchtordnung gelten f\u00fcr die jagdliche Leistungszucht im DFV die folgenden Bestimmungen.<\/span><\/p>\n<\/div>\n<\/div>\n<div>\n<h3><span style=\"color: #008000;\">Bestimmungen zur jagdlichen Leistungszucht<\/span><\/h3>\n<\/div>\n<div>\n<div>\n<p><strong><span style=\"color: #000000;\">Auszug aus der Zucht-Ordnung<\/span><\/strong><\/p>\n<p><span style=\"color: #000000;\">Zur jagdlichen Leistungszucht werden nur Foxterrier zugelassen, deren Ahnentafel mit dem gr\u00fcnen Stempelaufdruck &#8220;Geeignet zur jagdlichen Leistungszucht&#8221; gekennzeichnet ist.<\/span><br \/>\n<span style=\"color: #000000;\"> Voraussetzungen f\u00fcr diesen Stempelaufdruck sind:<\/span><\/p>\n<ul>\n<li><span style=\"color: #000000;\">das Bestehen einer Anlagenpr\u00fcfung (JP oder ZP),<\/span><\/li>\n<li><span style=\"color: #000000;\">das Bestehen einer Baupr\u00fcfung (BP),<\/span><\/li>\n<li><span style=\"color: #000000;\">eine positive Lautfeststellung (spl., sl.),<\/span><\/li>\n<li><span style=\"color: #000000;\">au\u00dferdem d\u00fcrfen keine groben M\u00e4ngel vorliegen.<\/span><\/li>\n<\/ul>\n<p><span style=\"color: #000000;\">Ausschlie\u00dfende grobe M\u00e4ngel sind:<\/span><br \/>\n<span style=\"color: #000000;\"> Wesensschw\u00e4che (Empfindlichkeit, Schussscheue, Handscheue, Angstbei\u00dfen, Waidlaut u. \u00e4.); Geschlechtsmissbildungen; wei\u00dfe, rote oder stark in diesen Farben gefleckte Nase; Steh-, Rosen- oder Tulpenohr; Vor-, R\u00fcck- oder Kreuzbiss; fehlende Z\u00e4hne (mit Ausnahmen von P 1 und M 3).<\/span><\/p>\n<hr \/>\n<p>&nbsp;<\/p>\n<p><strong><span style=\"color: #000000;\">Auszug aus der Pr\u00fcfungsordnung<\/span><\/strong><\/p>\n<p><span style=\"color: #000000;\">Pr\u00fcfungen, die bei anderen Verb\u00e4nden abgelegt werden und Einflu\u00df auf die Zulassung zur jagdlichen Leistungszucht des DFV e.V. haben bzw. zum Erwerb des gr\u00fcnen Stempels &#8220;Geeignet zur jagdlichen Leistungszucht&#8221; f\u00fchren, d\u00fcrfen vom HLW nur dann anerkannt werden, wenn sichergestellt ist, da\u00df mindestens alle Anforderungen entsprechend der DFV- PO ohne Abstriche erf\u00fcllt wurden. Dies betrifft somit insbesondere den Erwerb externer Baupr\u00fcfungen und externer Kennzeichen von Junghund- &amp; Zuchtpr\u00fcfungen.<\/span><\/p>\n<h5><span style=\"color: #000000;\">F\u00fcr die Zuchtzulassung ist ab 01.01.2011 f\u00fcr Hunde, welche bis zu diesem Datum noch nicht das Zuchtalter (R\u00fcden 12\/ H\u00fcndinnen 15 Monate) erreicht haben, eine absolvierte Zuchtulassungspr\u00fcfung lt. DFV e.V. Zuchtordnung (beschlossen auf der MV 2010) zwingend vorgeschrieben.<\/span><\/h5>\n<hr \/>\n<h5><span style=\"color: #000000;\">Wenn alle Voraussetzungen erf\u00fcllt sind, ist der Stempelaufdruck formlos beim Hauptleistungswart des DFV unter Vorlage der Ahnentafel, Kopien der Pr\u00fcfungszeugnisse und Zuchtzulassungspr\u00fcfung zu beantragen, ein frankierter R\u00fcckumschlag ist beizuf\u00fcgen.<\/span><\/h5>\n<h5><span style=\"color: #000000;\">Wenn beide Elternteile zur jagdlichen Zucht zugelassen sind und die Schonfrist-Bedingung f\u00fcr die H\u00fcndin erf\u00fcllt ist, erhalten die Welpen gr\u00fcne Ahnentafeln mit dem Aufdruck &#8220;Aus jagdlicher Leistungszucht&#8221;. Die Wurfmeldung und ein frankierter, an das Zuchtbuchamt adressierter Umschlag sind zum Hauptleistungswart zu senden, der sie nach Pr\u00fcfung der Voraussetzungen an das Zuchtbuchamt zur Ausfertigung der Ahnentafeln weiterleitet.<\/span><br \/>\n<span style=\"color: #000000;\"> F\u00fcr Welpen aus jagdlicher Leistungszucht, die die Voraussetzungen f\u00fcr gr\u00fcne Ahnentafeln erf\u00fcllen, gilt \u00a7 6 Abs. 1b des Tierschutzgesetzes. Nur diese Welpen d\u00fcrfen kupiert werden.<\/span><\/h5>\n<p><span style=\"color: #000000;\">Die Kupiergenehmigung erhalten Sie auf Antrag vom Hauptleistungswart. Hierzu reichen Sie Kopien des Deckscheines und der Ahnentafeln der Zuchthunde, unter Beif\u00fcgung eines frankierten R\u00fcckumschlages, ein.<\/span><\/p>\n<p><span style=\"color: #000000;\">\u00a0<\/span><\/p>\n<p>&nbsp;<\/p>\n<\/div>\n<\/div>\n<p><!--1367e76c7604cd9d--><\/p>\n<table border=\"0\">\n<tbody>\n<tr>\n<td><a href=\"https:\/\/www.foxterrier-verband.de\/?page_id=188\"><img loading=\"lazy\" decoding=\"async\" alt=\"kalender\" src=\"https:\/\/www.foxterrier-verband.de\/wp-content\/uploads\/2013\/10\/kalender.png\" width=\"39\" height=\"36\" \/><\/a><\/td>\n<td><a href=\"https:\/\/www.foxterrier-verband.de\/?page_id=188\">Pr\u00fcfungstermine<\/a><\/td>\n<\/tr>\n<tr>\n<td><a href=\"https:\/\/www.foxterrier-verband.de\/?page_id=204\"><img loading=\"lazy\" decoding=\"async\" alt=\"voller-ordner\" src=\"https:\/\/www.foxterrier-verband.de\/wp-content\/uploads\/2013\/10\/voller-ordner.png\" width=\"41\" height=\"37\" \/><\/a><\/td>\n<td><a href=\"https:\/\/www.foxterrier-verband.de\/?page_id=204\">Ergebnisse<\/a><\/td>\n<\/tr>\n<tr>\n<td><a href=\"https:\/\/www.foxterrier-verband.de\/?page_id=191\"><img loading=\"lazy\" decoding=\"async\" class=\"alignnone size-full wp-image-331\" alt=\"manninfo\" src=\"https:\/\/www.foxterrier-verband.de\/wp-content\/uploads\/2013\/10\/manninfo.png\" width=\"34\" height=\"35\" \/><\/a><\/td>\n<td><a href=\"https:\/\/www.foxterrier-verband.de\/?page_id=191\">Verbandsrichter<\/a><\/td>\n<\/tr>\n<\/tbody>\n<\/table>\n","protected":false},"excerpt":{"rendered":"<p>Jagdliche Leistungszucht &nbsp; Die F\u00f6rderung des jagdlichen Erbes unserer Rasse ist fester Bestandteil unserer Satzung und Ordnungen. Entsprechend unserer Zuchtordnung[&#8230;]<\/p>\n","protected":false},"author":4,"featured_media":0,"parent":0,"menu_order":15,"comment_status":"open","ping_status":"closed","template":"","meta":{"footnotes":""},"class_list":["post-46","page","type-page","status-publish","hentry"],"_links":{"self":[{"href":"https:\/\/foxterrier-verband.de\/index.php?rest_route=\/wp\/v2\/pages\/46","targetHints":{"allow":["GET"]}}],"collection":[{"href":"https:\/\/foxterrier-verband.de\/index.php?rest_route=\/wp\/v2\/pages"}],"about":[{"href":"https:\/\/foxterrier-verband.de\/index.php?rest_route=\/wp\/v2\/types\/page"}],"author":[{"embeddable":true,"href":"https:\/\/foxterrier-verband.de\/index.php?rest_route=\/wp\/v2\/users\/4"}],"replies":[{"embeddable":true,"href":"https:\/\/foxterrier-verband.de\/index.php?rest_route=%2Fwp%2Fv2%2Fcomments&post=46"}],"version-history":[{"count":13,"href":"https:\/\/foxterrier-verband.de\/index.php?rest_route=\/wp\/v2\/pages\/46\/revisions"}],"predecessor-version":[{"id":8472,"href":"https:\/\/foxterrier-verband.de\/index.php?rest_route=\/wp\/v2\/pages\/46\/revisions\/8472"}],"wp:attachment":[{"href":"https:\/\/foxterrier-verband.de\/index.php?rest_route=%2Fwp%2Fv2%2Fmedia&parent=46"}],"curies":[{"name":"wp","href":"https:\/\/api.w.org\/{rel}","templated":true}]}}