{"id":6798,"date":"2016-05-24T10:04:08","date_gmt":"2016-05-24T08:04:08","guid":{"rendered":"https:\/\/www.foxterrier-verband.de\/?page_id=6798"},"modified":"2025-11-20T12:59:00","modified_gmt":"2025-11-20T10:59:00","slug":"zuechterliste","status":"publish","type":"page","link":"https:\/\/foxterrier-verband.de\/?page_id=6798","title":{"rendered":"Z\u00fcchterliste"},"content":{"rendered":"<p><span style=\"color: #000000;\">Die Inserenten in dieser Liste sind Mitglieder des Deutschen Foxterrier-Verbandes e.V. (DFV). Sie sind damit der Einhaltung unserer Zuchtordnung verpflichtet und garantieren f\u00fcr reinrassige Foxterrier mit Ahnentafeln.\u00a0 Z\u00fcchter der jagdlichen Leistungszucht sind mit jLZ gekennzeichnet. Ausl\u00e4ndische Inserenten sind Mitglied unseres Verbandes z\u00fcchten jedoch nicht im Deutschen Foxterrier-Verband e.V.<\/span><\/p>\n<p><!--1367e76c7604cd9d--><\/p>\n<table border=\"0\">\n<tbody>\n<tr>\n<td><img decoding=\"async\" class=\"alignnone\" src=\"https:\/\/www.foxterrier-verband.de\/wp-content\/uploads\/2013\/10\/f872da1357.jpg\" alt=\"f872da1357\" width=\"180\" height=\"158\" \/><\/td>\n<td><img decoding=\"async\" class=\"alignnone\" src=\"https:\/\/www.foxterrier-verband.de\/wp-content\/uploads\/2013\/10\/f0f4a255d2.jpg\" alt=\"f0f4a255d2\" width=\"178\" height=\"155\" \/><\/td>\n<td><\/td>\n<\/tr>\n<\/tbody>\n<\/table>\n<p><span style=\"color: #000000;\">Bitte einen Moment Geduld &#8211; die Z\u00fcchterliste wird aufgerufen!<br \/>\n<\/span><\/p>\n<p><iframe src=\"https:\/\/foxterrier-verband.de\/verwaltung\/zbfrontend\/zuechter1_jochen.php\" width=\"1000\" height=\"1000\" scrolling=\"auto\"><\/iframe><\/p>\n","protected":false},"excerpt":{"rendered":"<p>Die Inserenten in dieser Liste sind Mitglieder des Deutschen Foxterrier-Verbandes e.V. (DFV). Sie sind damit der Einhaltung unserer Zuchtordnung verpflichtet[&#8230;]<\/p>\n","protected":false},"author":4,"featured_media":0,"parent":0,"menu_order":0,"comment_status":"open","ping_status":"open","template":"template-fullwidth.php","meta":{"footnotes":""},"class_list":["post-6798","page","type-page","status-publish","hentry"],"_links":{"self":[{"href":"https:\/\/foxterrier-verband.de\/index.php?rest_route=\/wp\/v2\/pages\/6798","targetHints":{"allow":["GET"]}}],"collection":[{"href":"https:\/\/foxterrier-verband.de\/index.php?rest_route=\/wp\/v2\/pages"}],"about":[{"href":"https:\/\/foxterrier-verband.de\/index.php?rest_route=\/wp\/v2\/types\/page"}],"author":[{"embeddable":true,"href":"https:\/\/foxterrier-verband.de\/index.php?rest_route=\/wp\/v2\/users\/4"}],"replies":[{"embeddable":true,"href":"https:\/\/foxterrier-verband.de\/index.php?rest_route=%2Fwp%2Fv2%2Fcomments&post=6798"}],"version-history":[{"count":22,"href":"https:\/\/foxterrier-verband.de\/index.php?rest_route=\/wp\/v2\/pages\/6798\/revisions"}],"predecessor-version":[{"id":23303,"href":"https:\/\/foxterrier-verband.de\/index.php?rest_route=\/wp\/v2\/pages\/6798\/revisions\/23303"}],"wp:attachment":[{"href":"https:\/\/foxterrier-verband.de\/index.php?rest_route=%2Fwp%2Fv2%2Fmedia&parent=6798"}],"curies":[{"name":"wp","href":"https:\/\/api.w.org\/{rel}","templated":true}]}}