{"id":6877,"date":"2016-06-09T14:59:38","date_gmt":"2016-06-09T12:59:38","guid":{"rendered":"https:\/\/www.foxterrier-verband.de\/?page_id=6877"},"modified":"2016-12-21T14:33:45","modified_gmt":"2016-12-21T12:33:45","slug":"top-fox-2016","status":"publish","type":"page","link":"https:\/\/foxterrier-verband.de\/?page_id=6877","title":{"rendered":"Top-Fox 2016"},"content":{"rendered":"<p>Hier finden Sie in regelm\u00e4\u00dfigen Abst\u00e4nden die Auswertungen zum Top-Fox 2016<\/p>\n<p>&nbsp;<\/p>\n<p><a href=\"http:\/\/www.foxterrier-verband.de\/wp-content\/uploads\/2016\/06\/rptTpFox_Auswertung_ohne_Klasse_einfach-20161218.pdf\" target=\"_blank\">Top-Fox 2016<\/a><br \/>\n<a href=\"http:\/\/www.foxterrier-verband.de\/wp-content\/uploads\/2016\/06\/rptTpFox_Auswertung_Jugend-20161218.pdf\" target=\"_blank\">Bester Junghund 2016<\/a><br \/>\n<a href=\"http:\/\/www.foxterrier-verband.de\/wp-content\/uploads\/2016\/06\/rptTpFox_Auswertung_Veteran-20161218.pdf\" target=\"_blank\">Bester Veteran 2016<\/a><br \/>\n<a href=\"http:\/\/www.foxterrier-verband.de\/wp-content\/uploads\/2016\/06\/rptTpFox_Auswertung_Gebrauchshund-20161218.pdf\" target=\"_blank\">Bester Gebrauchshund 2016<\/a><br \/>\n<a href=\"http:\/\/www.foxterrier-verband.de\/wp-content\/uploads\/2016\/06\/rptTpFox_Auswertung_ohne_Klasse_H\u00fcndinnen-20161218.pdf\" target=\"_blank\">Beste H\u00fcndin 2016<\/a><br \/>\n<a href=\"http:\/\/www.foxterrier-verband.de\/wp-content\/uploads\/2016\/06\/rptTpFox_Auswertung_ohne_Klasse_R\u00fcden-20161218.pdf\" target=\"_blank\">Bester R\u00fcde 2016<\/a><br \/>\n<a href=\"http:\/\/www.foxterrier-verband.de\/wp-content\/uploads\/2016\/06\/rptTpFox_Auswertung_ohne_Klasse_Glatthaar-20161218.pdf\" target=\"_blank\">Bester Glatthaar 2016<\/a><br \/>\n<a href=\"http:\/\/www.foxterrier-verband.de\/wp-content\/uploads\/2016\/06\/rptTpFox_Auswertung_ohne_Klasse_Drahthaar-20161218.pdf\" target=\"_blank\">Bester Drahthaar 2016<\/a><\/p>\n<p>Stand aller Auswertungen: 21.12.2016<br \/>\nAlle Angaben ohne Gew\u00e4hr, da eine \u00dcberarbeitung der Punktetabelle derzeit im Vorstand erfolgt<\/p>\n","protected":false},"excerpt":{"rendered":"<p>Hier finden Sie in regelm\u00e4\u00dfigen Abst\u00e4nden die Auswertungen zum Top-Fox 2016 &nbsp; Top-Fox 2016 Bester Junghund 2016 Bester Veteran 2016[&#8230;]<\/p>\n","protected":false},"author":6,"featured_media":0,"parent":0,"menu_order":0,"comment_status":"open","ping_status":"open","template":"","meta":{"footnotes":""},"class_list":["post-6877","page","type-page","status-publish","hentry"],"_links":{"self":[{"href":"https:\/\/foxterrier-verband.de\/index.php?rest_route=\/wp\/v2\/pages\/6877","targetHints":{"allow":["GET"]}}],"collection":[{"href":"https:\/\/foxterrier-verband.de\/index.php?rest_route=\/wp\/v2\/pages"}],"about":[{"href":"https:\/\/foxterrier-verband.de\/index.php?rest_route=\/wp\/v2\/types\/page"}],"author":[{"embeddable":true,"href":"https:\/\/foxterrier-verband.de\/index.php?rest_route=\/wp\/v2\/users\/6"}],"replies":[{"embeddable":true,"href":"https:\/\/foxterrier-verband.de\/index.php?rest_route=%2Fwp%2Fv2%2Fcomments&post=6877"}],"version-history":[{"count":6,"href":"https:\/\/foxterrier-verband.de\/index.php?rest_route=\/wp\/v2\/pages\/6877\/revisions"}],"predecessor-version":[{"id":7704,"href":"https:\/\/foxterrier-verband.de\/index.php?rest_route=\/wp\/v2\/pages\/6877\/revisions\/7704"}],"wp:attachment":[{"href":"https:\/\/foxterrier-verband.de\/index.php?rest_route=%2Fwp%2Fv2%2Fmedia&parent=6877"}],"curies":[{"name":"wp","href":"https:\/\/api.w.org\/{rel}","templated":true}]}}