{"id":7774,"date":"2017-01-11T14:19:05","date_gmt":"2017-01-11T12:19:05","guid":{"rendered":"https:\/\/www.foxterrier-verband.de\/?page_id=7774"},"modified":"2017-12-20T12:30:14","modified_gmt":"2017-12-20T10:30:14","slug":"champion-2017","status":"publish","type":"page","link":"https:\/\/foxterrier-verband.de\/?page_id=7774","title":{"rendered":"Champion 2017"},"content":{"rendered":"\t\t<div data-elementor-type=\"wp-page\" data-elementor-id=\"7774\" class=\"elementor elementor-7774 elementor-bc-flex-widget\">\n\t\t\t\t\t\t<section class=\"elementor-section elementor-top-section elementor-element elementor-element-5a881d10 elementor-section-boxed elementor-section-height-default elementor-section-height-default\" data-id=\"5a881d10\" data-element_type=\"section\">\n\t\t\t\t\t\t<div class=\"elementor-container elementor-column-gap-default\">\n\t\t\t\t\t<div class=\"elementor-column elementor-col-100 elementor-top-column elementor-element elementor-element-786a7ae3\" data-id=\"786a7ae3\" data-element_type=\"column\">\n\t\t\t<div class=\"elementor-widget-wrap elementor-element-populated\">\n\t\t\t\t\t\t<div class=\"elementor-element elementor-element-46496e8f elementor-widget elementor-widget-text-editor\" data-id=\"46496e8f\" data-element_type=\"widget\" data-widget_type=\"text-editor.default\">\n\t\t\t\t<div class=\"elementor-widget-container\">\n\t\t\t\t\t\t\t<p>Hier werden alle anerkannten Champions, deren Titel 2017 best\u00e4tigt wurden, eingetragen:<\/p><h2>Herzlichen Gl\u00fcckwunsch!<\/h2><h3>Crufts Winner<\/h3><p>Ergebnisse Cruft\u2019s 2017<br \/> <a href=\"http:\/\/crufts.fossedata.co.uk\/Breed.asp?ShowYear=2017&amp;GroupID=TER&amp;ScheduleID=10\" target=\"_blank\" rel=\"noopener noreferrer\">Glatthaar-Foxterrier<\/a><br \/> <a href=\"http:\/\/crufts.fossedata.co.uk\/Breed.asp?ShowYear=2017&amp;GroupID=TER&amp;ScheduleID=11\" target=\"_blank\" rel=\"noopener noreferrer\">Drahthaar-Foxterrier<\/a><\/p><h3>Jugendchampion DFV<\/h3><p>Bearhunter v. Auerswalder Teich<br \/> Bandito v. Br\u00fcgmannshof<br \/> Diva of Fair Play<br \/> Brenda v. d. sch\u00f6nen Bergen<br \/> Nethertonion Passion<br \/> Nethertonion Precision<br \/> Kondor v. d. sch\u00f6nen Bergen<br \/> Pegasus v. d. sch\u00f6nen Bergen<br \/> Yoga v. d. Bismarckquelle<br \/> Yunus v. d. Bismarckquelle<br \/> Jungle Fighter v. Sachsen<br \/> Joyful Jazz v. Sachsen<br \/> Cacopoulos Jimmi Hendrix<br \/> Snowbell v. d. sch\u00f6nen Bergen<br \/> Cacopoulos Bambi<br \/> Pino v. Rheingrund<br \/> Viona v. Gronauer Tal<br \/> Quik-Lady v. J\u00fcnglingshof<br \/> Elvenking v. Ernstthal<br \/> Wayne v. Gronauer Tal<br \/> Yazzie v. d. Bismarckquelle<br \/> Xeno v. Ro\u00dfgraben<br \/> Quik-Boy v. J\u00fcnglingshof<br \/> Mistral du Haillet des Corneiredes<br \/> Nikita de la Rosa<br \/> Eischa v. Hammatal<br \/> Bella v. Thyratal<br \/> Wanda v. d. sch\u00f6nen Bergen<br \/>Quirinus v. Waldhaus<br \/>Quintia v. Waldhaus<br \/>Egor v. d. Bismarckquelle<br \/>Jingle of Fair Play<\/p><h3>Deutscher Champion DFV<\/h3><p>Igor D&#8217;Hossegor vom Jagerhohle<br \/> Danfox Whisper<br \/> Angel v. Eckstein<br \/> Brenda v. d. sch\u00f6nen Bergen<br \/> Nethertonion Passion<br \/> Kondor v. d. sch\u00f6nen Bergen<br \/> John v. Goldacker<br \/> Yoxella Why not de la Rosa<br \/> Icebreaker v. Sachsenland<br \/> Foxomania Belle of the Ball<br \/> Residenset&#8217;s All Time High<br \/> Fancy Flame v. Sachsenland<br \/> Pfennig&#8217;s Lui<br \/> Gilmore v. Sachsen<br \/> Yasmin v. d. sch\u00f6nen Bergen<br \/> Audrey v. Wasserturm<br \/> Brocolitia Point of View<br \/> O&#8217;Conner v. d. Bismarckquelle<br \/> Double Face v. Ernstthal<br \/> Batida of Fair Play<br \/> Darsy Z Elgardu<br \/> Goldwing v. d. sch\u00f6nen Bergen<br \/> Nero v. d. sch\u00f6nen Bergen<br \/>Pepino v. d. sch\u00f6nen Bergen<br \/>Joker des Astucieux de Kerlabour<br \/>Ashgrove Time Lady<br \/>Othello v. Waldhaus<\/p><h3>Deutscher Jugendchampion VDH<\/h3><p>Bandito v. Br\u00fcgmannshof<br \/> Foxomania Belle of the Ball<br \/> Viona v. Gronauer Tal<br \/> Cacopoulos Jimmi Hendrix<br \/> Bella v. Thyratal<br \/>Diva of Fair Play<\/p><h3>Deutscher Champion VDH<\/h3><p>Umey v. d. F\u00e4rberfelsen<br \/> Iwan v. T\u00e4nnicht<br \/> Icebreaker v. Sachsenland<br \/> Angel v. Eckstein<br \/> Eric v. Barge<br \/> Foxomania Belle of the Ball<br \/> Jevron v. Silvertbach<br \/>Joyful Jazz v. Sachsen<br \/>Jungle Fighter v. Sachsen<\/p><h3>Amerikanischen Champion<\/h3><p>Granit v. d. sch\u00f6nen Bergen<br \/> Odysseus v. d. sch\u00f6nen Bergen<br \/> Zigeunerjungen v. d. sch\u00f6nen Bergen<\/p><h3>Champion Bosnien-Herzegowina<\/h3><p>Brenda v. d. sch\u00f6nen Bergen<br \/> Goldwing v. d. sch\u00f6nen Bergen<br \/> Nero v. d. sch\u00f6nen Bergen<br \/> Absolutely at Last<\/p><h3>D\u00e4nischer Champion<\/h3><p>Dahna v. d. Bismarckquelle<br \/> Fly v. d. Bismarckquelle<br \/> O&#8217;Conner v. d. Bismarckquelle<\/p><h3>Englischer Champion<\/h3><p>Konrad v. d. sch\u00f6nen Bergen<br \/> Scot v. d. sch\u00f6nen Bergen<\/p><h3>Kroatischer Jugendchampion<\/h3><p>Paperman Dominator<\/p><h3>Kroatischer Champion<\/h3><p>Layla v. d. sch\u00f6nen Bergen<br \/> Violetta v. d. sch\u00f6nen Bergen<br \/> Pepino v. d. sch\u00f6nen Bergen<br \/> Brenda v. d. sch\u00f6nen Bergen<br \/> Harmony v. d. sch\u00f6nen Bergen<br \/> Pegasus v. d. sch\u00f6nen Bergen<br \/> Konrad v. d. sch\u00f6nen Bergen<br \/> Paperman Chery<br \/> Galileo v. d. sch\u00f6nen Bergen<br \/> Absolutely oh My<br \/> Absolutely at Last<br \/> Nero v. d. sch\u00f6nen Bergen<br \/>Paperman Moonlight<br \/>Jupiter v. d. sch\u00f6nen Bergen<br \/>Goldwing v. d. sch\u00f6nen Bergen<\/p><h3>Luxemburgischer Jugendchampion<\/h3><p>Yoga v. d. Bismarckquelle<br \/> Yunus v. d. Bismarckquelle<br \/> Foxomania Belle of the Ball<br \/> Aramis v. Wildpark<br \/> Mistral du Haillet des Corneiredes<br \/> Nikita de la Rosa<\/p><h3>Luxemburgischer Champion<\/h3><p>Aramis v. Wildpark<br \/> Vanilia v. d. Bismarckquelle<\/p><h3>Champion Montenegro<\/h3><p>Goldwing v. d. sch\u00f6nen Bergen<br \/> Paperman Moonlight<br \/> Brenda v. d. sch\u00f6nen Bergen<br \/> Nero v. d. sch\u00f6nen Bergen<br \/> Konrad v. d. sch\u00f6nen Bergen<\/p><h3>Niederl\u00e4ndischer Champion<\/h3><p>Dahna v. d. Bismarckquelle<br \/> IBM-Junior du Haillet des Corneiredes<br \/> Alkinra Oh Boy<\/p><h3>Niederl\u00e4ndischer Jugendchampion<\/h3><p>Foxomania Belle of the Ball<\/p><h3>\u00d6sterreichischer Jugendchampion<\/h3><p>Cooper v. d. sch\u00f6nen Bergen<\/p><h3>\u00d6sterreichischer Champion<\/h3><p>Konrad v. d. sch\u00f6nen Bergen<\/p><h3>Slowakischer Champion<\/h3><p>IBM-Junior du Haillet des Corneiredes<\/p><h3>Slowenischer Champion<\/h3><p>Konrad v. d. sch\u00f6nen Bergen<\/p><h3>Tschechischer Champion<\/h3><p>IBM-Junior du Haillet des Corneiredes<\/p><h3>Ungarischer Jugendchampion<\/h3><p>Jackpot v. d. sch\u00f6nen Bergen<\/p><h3>Ungarischer Champion<\/h3><p>Pepino v. d. sch\u00f6nen Bergen<br \/> Brenda v. d. sch\u00f6nen Bergen<br \/> Jupiter v. d. sch\u00f6nen Bergen<br \/> Nethertonion Precision<br \/> Paperman Moonlight<\/p><h3>Internationaler Champion<\/h3><p>Fly v. d. Bismarckquelle<br \/> Pan v. Gronauer Tal<br \/> Angel v. Eckstein<br \/>Foxomania Belle of the Ball<\/p><h3>Internationaler Arbeitschampion<\/h3><p>D&#8217;Clever v. d. Felseng\u00e4rten<br \/> Ambra v. d. gro\u00dfen G\u00e4rten<\/p><h3>Winster Amsterdam<\/h3><p>Insa v. Borbach<\/p><h1>FAQ Championtitel<\/h1><p><strong>Welche Voraussetzungen brauche ich f\u00fcr den Dt. JCh. (DFV)?<\/strong><\/p><p>F\u00fcr den Titel JCh. DFV ben\u00f6tigen Sie <span style=\"color: #ff0000;\">4 JCACs unter 3 verschiedenen Richtern<\/span>. Diese m\u00fcssen alle in der Jugendklasse erworben werden. Ein Reserve-Jugend-CAC kann in ein vollwertiges JCAC umgewandelt werden, wenn der Hund mit dem JCAC an dem Tag der Ausstellung bereits die Voraussetzungen f\u00fcr den JCh. DFV erreicht hat. Drei Reserve-JCACS k\u00f6nnen zu einem vollwertigen JCAC aufgewertet werden, wenn sie unter zwei Richtern erworben wurden. H\u00f6chstens eines der vier n\u00f6tigen JCACs kann auf diese Weise gebildet werden. F\u00fcr die Beantragung des Titels reichen Sie bitte alle Richterberichte, aus denen die Anwartschaften (JCACs) hervorgehen, zusammen mit der Ahnentafel des Hundes in der Gesch\u00e4ftsstelle ein.<\/p><p><strong>Welche Voraussetzungen brauche ich f\u00fcr den Dt. Ch. (DFV)?<\/strong><\/p><p>F\u00fcr den Dt. Ch. (DFV) sammeln Sie Anwartschaften (CACs) in allen Erwachsenenklassen. Sie ben\u00f6tigen <span style=\"color: #ff0000;\">mindestens 4 Anwartschaften unter 3 verschiedenen Richtern. Zwischen dem ersten und letzten CAC m\u00fcssen mindestens 12 Monate liegen<\/span>. Ein Reserve-CAC kann in ein vollwertiges CAC umgewandelt werden, wenn der Hund mit dem CAC an dem Tag der Ausstellung bereits die Voraussetzungen f\u00fcr den Dt. Ch. DFV erreicht hat. Drei Reserve-CACS k\u00f6nnen zu einem vollwertigen CAC aufgewertet werden, wenn sie unter zwei Richtern erworben wurden. H\u00f6chstens eines der vier n\u00f6tigen CACs kann auf diese Weise gebildet werden. F\u00fcr die Beantragung des Titels reichen Sie bitte alle Richterberichte, aus denen die Anwartschaften (CACs) hervorgehen, zusammen mit der Ahnentafel des Hundes in der Gesch\u00e4ftsstelle ein.<\/p><p><strong>Welche Voraussetzungen brauche ich f\u00fcr weitere Championtitel?<\/strong><\/p><p>F\u00fcr den Dt. JCh. (VDH) und den Dt. Ch. (VDH) k\u00f6nnen Sie die Voraussetzungen in der VDH-Durchf\u00fchrungsbestimmung &#8220;VDH-Titel und Titel-Anwartschaften&#8221; geregelt. Diese k\u00f6nnen Sie <a href=\"http:\/\/www.vdh.de\/fileadmin\/media\/ausstellungen\/ausstellungsordnung\/Ausstellungsordnung_-_Dfb_Titel-ab-2015-01-01.pdf\" target=\"_blank\" rel=\"noopener noreferrer\">hier<\/a> einsehen.<br \/> Die Regelungen f\u00fcr den Int. Ch. (FCI) werden im Reglement f\u00fcr das Internationale Championat bestimmt. Diese sind <a href=\"http:\/\/www.vdh.de\/fileadmin\/media\/ueber\/downloads\/ausstellungen\/internationales_schoenheits_championat_der_fci_fuer_alle_rassen.pdf\" target=\"_blank\" rel=\"noopener noreferrer\">hier<\/a> nachzulesen.<\/p>\t\t\t\t\t\t<\/div>\n\t\t\t\t<\/div>\n\t\t\t\t\t<\/div>\n\t\t<\/div>\n\t\t\t\t\t<\/div>\n\t\t<\/section>\n\t\t\t\t<\/div>\n\t\t","protected":false},"excerpt":{"rendered":"<p>Hier werden alle anerkannten Champions, deren Titel 2017 best\u00e4tigt wurden, eingetragen: Herzlichen Gl\u00fcckwunsch! Crufts Winner Ergebnisse Cruft\u2019s 2017 Glatthaar-Foxterrier Drahthaar-Foxterrier[&#8230;]<\/p>\n","protected":false},"author":6,"featured_media":0,"parent":0,"menu_order":0,"comment_status":"closed","ping_status":"closed","template":"","meta":{"footnotes":""},"class_list":["post-7774","page","type-page","status-publish","hentry"],"_links":{"self":[{"href":"https:\/\/foxterrier-verband.de\/index.php?rest_route=\/wp\/v2\/pages\/7774","targetHints":{"allow":["GET"]}}],"collection":[{"href":"https:\/\/foxterrier-verband.de\/index.php?rest_route=\/wp\/v2\/pages"}],"about":[{"href":"https:\/\/foxterrier-verband.de\/index.php?rest_route=\/wp\/v2\/types\/page"}],"author":[{"embeddable":true,"href":"https:\/\/foxterrier-verband.de\/index.php?rest_route=\/wp\/v2\/users\/6"}],"replies":[{"embeddable":true,"href":"https:\/\/foxterrier-verband.de\/index.php?rest_route=%2Fwp%2Fv2%2Fcomments&post=7774"}],"version-history":[{"count":97,"href":"https:\/\/foxterrier-verband.de\/index.php?rest_route=\/wp\/v2\/pages\/7774\/revisions"}],"predecessor-version":[{"id":9101,"href":"https:\/\/foxterrier-verband.de\/index.php?rest_route=\/wp\/v2\/pages\/7774\/revisions\/9101"}],"wp:attachment":[{"href":"https:\/\/foxterrier-verband.de\/index.php?rest_route=%2Fwp%2Fv2%2Fmedia&parent=7774"}],"curies":[{"name":"wp","href":"https:\/\/api.w.org\/{rel}","templated":true}]}}