{"id":8072,"date":"2017-04-13T14:42:25","date_gmt":"2017-04-13T12:42:25","guid":{"rendered":"https:\/\/www.foxterrier-verband.de\/?page_id=8072"},"modified":"2022-08-08T07:08:10","modified_gmt":"2022-08-08T05:08:10","slug":"pruefungsberichte-2017","status":"publish","type":"page","link":"https:\/\/foxterrier-verband.de\/?page_id=8072","title":{"rendered":"Pr\u00fcfungsberichte 2018"},"content":{"rendered":"\t\t<div data-elementor-type=\"wp-page\" data-elementor-id=\"8072\" class=\"elementor elementor-8072 elementor-bc-flex-widget\">\n\t\t\t\t\t\t<section class=\"elementor-section elementor-top-section elementor-element elementor-element-258fdd4f elementor-section-boxed elementor-section-height-default elementor-section-height-default\" data-id=\"258fdd4f\" data-element_type=\"section\">\n\t\t\t\t\t\t<div class=\"elementor-container elementor-column-gap-default\">\n\t\t\t\t\t<div class=\"elementor-column elementor-col-100 elementor-top-column elementor-element elementor-element-5ce846f6\" data-id=\"5ce846f6\" data-element_type=\"column\">\n\t\t\t<div class=\"elementor-widget-wrap elementor-element-populated\">\n\t\t\t\t\t\t<div class=\"elementor-element elementor-element-67921d81 elementor-widget elementor-widget-text-editor\" data-id=\"67921d81\" data-element_type=\"widget\" data-widget_type=\"text-editor.default\">\n\t\t\t\t<div class=\"elementor-widget-container\">\n\t\t\t\t\t\t\t<p><span style=\"color: #800000;\">F\u00fcr die Einreichung und Angaben sind die jeweiligen Pr\u00fcfungsleiter verantwortlich. <\/span><\/p><p><span style=\"color: #800000;\">Alle beim Schriftf\u00fchrer des DFV eingereichten Pr\u00fcfungsergebnisse von 2018 werden zeitnah hier ver\u00f6ffentlicht.\u00a0<\/span><\/p><p><span style=\"color: #000000;\">Die <span style=\"color: #008000; font-size: large;\"><strong>Ergebnisse 2017<\/strong><\/span> sind unter Gebrauchsregister einzusehen:<\/span> hier<\/p><p><a href=\"https:\/\/www.foxterrier-verband.de\/wp-content\/uploads\/2019\/02\/BP_Hessen.pdf\" target=\"_blank\" rel=\"noopener\">BP AG Hessen 21.09.2018<\/a><br \/><a href=\"https:\/\/www.foxterrier-verband.de\/wp-content\/uploads\/2019\/02\/JP_Hessen.pdf\" target=\"_blank\" rel=\"noopener\">JP AG Hessen 22.09.2018<\/a><br \/><a href=\"https:\/\/www.foxterrier-verband.de\/wp-content\/uploads\/2018\/10\/JP-MV.pdf\" target=\"_blank\" rel=\"noopener\">JP AG Mecklenburg-Vorpommern 28.10.2018<\/a><br \/><a href=\"https:\/\/www.foxterrier-verband.de\/wp-content\/uploads\/2018\/10\/ZP-Holstein-13-10-2018.xls\">ZP der RG Holstein 13-10-2018<\/a> <br \/><a href=\"https:\/\/www.foxterrier-verband.de\/wp-content\/uploads\/2018\/10\/GP-Holstein-14.10.2018.xls\" target=\"_blank\" rel=\"noopener\">GP-Holstein 14.10.2018<\/a><br \/><a href=\"https:\/\/www.foxterrier-verband.de\/wp-content\/uploads\/2018\/07\/BP-Wuerttemberg-Hohenlohe-2018069.pdf\" target=\"_blank\" rel=\"noopener\">BP der RG W\u00fcrttemberg-Hohenlohe 09.06.2018<\/a><br \/><a href=\"https:\/\/www.foxterrier-verband.de\/wp-content\/uploads\/2018\/06\/BP_Holstein_180609.pdf\" target=\"_blank\" rel=\"noopener\">BP der RG Holstein 09.06.2018<\/a><br \/><a href=\"https:\/\/www.foxterrier-verband.de\/wp-content\/uploads\/2018\/05\/JP_Scherfede_20180429.pdf\" target=\"_blank\" rel=\"noopener\">JP der RG Scherfede 29.04.2018<\/a><br \/><a href=\"https:\/\/www.foxterrier-verband.de\/wp-content\/uploads\/2018\/07\/BP-Nordmark-180422.pdf\" target=\"_blank\" rel=\"noopener\">BP der RG Nordmark 22.04.2018<\/a><a href=\"https:\/\/www.foxterrier-verband.de\/wp-content\/uploads\/2018\/04\/BP-Oberpfaelzer-Wald-20180407.pdf\" target=\"_blank\" rel=\"noopener\"><br \/>JP der RG Oberpf\u00e4lzer Wald 14.04.2018<\/a><a href=\"https:\/\/www.foxterrier-verband.de\/wp-content\/uploads\/2018\/04\/JP-Ostth\u00fcringen.pdf\" target=\"_blank\" rel=\"noopener\"><br \/>JP der RG Ostth\u00fcringen 14.04.2018<\/a><br \/><a href=\"https:\/\/www.foxterrier-verband.de\/wp-content\/uploads\/2018\/04\/BP-Ostth\u00fcringen.pdf\" target=\"_blank\" rel=\"noopener\">BP der RG Ostth\u00fcringen 13.04.2018<\/a><br \/><a href=\"https:\/\/www.foxterrier-verband.de\/wp-content\/uploads\/2018\/04\/JP-Holstein.pdf\" target=\"_blank\" rel=\"noopener\">JP der RG Holstein 07.04.2018<br \/><\/a><a href=\"https:\/\/www.foxterrier-verband.de\/wp-content\/uploads\/2018\/04\/BP-Oberpfaelzer-Wald-20180407.pdf\" target=\"_blank\" rel=\"noopener\">BP der RG Oberpf\u00e4lzer Wald 07.04.2018<\/a><\/p>\t\t\t\t\t\t<\/div>\n\t\t\t\t<\/div>\n\t\t\t\t\t<\/div>\n\t\t<\/div>\n\t\t\t\t\t<\/div>\n\t\t<\/section>\n\t\t\t\t<\/div>\n\t\t","protected":false},"excerpt":{"rendered":"<p>F\u00fcr die Einreichung und Angaben sind die jeweiligen Pr\u00fcfungsleiter verantwortlich. Alle beim Schriftf\u00fchrer des DFV eingereichten Pr\u00fcfungsergebnisse von 2018 werden[&#8230;]<\/p>\n","protected":false},"author":6,"featured_media":0,"parent":0,"menu_order":0,"comment_status":"open","ping_status":"open","template":"template-fullwidth.php","meta":{"footnotes":""},"class_list":["post-8072","page","type-page","status-publish","hentry"],"_links":{"self":[{"href":"https:\/\/foxterrier-verband.de\/index.php?rest_route=\/wp\/v2\/pages\/8072","targetHints":{"allow":["GET"]}}],"collection":[{"href":"https:\/\/foxterrier-verband.de\/index.php?rest_route=\/wp\/v2\/pages"}],"about":[{"href":"https:\/\/foxterrier-verband.de\/index.php?rest_route=\/wp\/v2\/types\/page"}],"author":[{"embeddable":true,"href":"https:\/\/foxterrier-verband.de\/index.php?rest_route=\/wp\/v2\/users\/6"}],"replies":[{"embeddable":true,"href":"https:\/\/foxterrier-verband.de\/index.php?rest_route=%2Fwp%2Fv2%2Fcomments&post=8072"}],"version-history":[{"count":27,"href":"https:\/\/foxterrier-verband.de\/index.php?rest_route=\/wp\/v2\/pages\/8072\/revisions"}],"predecessor-version":[{"id":10700,"href":"https:\/\/foxterrier-verband.de\/index.php?rest_route=\/wp\/v2\/pages\/8072\/revisions\/10700"}],"wp:attachment":[{"href":"https:\/\/foxterrier-verband.de\/index.php?rest_route=%2Fwp%2Fv2%2Fmedia&parent=8072"}],"curies":[{"name":"wp","href":"https:\/\/api.w.org\/{rel}","templated":true}]}}