{"id":9114,"date":"2018-01-02T14:42:49","date_gmt":"2018-01-02T12:42:49","guid":{"rendered":"https:\/\/www.foxterrier-verband.de\/?page_id=9114"},"modified":"2022-08-08T07:00:35","modified_gmt":"2022-08-08T05:00:35","slug":"champion-2018","status":"publish","type":"page","link":"https:\/\/foxterrier-verband.de\/?page_id=9114","title":{"rendered":"Champion 2018"},"content":{"rendered":"\t\t<div data-elementor-type=\"wp-page\" data-elementor-id=\"9114\" class=\"elementor elementor-9114 elementor-bc-flex-widget\">\n\t\t\t\t\t\t<section class=\"elementor-section elementor-top-section elementor-element elementor-element-431985c elementor-section-boxed elementor-section-height-default elementor-section-height-default\" data-id=\"431985c\" data-element_type=\"section\">\n\t\t\t\t\t\t<div class=\"elementor-container elementor-column-gap-default\">\n\t\t\t\t\t<div class=\"elementor-column elementor-col-100 elementor-top-column elementor-element elementor-element-9d9be95\" data-id=\"9d9be95\" data-element_type=\"column\">\n\t\t\t<div class=\"elementor-widget-wrap elementor-element-populated\">\n\t\t\t\t\t\t<div class=\"elementor-element elementor-element-7c784dc elementor-widget elementor-widget-text-editor\" data-id=\"7c784dc\" data-element_type=\"widget\" data-widget_type=\"text-editor.default\">\n\t\t\t\t<div class=\"elementor-widget-container\">\n\t\t\t\t\t\t\t<p>Hier werden alle anerkannten Champions, deren Titel 2018 best\u00e4tigt wurden, eingetragen:<\/p><h2>Herzlichen Gl\u00fcckwunsch!<\/h2><h3>Deutscher Jugendchampion DFV<\/h3><p>Cooper v. d. sch\u00f6nen Bergen<br \/>Cher v. d. Bismarckquelle<br \/>Noah v. d. sch\u00f6nen Bergen<br \/>Kea v. d. Bismarckquelle<br \/>Oxana de la Rosa<br \/>Pfennig&#8217;s Ondra<br \/>Gero v. Hammatal<br \/>Grace v. Ernstthal<br \/>Heyco v. d. Bismarckquelle<br \/>Cheyenne v. Thyratal<br \/>Sirius v. Waldhaus<br \/>Adria v. d. sch\u00f6nen Bergen<br \/>Primeur de la Rosa<br \/>Maid of Magic v. Sachsen<br \/>Nelson Perfect v. Sachsenland<br \/>Asteria v. Jesuiterfeld<br \/>Veronique v. Rheingrund<\/p><h3>Deutscher Champion DFV<\/h3><p>Bella v. d. F\u00e4rberfelsen<br \/>Vanilia v. d. Bismarckquelle<br \/>Firestone v. Sachsenland<br \/>Adoran v. Wildpark<br \/>Eric v. Barge<br \/>Aramis v. Wildpark<br \/>Bacira v. d. sch\u00f6nen Bergen<br \/>Galileo v. d. sch\u00f6nen Bergen<br \/>Xenia v. Thyratal<br \/>Marko-Super du Haillet des Corneiredes<br \/>Yunus v. d. Bismarckquelle<br \/>Vroni v. Spatznh\u00e4usl<br \/>Pegasus v. d. sch\u00f6nen Bergen<br \/>Arielle v. Thyratal<br \/>Jungle Fighter v. Sachsen<br \/>Joyful Jazz v. Sachsen<br \/>Apple Minte v. Auerswalder Teich<\/p><h3>Deutscher Veteranen-Champion DFV<\/h3><p>Emerald Star Franke<br \/>Nimrod v. Thyratal<\/p><h3>Deutscher Jugendchampion VDH<\/h3><p>Jingle of Fair Play<br \/>Adoran v. Wildpark<br \/>Wayne v. Gronauer Tal<br \/>Stella Z Kuliaru<br \/>Heyco v. d. Bismarckquelle<\/p><h3>Deutscher Champion VDH<\/h3><p>Batida of Fair Play<br \/>Comtess v. d. Comthurei<br \/>Bella v. d. F\u00e4rberfelsen<br \/>Pfennig&#8217;s Lui<br \/>Adoran v. Wildpark<br \/>Bina v. d. Elbaue<br \/>Kleo v. Goldacker<br \/>John v. Goldacker<br \/>Xenia v. Thyratal<br \/>Paperman Roadmaster<br \/>Marko-Super du Haillet des Corneiredes<br \/>Arielle v. Thyratal<\/p><h3>Deutscher Veteranen-Champion VDH<\/h3><p>Emerald Star Franke<br \/>Nimrod v. Thyratal<\/p><h3>Amerikanischen Champion<\/h3><p>Goldwing v. d. sch\u00f6nen Bergen<\/p><h3>Belgischer Champion<\/h3><p>Paperman Roadmaster<\/p><h3>Benelux Winner<\/h3><p>Absolutely Signature<br \/>Wanda v. d. sch\u00f6nen Bergen<br \/>Goldwing v. d. sch\u00f6nen Bergen<\/p><h3>Champion Bosnien-Herzegowina<\/h3><p>Nethertonion Precision<br \/>Wanda v. d. sch\u00f6nen Bergen<br \/>Galileo v. d. sch\u00f6nen Bergen<br \/>Fast Forward v. Ernstthal<br \/>Paperman Talent<\/p><h3>Englischer Champion<\/h3><p>Vanilia v. d. Bismarckquelle<\/p><h3>Ungarischer Jugendchampion<\/h3><p>Noah v. d. sch\u00f6nen Bergen<br \/>Adria v. d. sch\u00f6nen Bergen<\/p><h3>Ungarischer Champion<\/h3><p>Kleopatra v. d. sch\u00f6nen Bergen<br \/>Paperman Talent<br \/>Quirinus v. Waldhaus<br \/>Bella Marie v. Waldhaus<br \/>Fast Forward v. Ernstthal<br \/>Wanda v. d. sch\u00f6nen Bergen<br \/>Double Face v. Ernstthal<\/p><h3>Kroatischer Jugendchampion<\/h3><p>Quirinus v. Waldhaus<br \/>Wanda v. d. sch\u00f6nen Bergen<br \/>Noah v. d. sch\u00f6nen Bergen<br \/>Adria v. d. sch\u00f6nen Bergen<\/p><h3>Kroatischer Champion<\/h3><p>Nethertonion Bewitched<br \/>Scot v. d. sch\u00f6nen Bergen<br \/>Nethertonion Precision<br \/>Gallant v. d. sch\u00f6nen Bergen<br \/>Burrencroft Lady Liz<br \/>Fast Forward v. Ernstthal<br \/>Bella Marie v. Waldhaus<br \/>Wanda v. d. sch\u00f6nen Bergen<br \/>Quirinus v. Waldhaus<br \/>Cooper v. d. sch\u00f6nen Bergen<br \/>Paperman Talent<br \/>Kleopatra v. d. sch\u00f6nen Bergen<\/p><h3>Litauischen Champion<\/h3><p>Fi-Ji Eesti v. Evri Fox<\/p><h3>Luxemburgischer Jugendchampion<\/h3><p>Kea v. d. Bismarckquelle<\/p><h3>Luxemburgischer Champion<\/h3><p>Adoran v. Wildpark<br \/>Wayne v. Gronauer Tal<br \/>Marko-Super du Haillet des Corneiredes<br \/>Yunus v. d. Bismarckquelle<br \/>O&#8217;Conner v. d. Bismarckquelle<br \/>Paperman Roadmaster<\/p><h3>Jugendchampion Montenegro<\/h3><p>Stella Z Kuliaru<br \/>Paperman Talent<\/p><h3>Champion Montenegro<\/h3><p>Quirinus v. Waldhaus<br \/>Burrencroft Lady Liz<br \/>Wanda v. d. sch\u00f6nen Bergen<\/p><h3>Niederl\u00e4ndischer Champion<\/h3><p>Vanilia v. d. Bismarckquelle<br \/>Paperman Roadmaster<br \/>Absolutely Signature<\/p><h3>\u00d6sterreichischer Jugendchampion<\/h3><p>Quirinus v. Waldhaus<br \/>Wanda v. d. sch\u00f6nen Bergen<\/p><h3>\u00d6sterreichischer Champion<\/h3><p>Angel v. Eckstein<br \/>Odysseus v. d. sch\u00f6nen Bergen<br \/>Gilmore v. Sachsen<br \/>Pegasus v. d. sch\u00f6nen Bergen<br \/>Galileo v. d. sch\u00f6nen Bergen<\/p><h3>Polnischer Jugendchampion<\/h3><p>Nelson Perfect v. Sachsenland<\/p><h3>Polnischer Champion<\/h3><p>Yunus v. d. Bismarckquelle<br \/>Vanilia v. d. Bismarckquelle<\/p><h3>Schweizer Champion<\/h3><p>Jungle Fighter v. Sachsen<br \/>Joyful Jazz v. Sachsen<\/p><h3>Schweizer Ausstellungs-Champion<\/h3><p>Mistral du Midi du Haillet des Corneiredes<br \/>Gilmore v. Sachsen<\/p><h3>Slowakischer Champion<\/h3><p>Brenda v. d. sch\u00f6nen Bergen<br \/>Nero v. d. sch\u00f6nen Bergen<\/p><h3>Slowakischer Klub-Jugendsieger<\/h3><div>Noah v. d. sch\u00f6nen Bergen<br \/>Stella z Kuliaru<\/div><div><h3>Slowakischer Klub-Sieger<\/h3><p>Nero v. d. sch\u00f6nen Bergen<br \/>Wanda v. d. sch\u00f6nen Bergen<br \/>Galileo v. d. sch\u00f6nen Bergen<br \/>Kleopatra v. d. sch\u00f6nen Bergen<\/p><\/div><h3>Slowenischer Champion<\/h3><p>Nero v. d. sch\u00f6nen Bergen<br \/>Absolutely Oh My<br \/>Scot v. d. sch\u00f6nen Bergen<\/p><h3>Tschechischen Klub-Champion<\/h3><div>Galileo v. d. sch\u00f6nen Bergen<br \/>Quirinus v. Waldhaus<br \/>Kleopatra v. d. sch\u00f6nen Bergen<br \/>Stella z Kuliaru<br \/>Wanda v. d. sch\u00f6nen Bergen<br \/>Warda v. d. sch\u00f6nen Bergen<br \/>Nero v. d. sch\u00f6nen Bergen<\/div><div>\u00a0<\/div><h3>Ukrainischer Champion<\/h3><p>Nero v. d. sch\u00f6nen Bergen<br \/>Goldwing v. d. sch\u00f6nen Bergen<br \/>Absolutely at Last<br \/>Brenda v. d. sch\u00f6nen Bergen<\/p><h3>Ungarischer Champion<\/h3><p>Nethertonion Precision<br \/>Firestone v. Sachsenland<\/p><h3>Internationaler Champion<\/h3><p>Gilmore v. Sachsen<br \/>O&#8217;Conner v. d. Bismarckquelle<br \/>Absolutely At Last<br \/>Absolutely Oh My<br \/>Nero v. d. sch\u00f6nen Bergen<br \/>Pepino v. d. sch\u00f6nen Bergen<br \/>Puschkin v. d. sch\u00f6nen Bergen<br \/>Goldwing v. d. sch\u00f6nen Bergen<br \/>Odysseus v. d. sch\u00f6nen Bergen<br \/>Brenda v. d. sch\u00f6nen Bergen<br \/>Paperman Roadmaster<\/p><h1>FAQ Championtitel<\/h1><p><strong>Welche Voraussetzungen brauche ich f\u00fcr den Dt. JCh. (DFV)?<\/strong><\/p><p>F\u00fcr den Titel JCh. DFV ben\u00f6tigen Sie 4 JCACs unter 3 verschiedenen Richtern. Diese m\u00fcssen alle in der Jugendklasse erworben werden. Ein Reserve-Jugend-CAC kann in ein vollwertiges JCAC umgewandelt werden, wenn der Hund mit dem JCAC an dem Tag der Ausstellung bereits die Voraussetzungen f\u00fcr den JCh. DFV erreicht hat. Drei Reserve-JCACS k\u00f6nnen zu einem vollwertigen JCAC aufgewertet werden, wenn sie unter zwei Richtern erworben wurden. H\u00f6chstens eines der vier n\u00f6tigen JCACs kann auf diese Weise gebildet werden. F\u00fcr die Beantragung des Titels reichen Sie bitte alle Richterberichte, aus denen die Anwartschaften (JCACs) hervorgehen, zusammen mit der Ahnentafel des Hundes in der Gesch\u00e4ftsstelle ein.<\/p><p><strong>Welche Voraussetzungen brauche ich f\u00fcr den Dt. Ch. (DFV)?<\/strong><\/p><p>F\u00fcr den Dt. Ch. (DFV) sammeln Sie Anwartschaften (CACs) in allen Erwachsenenklassen. Sie ben\u00f6tigen mindestens 4 Anwartschaften unter 3 verschiedenen Richtern. Zwischen dem ersten und letzten CAC m\u00fcssen mindestens 12 Monate liegen. Ein Reserve-CAC kann in ein vollwertiges CAC umgewandelt werden, wenn der Hund mit dem CAC an dem Tag der Ausstellung bereits die Voraussetzungen f\u00fcr den Dt. Ch. DFV erreicht hat. Drei Reserve-CACS k\u00f6nnen zu einem vollwertigen CAC aufgewertet werden, wenn sie unter zwei Richtern erworben wurden. H\u00f6chstens eines der vier n\u00f6tigen CACs kann auf diese Weise gebildet werden. F\u00fcr die Beantragung des Titels reichen Sie bitte alle Richterberichte, aus denen die Anwartschaften (CACs) hervorgehen, zusammen mit der Ahnentafel des Hundes in der Gesch\u00e4ftsstelle ein.<\/p><p><strong>Welche Voraussetzungen brauche ich f\u00fcr weitere Championtitel?<\/strong><\/p><p>F\u00fcr den Dt. JCh. (VDH) und den Dt. Ch. (VDH) k\u00f6nnen Sie die Voraussetzungen in der VDH-Durchf\u00fchrungsbestimmung &#8220;VDH-Titel und Titel-Anwartschaften&#8221; geregelt. Diese k\u00f6nnen Sie <a href=\"http:\/\/www.vdh.de\/fileadmin\/media\/ausstellungen\/ausstellungsordnung\/Ausstellungsordnung_-_Dfb_Titel-ab-2015-01-01.pdf\" target=\"_blank\" rel=\"noopener noreferrer\">hier<\/a> einsehen.<br \/>Die Regelungen f\u00fcr den Int. Ch. (FCI) werden im Reglement f\u00fcr das Internationale Championat bestimmt. Diese sind <a href=\"http:\/\/www.vdh.de\/fileadmin\/media\/ueber\/downloads\/ausstellungen\/internationales_schoenheits_championat_der_fci_fuer_alle_rassen.pdf\" target=\"_blank\" rel=\"noopener noreferrer\">hier<\/a> nachzulesen.<\/p><p>\u00a0<\/p>\t\t\t\t\t\t<\/div>\n\t\t\t\t<\/div>\n\t\t\t\t\t<\/div>\n\t\t<\/div>\n\t\t\t\t\t<\/div>\n\t\t<\/section>\n\t\t\t\t<\/div>\n\t\t","protected":false},"excerpt":{"rendered":"<p>Hier werden alle anerkannten Champions, deren Titel 2018 best\u00e4tigt wurden, eingetragen: Herzlichen Gl\u00fcckwunsch! Deutscher Jugendchampion DFV Cooper v. d. sch\u00f6nen[&#8230;]<\/p>\n","protected":false},"author":6,"featured_media":0,"parent":0,"menu_order":0,"comment_status":"closed","ping_status":"closed","template":"template-fullwidth.php","meta":{"footnotes":""},"class_list":["post-9114","page","type-page","status-publish","hentry"],"_links":{"self":[{"href":"https:\/\/foxterrier-verband.de\/index.php?rest_route=\/wp\/v2\/pages\/9114","targetHints":{"allow":["GET"]}}],"collection":[{"href":"https:\/\/foxterrier-verband.de\/index.php?rest_route=\/wp\/v2\/pages"}],"about":[{"href":"https:\/\/foxterrier-verband.de\/index.php?rest_route=\/wp\/v2\/types\/page"}],"author":[{"embeddable":true,"href":"https:\/\/foxterrier-verband.de\/index.php?rest_route=\/wp\/v2\/users\/6"}],"replies":[{"embeddable":true,"href":"https:\/\/foxterrier-verband.de\/index.php?rest_route=%2Fwp%2Fv2%2Fcomments&post=9114"}],"version-history":[{"count":161,"href":"https:\/\/foxterrier-verband.de\/index.php?rest_route=\/wp\/v2\/pages\/9114\/revisions"}],"predecessor-version":[{"id":10437,"href":"https:\/\/foxterrier-verband.de\/index.php?rest_route=\/wp\/v2\/pages\/9114\/revisions\/10437"}],"wp:attachment":[{"href":"https:\/\/foxterrier-verband.de\/index.php?rest_route=%2Fwp%2Fv2%2Fmedia&parent=9114"}],"curies":[{"name":"wp","href":"https:\/\/api.w.org\/{rel}","templated":true}]}}